{"id":128,"date":"2014-05-21T10:57:25","date_gmt":"2014-05-21T07:57:25","guid":{"rendered":"http:\/\/www.folklore.ee\/dh\/?page_id=128"},"modified":"2014-08-01T01:40:33","modified_gmt":"2014-07-31T22:40:33","slug":"varik","status":"publish","type":"page","link":"https:\/\/www.folklore.ee\/dh\/dhe2013\/varik\/","title":{"rendered":"Tallinna \u00dclikooli Eesti Pedagoogika Arhiivmuuseumi digitaalarhiiv \u201cHariduslooline e-varamu\u201d"},"content":{"rendered":"<p style=\"text-align: right;\">Veronika Varik<\/p>\n<p>Eesti Pedagoogika Arhiivmuuseum (EPAM), Tallinna \u00dclikooli all\u00fcksus, on oman\u00e4oline s\u00fcmbioos muuseumist, arhiivist ja raamatukogust, mille \u00fclesandeks on eesti hariduse- ja kooliajaloo alase kollektsiooni s\u00fcsteemne ja j\u00e4rjepidev t\u00e4iendamine, s\u00e4ilitamine, tutvustamine, \u00f5ppe- ja teadust\u00f6\u00f6 toetamine ning teadus-, loome- ja arendust\u00f6\u00f6 edendamine.<\/p>\n<p>Kollektsioon koosneb k\u00e4sikirja- ja dokumendikogust (44 066 \u00fchikut), tr\u00fckisekogust (49 352 \u00fchikut), audiovisuaalsest kogust (44 299 \u00fchikut), esemekogust (8066 \u00fchikut) ning on katalogiseeritud bibliograafiaprogrammiga ProCite5. Kirjed on esitatud veebirakenduses http:\/\/epam.tlu.ee\/, mis aga ei v\u00f5imalda esitada materjalide digitaalkujutisi.<\/p>\n<p>2013. aastal k\u00e4ivitas EPAM Riigi Infos\u00fcsteemide Ameti toel projekti \u201cDigitaalarhiiv Hariduslooline e-varamu\u201d, mille raames digiteeritakse EPAMi audiovisuaalsed kogud ning valmib digitaalarhiiv, mis v\u00f5imaldab veebis k\u00e4ttesaadavaks teha nii kogude kataloogiteabe kui digitaalkujutised. \u201cHariduslooline e-varamu\u201d liidestatakse muuseumide infos\u00fcsteemiga MUIS ning Eesti m\u00e4luasutuste, \u00fclikoolide ja teadusasutuste andmekogude koondportaaliga \u201cEesti e-varamu\u201d.<\/p>\n<p>\u201cHariduslooline e-varamu\u201d on m\u00f5eldud kasutamiseks haridus- ja kultuurivaldkonnas tegutsevatele institutsioonidele, organisatsioonidele ja isikutele hariduslikel, haridusloolistel, uurimuslikel ja isiklikel eesm\u00e4rkidel.<\/p>\n<p><div class=\"alignleft\"><a href=\"https:\/\/www.folklore.ee\/dh\/dhe2013\/kelomees\/\" title=\"Interaktiivne andmebaasifilm \u201cThe East\u201d: publikuosaluse lahendus\"><<<<\/a><\/div><div class=\"alignright\"><a href=\"https:\/\/www.folklore.ee\/dh\/dhe2013\/kouts\/\" title=\"\u00dclevaade Eesti veebiarhiivist\">>>><\/a><\/div><\/p>\n","protected":false},"excerpt":{"rendered":"<p style=\"text-align: right;\">Veronika Varik<\/p>\n<p>Eesti Pedagoogika Arhiivmuuseum (EPAM), Tallinna \u00dclikooli all\u00fcksus, on oman\u00e4oline s\u00fcmbioos muuseumist, arhiivist ja raamatukogust, mille \u00fclesandeks on eesti hariduse- ja kooliajaloo alase kollektsiooni s\u00fcsteemne ja j\u00e4rjepidev t\u00e4iendamine, s\u00e4ilitamine, tutvustamine, \u00f5ppe- ja teadust\u00f6\u00f6 toetamine ning teadus-, loome- ja arendust\u00f6\u00f6 edendamine.<\/p>\n<p>Kollektsioon koosneb k\u00e4sikirja- ja dokumendikogust (44 066 \u00fchikut), tr\u00fckisekogust (49 352 \u00fchikut), [&#8230;]<\/p>\n","protected":false},"author":2,"featured_media":0,"parent":115,"menu_order":14,"comment_status":"closed","ping_status":"closed","template":"","meta":[],"_links":{"self":[{"href":"https:\/\/www.folklore.ee\/dh\/wp-json\/wp\/v2\/pages\/128"}],"collection":[{"href":"https:\/\/www.folklore.ee\/dh\/wp-json\/wp\/v2\/pages"}],"about":[{"href":"https:\/\/www.folklore.ee\/dh\/wp-json\/wp\/v2\/types\/page"}],"author":[{"embeddable":true,"href":"https:\/\/www.folklore.ee\/dh\/wp-json\/wp\/v2\/users\/2"}],"replies":[{"embeddable":true,"href":"https:\/\/www.folklore.ee\/dh\/wp-json\/wp\/v2\/comments?post=128"}],"version-history":[{"count":2,"href":"https:\/\/www.folklore.ee\/dh\/wp-json\/wp\/v2\/pages\/128\/revisions"}],"predecessor-version":[{"id":355,"href":"https:\/\/www.folklore.ee\/dh\/wp-json\/wp\/v2\/pages\/128\/revisions\/355"}],"up":[{"embeddable":true,"href":"https:\/\/www.folklore.ee\/dh\/wp-json\/wp\/v2\/pages\/115"}],"wp:attachment":[{"href":"https:\/\/www.folklore.ee\/dh\/wp-json\/wp\/v2\/media?parent=128"}],"curies":[{"name":"wp","href":"https:\/\/api.w.org\/{rel}","templated":true}]}}