{"id":126,"date":"2014-05-21T10:57:25","date_gmt":"2014-05-21T07:57:25","guid":{"rendered":"http:\/\/www.folklore.ee\/dh\/?page_id=126"},"modified":"2014-08-01T01:38:25","modified_gmt":"2014-07-31T22:38:25","slug":"kelomees","status":"publish","type":"page","link":"https:\/\/www.folklore.ee\/dh\/dhe2013\/kelomees\/","title":{"rendered":"Interaktiivne andmebaasifilm \u201cThe East\u201d: publikuosaluse lahendus"},"content":{"rendered":"<p style=\"text-align: right;\">Raivo Kelomees<\/p>\n<p>Film \u201cThe East\u201d toob esile Eesti suurimad kontrastid: Ida-Virumaa t\u00f6\u00f6stuspiirkonna k\u00f5ige maalilisema looduse, s\u00fcnged ja kaunid tehismaastikud ning seal elavate inimeste elulood.<\/p>\n<p>Filmi tegelased ja geograafilised asukohad on reaalsed. N\u00e4eme inimesi, kelle k\u00e4ek\u00e4iku on vorminud t\u00f6\u00f6elu energia- ja p\u00f5levikiviettev\u00f5tetes ja kelle perekonnad on rahvuslikult segunenud. N\u00e4eme reaalseid ja keerulisi saatusi, saame aru Ida-Eesti inimeste elu lihtsast kulust.<\/p>\n<p>Filmi erip\u00e4raks on selle kaks p\u00f5hiv\u00e4ljundit: lineaarne ja interaktiivne. Interaktiivsel v\u00e4ljundil on kolm versiooni: kinoversioon, DVD-versioon ja veebiversioon.<\/p>\n<p>Interaktiivne filmiversioon pakub vaatajaile v\u00f5imalust liikuda neljas teemas: loodus, t\u00f6\u00f6stuskeskkond, masinad, inimesed. Filmi esteetika on \u00fcles ehitatud jaosekraani p\u00f5him\u00f5ttele, v\u00f5imaldades valida ootenarratiivi ja aktiivse narratiivi vahel. Kinoversiooni jaoks luuakse spetsiaalne k\u00e4ele kinnitatav liides, millega publik teeb kinosaalis valikuid. Enamusvalik muutub aktiivseks narratiiviks.<\/p>\n<p>Filmi autorid:<\/p>\n<p>Hille Karm, Raivo Kelomees &#8211; re\u017eiss\u00f6\u00f6r, produtsent<\/p>\n<p>Hans Gunter Lock &#8211; programmeerimine<\/p>\n<p>Igor Ruus &#8211; kaamera<\/p>\n<p>Chris Hales &#8211; konsultatsioon<\/p>\n<p>Toetaja: EAS, Eesti Kunstiakadeemia<\/p>\n<p><div class=\"alignleft\"><a href=\"https:\/\/www.folklore.ee\/dh\/dhe2013\/juhkason\/\" title=\"Eesti murrete digitaalne arhiiv\"><<<<\/a><\/div><div class=\"alignright\"><a href=\"https:\/\/www.folklore.ee\/dh\/dhe2013\/varik\/\" title=\"Tallinna \u00dclikooli Eesti Pedagoogika Arhiivmuuseumi digitaalarhiiv \u201cHariduslooline e-varamu\u201d\">>>><\/a><\/div><\/p>\n","protected":false},"excerpt":{"rendered":"<p style=\"text-align: right;\">Raivo Kelomees<\/p>\n<p>Film \u201cThe East\u201d toob esile Eesti suurimad kontrastid: Ida-Virumaa t\u00f6\u00f6stuspiirkonna k\u00f5ige maalilisema looduse, s\u00fcnged ja kaunid tehismaastikud ning seal elavate inimeste elulood.<\/p>\n<p>Filmi tegelased ja geograafilised asukohad on reaalsed. N\u00e4eme inimesi, kelle k\u00e4ek\u00e4iku on vorminud t\u00f6\u00f6elu energia- ja p\u00f5levikiviettev\u00f5tetes ja kelle perekonnad on rahvuslikult segunenud. N\u00e4eme reaalseid ja keerulisi saatusi, saame [&#8230;]<\/p>\n","protected":false},"author":2,"featured_media":0,"parent":115,"menu_order":13,"comment_status":"closed","ping_status":"closed","template":"","meta":[],"_links":{"self":[{"href":"https:\/\/www.folklore.ee\/dh\/wp-json\/wp\/v2\/pages\/126"}],"collection":[{"href":"https:\/\/www.folklore.ee\/dh\/wp-json\/wp\/v2\/pages"}],"about":[{"href":"https:\/\/www.folklore.ee\/dh\/wp-json\/wp\/v2\/types\/page"}],"author":[{"embeddable":true,"href":"https:\/\/www.folklore.ee\/dh\/wp-json\/wp\/v2\/users\/2"}],"replies":[{"embeddable":true,"href":"https:\/\/www.folklore.ee\/dh\/wp-json\/wp\/v2\/comments?post=126"}],"version-history":[{"count":2,"href":"https:\/\/www.folklore.ee\/dh\/wp-json\/wp\/v2\/pages\/126\/revisions"}],"predecessor-version":[{"id":354,"href":"https:\/\/www.folklore.ee\/dh\/wp-json\/wp\/v2\/pages\/126\/revisions\/354"}],"up":[{"embeddable":true,"href":"https:\/\/www.folklore.ee\/dh\/wp-json\/wp\/v2\/pages\/115"}],"wp:attachment":[{"href":"https:\/\/www.folklore.ee\/dh\/wp-json\/wp\/v2\/media?parent=126"}],"curies":[{"name":"wp","href":"https:\/\/api.w.org\/{rel}","templated":true}]}}