{"id":124,"date":"2014-05-21T10:57:25","date_gmt":"2014-05-21T07:57:25","guid":{"rendered":"http:\/\/www.folklore.ee\/dh\/?page_id=124"},"modified":"2014-08-01T01:36:15","modified_gmt":"2014-07-31T22:36:15","slug":"juhkason","status":"publish","type":"page","link":"https:\/\/www.folklore.ee\/dh\/dhe2013\/juhkason\/","title":{"rendered":"Eesti murrete digitaalne arhiiv"},"content":{"rendered":"<p style=\"text-align: right;\">Grethe Juhkason<\/p>\n<p>Tartu \u00dclikooli eesti murrete ja sugulaskeelte arhiiv sisaldab eesti murrete ja sugulaskeelte helisalvestisi alates 1950. aastatest, k\u00e4sikirjalisi materjale, keele kogumise ja keeleteadusega seotud fotosid ning videosalvestusi.<\/p>\n<p>Arhiivi kogusid on digitaliseeritud alates 2000. aastast, seda t\u00f6\u00f6d on juhtinud Liina Lindstr\u00f6m ja P\u00e4rtel Lippus. Praeguseks on digitaliseeritud linte ja kassette u 919 tundi, k\u00e4sikirju u 191 000 lk ja fotosid ligi 800. Arhiivi maht kasvab pidevalt v\u00e4lit\u00f6\u00f6materjalide ning l\u00f5put\u00f6\u00f6de lisandudes.<\/p>\n<p>Aastal 2012 valmis k\u00f5igile huvilistele avatud veebip\u00f5hine andmebaas, mis asub aadressil http:\/\/www.murre.ut.ee\/arhiiv\/. Arhiivi eraldiseisev osa on eesti murrete korpus (www.murre.ut.ee\/murdekorpus) \u2013 andmekogu, mis sisaldab sama t\u00fc\u00fcpi litereeritud murdetekste k\u00f5igist eesti murretest. Selle p\u00f5hieesm\u00e4rk on teha h\u00e4sti valitud ja t\u00e4pselt litereeritud materjalid k\u00f5igist eesti murretest uurijatele elektrooniliselt k\u00e4ttesaadavaks. Lisaks on murdekorpuse tekstid m\u00e4rks\u00f5nastatud ja morfoloogiliselt m\u00e4rgendatud. Korpuse p\u00f5hjal on v\u00f5imalik uurida v\u00f5rdlevalt eesti murdeid nii h\u00e4\u00e4likulisel, morfoloogilisel kui s\u00fcntaktilisel tasandil. Korpuse praegune maht on \u00fcle 1,5 miljoni tekstis\u00f5na.<\/p>\n<p><div class=\"alignleft\"><a href=\"https:\/\/www.folklore.ee\/dh\/dhe2013\/kulasalu_sarv\/\" title=\"Teel rahvaluule digitaalarhiivi poole\"><<<<\/a><\/div><div class=\"alignright\"><a href=\"https:\/\/www.folklore.ee\/dh\/dhe2013\/kelomees\/\" title=\"Interaktiivne andmebaasifilm \u201cThe East\u201d: publikuosaluse lahendus\">>>><\/a><\/div><\/p>\n","protected":false},"excerpt":{"rendered":"<p style=\"text-align: right;\">Grethe Juhkason<\/p>\n<p>Tartu \u00dclikooli eesti murrete ja sugulaskeelte arhiiv sisaldab eesti murrete ja sugulaskeelte helisalvestisi alates 1950. aastatest, k\u00e4sikirjalisi materjale, keele kogumise ja keeleteadusega seotud fotosid ning videosalvestusi.<\/p>\n<p>Arhiivi kogusid on digitaliseeritud alates 2000. aastast, seda t\u00f6\u00f6d on juhtinud Liina Lindstr\u00f6m ja P\u00e4rtel Lippus. Praeguseks on digitaliseeritud linte ja kassette u 919 tundi, [&#8230;]<\/p>\n","protected":false},"author":2,"featured_media":0,"parent":115,"menu_order":12,"comment_status":"closed","ping_status":"closed","template":"","meta":[],"_links":{"self":[{"href":"https:\/\/www.folklore.ee\/dh\/wp-json\/wp\/v2\/pages\/124"}],"collection":[{"href":"https:\/\/www.folklore.ee\/dh\/wp-json\/wp\/v2\/pages"}],"about":[{"href":"https:\/\/www.folklore.ee\/dh\/wp-json\/wp\/v2\/types\/page"}],"author":[{"embeddable":true,"href":"https:\/\/www.folklore.ee\/dh\/wp-json\/wp\/v2\/users\/2"}],"replies":[{"embeddable":true,"href":"https:\/\/www.folklore.ee\/dh\/wp-json\/wp\/v2\/comments?post=124"}],"version-history":[{"count":2,"href":"https:\/\/www.folklore.ee\/dh\/wp-json\/wp\/v2\/pages\/124\/revisions"}],"predecessor-version":[{"id":353,"href":"https:\/\/www.folklore.ee\/dh\/wp-json\/wp\/v2\/pages\/124\/revisions\/353"}],"up":[{"embeddable":true,"href":"https:\/\/www.folklore.ee\/dh\/wp-json\/wp\/v2\/pages\/115"}],"wp:attachment":[{"href":"https:\/\/www.folklore.ee\/dh\/wp-json\/wp\/v2\/media?parent=124"}],"curies":[{"name":"wp","href":"https:\/\/api.w.org\/{rel}","templated":true}]}}