{"id":122,"date":"2014-05-21T10:57:25","date_gmt":"2014-05-21T07:57:25","guid":{"rendered":"http:\/\/www.folklore.ee\/dh\/?page_id=122"},"modified":"2014-08-01T01:34:54","modified_gmt":"2014-07-31T22:34:54","slug":"kulasalu_sarv","status":"publish","type":"page","link":"https:\/\/www.folklore.ee\/dh\/dhe2013\/kulasalu_sarv\/","title":{"rendered":"Teel rahvaluule digitaalarhiivi poole"},"content":{"rendered":"<p style=\"text-align: right;\">Kaisa Kulasalu, Mari Sarv<\/p>\n<p>Eesti Rahvaluule Arhiivi rajamisega 1927. aastal asuti looma ka registrite ja kartoteekide s\u00fcsteemi, mis v\u00f5imaldaks juba toona mahukatest k\u00e4sikirjakogudest erinevate parameetrite p\u00f5hjal leida \u00fcles uurijale vajaliku teabe. See infos\u00fcsteem toimis laitmatult kuni 1990ndate keskpaigani, mil digiajastu ootuses l\u00f5ppes paberkartoteekide t\u00e4iendamine. Eri t\u00f6\u00f6r\u00fchmad asusid koostama \u017eanri- ja teemap\u00f5hiseid andmebaase, ka laekuvat materjali kirjeldati digitaalselt, kuid arhiivist kui terviks\u00fcsteemist digitaalkujul \u00fclevaade puudus. J\u00f5upingutusi digitaalse arhiiviinfos\u00fcsteemi rajamiseks alustati aastal 2002, digitaalsete kogude mahu suurenedes tekkis vajadus ka faile s\u00fcsteemselt hallata. Koost\u00f6\u00f6s Eesti Kirjandusmuuseumi teiste osakondadega valmis RIA rahastuse toel 2011. aastal digitaalarhiiv KIVIKE (Kirjandusmuuseumi Virtuaalne Kelder, kivike.kirmus.ee), mille failihoidlasse on koondatud rahvaluulearhiivi digitaalsete originaalkogude ja digitaliseeringute (k\u00e4sikirjad, fotod, heli, video) tagatis- ja kasutusfailid. Teisalt on Kivike aga arhiiviinfos\u00fcsteem kogude haldamiseks ja materjaliotsinguteks, s\u00fcsteemi on lisatud k\u00e4sikirjadest ja salvestustelt transkribeeritud folklooritekstid ning andmekirjed arhiivimaterjalidel p\u00f5hinevatest andmebaasidest. T\u00e4nap\u00e4eval laekub valdav osa materjalist arhiivi digitaalkujul, rahvaluule kogumiskeskkond Kratt v\u00f5imaldab k\u00fcsimustikele vastata ja faile \u00fcles laadida ning arhivaaril laekunud materjalid h\u00f5lpsalt arhiveerida otse Kivikesse.<\/p>\n<p><div class=\"alignleft\"><a href=\"https:\/\/www.folklore.ee\/dh\/dhe2013\/saateks\/\" title=\"Saateks\"><<<<\/a><\/div><div class=\"alignright\"><a href=\"https:\/\/www.folklore.ee\/dh\/dhe2013\/juhkason\/\" title=\"Eesti murrete digitaalne arhiiv\">>>><\/a><\/div><\/p>\n","protected":false},"excerpt":{"rendered":"<p style=\"text-align: right;\">Kaisa Kulasalu, Mari Sarv<\/p>\n<p>Eesti Rahvaluule Arhiivi rajamisega 1927. aastal asuti looma ka registrite ja kartoteekide s\u00fcsteemi, mis v\u00f5imaldaks juba toona mahukatest k\u00e4sikirjakogudest erinevate parameetrite p\u00f5hjal leida \u00fcles uurijale vajaliku teabe. See infos\u00fcsteem toimis laitmatult kuni 1990ndate keskpaigani, mil digiajastu ootuses l\u00f5ppes paberkartoteekide t\u00e4iendamine. Eri t\u00f6\u00f6r\u00fchmad asusid koostama \u017eanri- ja teemap\u00f5hiseid andmebaase, ka [&#8230;]<\/p>\n","protected":false},"author":2,"featured_media":0,"parent":115,"menu_order":11,"comment_status":"closed","ping_status":"closed","template":"","meta":[],"_links":{"self":[{"href":"https:\/\/www.folklore.ee\/dh\/wp-json\/wp\/v2\/pages\/122"}],"collection":[{"href":"https:\/\/www.folklore.ee\/dh\/wp-json\/wp\/v2\/pages"}],"about":[{"href":"https:\/\/www.folklore.ee\/dh\/wp-json\/wp\/v2\/types\/page"}],"author":[{"embeddable":true,"href":"https:\/\/www.folklore.ee\/dh\/wp-json\/wp\/v2\/users\/2"}],"replies":[{"embeddable":true,"href":"https:\/\/www.folklore.ee\/dh\/wp-json\/wp\/v2\/comments?post=122"}],"version-history":[{"count":2,"href":"https:\/\/www.folklore.ee\/dh\/wp-json\/wp\/v2\/pages\/122\/revisions"}],"predecessor-version":[{"id":338,"href":"https:\/\/www.folklore.ee\/dh\/wp-json\/wp\/v2\/pages\/122\/revisions\/338"}],"up":[{"embeddable":true,"href":"https:\/\/www.folklore.ee\/dh\/wp-json\/wp\/v2\/pages\/115"}],"wp:attachment":[{"href":"https:\/\/www.folklore.ee\/dh\/wp-json\/wp\/v2\/media?parent=122"}],"curies":[{"name":"wp","href":"https:\/\/api.w.org\/{rel}","templated":true}]}}