{"id":115,"date":"2014-05-19T16:02:21","date_gmt":"2014-05-19T13:02:21","guid":{"rendered":"http:\/\/www.folklore.ee\/dh\/?page_id=115"},"modified":"2015-10-13T02:04:33","modified_gmt":"2015-10-12T23:04:33","slug":"dhe2013","status":"publish","type":"page","link":"https:\/\/www.folklore.ee\/dh\/dhe2013\/","title":{"rendered":"Digitaalhumanitaaria Eestis A\u00b0 2013"},"content":{"rendered":"<h2>IT-rakendused humanitaarteadustes<\/h2>\n<h3>Projektide tutvustused<\/h3>\n<p>&nbsp;<\/p>\n<h4>Sisukord<\/h4>\n<p>Kaisa Kulasalu, Mari Sarv\u00a0<a title=\"Teel rahvaluule digitaalarhiivi poole\" href=\"http:\/\/www.folklore.ee\/dh\/dhe2013\/kulasalu_sarv\/\">Teel rahvaluule digitaalarhiivi poole<\/a><\/p>\n<p>Grethe Juhkason\u00a0<a title=\"Eesti murrete digitaalne arhiiv\" href=\"http:\/\/www.folklore.ee\/dh\/dhe2013\/juhkason\/\">Eesti murrete digitaalne arhiiv<\/a><\/p>\n<p>Raivo Kelomees\u00a0<a title=\"Interaktiivne andmebaasifilm \u201cThe East\u201d: publikuosaluse lahendus\" href=\"http:\/\/www.folklore.ee\/dh\/dhe2013\/kelomees\/\">Interaktiivne andmebaasifilm \u201cThe East\u201d: publikuosaluse lahendus<\/a><\/p>\n<p>Veronika Varik\u00a0<a title=\"Tallinna \u00dclikooli Eesti Pedagoogika Arhiivmuuseumi digitaalarhiiv \u201cHariduslooline e-varamu\u201d\" href=\"http:\/\/www.folklore.ee\/dh\/dhe2013\/varik\/\">Tallinna \u00dclikooli Eesti Pedagoogika Arhiivmuuseumi digitaalarhiiv \u201cHariduslooline e-varamu\u201d<\/a><\/p>\n<p>Jaanus K\u00f5uts\u00a0<a title=\"\u00dclevaade Eesti veebiarhiivist\" href=\"http:\/\/www.folklore.ee\/dh\/dhe2013\/kouts\/\">\u00dclevaade Eesti veebiarhiivist<\/a><\/p>\n<p>Mari-Liis Posti\u00a0<a title=\"Tallinna \u00dclikooli Ajaloo Instituudi arheoloogiakogude infos\u00fcsteem\" href=\"http:\/\/www.folklore.ee\/dh\/dhe2013\/posti\/\">Tallinna \u00dclikooli Ajaloo Instituudi arheoloogiakogude infos\u00fcsteem<\/a><\/p>\n<p>Andres Kuperjanov\u00a0<a title=\"Skriptoorium \u2013 tekstimassiivi automatiseeritud kiirt\u00f6\u00f6tlus ja selle v\u00e4ljundid Eesti Kirjandusmuuseumi folkloristika osakonna sisestuste n\u00e4itel\" href=\"http:\/\/www.folklore.ee\/dh\/dhe2013\/kuperjanov\/\">Skriptoorium \u2013 tekstimassiivi automatiseeritud kiirt\u00f6\u00f6tlus ja selle v\u00e4ljundid<\/a><\/p>\n<p>Allar Haav\u00a0<a title=\"Muistse asustuspildi uurimine digitaalsete meetoditega\" href=\"http:\/\/www.folklore.ee\/dh\/dhe2013\/haav\/\">Muistse asustuspildi uurimine digitaalsete meetoditega<\/a><\/p>\n<p>Hilkka Hiiop\u00a0<a title=\"Muinsuskaitse ja restaureerimise valdkonna visuaalse teabe digitaalse arhiveerimise ja graafilise dokumenteerimise s\u00fcsteem\" href=\"http:\/\/www.folklore.ee\/dh\/dhe2013\/hiiop\/\">Muinsuskaitse ja restaureerimise valdkonna visuaalse teabe digitaalse arhiveerimise ja graafilise dokumenteerimise s\u00fcsteem<\/a><\/p>\n<p>Pille Eslon, Mart Laanpere\u00a0<a title=\"IT-rakendused humanitaarteadustes: eesti vahekeele korpus\" href=\"http:\/\/www.folklore.ee\/dh\/dhe2013\/eslon_laanpere\/\">IT-rakendused humanitaarteadustes: eesti vahekeele korpus<\/a><\/p>\n<p>Elle-Mari Talivee\u00a0<a title=\"Digitaalsed kirjandusmaastikud\" href=\"http:\/\/www.folklore.ee\/dh\/dhe2013\/talivee\/\">Digitaalsed kirjandusmaastikud<\/a><\/p>\n<p>Andres Uueni\u00a0<a title=\"VNS | virtuaalmuuseum.ee\" href=\"http:\/\/www.folklore.ee\/dh\/dhe2013\/uueni\/\">VNS | virtuaalmuuseum.ee<\/a><\/p>\n<p>Marju Mikkel, Marin Laak\u00a0<a title=\"Kreutzwaldi sajand: eesti kultuurilooline veeb\" href=\"http:\/\/www.folklore.ee\/dh\/dhe2013\/mikkel_laak\/\">Kreutzwaldi sajand: eesti kultuurilooline veeb<\/a><\/p>\n<p>Kadri Vider\u00a0<a title=\"Eesti Keeleressursside Keskuse tutvustus\" href=\"http:\/\/www.folklore.ee\/dh\/dhe2013\/vider\/\">Eesti Keeleressursside Keskuse tutvustus<\/a><\/p>\n<p>Piret Voolaid\u00a0<a title=\"Par\u00f6\u00f6milise grafiti andmebaas folkloristliku infoallikana\" href=\"http:\/\/www.folklore.ee\/dh\/dhe2013\/voolaid\/\">Par\u00f6\u00f6milise grafiti andmebaas folkloristliku infoallikana<\/a><\/p>\n<p>Liisi Laineste\u00a0<a title=\"Ida-Euroopa kolme rahva naljade andmebaas\" href=\"http:\/\/www.folklore.ee\/dh\/dhe2013\/laineste\/\">Ida-Euroopa kolme rahva naljade andmebaas<\/a><\/p>\n<p>&nbsp;<\/p>\n<p>V\u00e4ljaande koostanud ja toimetanud: Kaisa Kulasalu, Mari Sarv<\/p>\n<p>T\u00f5lked inglise keelde: Kait Tamm<br \/>\nKeeletoimetus: Kadri Tamm<br \/>\nKujundus ja k\u00fcljendus: Pille Niin<\/p>\n<p>V\u00e4ljaande koostamist ja toimetamist v\u00f5imaldasid Haridus- ja Teadusministeeriumi poolt Eesti<br \/>\nKirjandusmuuseumi Eesti Rahvaluule Arhiivi tarbeks eraldatud teaduskollektsioonide toetus ning<br \/>\ninstitutsionaalne uurimistoetus IUT 22-4 \u201cFolkloor kultuurilise kommunikatsiooni protsessis:<br \/>\nideoloogiad ja kogukonnad\u201d.<\/p>\n<p>V\u00e4ljaandmist toetas Eesti Kultuurkapital.<\/p>\n<p><a href=\"http:\/\/www.folklore.ee\/dh\/wp-content\/uploads\/2014\/06\/logo_kulka.png\"><img loading=\"lazy\" class=\"alignnone  wp-image-261\" src=\"http:\/\/www.folklore.ee\/dh\/wp-content\/uploads\/2014\/06\/logo_kulka-300x199.png\" alt=\"logo_kulka\" width=\"184\" height=\"122\" srcset=\"https:\/\/www.folklore.ee\/dh\/wp-content\/uploads\/2014\/06\/logo_kulka-300x199.png 300w, https:\/\/www.folklore.ee\/dh\/wp-content\/uploads\/2014\/06\/logo_kulka.png 359w\" sizes=\"(max-width: 184px) 100vw, 184px\" \/><\/a><\/p>\n<p>EKM Teaduskirjastus<br \/>\nAutori\u00f5igused: autorid, 2014<br \/>\nISBN\u00a0978-9949-544-04-2 (html)<\/p>\n<p>&nbsp;<\/p>\n","protected":false},"excerpt":{"rendered":"<p>IT-rakendused humanitaarteadustes Projektide tutvustused <\/p>\n<p>&nbsp;<\/p>\n<p> Sisukord <\/p>\n<p>Kaisa Kulasalu, Mari Sarv Teel rahvaluule digitaalarhiivi poole<\/p>\n<p>Grethe Juhkason Eesti murrete digitaalne arhiiv<\/p>\n<p>Raivo Kelomees Interaktiivne andmebaasifilm \u201cThe East\u201d: publikuosaluse lahendus<\/p>\n<p>Veronika Varik Tallinna \u00dclikooli Eesti Pedagoogika Arhiivmuuseumi digitaalarhiiv \u201cHariduslooline e-varamu\u201d<\/p>\n<p>Jaanus K\u00f5uts \u00dclevaade Eesti veebiarhiivist<\/p>\n<p>Mari-Liis Posti Tallinna \u00dclikooli Ajaloo Instituudi arheoloogiakogude infos\u00fcsteem<\/p>\n<p>Andres Kuperjanov Skriptoorium \u2013 [&#8230;]<\/p>\n","protected":false},"author":2,"featured_media":113,"parent":0,"menu_order":28,"comment_status":"closed","ping_status":"closed","template":"","meta":[],"_links":{"self":[{"href":"https:\/\/www.folklore.ee\/dh\/wp-json\/wp\/v2\/pages\/115"}],"collection":[{"href":"https:\/\/www.folklore.ee\/dh\/wp-json\/wp\/v2\/pages"}],"about":[{"href":"https:\/\/www.folklore.ee\/dh\/wp-json\/wp\/v2\/types\/page"}],"author":[{"embeddable":true,"href":"https:\/\/www.folklore.ee\/dh\/wp-json\/wp\/v2\/users\/2"}],"replies":[{"embeddable":true,"href":"https:\/\/www.folklore.ee\/dh\/wp-json\/wp\/v2\/comments?post=115"}],"version-history":[{"count":20,"href":"https:\/\/www.folklore.ee\/dh\/wp-json\/wp\/v2\/pages\/115\/revisions"}],"predecessor-version":[{"id":756,"href":"https:\/\/www.folklore.ee\/dh\/wp-json\/wp\/v2\/pages\/115\/revisions\/756"}],"wp:featuredmedia":[{"embeddable":true,"href":"https:\/\/www.folklore.ee\/dh\/wp-json\/wp\/v2\/media\/113"}],"wp:attachment":[{"href":"https:\/\/www.folklore.ee\/dh\/wp-json\/wp\/v2\/media?parent=115"}],"curies":[{"name":"wp","href":"https:\/\/api.w.org\/{rel}","templated":true}]}}