{"id":868,"date":"2023-11-14T09:02:34","date_gmt":"2023-11-14T09:02:34","guid":{"rendered":"https:\/\/www.folklore.ee\/ars\/?page_id=868"},"modified":"2023-11-14T09:02:34","modified_gmt":"2023-11-14T09:02:34","slug":"kogumiskonverents-2004-ajakava","status":"publish","type":"page","link":"https:\/\/www.folklore.ee\/ars\/uritused\/arhiiv\/kogumiskonverents-2004-ajakava\/","title":{"rendered":"Kogumiskonverents 2004 ajakava"},"content":{"rendered":"\n<p class=\"has-text-align-center\"><strong>Akadeemilise Rahvaluule Seltsi<br>KOGUMISKONVERENTS<\/strong><br>Neljap\u00e4eval, 11. novembril kell 12.00<br>Eesti Kirjandusmuuseumi saalis<br>(Tartu, Vanemuise 42)<\/p>\n\n\n\n<p>ARSi korraldusel teist aastat aset leidval kogumiskonverentsil tutvustatakse sellesuviseid folkloristide ning teiste erialade kogumisretki. Ettekannetes on esindatud nii ekspeditsioonid Eesti erinevates paikades Saaremaast Setuni kui kaugemale &#8211; Vepsa- ning Vadjamaale ja Siberisse. Tutvustatakse ka Eesti Kunstiakadeemia ning T\u00dc etnoloogide sellesuviseid v\u00e4lit\u00f6id.<\/p>\n\n\n\n<p>12:00<br><strong>Kanni Labi ja Mari-Ann Remmel <\/strong>Otep\u00e4\u00e4 2004 &#8211; rollerirajalt kohap\u00e4rimust otsimas<br><strong>J\u00fcri Metssalu<\/strong> T\u00e4navusest kogumist\u00f6\u00f6st L\u00f5una-Harjumaal<br><strong>Kreete M\u00e4gi-Laas <\/strong>Ise tehtud elu. Projekt &#8220;Rahvakultuurid kohtuvad\u201d<br><strong>Liisi J\u00e4\u00e4ts ja Kristel Rattus <\/strong>Etnoloogilised v\u00e4lit\u00f6\u00f6d Karula Rahvuspargis<br>M\u00f5ttevahetus<br>vaheaeg<\/p>\n\n\n\n<p>15:00<br><strong>Madis Arukask <\/strong>P\u00f5hja-Vepsa k\u00fclade t\u00e4nane p\u00e4ev<br><strong>Enn Ernits ja Tiiu Ernits <\/strong>Uitamisi vadja k\u00fclades<br><strong>Anu Korb <\/strong>&#8220;Tulid tagasi &#8211; molodets&#8221;. Korduvkogumised Siberis<br>M\u00f5ttevahetus<br>kohvipaus<\/p>\n\n\n\n<p>17:00<br><strong>Kadri Viires <\/strong>Seto\u00b4 t\u00e4\u00e4mb\u00e4\u00b4<br><strong>Eda Pomozi ja Reeli Reinaus<\/strong> Vanahalv, ess\u00fct\u00e4j\u00e4 ja Karvane Iivan. Kogumisretk Setomaal<br><strong>Mall Hiiem\u00e4e <\/strong>Kullamaalt kulda otsimas<br>M\u00f5ttevahetus<\/p>\n\n\n\n<p>L\u00e4hem info: Risto J\u00e4rv, tel 7376-214, Kristi Salve, tel 7377-746, Liina Saarlo, tel 7377-736<\/p>\n","protected":false},"excerpt":{"rendered":"<p>Akadeemilise Rahvaluule SeltsiKOGUMISKONVERENTSNeljap\u00e4eval, 11. novembril kell 12.00Eesti Kirjandusmuuseumi saalis(Tartu, Vanemuise 42) ARSi korraldusel teist aastat aset leidval kogumiskonverentsil tutvustatakse sellesuviseid folkloristide ning teiste erialade kogumisretki. Ettekannetes on esindatud nii ekspeditsioonid Eesti erinevates paikades Saaremaast Setuni kui kaugemale &#8211; Vepsa- ning Vadjamaale ja Siberisse. Tutvustatakse ka Eesti Kunstiakadeemia ning T\u00dc etnoloogide sellesuviseid v\u00e4lit\u00f6id. 12:00Kanni Labi ja [&hellip;]<\/p>\n","protected":false},"author":1,"featured_media":0,"parent":267,"menu_order":0,"comment_status":"closed","ping_status":"closed","template":"","meta":{"footnotes":""},"class_list":["post-868","page","type-page","status-publish","hentry"],"yoast_head":"<!-- This site is optimized with the Yoast SEO plugin v20.12 - https:\/\/yoast.com\/wordpress\/plugins\/seo\/ -->\n<title>Kogumiskonverents 2004 ajakava | Akadeemiline Rahvaluule Selts<\/title>\n<meta name=\"robots\" content=\"index, follow, max-snippet:-1, max-image-preview:large, max-video-preview:-1\" \/>\n<link rel=\"canonical\" href=\"https:\/\/www.folklore.ee\/ars\/uritused\/arhiiv\/kogumiskonverents-2004-ajakava\/\" \/>\n<meta property=\"og:locale\" content=\"en_US\" \/>\n<meta property=\"og:type\" content=\"article\" \/>\n<meta property=\"og:title\" content=\"Kogumiskonverents 2004 ajakava | Akadeemiline Rahvaluule Selts\" \/>\n<meta property=\"og:description\" content=\"Akadeemilise Rahvaluule SeltsiKOGUMISKONVERENTSNeljap\u00e4eval, 11. novembril kell 12.00Eesti Kirjandusmuuseumi saalis(Tartu, Vanemuise 42) ARSi korraldusel teist aastat aset leidval kogumiskonverentsil tutvustatakse sellesuviseid folkloristide ning teiste erialade kogumisretki. Ettekannetes on esindatud nii ekspeditsioonid Eesti erinevates paikades Saaremaast Setuni kui kaugemale &#8211; Vepsa- ning Vadjamaale ja Siberisse. Tutvustatakse ka Eesti Kunstiakadeemia ning T\u00dc etnoloogide sellesuviseid v\u00e4lit\u00f6id. 12:00Kanni Labi ja [&hellip;]\" \/>\n<meta property=\"og:url\" content=\"https:\/\/www.folklore.ee\/ars\/uritused\/arhiiv\/kogumiskonverents-2004-ajakava\/\" \/>\n<meta property=\"og:site_name\" content=\"Akadeemiline Rahvaluule Selts\" \/>\n<meta name=\"twitter:card\" content=\"summary_large_image\" \/>\n<meta name=\"twitter:label1\" content=\"Est. reading time\" \/>\n\t<meta name=\"twitter:data1\" content=\"1 minute\" \/>\n<script type=\"application\/ld+json\" class=\"yoast-schema-graph\">{\"@context\":\"https:\/\/schema.org\",\"@graph\":[{\"@type\":\"WebPage\",\"@id\":\"https:\/\/www.folklore.ee\/ars\/uritused\/arhiiv\/kogumiskonverents-2004-ajakava\/\",\"url\":\"https:\/\/www.folklore.ee\/ars\/uritused\/arhiiv\/kogumiskonverents-2004-ajakava\/\",\"name\":\"Kogumiskonverents 2004 ajakava | Akadeemiline Rahvaluule Selts\",\"isPartOf\":{\"@id\":\"https:\/\/www.folklore.ee\/ars\/#website\"},\"datePublished\":\"2023-11-14T09:02:34+00:00\",\"dateModified\":\"2023-11-14T09:02:34+00:00\",\"breadcrumb\":{\"@id\":\"https:\/\/www.folklore.ee\/ars\/uritused\/arhiiv\/kogumiskonverents-2004-ajakava\/#breadcrumb\"},\"inLanguage\":\"en-US\",\"potentialAction\":[{\"@type\":\"ReadAction\",\"target\":[\"https:\/\/www.folklore.ee\/ars\/uritused\/arhiiv\/kogumiskonverents-2004-ajakava\/\"]}]},{\"@type\":\"BreadcrumbList\",\"@id\":\"https:\/\/www.folklore.ee\/ars\/uritused\/arhiiv\/kogumiskonverents-2004-ajakava\/#breadcrumb\",\"itemListElement\":[{\"@type\":\"ListItem\",\"position\":1,\"name\":\"Avaleht\",\"item\":\"https:\/\/www.folklore.ee\/ars\/\"},{\"@type\":\"ListItem\",\"position\":2,\"name\":\"\u00dcritused\",\"item\":\"https:\/\/www.folklore.ee\/ars\/uritused\/\"},{\"@type\":\"ListItem\",\"position\":3,\"name\":\"Arhiiv\",\"item\":\"https:\/\/www.folklore.ee\/ars\/uritused\/arhiiv\/\"},{\"@type\":\"ListItem\",\"position\":4,\"name\":\"Kogumiskonverents 2004 ajakava\"}]},{\"@type\":\"WebSite\",\"@id\":\"https:\/\/www.folklore.ee\/ars\/#website\",\"url\":\"https:\/\/www.folklore.ee\/ars\/\",\"name\":\"Akadeemiline Rahvaluule Selts\",\"description\":\"Folkloristide, \u00fcli\u00f5pilaste ja k\u00f5igi rahvaluulest huvitatute \u00fchendus, mis aitab kaasa rahvaluule kogumisele, tutvustamisele, uurimisele ja publitseerimisele.\",\"potentialAction\":[{\"@type\":\"SearchAction\",\"target\":{\"@type\":\"EntryPoint\",\"urlTemplate\":\"https:\/\/www.folklore.ee\/ars\/?s={search_term_string}\"},\"query-input\":\"required name=search_term_string\"}],\"inLanguage\":\"en-US\"}]}<\/script>\n<!-- \/ Yoast SEO plugin. -->","yoast_head_json":{"title":"Kogumiskonverents 2004 ajakava | Akadeemiline Rahvaluule Selts","robots":{"index":"index","follow":"follow","max-snippet":"max-snippet:-1","max-image-preview":"max-image-preview:large","max-video-preview":"max-video-preview:-1"},"canonical":"https:\/\/www.folklore.ee\/ars\/uritused\/arhiiv\/kogumiskonverents-2004-ajakava\/","og_locale":"en_US","og_type":"article","og_title":"Kogumiskonverents 2004 ajakava | Akadeemiline Rahvaluule Selts","og_description":"Akadeemilise Rahvaluule SeltsiKOGUMISKONVERENTSNeljap\u00e4eval, 11. novembril kell 12.00Eesti Kirjandusmuuseumi saalis(Tartu, Vanemuise 42) ARSi korraldusel teist aastat aset leidval kogumiskonverentsil tutvustatakse sellesuviseid folkloristide ning teiste erialade kogumisretki. Ettekannetes on esindatud nii ekspeditsioonid Eesti erinevates paikades Saaremaast Setuni kui kaugemale &#8211; Vepsa- ning Vadjamaale ja Siberisse. Tutvustatakse ka Eesti Kunstiakadeemia ning T\u00dc etnoloogide sellesuviseid v\u00e4lit\u00f6id. 12:00Kanni Labi ja [&hellip;]","og_url":"https:\/\/www.folklore.ee\/ars\/uritused\/arhiiv\/kogumiskonverents-2004-ajakava\/","og_site_name":"Akadeemiline Rahvaluule Selts","twitter_card":"summary_large_image","twitter_misc":{"Est. reading time":"1 minute"},"schema":{"@context":"https:\/\/schema.org","@graph":[{"@type":"WebPage","@id":"https:\/\/www.folklore.ee\/ars\/uritused\/arhiiv\/kogumiskonverents-2004-ajakava\/","url":"https:\/\/www.folklore.ee\/ars\/uritused\/arhiiv\/kogumiskonverents-2004-ajakava\/","name":"Kogumiskonverents 2004 ajakava | Akadeemiline Rahvaluule Selts","isPartOf":{"@id":"https:\/\/www.folklore.ee\/ars\/#website"},"datePublished":"2023-11-14T09:02:34+00:00","dateModified":"2023-11-14T09:02:34+00:00","breadcrumb":{"@id":"https:\/\/www.folklore.ee\/ars\/uritused\/arhiiv\/kogumiskonverents-2004-ajakava\/#breadcrumb"},"inLanguage":"en-US","potentialAction":[{"@type":"ReadAction","target":["https:\/\/www.folklore.ee\/ars\/uritused\/arhiiv\/kogumiskonverents-2004-ajakava\/"]}]},{"@type":"BreadcrumbList","@id":"https:\/\/www.folklore.ee\/ars\/uritused\/arhiiv\/kogumiskonverents-2004-ajakava\/#breadcrumb","itemListElement":[{"@type":"ListItem","position":1,"name":"Avaleht","item":"https:\/\/www.folklore.ee\/ars\/"},{"@type":"ListItem","position":2,"name":"\u00dcritused","item":"https:\/\/www.folklore.ee\/ars\/uritused\/"},{"@type":"ListItem","position":3,"name":"Arhiiv","item":"https:\/\/www.folklore.ee\/ars\/uritused\/arhiiv\/"},{"@type":"ListItem","position":4,"name":"Kogumiskonverents 2004 ajakava"}]},{"@type":"WebSite","@id":"https:\/\/www.folklore.ee\/ars\/#website","url":"https:\/\/www.folklore.ee\/ars\/","name":"Akadeemiline Rahvaluule Selts","description":"Folkloristide, \u00fcli\u00f5pilaste ja k\u00f5igi rahvaluulest huvitatute \u00fchendus, mis aitab kaasa rahvaluule kogumisele, tutvustamisele, uurimisele ja publitseerimisele.","potentialAction":[{"@type":"SearchAction","target":{"@type":"EntryPoint","urlTemplate":"https:\/\/www.folklore.ee\/ars\/?s={search_term_string}"},"query-input":"required name=search_term_string"}],"inLanguage":"en-US"}]}},"_links":{"self":[{"href":"https:\/\/www.folklore.ee\/ars\/wp-json\/wp\/v2\/pages\/868","targetHints":{"allow":["GET"]}}],"collection":[{"href":"https:\/\/www.folklore.ee\/ars\/wp-json\/wp\/v2\/pages"}],"about":[{"href":"https:\/\/www.folklore.ee\/ars\/wp-json\/wp\/v2\/types\/page"}],"author":[{"embeddable":true,"href":"https:\/\/www.folklore.ee\/ars\/wp-json\/wp\/v2\/users\/1"}],"replies":[{"embeddable":true,"href":"https:\/\/www.folklore.ee\/ars\/wp-json\/wp\/v2\/comments?post=868"}],"version-history":[{"count":1,"href":"https:\/\/www.folklore.ee\/ars\/wp-json\/wp\/v2\/pages\/868\/revisions"}],"predecessor-version":[{"id":869,"href":"https:\/\/www.folklore.ee\/ars\/wp-json\/wp\/v2\/pages\/868\/revisions\/869"}],"up":[{"embeddable":true,"href":"https:\/\/www.folklore.ee\/ars\/wp-json\/wp\/v2\/pages\/267"}],"wp:attachment":[{"href":"https:\/\/www.folklore.ee\/ars\/wp-json\/wp\/v2\/media?parent=868"}],"curies":[{"name":"wp","href":"https:\/\/api.w.org\/{rel}","templated":true}]}}