{"id":865,"date":"2023-11-14T08:58:42","date_gmt":"2023-11-14T08:58:42","guid":{"rendered":"https:\/\/www.folklore.ee\/ars\/?page_id=865"},"modified":"2023-11-14T08:58:43","modified_gmt":"2023-11-14T08:58:43","slug":"kogumiskonverents-2003-ajakava","status":"publish","type":"page","link":"https:\/\/www.folklore.ee\/ars\/uritused\/arhiiv\/kogumiskonverents-2003-ajakava\/","title":{"rendered":"Kogumiskonverents 2003 ajakava"},"content":{"rendered":"\n<p class=\"has-text-align-center\"><strong>Akadeemilise Rahvaluule Seltsi<br>KOGUMISKONVERENTS<\/strong><br>Neljap\u00e4eval, 30. oktoobril kell 11.00<br>Eesti Kirjandusmuuseumi saalis<br>(Tartu, Vanemuise 42)<\/p>\n\n\n\n<p>Akadeemiline Rahvaluule Seltsi korraldusel toimuva rahvaluule kogumiskonverentsi ettekannetes k\u00e4sitletakse nii sellesuviseid kogumisretki kui ka \u00fcldisemaid folkloorikogumisega seotud k\u00fcsimusi.<\/p>\n\n\n\n<p>Konverentsi eesm\u00e4rkideks on<\/p>\n\n\n\n<p>anal\u00fc\u00fcsida ja m\u00f5testada arhiivi kogumisuundumusi<br>vaagida v\u00e4lit\u00f6id ja &#8220;siset\u00f6id&#8221; (kaasaja interneti-kogumist), kogumist maal ja linnas, frontaalset ja temaatilist rahvaluule talletamist, kogumist kutselistest folkloristidest osalejatega ja \u00f5ppepraktikana<br>anda \u00fclevaade erinevate folkloristlike institutsioonide tehtud kogumisprojektide kohta<br>\u00dcrituse \u00fclesehitus ja eesm\u00e4rgid eeldavad lisaks l\u00fchiettekannetele neile j\u00e4rgnevat samamahulist diskussiooni.<\/p>\n\n\n\n<p><strong>Kava<br><\/strong>11.00<br>Avamine. Rahvaluule kogumiskonverentsi saja-aasta tagusest ideest<\/p>\n\n\n\n<p>11.15<br><strong>Saak 2003: Teist korda J\u00e4rvamaal <\/strong>Mall Hiiem\u00e4e<br><strong>Mida ja kuidas oskab arhiiv tahta? <\/strong>Kadri Tamm<br><strong>Milleks meile situatsioonilehed? <\/strong>Mari Sarv<br><strong>Saak 2003: Venemaa-eestlased Eestis<\/strong> Anu Korb<br>M\u00f5ttevahetus<\/p>\n\n\n\n<p>12.40<br>kohvipaus<\/p>\n\n\n\n<p>13.00<br><strong>Saak 2003: Supilinn kui orgaaniline tervik<\/strong> Helen Volber &amp; Helen K\u00e4stik<br><strong>Tera siit ja teine sealt. Temaatilisest kogumisest, ise\u00e4ranis murdealal<\/strong> Marju Torp-K\u00f5ivupuu<br><strong>Saak 2003: kogumisprojekt &#8220;Radar&#8221; <\/strong>Anne Kaaber<br>M\u00f5ttevahetus<\/p>\n\n\n\n<p>14.00<br>vaheaeg<\/p>\n\n\n\n<p>15.00<br><strong>Naljade kogumisest eesti internetis<\/strong> (www.delfi.ee n\u00e4itel). Liisi Laineste<br><strong>Saak 2003: Stalini-anekdoodid internetis<\/strong> Arvo Krikmann<br><strong>Saak 2003: Ristirotid. Suhteid \u00fches yahoo.com suhtlusgrupis <\/strong>Liisa Vesik<br>M\u00f5ttevahetus<\/p>\n\n\n\n<p>16.15<br><strong>Kohap\u00e4rimuse kogumisest nii ja naa<\/strong> Mari-Ann Remmel<br><strong>Saak 2003: Koeru ekspeditsioonist<\/strong> Marion Selgall &amp; Pille Vahtm\u00e4e<br><strong>Kogumine \u00f5ppepraktikana <\/strong>Risto J\u00e4rv<br>M\u00f5ttevahetus<\/p>\n\n\n\n<p>17.15<br><strong>Saak 2003: V\u00e4lit\u00f6\u00f6d videokaameraga Vadjamaal <\/strong>Ergo-Hart V\u00e4strik<\/p>\n\n\n\n<p>17.30<br>L\u00f5petamine<\/p>\n\n\n\n<p>L\u00e4hem info: Risto J\u00e4rv, tel (07) 376 214, Kristi Salve, tel (07) 377 746, Liina Saarlo, tel (07) 377 736<\/p>\n","protected":false},"excerpt":{"rendered":"<p>Akadeemilise Rahvaluule SeltsiKOGUMISKONVERENTSNeljap\u00e4eval, 30. oktoobril kell 11.00Eesti Kirjandusmuuseumi saalis(Tartu, Vanemuise 42) Akadeemiline Rahvaluule Seltsi korraldusel toimuva rahvaluule kogumiskonverentsi ettekannetes k\u00e4sitletakse nii sellesuviseid kogumisretki kui ka \u00fcldisemaid folkloorikogumisega seotud k\u00fcsimusi. Konverentsi eesm\u00e4rkideks on anal\u00fc\u00fcsida ja m\u00f5testada arhiivi kogumisuundumusivaagida v\u00e4lit\u00f6id ja &#8220;siset\u00f6id&#8221; (kaasaja interneti-kogumist), kogumist maal ja linnas, frontaalset ja temaatilist rahvaluule talletamist, kogumist kutselistest folkloristidest osalejatega [&hellip;]<\/p>\n","protected":false},"author":1,"featured_media":0,"parent":267,"menu_order":0,"comment_status":"closed","ping_status":"closed","template":"","meta":{"footnotes":""},"class_list":["post-865","page","type-page","status-publish","hentry"],"yoast_head":"<!-- This site is optimized with the Yoast SEO plugin v20.12 - https:\/\/yoast.com\/wordpress\/plugins\/seo\/ -->\n<title>Kogumiskonverents 2003 ajakava | Akadeemiline Rahvaluule Selts<\/title>\n<meta name=\"robots\" content=\"index, follow, max-snippet:-1, max-image-preview:large, max-video-preview:-1\" \/>\n<link rel=\"canonical\" href=\"https:\/\/www.folklore.ee\/ars\/uritused\/arhiiv\/kogumiskonverents-2003-ajakava\/\" \/>\n<meta property=\"og:locale\" content=\"en_US\" \/>\n<meta property=\"og:type\" content=\"article\" \/>\n<meta property=\"og:title\" content=\"Kogumiskonverents 2003 ajakava | Akadeemiline Rahvaluule Selts\" \/>\n<meta property=\"og:description\" content=\"Akadeemilise Rahvaluule SeltsiKOGUMISKONVERENTSNeljap\u00e4eval, 30. oktoobril kell 11.00Eesti Kirjandusmuuseumi saalis(Tartu, Vanemuise 42) Akadeemiline Rahvaluule Seltsi korraldusel toimuva rahvaluule kogumiskonverentsi ettekannetes k\u00e4sitletakse nii sellesuviseid kogumisretki kui ka \u00fcldisemaid folkloorikogumisega seotud k\u00fcsimusi. Konverentsi eesm\u00e4rkideks on anal\u00fc\u00fcsida ja m\u00f5testada arhiivi kogumisuundumusivaagida v\u00e4lit\u00f6id ja &#8220;siset\u00f6id&#8221; (kaasaja interneti-kogumist), kogumist maal ja linnas, frontaalset ja temaatilist rahvaluule talletamist, kogumist kutselistest folkloristidest osalejatega [&hellip;]\" \/>\n<meta property=\"og:url\" content=\"https:\/\/www.folklore.ee\/ars\/uritused\/arhiiv\/kogumiskonverents-2003-ajakava\/\" \/>\n<meta property=\"og:site_name\" content=\"Akadeemiline Rahvaluule Selts\" \/>\n<meta property=\"article:modified_time\" content=\"2023-11-14T08:58:43+00:00\" \/>\n<meta name=\"twitter:card\" content=\"summary_large_image\" \/>\n<meta name=\"twitter:label1\" content=\"Est. reading time\" \/>\n\t<meta name=\"twitter:data1\" content=\"1 minute\" \/>\n<script type=\"application\/ld+json\" class=\"yoast-schema-graph\">{\"@context\":\"https:\/\/schema.org\",\"@graph\":[{\"@type\":\"WebPage\",\"@id\":\"https:\/\/www.folklore.ee\/ars\/uritused\/arhiiv\/kogumiskonverents-2003-ajakava\/\",\"url\":\"https:\/\/www.folklore.ee\/ars\/uritused\/arhiiv\/kogumiskonverents-2003-ajakava\/\",\"name\":\"Kogumiskonverents 2003 ajakava | Akadeemiline Rahvaluule Selts\",\"isPartOf\":{\"@id\":\"https:\/\/www.folklore.ee\/ars\/#website\"},\"datePublished\":\"2023-11-14T08:58:42+00:00\",\"dateModified\":\"2023-11-14T08:58:43+00:00\",\"breadcrumb\":{\"@id\":\"https:\/\/www.folklore.ee\/ars\/uritused\/arhiiv\/kogumiskonverents-2003-ajakava\/#breadcrumb\"},\"inLanguage\":\"en-US\",\"potentialAction\":[{\"@type\":\"ReadAction\",\"target\":[\"https:\/\/www.folklore.ee\/ars\/uritused\/arhiiv\/kogumiskonverents-2003-ajakava\/\"]}]},{\"@type\":\"BreadcrumbList\",\"@id\":\"https:\/\/www.folklore.ee\/ars\/uritused\/arhiiv\/kogumiskonverents-2003-ajakava\/#breadcrumb\",\"itemListElement\":[{\"@type\":\"ListItem\",\"position\":1,\"name\":\"Avaleht\",\"item\":\"https:\/\/www.folklore.ee\/ars\/\"},{\"@type\":\"ListItem\",\"position\":2,\"name\":\"\u00dcritused\",\"item\":\"https:\/\/www.folklore.ee\/ars\/uritused\/\"},{\"@type\":\"ListItem\",\"position\":3,\"name\":\"Arhiiv\",\"item\":\"https:\/\/www.folklore.ee\/ars\/uritused\/arhiiv\/\"},{\"@type\":\"ListItem\",\"position\":4,\"name\":\"Kogumiskonverents 2003 ajakava\"}]},{\"@type\":\"WebSite\",\"@id\":\"https:\/\/www.folklore.ee\/ars\/#website\",\"url\":\"https:\/\/www.folklore.ee\/ars\/\",\"name\":\"Akadeemiline Rahvaluule Selts\",\"description\":\"Folkloristide, \u00fcli\u00f5pilaste ja k\u00f5igi rahvaluulest huvitatute \u00fchendus, mis aitab kaasa rahvaluule kogumisele, tutvustamisele, uurimisele ja publitseerimisele.\",\"potentialAction\":[{\"@type\":\"SearchAction\",\"target\":{\"@type\":\"EntryPoint\",\"urlTemplate\":\"https:\/\/www.folklore.ee\/ars\/?s={search_term_string}\"},\"query-input\":\"required name=search_term_string\"}],\"inLanguage\":\"en-US\"}]}<\/script>\n<!-- \/ Yoast SEO plugin. -->","yoast_head_json":{"title":"Kogumiskonverents 2003 ajakava | Akadeemiline Rahvaluule Selts","robots":{"index":"index","follow":"follow","max-snippet":"max-snippet:-1","max-image-preview":"max-image-preview:large","max-video-preview":"max-video-preview:-1"},"canonical":"https:\/\/www.folklore.ee\/ars\/uritused\/arhiiv\/kogumiskonverents-2003-ajakava\/","og_locale":"en_US","og_type":"article","og_title":"Kogumiskonverents 2003 ajakava | Akadeemiline Rahvaluule Selts","og_description":"Akadeemilise Rahvaluule SeltsiKOGUMISKONVERENTSNeljap\u00e4eval, 30. oktoobril kell 11.00Eesti Kirjandusmuuseumi saalis(Tartu, Vanemuise 42) Akadeemiline Rahvaluule Seltsi korraldusel toimuva rahvaluule kogumiskonverentsi ettekannetes k\u00e4sitletakse nii sellesuviseid kogumisretki kui ka \u00fcldisemaid folkloorikogumisega seotud k\u00fcsimusi. Konverentsi eesm\u00e4rkideks on anal\u00fc\u00fcsida ja m\u00f5testada arhiivi kogumisuundumusivaagida v\u00e4lit\u00f6id ja &#8220;siset\u00f6id&#8221; (kaasaja interneti-kogumist), kogumist maal ja linnas, frontaalset ja temaatilist rahvaluule talletamist, kogumist kutselistest folkloristidest osalejatega [&hellip;]","og_url":"https:\/\/www.folklore.ee\/ars\/uritused\/arhiiv\/kogumiskonverents-2003-ajakava\/","og_site_name":"Akadeemiline Rahvaluule Selts","article_modified_time":"2023-11-14T08:58:43+00:00","twitter_card":"summary_large_image","twitter_misc":{"Est. reading time":"1 minute"},"schema":{"@context":"https:\/\/schema.org","@graph":[{"@type":"WebPage","@id":"https:\/\/www.folklore.ee\/ars\/uritused\/arhiiv\/kogumiskonverents-2003-ajakava\/","url":"https:\/\/www.folklore.ee\/ars\/uritused\/arhiiv\/kogumiskonverents-2003-ajakava\/","name":"Kogumiskonverents 2003 ajakava | Akadeemiline Rahvaluule Selts","isPartOf":{"@id":"https:\/\/www.folklore.ee\/ars\/#website"},"datePublished":"2023-11-14T08:58:42+00:00","dateModified":"2023-11-14T08:58:43+00:00","breadcrumb":{"@id":"https:\/\/www.folklore.ee\/ars\/uritused\/arhiiv\/kogumiskonverents-2003-ajakava\/#breadcrumb"},"inLanguage":"en-US","potentialAction":[{"@type":"ReadAction","target":["https:\/\/www.folklore.ee\/ars\/uritused\/arhiiv\/kogumiskonverents-2003-ajakava\/"]}]},{"@type":"BreadcrumbList","@id":"https:\/\/www.folklore.ee\/ars\/uritused\/arhiiv\/kogumiskonverents-2003-ajakava\/#breadcrumb","itemListElement":[{"@type":"ListItem","position":1,"name":"Avaleht","item":"https:\/\/www.folklore.ee\/ars\/"},{"@type":"ListItem","position":2,"name":"\u00dcritused","item":"https:\/\/www.folklore.ee\/ars\/uritused\/"},{"@type":"ListItem","position":3,"name":"Arhiiv","item":"https:\/\/www.folklore.ee\/ars\/uritused\/arhiiv\/"},{"@type":"ListItem","position":4,"name":"Kogumiskonverents 2003 ajakava"}]},{"@type":"WebSite","@id":"https:\/\/www.folklore.ee\/ars\/#website","url":"https:\/\/www.folklore.ee\/ars\/","name":"Akadeemiline Rahvaluule Selts","description":"Folkloristide, \u00fcli\u00f5pilaste ja k\u00f5igi rahvaluulest huvitatute \u00fchendus, mis aitab kaasa rahvaluule kogumisele, tutvustamisele, uurimisele ja publitseerimisele.","potentialAction":[{"@type":"SearchAction","target":{"@type":"EntryPoint","urlTemplate":"https:\/\/www.folklore.ee\/ars\/?s={search_term_string}"},"query-input":"required name=search_term_string"}],"inLanguage":"en-US"}]}},"_links":{"self":[{"href":"https:\/\/www.folklore.ee\/ars\/wp-json\/wp\/v2\/pages\/865","targetHints":{"allow":["GET"]}}],"collection":[{"href":"https:\/\/www.folklore.ee\/ars\/wp-json\/wp\/v2\/pages"}],"about":[{"href":"https:\/\/www.folklore.ee\/ars\/wp-json\/wp\/v2\/types\/page"}],"author":[{"embeddable":true,"href":"https:\/\/www.folklore.ee\/ars\/wp-json\/wp\/v2\/users\/1"}],"replies":[{"embeddable":true,"href":"https:\/\/www.folklore.ee\/ars\/wp-json\/wp\/v2\/comments?post=865"}],"version-history":[{"count":1,"href":"https:\/\/www.folklore.ee\/ars\/wp-json\/wp\/v2\/pages\/865\/revisions"}],"predecessor-version":[{"id":866,"href":"https:\/\/www.folklore.ee\/ars\/wp-json\/wp\/v2\/pages\/865\/revisions\/866"}],"up":[{"embeddable":true,"href":"https:\/\/www.folklore.ee\/ars\/wp-json\/wp\/v2\/pages\/267"}],"wp:attachment":[{"href":"https:\/\/www.folklore.ee\/ars\/wp-json\/wp\/v2\/media?parent=865"}],"curies":[{"name":"wp","href":"https:\/\/api.w.org\/{rel}","templated":true}]}}