{"id":853,"date":"2023-11-14T08:41:22","date_gmt":"2023-11-14T08:41:22","guid":{"rendered":"https:\/\/www.folklore.ee\/ars\/?page_id=853"},"modified":"2023-11-14T08:46:01","modified_gmt":"2023-11-14T08:46:01","slug":"kogumiskonverents-2011-ajakava","status":"publish","type":"page","link":"https:\/\/www.folklore.ee\/ars\/uritused\/arhiiv\/kogumiskonverents-2011-ajakava\/","title":{"rendered":"Kogumiskonverents 2011 ajakava"},"content":{"rendered":"\n<p class=\"has-text-align-center\"><strong>Akadeemilise Rahvaluule Seltsi<br>KOGUMISKONVERENTS 2011<br>\u201cEetika ja valikud\u201d<\/strong><br>Neljap\u00e4eval, 27. oktoobril<br>Eesti Kirjandusmuuseumis (Tartu, Vanemuise 42)<\/p>\n\n\n\n<p>T\u00e4navusel Selle aasta kogumiskonverentsil on erilise t\u00e4helepanu all kogumis \u2013 ja uurimist\u00f6\u00f6ga seotud eetilised normid ja valikud.<\/p>\n\n\n\n<p><em><a href=\"\/ars\/uritused\/arhiiv\/kogumiskonverents-2011-ajakava\/kogumiskonverents-2011-teesid\/\">TEESID<\/a><\/em><\/p>\n\n\n\n<p>KAVA<\/p>\n\n\n\n<p><strong>9.30<\/strong> Alustuskohv<\/p>\n\n\n\n<p><strong>10.00<\/strong> Frontaalse kogumist\u00f6\u00f6 valikud &#8211; ERA Kullamaa-v\u00e4lit\u00f6\u00f6d 2011<\/p>\n\n\n\n<p>Astrid Tuisk, Mari Sarv, EKM<\/p>\n\n\n\n<p><strong>10.30<\/strong> Kogemuslugudele keskenduv uurimist\u00f6\u00f6 pere- ja suhtefoorumeis. Informeeritud n\u00f5usolekuga seonduvast<\/p>\n\n\n\n<p>Maili Pilt, T\u00dc<\/p>\n\n\n\n<p><strong>11.00<\/strong> T\u00dc Viljandi Kultuuriakadeemia p\u00e4rimuse kogumise projekt: v\u00e4lit\u00f6\u00f6d kui tellimust\u00f6\u00f6<\/p>\n\n\n\n<p>Katre Koppel, Liis Reha, T\u00dc<\/p>\n\n\n\n<p><strong>11.30<\/strong> M\u00f5tteid osalusest ja vaatlusest, folkloristika ja p\u00e4riselu piiridest<\/p>\n\n\n\n<p>Eda Pomozi, Budapesti Lor\u012fnd E\u00f6tv\u00f6si nimeline \u00dclikool (ELTE), T\u00dc<\/p>\n\n\n\n<p><strong>12.00<\/strong> L\u00f5una<\/p>\n\n\n\n<p><strong>13.00<\/strong> V\u00e4lit\u00f6\u00f6 kui koost\u00f6\u00f6projekt ehk koost\u00f6\u00f6ekspeditsiooni head ja vead (ERMi 2010. ja 2011. a udmurdi ja vepsa-karjala v\u00e4lit\u00f6\u00f6de n\u00e4itel)<\/p>\n\n\n\n<p>Svetlana Karm, ERM<\/p>\n\n\n\n<p><strong>13.30<\/strong> M\u00f5ttepeatusi Ingerimaa reisilt 2011. aasta suvel<\/p>\n\n\n\n<p>Liilia Laaneman, Juha-Matti Aronen, T\u00dc<\/p>\n\n\n\n<p><strong>14.00 <\/strong>Eluloointervjuud kui keeleuurimise allikas. Peterburi eestlaste eluloointervjuude n\u00e4itel<\/p>\n\n\n\n<p>Lea J\u00fcrgenstein, T\u00dc<\/p>\n\n\n\n<p><strong>14.30<\/strong> Kohvipaus<\/p>\n\n\n\n<p><strong>15.00<\/strong> Ammutame v\u00f5i anname?<\/p>\n\n\n\n<p>Moon Meier, Jaan Sudak, T\u00dc<\/p>\n\n\n\n<p><strong>15.30 <\/strong>Kohalolu ja sekkumine: m\u00f5tteid kahest erinevast v\u00e4lit\u00f6\u00f6st Tallinnas ja Kihnus<\/p>\n\n\n\n<p>Liisi Laanemets, EMTA<\/p>\n\n\n\n<p><strong>16.00<\/strong> N\u00e4ituse \u201cS\u00f5rvemaa paigad ja inimesed. Vanu fotosid ERA kogudest\u201d avamine<\/p>\n\n\n\n<p>Eda Kalmre, EKM<\/p>\n\n\n\n<p>Kontakt: Eda Kalmre 7377-741, 5152-145; Pihla Maria Siim 5277-937<\/p>\n\n\n\n<p>Konverentsi toetab Eesti Kultuurkapital<\/p>\n","protected":false},"excerpt":{"rendered":"<p>Akadeemilise Rahvaluule SeltsiKOGUMISKONVERENTS 2011\u201cEetika ja valikud\u201dNeljap\u00e4eval, 27. oktoobrilEesti Kirjandusmuuseumis (Tartu, Vanemuise 42) T\u00e4navusel Selle aasta kogumiskonverentsil on erilise t\u00e4helepanu all kogumis \u2013 ja uurimist\u00f6\u00f6ga seotud eetilised normid ja valikud. TEESID KAVA 9.30 Alustuskohv 10.00 Frontaalse kogumist\u00f6\u00f6 valikud &#8211; ERA Kullamaa-v\u00e4lit\u00f6\u00f6d 2011 Astrid Tuisk, Mari Sarv, EKM 10.30 Kogemuslugudele keskenduv uurimist\u00f6\u00f6 pere- ja suhtefoorumeis. Informeeritud n\u00f5usolekuga [&hellip;]<\/p>\n","protected":false},"author":1,"featured_media":0,"parent":267,"menu_order":0,"comment_status":"closed","ping_status":"closed","template":"","meta":{"footnotes":""},"class_list":["post-853","page","type-page","status-publish","hentry"],"yoast_head":"<!-- This site is optimized with the Yoast SEO plugin v20.12 - https:\/\/yoast.com\/wordpress\/plugins\/seo\/ -->\n<title>Kogumiskonverents 2011 ajakava | Akadeemiline Rahvaluule Selts<\/title>\n<meta name=\"robots\" content=\"index, follow, max-snippet:-1, max-image-preview:large, max-video-preview:-1\" \/>\n<link rel=\"canonical\" href=\"https:\/\/www.folklore.ee\/ars\/uritused\/arhiiv\/kogumiskonverents-2011-ajakava\/\" \/>\n<meta property=\"og:locale\" content=\"en_US\" \/>\n<meta property=\"og:type\" content=\"article\" \/>\n<meta property=\"og:title\" content=\"Kogumiskonverents 2011 ajakava | Akadeemiline Rahvaluule Selts\" \/>\n<meta property=\"og:description\" content=\"Akadeemilise Rahvaluule SeltsiKOGUMISKONVERENTS 2011\u201cEetika ja valikud\u201dNeljap\u00e4eval, 27. oktoobrilEesti Kirjandusmuuseumis (Tartu, Vanemuise 42) T\u00e4navusel Selle aasta kogumiskonverentsil on erilise t\u00e4helepanu all kogumis \u2013 ja uurimist\u00f6\u00f6ga seotud eetilised normid ja valikud. TEESID KAVA 9.30 Alustuskohv 10.00 Frontaalse kogumist\u00f6\u00f6 valikud &#8211; ERA Kullamaa-v\u00e4lit\u00f6\u00f6d 2011 Astrid Tuisk, Mari Sarv, EKM 10.30 Kogemuslugudele keskenduv uurimist\u00f6\u00f6 pere- ja suhtefoorumeis. Informeeritud n\u00f5usolekuga [&hellip;]\" \/>\n<meta property=\"og:url\" content=\"https:\/\/www.folklore.ee\/ars\/uritused\/arhiiv\/kogumiskonverents-2011-ajakava\/\" \/>\n<meta property=\"og:site_name\" content=\"Akadeemiline Rahvaluule Selts\" \/>\n<meta property=\"article:modified_time\" content=\"2023-11-14T08:46:01+00:00\" \/>\n<meta name=\"twitter:card\" content=\"summary_large_image\" \/>\n<meta name=\"twitter:label1\" content=\"Est. reading time\" \/>\n\t<meta name=\"twitter:data1\" content=\"1 minute\" \/>\n<script type=\"application\/ld+json\" class=\"yoast-schema-graph\">{\"@context\":\"https:\/\/schema.org\",\"@graph\":[{\"@type\":\"WebPage\",\"@id\":\"https:\/\/www.folklore.ee\/ars\/uritused\/arhiiv\/kogumiskonverents-2011-ajakava\/\",\"url\":\"https:\/\/www.folklore.ee\/ars\/uritused\/arhiiv\/kogumiskonverents-2011-ajakava\/\",\"name\":\"Kogumiskonverents 2011 ajakava | Akadeemiline Rahvaluule Selts\",\"isPartOf\":{\"@id\":\"https:\/\/www.folklore.ee\/ars\/#website\"},\"datePublished\":\"2023-11-14T08:41:22+00:00\",\"dateModified\":\"2023-11-14T08:46:01+00:00\",\"breadcrumb\":{\"@id\":\"https:\/\/www.folklore.ee\/ars\/uritused\/arhiiv\/kogumiskonverents-2011-ajakava\/#breadcrumb\"},\"inLanguage\":\"en-US\",\"potentialAction\":[{\"@type\":\"ReadAction\",\"target\":[\"https:\/\/www.folklore.ee\/ars\/uritused\/arhiiv\/kogumiskonverents-2011-ajakava\/\"]}]},{\"@type\":\"BreadcrumbList\",\"@id\":\"https:\/\/www.folklore.ee\/ars\/uritused\/arhiiv\/kogumiskonverents-2011-ajakava\/#breadcrumb\",\"itemListElement\":[{\"@type\":\"ListItem\",\"position\":1,\"name\":\"Avaleht\",\"item\":\"https:\/\/www.folklore.ee\/ars\/\"},{\"@type\":\"ListItem\",\"position\":2,\"name\":\"\u00dcritused\",\"item\":\"https:\/\/www.folklore.ee\/ars\/uritused\/\"},{\"@type\":\"ListItem\",\"position\":3,\"name\":\"Arhiiv\",\"item\":\"https:\/\/www.folklore.ee\/ars\/uritused\/arhiiv\/\"},{\"@type\":\"ListItem\",\"position\":4,\"name\":\"Kogumiskonverents 2011 ajakava\"}]},{\"@type\":\"WebSite\",\"@id\":\"https:\/\/www.folklore.ee\/ars\/#website\",\"url\":\"https:\/\/www.folklore.ee\/ars\/\",\"name\":\"Akadeemiline Rahvaluule Selts\",\"description\":\"Folkloristide, \u00fcli\u00f5pilaste ja k\u00f5igi rahvaluulest huvitatute \u00fchendus, mis aitab kaasa rahvaluule kogumisele, tutvustamisele, uurimisele ja publitseerimisele.\",\"potentialAction\":[{\"@type\":\"SearchAction\",\"target\":{\"@type\":\"EntryPoint\",\"urlTemplate\":\"https:\/\/www.folklore.ee\/ars\/?s={search_term_string}\"},\"query-input\":\"required name=search_term_string\"}],\"inLanguage\":\"en-US\"}]}<\/script>\n<!-- \/ Yoast SEO plugin. -->","yoast_head_json":{"title":"Kogumiskonverents 2011 ajakava | Akadeemiline Rahvaluule Selts","robots":{"index":"index","follow":"follow","max-snippet":"max-snippet:-1","max-image-preview":"max-image-preview:large","max-video-preview":"max-video-preview:-1"},"canonical":"https:\/\/www.folklore.ee\/ars\/uritused\/arhiiv\/kogumiskonverents-2011-ajakava\/","og_locale":"en_US","og_type":"article","og_title":"Kogumiskonverents 2011 ajakava | Akadeemiline Rahvaluule Selts","og_description":"Akadeemilise Rahvaluule SeltsiKOGUMISKONVERENTS 2011\u201cEetika ja valikud\u201dNeljap\u00e4eval, 27. oktoobrilEesti Kirjandusmuuseumis (Tartu, Vanemuise 42) T\u00e4navusel Selle aasta kogumiskonverentsil on erilise t\u00e4helepanu all kogumis \u2013 ja uurimist\u00f6\u00f6ga seotud eetilised normid ja valikud. TEESID KAVA 9.30 Alustuskohv 10.00 Frontaalse kogumist\u00f6\u00f6 valikud &#8211; ERA Kullamaa-v\u00e4lit\u00f6\u00f6d 2011 Astrid Tuisk, Mari Sarv, EKM 10.30 Kogemuslugudele keskenduv uurimist\u00f6\u00f6 pere- ja suhtefoorumeis. Informeeritud n\u00f5usolekuga [&hellip;]","og_url":"https:\/\/www.folklore.ee\/ars\/uritused\/arhiiv\/kogumiskonverents-2011-ajakava\/","og_site_name":"Akadeemiline Rahvaluule Selts","article_modified_time":"2023-11-14T08:46:01+00:00","twitter_card":"summary_large_image","twitter_misc":{"Est. reading time":"1 minute"},"schema":{"@context":"https:\/\/schema.org","@graph":[{"@type":"WebPage","@id":"https:\/\/www.folklore.ee\/ars\/uritused\/arhiiv\/kogumiskonverents-2011-ajakava\/","url":"https:\/\/www.folklore.ee\/ars\/uritused\/arhiiv\/kogumiskonverents-2011-ajakava\/","name":"Kogumiskonverents 2011 ajakava | Akadeemiline Rahvaluule Selts","isPartOf":{"@id":"https:\/\/www.folklore.ee\/ars\/#website"},"datePublished":"2023-11-14T08:41:22+00:00","dateModified":"2023-11-14T08:46:01+00:00","breadcrumb":{"@id":"https:\/\/www.folklore.ee\/ars\/uritused\/arhiiv\/kogumiskonverents-2011-ajakava\/#breadcrumb"},"inLanguage":"en-US","potentialAction":[{"@type":"ReadAction","target":["https:\/\/www.folklore.ee\/ars\/uritused\/arhiiv\/kogumiskonverents-2011-ajakava\/"]}]},{"@type":"BreadcrumbList","@id":"https:\/\/www.folklore.ee\/ars\/uritused\/arhiiv\/kogumiskonverents-2011-ajakava\/#breadcrumb","itemListElement":[{"@type":"ListItem","position":1,"name":"Avaleht","item":"https:\/\/www.folklore.ee\/ars\/"},{"@type":"ListItem","position":2,"name":"\u00dcritused","item":"https:\/\/www.folklore.ee\/ars\/uritused\/"},{"@type":"ListItem","position":3,"name":"Arhiiv","item":"https:\/\/www.folklore.ee\/ars\/uritused\/arhiiv\/"},{"@type":"ListItem","position":4,"name":"Kogumiskonverents 2011 ajakava"}]},{"@type":"WebSite","@id":"https:\/\/www.folklore.ee\/ars\/#website","url":"https:\/\/www.folklore.ee\/ars\/","name":"Akadeemiline Rahvaluule Selts","description":"Folkloristide, \u00fcli\u00f5pilaste ja k\u00f5igi rahvaluulest huvitatute \u00fchendus, mis aitab kaasa rahvaluule kogumisele, tutvustamisele, uurimisele ja publitseerimisele.","potentialAction":[{"@type":"SearchAction","target":{"@type":"EntryPoint","urlTemplate":"https:\/\/www.folklore.ee\/ars\/?s={search_term_string}"},"query-input":"required name=search_term_string"}],"inLanguage":"en-US"}]}},"_links":{"self":[{"href":"https:\/\/www.folklore.ee\/ars\/wp-json\/wp\/v2\/pages\/853","targetHints":{"allow":["GET"]}}],"collection":[{"href":"https:\/\/www.folklore.ee\/ars\/wp-json\/wp\/v2\/pages"}],"about":[{"href":"https:\/\/www.folklore.ee\/ars\/wp-json\/wp\/v2\/types\/page"}],"author":[{"embeddable":true,"href":"https:\/\/www.folklore.ee\/ars\/wp-json\/wp\/v2\/users\/1"}],"replies":[{"embeddable":true,"href":"https:\/\/www.folklore.ee\/ars\/wp-json\/wp\/v2\/comments?post=853"}],"version-history":[{"count":3,"href":"https:\/\/www.folklore.ee\/ars\/wp-json\/wp\/v2\/pages\/853\/revisions"}],"predecessor-version":[{"id":859,"href":"https:\/\/www.folklore.ee\/ars\/wp-json\/wp\/v2\/pages\/853\/revisions\/859"}],"up":[{"embeddable":true,"href":"https:\/\/www.folklore.ee\/ars\/wp-json\/wp\/v2\/pages\/267"}],"wp:attachment":[{"href":"https:\/\/www.folklore.ee\/ars\/wp-json\/wp\/v2\/media?parent=853"}],"curies":[{"name":"wp","href":"https:\/\/api.w.org\/{rel}","templated":true}]}}