{"id":834,"date":"2023-11-14T07:26:40","date_gmt":"2023-11-14T07:26:40","guid":{"rendered":"https:\/\/www.folklore.ee\/ars\/?page_id=834"},"modified":"2023-11-14T07:56:45","modified_gmt":"2023-11-14T07:56:45","slug":"kogumiskonverents-2012-ajakava","status":"publish","type":"page","link":"https:\/\/www.folklore.ee\/ars\/uritused\/arhiiv\/kogumiskonverents-2012-ajakava\/","title":{"rendered":"Kogumiskonverents 2012 ajakava"},"content":{"rendered":"\n<p><em><a href=\"\/ars\/uritused\/arhiiv\/kogumiskonverents-2012-ajakava\/kogumiskonverents-2012-teesid\/\">TEESID<\/a><\/em><\/p>\n\n\n\n<p><strong>KAVA<\/strong><\/p>\n\n\n\n<p><strong>9.00<\/strong> Registreerimine, hommikukohv, avas\u00f5nad<\/p>\n\n\n\n<p><strong>9.30<\/strong> Koguja p\u00e4evik kui ajastut peegeldav dokument<\/p>\n\n\n\n<p>Piret \u00d5unapuu, ERM<\/p>\n\n\n\n<p><strong>10.00<\/strong> Uitamise meetodist fotoarhiivis<\/p>\n\n\n\n<p>Marika Alver, EKA<\/p>\n\n\n\n<p><strong>10.30<\/strong> T\u00e4helepanekuid Kihnu \u00f5igeusust 2012. aasta v\u00e4lit\u00f6\u00f6delt<\/p>\n\n\n\n<p>Kristiina Tiideberg TL\u00dc, EHI<\/p>\n\n\n\n<p><strong>11.00<\/strong> Eesti Vaba\u00f5humuuseumi Kihnu v\u00e4lit\u00f6\u00f6de metodoloogilisi probleeme<\/p>\n\n\n\n<p>Rasmus Kask, EVM<\/p>\n\n\n\n<p><strong>12.30<\/strong> Kuidas t\u00f5lkida elamust: intervjuusituatsioon ja akadeemiline kirjutus<\/p>\n\n\n\n<p>Moon Meier, EKM<\/p>\n\n\n\n<p><strong>13.00<\/strong> Uurijahuvi, konflikt ja dialoog. \u201cTeistmoodi laste\u201d vanemate lood internetifoorumis<\/p>\n\n\n\n<p>Maili Pilt, T\u00dc<\/p>\n\n\n\n<p><strong>13.30<\/strong> Kaksk\u00fcmmend kaks tuhat kogumata pilti. \u00dche hobi enesekajastusest<\/p>\n\n\n\n<p>Mare Kalda, EKM<\/p>\n\n\n\n<p><strong>14.00 <\/strong>Kohvipaus<\/p>\n\n\n\n<p><strong>14.30<\/strong> Vanade tehnikate uus elu<\/p>\n\n\n\n<p>Vaike Reemann, ERM<\/p>\n\n\n\n<p><strong>15.00 <\/strong>Isuri ja vadja kultuuri peod 2012. aasta suvel: kaks v\u00f5imalust pildi sisse minekuks<\/p>\n\n\n\n<p>Ergo-Hart V\u00e4strik, T\u00dc<\/p>\n\n\n\n<p><strong>15.30<\/strong> Inimese j\u00e4ljed maastikus, palun\u00f5ia tee p\u00fchakivil. Looduslike p\u00fchapaikade ja arheoloogiam\u00e4lestiste inventeerimine Hargla kihelkonnas 2012. aasta<br>suvel<\/p>\n\n\n\n<p>Marju K\u00f5ivupuu, TL\u00dc, EHI<\/p>\n\n\n\n<p><strong>16.00<\/strong> Kahe taevaskoja vahel: P\u00f5lva kihelkonna p\u00fchapaikade uurimisest<\/p>\n\n\n\n<p>Lona P\u00e4ll, Hiite Maja sihtasutus; Reeli Reinaus, T\u00dc<\/p>\n\n\n\n<p><strong>15.30 <\/strong>EPM n\u00e4ituse \u201cP\u00f5llumajandusreform\u201d avamine<\/p>\n\n\n\n<p>Kontakt: Eda Kalmre 7377-741, 5152-145<\/p>\n\n\n\n<p>Konverentsi toetab Eesti Kultuurkapital<\/p>\n","protected":false},"excerpt":{"rendered":"<p>TEESID KAVA 9.00 Registreerimine, hommikukohv, avas\u00f5nad 9.30 Koguja p\u00e4evik kui ajastut peegeldav dokument Piret \u00d5unapuu, ERM 10.00 Uitamise meetodist fotoarhiivis Marika Alver, EKA 10.30 T\u00e4helepanekuid Kihnu \u00f5igeusust 2012. aasta v\u00e4lit\u00f6\u00f6delt Kristiina Tiideberg TL\u00dc, EHI 11.00 Eesti Vaba\u00f5humuuseumi Kihnu v\u00e4lit\u00f6\u00f6de metodoloogilisi probleeme Rasmus Kask, EVM 12.30 Kuidas t\u00f5lkida elamust: intervjuusituatsioon ja akadeemiline kirjutus Moon Meier, EKM [&hellip;]<\/p>\n","protected":false},"author":1,"featured_media":0,"parent":267,"menu_order":0,"comment_status":"closed","ping_status":"closed","template":"","meta":{"footnotes":""},"class_list":["post-834","page","type-page","status-publish","hentry"],"yoast_head":"<!-- This site is optimized with the Yoast SEO plugin v20.12 - https:\/\/yoast.com\/wordpress\/plugins\/seo\/ -->\n<title>Kogumiskonverents 2012 ajakava | Akadeemiline Rahvaluule Selts<\/title>\n<meta name=\"robots\" content=\"index, follow, max-snippet:-1, max-image-preview:large, max-video-preview:-1\" \/>\n<link rel=\"canonical\" href=\"https:\/\/www.folklore.ee\/ars\/uritused\/arhiiv\/kogumiskonverents-2012-ajakava\/\" \/>\n<meta property=\"og:locale\" content=\"en_US\" \/>\n<meta property=\"og:type\" content=\"article\" \/>\n<meta property=\"og:title\" content=\"Kogumiskonverents 2012 ajakava | Akadeemiline Rahvaluule Selts\" \/>\n<meta property=\"og:description\" content=\"TEESID KAVA 9.00 Registreerimine, hommikukohv, avas\u00f5nad 9.30 Koguja p\u00e4evik kui ajastut peegeldav dokument Piret \u00d5unapuu, ERM 10.00 Uitamise meetodist fotoarhiivis Marika Alver, EKA 10.30 T\u00e4helepanekuid Kihnu \u00f5igeusust 2012. aasta v\u00e4lit\u00f6\u00f6delt Kristiina Tiideberg TL\u00dc, EHI 11.00 Eesti Vaba\u00f5humuuseumi Kihnu v\u00e4lit\u00f6\u00f6de metodoloogilisi probleeme Rasmus Kask, EVM 12.30 Kuidas t\u00f5lkida elamust: intervjuusituatsioon ja akadeemiline kirjutus Moon Meier, EKM [&hellip;]\" \/>\n<meta property=\"og:url\" content=\"https:\/\/www.folklore.ee\/ars\/uritused\/arhiiv\/kogumiskonverents-2012-ajakava\/\" \/>\n<meta property=\"og:site_name\" content=\"Akadeemiline Rahvaluule Selts\" \/>\n<meta property=\"article:modified_time\" content=\"2023-11-14T07:56:45+00:00\" \/>\n<meta name=\"twitter:card\" content=\"summary_large_image\" \/>\n<meta name=\"twitter:label1\" content=\"Est. reading time\" \/>\n\t<meta name=\"twitter:data1\" content=\"1 minute\" \/>\n<script type=\"application\/ld+json\" class=\"yoast-schema-graph\">{\"@context\":\"https:\/\/schema.org\",\"@graph\":[{\"@type\":\"WebPage\",\"@id\":\"https:\/\/www.folklore.ee\/ars\/uritused\/arhiiv\/kogumiskonverents-2012-ajakava\/\",\"url\":\"https:\/\/www.folklore.ee\/ars\/uritused\/arhiiv\/kogumiskonverents-2012-ajakava\/\",\"name\":\"Kogumiskonverents 2012 ajakava | Akadeemiline Rahvaluule Selts\",\"isPartOf\":{\"@id\":\"https:\/\/www.folklore.ee\/ars\/#website\"},\"datePublished\":\"2023-11-14T07:26:40+00:00\",\"dateModified\":\"2023-11-14T07:56:45+00:00\",\"breadcrumb\":{\"@id\":\"https:\/\/www.folklore.ee\/ars\/uritused\/arhiiv\/kogumiskonverents-2012-ajakava\/#breadcrumb\"},\"inLanguage\":\"en-US\",\"potentialAction\":[{\"@type\":\"ReadAction\",\"target\":[\"https:\/\/www.folklore.ee\/ars\/uritused\/arhiiv\/kogumiskonverents-2012-ajakava\/\"]}]},{\"@type\":\"BreadcrumbList\",\"@id\":\"https:\/\/www.folklore.ee\/ars\/uritused\/arhiiv\/kogumiskonverents-2012-ajakava\/#breadcrumb\",\"itemListElement\":[{\"@type\":\"ListItem\",\"position\":1,\"name\":\"Avaleht\",\"item\":\"https:\/\/www.folklore.ee\/ars\/\"},{\"@type\":\"ListItem\",\"position\":2,\"name\":\"\u00dcritused\",\"item\":\"https:\/\/www.folklore.ee\/ars\/uritused\/\"},{\"@type\":\"ListItem\",\"position\":3,\"name\":\"Arhiiv\",\"item\":\"https:\/\/www.folklore.ee\/ars\/uritused\/arhiiv\/\"},{\"@type\":\"ListItem\",\"position\":4,\"name\":\"Kogumiskonverents 2012 ajakava\"}]},{\"@type\":\"WebSite\",\"@id\":\"https:\/\/www.folklore.ee\/ars\/#website\",\"url\":\"https:\/\/www.folklore.ee\/ars\/\",\"name\":\"Akadeemiline Rahvaluule Selts\",\"description\":\"Folkloristide, \u00fcli\u00f5pilaste ja k\u00f5igi rahvaluulest huvitatute \u00fchendus, mis aitab kaasa rahvaluule kogumisele, tutvustamisele, uurimisele ja publitseerimisele.\",\"potentialAction\":[{\"@type\":\"SearchAction\",\"target\":{\"@type\":\"EntryPoint\",\"urlTemplate\":\"https:\/\/www.folklore.ee\/ars\/?s={search_term_string}\"},\"query-input\":\"required name=search_term_string\"}],\"inLanguage\":\"en-US\"}]}<\/script>\n<!-- \/ Yoast SEO plugin. -->","yoast_head_json":{"title":"Kogumiskonverents 2012 ajakava | Akadeemiline Rahvaluule Selts","robots":{"index":"index","follow":"follow","max-snippet":"max-snippet:-1","max-image-preview":"max-image-preview:large","max-video-preview":"max-video-preview:-1"},"canonical":"https:\/\/www.folklore.ee\/ars\/uritused\/arhiiv\/kogumiskonverents-2012-ajakava\/","og_locale":"en_US","og_type":"article","og_title":"Kogumiskonverents 2012 ajakava | Akadeemiline Rahvaluule Selts","og_description":"TEESID KAVA 9.00 Registreerimine, hommikukohv, avas\u00f5nad 9.30 Koguja p\u00e4evik kui ajastut peegeldav dokument Piret \u00d5unapuu, ERM 10.00 Uitamise meetodist fotoarhiivis Marika Alver, EKA 10.30 T\u00e4helepanekuid Kihnu \u00f5igeusust 2012. aasta v\u00e4lit\u00f6\u00f6delt Kristiina Tiideberg TL\u00dc, EHI 11.00 Eesti Vaba\u00f5humuuseumi Kihnu v\u00e4lit\u00f6\u00f6de metodoloogilisi probleeme Rasmus Kask, EVM 12.30 Kuidas t\u00f5lkida elamust: intervjuusituatsioon ja akadeemiline kirjutus Moon Meier, EKM [&hellip;]","og_url":"https:\/\/www.folklore.ee\/ars\/uritused\/arhiiv\/kogumiskonverents-2012-ajakava\/","og_site_name":"Akadeemiline Rahvaluule Selts","article_modified_time":"2023-11-14T07:56:45+00:00","twitter_card":"summary_large_image","twitter_misc":{"Est. reading time":"1 minute"},"schema":{"@context":"https:\/\/schema.org","@graph":[{"@type":"WebPage","@id":"https:\/\/www.folklore.ee\/ars\/uritused\/arhiiv\/kogumiskonverents-2012-ajakava\/","url":"https:\/\/www.folklore.ee\/ars\/uritused\/arhiiv\/kogumiskonverents-2012-ajakava\/","name":"Kogumiskonverents 2012 ajakava | Akadeemiline Rahvaluule Selts","isPartOf":{"@id":"https:\/\/www.folklore.ee\/ars\/#website"},"datePublished":"2023-11-14T07:26:40+00:00","dateModified":"2023-11-14T07:56:45+00:00","breadcrumb":{"@id":"https:\/\/www.folklore.ee\/ars\/uritused\/arhiiv\/kogumiskonverents-2012-ajakava\/#breadcrumb"},"inLanguage":"en-US","potentialAction":[{"@type":"ReadAction","target":["https:\/\/www.folklore.ee\/ars\/uritused\/arhiiv\/kogumiskonverents-2012-ajakava\/"]}]},{"@type":"BreadcrumbList","@id":"https:\/\/www.folklore.ee\/ars\/uritused\/arhiiv\/kogumiskonverents-2012-ajakava\/#breadcrumb","itemListElement":[{"@type":"ListItem","position":1,"name":"Avaleht","item":"https:\/\/www.folklore.ee\/ars\/"},{"@type":"ListItem","position":2,"name":"\u00dcritused","item":"https:\/\/www.folklore.ee\/ars\/uritused\/"},{"@type":"ListItem","position":3,"name":"Arhiiv","item":"https:\/\/www.folklore.ee\/ars\/uritused\/arhiiv\/"},{"@type":"ListItem","position":4,"name":"Kogumiskonverents 2012 ajakava"}]},{"@type":"WebSite","@id":"https:\/\/www.folklore.ee\/ars\/#website","url":"https:\/\/www.folklore.ee\/ars\/","name":"Akadeemiline Rahvaluule Selts","description":"Folkloristide, \u00fcli\u00f5pilaste ja k\u00f5igi rahvaluulest huvitatute \u00fchendus, mis aitab kaasa rahvaluule kogumisele, tutvustamisele, uurimisele ja publitseerimisele.","potentialAction":[{"@type":"SearchAction","target":{"@type":"EntryPoint","urlTemplate":"https:\/\/www.folklore.ee\/ars\/?s={search_term_string}"},"query-input":"required name=search_term_string"}],"inLanguage":"en-US"}]}},"_links":{"self":[{"href":"https:\/\/www.folklore.ee\/ars\/wp-json\/wp\/v2\/pages\/834","targetHints":{"allow":["GET"]}}],"collection":[{"href":"https:\/\/www.folklore.ee\/ars\/wp-json\/wp\/v2\/pages"}],"about":[{"href":"https:\/\/www.folklore.ee\/ars\/wp-json\/wp\/v2\/types\/page"}],"author":[{"embeddable":true,"href":"https:\/\/www.folklore.ee\/ars\/wp-json\/wp\/v2\/users\/1"}],"replies":[{"embeddable":true,"href":"https:\/\/www.folklore.ee\/ars\/wp-json\/wp\/v2\/comments?post=834"}],"version-history":[{"count":4,"href":"https:\/\/www.folklore.ee\/ars\/wp-json\/wp\/v2\/pages\/834\/revisions"}],"predecessor-version":[{"id":849,"href":"https:\/\/www.folklore.ee\/ars\/wp-json\/wp\/v2\/pages\/834\/revisions\/849"}],"up":[{"embeddable":true,"href":"https:\/\/www.folklore.ee\/ars\/wp-json\/wp\/v2\/pages\/267"}],"wp:attachment":[{"href":"https:\/\/www.folklore.ee\/ars\/wp-json\/wp\/v2\/media?parent=834"}],"curies":[{"name":"wp","href":"https:\/\/api.w.org\/{rel}","templated":true}]}}