{"id":826,"date":"2023-11-14T07:07:27","date_gmt":"2023-11-14T07:07:27","guid":{"rendered":"https:\/\/www.folklore.ee\/ars\/?page_id=826"},"modified":"2023-11-14T07:26:29","modified_gmt":"2023-11-14T07:26:29","slug":"kogumiskonverents-2009-ajakava","status":"publish","type":"page","link":"https:\/\/www.folklore.ee\/ars\/uritused\/arhiiv\/kogumiskonverents-2009-ajakava\/","title":{"rendered":"Kogumiskonverents 2009 ajakava"},"content":{"rendered":"\n<p class=\"has-text-align-center\"><strong>Akadeemilise Rahvaluule Seltsi<br>KOGUMIS\u00ad\u00adKONVERENTS 2009<br>\u201eP\u00e4rimuse kogumisretk kui palver\u00e4nd\u201d<\/strong><br>Neljap\u00e4eval, 5. novembril kell 10.00<br>Eesti Kirjandusmuuseumi saalis (Tartu, Vanemuise 42)<\/p>\n\n\n\n<p>Nii nagu palver\u00e4nduri tee viib erilise t\u00e4henduse saanud paikadesse, k\u00fclastab ka p\u00e4rimuse koguja tema poolt oluliseks peetavaid kohti, kogeb minevikust p\u00e4rinevaid rituaale. Sageli on otsitavast n\u00e4htusest alles vaid \u00e4hmane j\u00e4lg v\u00f5i m\u00e4lestus, n\u00f6. \u201ep\u00fchad s\u00e4ilmed\u201c, millele v\u00f5ivad anda erilise t\u00e4henduse selle hoidjad ja koguja enda m\u00f5tteviis.<\/p>\n\n\n\n<p>Reaalsest f\u00fc\u00fcsilisest teekonnast olulisem on vaimne retk \u2013 eneseleidmine, oma ideede teadvustamine tavap\u00e4rasest \u00fcmbrusest erinevates oludes. Kogumisretk m\u00f5jutab nii kogujaid endid kui kohatud inimesi, r\u00e4nnaku l\u00f5pus kogetud objekti v\u00f5ib m\u00f5ista kui otsitava s\u00fcmboolset kujutist. Mineviku vaimsest ja materiaalsest p\u00e4rimusest loodetakse sageli kasu oma rahvale, leides sealt \u201erahva vaimu\u201c, etnilist identiteeti, juuri v\u00f5i v\u00e4ge.<\/p>\n\n\n\n<p><a href=\"https:\/\/www.folklore.ee\/ars\/uritused\/arhiiv\/kogumiskonverents-2009-ajakava\/kogumiskonverents-2009-teesid\/\">TEESID<\/a><\/p>\n\n\n\n<p><strong>KAVA<\/strong><\/p>\n\n\n\n<p>Eestis<\/p>\n\n\n\n<p><strong>10.00 <\/strong>J\u00fcri Metssalu. 2009. aasta kohap\u00e4rimuslikud v\u00e4lit\u00f6\u00f6d Juuru kihelkonnas<\/p>\n\n\n\n<p><strong>10.30<\/strong> Renata S\u00f5ukand, Raivo Kalle. Botaanilise t\u00f5e otsingud etnobotaanilistel v\u00e4lit\u00f6\u00f6del<\/p>\n\n\n\n<p><strong>10.55 <\/strong>Eva-Liisa Roht, Ele Pajula. Asusime teele \u2013 etnoloogilised v\u00e4lit\u00f6\u00f6d Eesti romadega 2009<\/p>\n\n\n\n<p>Soomeugrilaste juures<\/p>\n\n\n\n<p><strong>11.35<\/strong> Jaanika Jaanits, Eva-Liisa Roht. Komi nooruse otsinguil \u2013 etnoloogilised v\u00e4lit\u00f6\u00f6d 2009<\/p>\n\n\n\n<p><strong>12.05<\/strong> Eva Sepping, Piret Puppart. Eesti Kunstiakadeemia ekspeditsioonist izhmakomide juurde<\/p>\n\n\n\n<p><strong>12.30<\/strong> Kristi Salve. Palver\u00e4nnakutest, karelianismist ja Vepsas k\u00e4imisest<\/p>\n\n\n\n<p><strong>13.00<\/strong> Taisto-Kalevi Raudalainen. J\u00f5udmine palver\u00e4nnutee algpunkti<\/p>\n\n\n\n<p>Kaugetes p\u00fchapaikades<\/p>\n\n\n\n<p><strong>14.15<\/strong> \u00dclo Valk. Liikumapanevad lood ja sihtpunktid: Assami templilegendidest<\/p>\n\n\n\n<p><strong>14.45 <\/strong>Tiina Sepp. Minu kogumisretked ja palver\u00e4nnakud Santiago de Compostelasse<\/p>\n\n\n\n<p><strong>15.15 <\/strong>Mare K\u00f5iva, Andres Kuperjanov. Druzhe Tito, Sveti Rilski<\/p>\n\n\n\n<p><strong>16.00\u201317.40 <\/strong>Filmi esilinastus: Seto saaja\u2019 2009<\/p>\n\n\n\n<p>Aado Lintrop, Janika Oras. Eesti Rahvaluule Arhiiv<\/p>\n\n\n\n<p>\u00dcritust toetab Eesti Kultuurkapital<\/p>\n\n\n\n<p>Kontakt: Taive S\u00e4rg 7377-751, 56 227 586<\/p>\n","protected":false},"excerpt":{"rendered":"<p>Akadeemilise Rahvaluule SeltsiKOGUMIS\u00ad\u00adKONVERENTS 2009\u201eP\u00e4rimuse kogumisretk kui palver\u00e4nd\u201dNeljap\u00e4eval, 5. novembril kell 10.00Eesti Kirjandusmuuseumi saalis (Tartu, Vanemuise 42) Nii nagu palver\u00e4nduri tee viib erilise t\u00e4henduse saanud paikadesse, k\u00fclastab ka p\u00e4rimuse koguja tema poolt oluliseks peetavaid kohti, kogeb minevikust p\u00e4rinevaid rituaale. Sageli on otsitavast n\u00e4htusest alles vaid \u00e4hmane j\u00e4lg v\u00f5i m\u00e4lestus, n\u00f6. \u201ep\u00fchad s\u00e4ilmed\u201c, millele v\u00f5ivad anda erilise [&hellip;]<\/p>\n","protected":false},"author":1,"featured_media":0,"parent":267,"menu_order":0,"comment_status":"closed","ping_status":"closed","template":"","meta":{"footnotes":""},"class_list":["post-826","page","type-page","status-publish","hentry"],"yoast_head":"<!-- This site is optimized with the Yoast SEO plugin v20.12 - https:\/\/yoast.com\/wordpress\/plugins\/seo\/ -->\n<title>Kogumiskonverents 2009 ajakava | Akadeemiline Rahvaluule Selts<\/title>\n<meta name=\"robots\" content=\"index, follow, max-snippet:-1, max-image-preview:large, max-video-preview:-1\" \/>\n<link rel=\"canonical\" href=\"https:\/\/www.folklore.ee\/ars\/uritused\/arhiiv\/kogumiskonverents-2009-ajakava\/\" \/>\n<meta property=\"og:locale\" content=\"en_US\" \/>\n<meta property=\"og:type\" content=\"article\" \/>\n<meta property=\"og:title\" content=\"Kogumiskonverents 2009 ajakava | Akadeemiline Rahvaluule Selts\" \/>\n<meta property=\"og:description\" content=\"Akadeemilise Rahvaluule SeltsiKOGUMIS\u00ad\u00adKONVERENTS 2009\u201eP\u00e4rimuse kogumisretk kui palver\u00e4nd\u201dNeljap\u00e4eval, 5. novembril kell 10.00Eesti Kirjandusmuuseumi saalis (Tartu, Vanemuise 42) Nii nagu palver\u00e4nduri tee viib erilise t\u00e4henduse saanud paikadesse, k\u00fclastab ka p\u00e4rimuse koguja tema poolt oluliseks peetavaid kohti, kogeb minevikust p\u00e4rinevaid rituaale. Sageli on otsitavast n\u00e4htusest alles vaid \u00e4hmane j\u00e4lg v\u00f5i m\u00e4lestus, n\u00f6. \u201ep\u00fchad s\u00e4ilmed\u201c, millele v\u00f5ivad anda erilise [&hellip;]\" \/>\n<meta property=\"og:url\" content=\"https:\/\/www.folklore.ee\/ars\/uritused\/arhiiv\/kogumiskonverents-2009-ajakava\/\" \/>\n<meta property=\"og:site_name\" content=\"Akadeemiline Rahvaluule Selts\" \/>\n<meta property=\"article:modified_time\" content=\"2023-11-14T07:26:29+00:00\" \/>\n<meta name=\"twitter:card\" content=\"summary_large_image\" \/>\n<meta name=\"twitter:label1\" content=\"Est. reading time\" \/>\n\t<meta name=\"twitter:data1\" content=\"2 minutes\" \/>\n<script type=\"application\/ld+json\" class=\"yoast-schema-graph\">{\"@context\":\"https:\/\/schema.org\",\"@graph\":[{\"@type\":\"WebPage\",\"@id\":\"https:\/\/www.folklore.ee\/ars\/uritused\/arhiiv\/kogumiskonverents-2009-ajakava\/\",\"url\":\"https:\/\/www.folklore.ee\/ars\/uritused\/arhiiv\/kogumiskonverents-2009-ajakava\/\",\"name\":\"Kogumiskonverents 2009 ajakava | Akadeemiline Rahvaluule Selts\",\"isPartOf\":{\"@id\":\"https:\/\/www.folklore.ee\/ars\/#website\"},\"datePublished\":\"2023-11-14T07:07:27+00:00\",\"dateModified\":\"2023-11-14T07:26:29+00:00\",\"breadcrumb\":{\"@id\":\"https:\/\/www.folklore.ee\/ars\/uritused\/arhiiv\/kogumiskonverents-2009-ajakava\/#breadcrumb\"},\"inLanguage\":\"en-US\",\"potentialAction\":[{\"@type\":\"ReadAction\",\"target\":[\"https:\/\/www.folklore.ee\/ars\/uritused\/arhiiv\/kogumiskonverents-2009-ajakava\/\"]}]},{\"@type\":\"BreadcrumbList\",\"@id\":\"https:\/\/www.folklore.ee\/ars\/uritused\/arhiiv\/kogumiskonverents-2009-ajakava\/#breadcrumb\",\"itemListElement\":[{\"@type\":\"ListItem\",\"position\":1,\"name\":\"Avaleht\",\"item\":\"https:\/\/www.folklore.ee\/ars\/\"},{\"@type\":\"ListItem\",\"position\":2,\"name\":\"\u00dcritused\",\"item\":\"https:\/\/www.folklore.ee\/ars\/uritused\/\"},{\"@type\":\"ListItem\",\"position\":3,\"name\":\"Arhiiv\",\"item\":\"https:\/\/www.folklore.ee\/ars\/uritused\/arhiiv\/\"},{\"@type\":\"ListItem\",\"position\":4,\"name\":\"Kogumiskonverents 2009 ajakava\"}]},{\"@type\":\"WebSite\",\"@id\":\"https:\/\/www.folklore.ee\/ars\/#website\",\"url\":\"https:\/\/www.folklore.ee\/ars\/\",\"name\":\"Akadeemiline Rahvaluule Selts\",\"description\":\"Folkloristide, \u00fcli\u00f5pilaste ja k\u00f5igi rahvaluulest huvitatute \u00fchendus, mis aitab kaasa rahvaluule kogumisele, tutvustamisele, uurimisele ja publitseerimisele.\",\"potentialAction\":[{\"@type\":\"SearchAction\",\"target\":{\"@type\":\"EntryPoint\",\"urlTemplate\":\"https:\/\/www.folklore.ee\/ars\/?s={search_term_string}\"},\"query-input\":\"required name=search_term_string\"}],\"inLanguage\":\"en-US\"}]}<\/script>\n<!-- \/ Yoast SEO plugin. -->","yoast_head_json":{"title":"Kogumiskonverents 2009 ajakava | Akadeemiline Rahvaluule Selts","robots":{"index":"index","follow":"follow","max-snippet":"max-snippet:-1","max-image-preview":"max-image-preview:large","max-video-preview":"max-video-preview:-1"},"canonical":"https:\/\/www.folklore.ee\/ars\/uritused\/arhiiv\/kogumiskonverents-2009-ajakava\/","og_locale":"en_US","og_type":"article","og_title":"Kogumiskonverents 2009 ajakava | Akadeemiline Rahvaluule Selts","og_description":"Akadeemilise Rahvaluule SeltsiKOGUMIS\u00ad\u00adKONVERENTS 2009\u201eP\u00e4rimuse kogumisretk kui palver\u00e4nd\u201dNeljap\u00e4eval, 5. novembril kell 10.00Eesti Kirjandusmuuseumi saalis (Tartu, Vanemuise 42) Nii nagu palver\u00e4nduri tee viib erilise t\u00e4henduse saanud paikadesse, k\u00fclastab ka p\u00e4rimuse koguja tema poolt oluliseks peetavaid kohti, kogeb minevikust p\u00e4rinevaid rituaale. Sageli on otsitavast n\u00e4htusest alles vaid \u00e4hmane j\u00e4lg v\u00f5i m\u00e4lestus, n\u00f6. \u201ep\u00fchad s\u00e4ilmed\u201c, millele v\u00f5ivad anda erilise [&hellip;]","og_url":"https:\/\/www.folklore.ee\/ars\/uritused\/arhiiv\/kogumiskonverents-2009-ajakava\/","og_site_name":"Akadeemiline Rahvaluule Selts","article_modified_time":"2023-11-14T07:26:29+00:00","twitter_card":"summary_large_image","twitter_misc":{"Est. reading time":"2 minutes"},"schema":{"@context":"https:\/\/schema.org","@graph":[{"@type":"WebPage","@id":"https:\/\/www.folklore.ee\/ars\/uritused\/arhiiv\/kogumiskonverents-2009-ajakava\/","url":"https:\/\/www.folklore.ee\/ars\/uritused\/arhiiv\/kogumiskonverents-2009-ajakava\/","name":"Kogumiskonverents 2009 ajakava | Akadeemiline Rahvaluule Selts","isPartOf":{"@id":"https:\/\/www.folklore.ee\/ars\/#website"},"datePublished":"2023-11-14T07:07:27+00:00","dateModified":"2023-11-14T07:26:29+00:00","breadcrumb":{"@id":"https:\/\/www.folklore.ee\/ars\/uritused\/arhiiv\/kogumiskonverents-2009-ajakava\/#breadcrumb"},"inLanguage":"en-US","potentialAction":[{"@type":"ReadAction","target":["https:\/\/www.folklore.ee\/ars\/uritused\/arhiiv\/kogumiskonverents-2009-ajakava\/"]}]},{"@type":"BreadcrumbList","@id":"https:\/\/www.folklore.ee\/ars\/uritused\/arhiiv\/kogumiskonverents-2009-ajakava\/#breadcrumb","itemListElement":[{"@type":"ListItem","position":1,"name":"Avaleht","item":"https:\/\/www.folklore.ee\/ars\/"},{"@type":"ListItem","position":2,"name":"\u00dcritused","item":"https:\/\/www.folklore.ee\/ars\/uritused\/"},{"@type":"ListItem","position":3,"name":"Arhiiv","item":"https:\/\/www.folklore.ee\/ars\/uritused\/arhiiv\/"},{"@type":"ListItem","position":4,"name":"Kogumiskonverents 2009 ajakava"}]},{"@type":"WebSite","@id":"https:\/\/www.folklore.ee\/ars\/#website","url":"https:\/\/www.folklore.ee\/ars\/","name":"Akadeemiline Rahvaluule Selts","description":"Folkloristide, \u00fcli\u00f5pilaste ja k\u00f5igi rahvaluulest huvitatute \u00fchendus, mis aitab kaasa rahvaluule kogumisele, tutvustamisele, uurimisele ja publitseerimisele.","potentialAction":[{"@type":"SearchAction","target":{"@type":"EntryPoint","urlTemplate":"https:\/\/www.folklore.ee\/ars\/?s={search_term_string}"},"query-input":"required name=search_term_string"}],"inLanguage":"en-US"}]}},"_links":{"self":[{"href":"https:\/\/www.folklore.ee\/ars\/wp-json\/wp\/v2\/pages\/826","targetHints":{"allow":["GET"]}}],"collection":[{"href":"https:\/\/www.folklore.ee\/ars\/wp-json\/wp\/v2\/pages"}],"about":[{"href":"https:\/\/www.folklore.ee\/ars\/wp-json\/wp\/v2\/types\/page"}],"author":[{"embeddable":true,"href":"https:\/\/www.folklore.ee\/ars\/wp-json\/wp\/v2\/users\/1"}],"replies":[{"embeddable":true,"href":"https:\/\/www.folklore.ee\/ars\/wp-json\/wp\/v2\/comments?post=826"}],"version-history":[{"count":3,"href":"https:\/\/www.folklore.ee\/ars\/wp-json\/wp\/v2\/pages\/826\/revisions"}],"predecessor-version":[{"id":835,"href":"https:\/\/www.folklore.ee\/ars\/wp-json\/wp\/v2\/pages\/826\/revisions\/835"}],"up":[{"embeddable":true,"href":"https:\/\/www.folklore.ee\/ars\/wp-json\/wp\/v2\/pages\/267"}],"wp:attachment":[{"href":"https:\/\/www.folklore.ee\/ars\/wp-json\/wp\/v2\/media?parent=826"}],"curies":[{"name":"wp","href":"https:\/\/api.w.org\/{rel}","templated":true}]}}