{"id":8,"date":"2023-07-25T09:42:02","date_gmt":"2023-07-25T09:42:02","guid":{"rendered":"http:\/\/localhost\/ars\/?page_id=8"},"modified":"2026-02-10T10:30:01","modified_gmt":"2026-02-10T10:30:01","slug":"seltsist","status":"publish","type":"page","link":"https:\/\/www.folklore.ee\/ars\/seltsist\/","title":{"rendered":""},"content":{"rendered":"<div class=\"wp-block-image\">\n<figure class=\"aligncenter size-full\"><img loading=\"lazy\" decoding=\"async\" width=\"466\" height=\"40\" src=\"http:\/\/localhost\/ars\/wp-content\/uploads\/2023\/07\/h_welcome.png\" alt=\"\" class=\"wp-image-9\" style=\"object-fit:cover\" srcset=\"https:\/\/www.folklore.ee\/ars\/wp-content\/uploads\/2023\/07\/h_welcome.png 466w, https:\/\/www.folklore.ee\/ars\/wp-content\/uploads\/2023\/07\/h_welcome-300x26.png 300w\" sizes=\"auto, (max-width: 466px) 100vw, 466px\" \/><\/figure>\n<\/div>\n\n\n<div style=\"height:10px\" aria-hidden=\"true\" class=\"wp-block-spacer\"><\/div>\n\n\n\n<pre class=\"wp-block-preformatted\"><\/pre>\n\n\n\n<p>Akadeemiline Rahvaluule Selts on folkloristide, \u00fcli\u00f5pilaste ja k\u00f5igi rahvaluulest huvitatute \u00fchendus, mis aitab kaasa rahvaluule kogumisele, tutvustamisele, uurimisele ja publitseerimisele.<\/p>\n\n\n\n<p>Akadeemiline Rahvaluule Selts korraldab igakuiseid koosolekuid, \u00fcleaasta toimuvaid rahvaluule kogumisele p\u00fchendatud <a href=\"https:\/\/www.folklore.ee\/ars\/uritused\/\">s\u00fcgiskonverentse <\/a>ning annab k\u00e4tte <a href=\"https:\/\/www.folklore.ee\/ars\/aastapreemia-saajad\/\">Eesti folkloristika aastapreemiat<\/a>. Koost\u00f6\u00f6s teiste organisatsioonidega osaleb ta ka muude seminaride ja konverentside, korraldamises (nt on ta sageli <a href=\"https:\/\/www.folklore.ee\/rl\/talvekonverents\/\">Eesti folkloristide talvekonverentside<\/a> korraldajate hulgas). Iga kuu viimasel neljap\u00e4eval toimuvad Eesti Kirjandusmuuseumis algusega kell 16.15 <a href=\"https:\/\/www.folklore.ee\/ars\/uritused\/\">k\u00f5nekoosolekud<\/a>.<\/p>\n\n\n\n<p><strong>Soovid liituda<\/strong>? Leia kaks soovitajat, t\u00e4ida <a href=\"https:\/\/www.folklore.ee\/ars\/wp-content\/uploads\/2024\/04\/liikme-avaldus_kodulehele.docx\">liitumisavaldus<\/a> ning saada m\u00f5nele juhatuse liikmele!<\/p>\n\n\n<div class=\"wp-block-image\">\n<figure class=\"aligncenter size-large\"><img loading=\"lazy\" decoding=\"async\" width=\"1024\" height=\"333\" src=\"http:\/\/localhost\/ars\/wp-content\/uploads\/2023\/07\/SiimPihla_-1024x333.jpg\" alt=\"\" class=\"wp-image-11\" srcset=\"https:\/\/www.folklore.ee\/ars\/wp-content\/uploads\/2023\/07\/SiimPihla_-1024x333.jpg 1024w, https:\/\/www.folklore.ee\/ars\/wp-content\/uploads\/2023\/07\/SiimPihla_-300x98.jpg 300w, https:\/\/www.folklore.ee\/ars\/wp-content\/uploads\/2023\/07\/SiimPihla_-768x250.jpg 768w, https:\/\/www.folklore.ee\/ars\/wp-content\/uploads\/2023\/07\/SiimPihla_-1536x500.jpg 1536w, https:\/\/www.folklore.ee\/ars\/wp-content\/uploads\/2023\/07\/SiimPihla_.jpg 2048w\" sizes=\"auto, (max-width: 1024px) 100vw, 1024px\" \/><\/figure>\n<\/div>\n\n\n<p><strong>JUHATUS<\/strong><\/p>\n\n\n\n<div class=\"wp-block-group\"><div class=\"wp-block-group__inner-container is-layout-constrained wp-block-group-is-layout-constrained\">\n<p><strong>2025.a aprillist juhivad ARS-i ettev\u00f5tmisi:<\/strong><br>Anastasiya Fiadotava (anastasiya.fiadotava@folklore.ee), Katre Kikas (katre.kikas@folklore.ee), Mari-Liis Sinilaht (mariliispae@gmail.com), Enn Kalev Tarto (enn.tarto@folklore.ee), Ell Vahtram\u00e4e (ell.vahtramae@gmail.com).<\/p>\n\n\n\n<p>Varasemate juhatuste koosseisud on leitavad <a href=\"https:\/\/www.folklore.ee\/ars\/arsi-juhtimine-1925\/\">siit<\/a>.<\/p>\n\n\n\n<p><strong>ARSi revisjonikomisjoni kuuluvad<\/strong>: Mairi Kaasik, Helen K\u00f5mmus ja Ave Gor\u0161i\u010d.<\/p>\n\n\n\n<p>Juhatus on t\u00e4nulik huvitavate esinemiste ja teemapakkumiste ning muude heade ideede eest!<\/p>\n\n\n\n<p><strong>KOOST\u00d6\u00d6PARTNERID<\/strong><\/p>\n\n\n\n<p><a href=\"https:\/\/www.kirmus.ee\/\" target=\"_blank\" rel=\"noreferrer noopener\">Eesti Kirjandusmuuseum<\/a><br><a href=\"https:\/\/www.folklore.ee\/era\/\" target=\"_blank\" rel=\"noreferrer noopener\">Eesti Rahvaluule Arhiiv<\/a><br><a href=\"https:\/\/www.folklore.ee\/\" target=\"_blank\" rel=\"noreferrer noopener\">Haldjas <\/a>&#8211; Eesti folkloristide server<br><a href=\"https:\/\/kivike.kirmus.ee\/\" target=\"_blank\" rel=\"noreferrer noopener\">Kivike <\/a>&#8211; Kirjandusmuuseumi e-arhiiv<br><a href=\"https:\/\/kratt.folklore.ee\/avaleht\" target=\"_blank\" rel=\"noreferrer noopener\">Kratt <\/a>&#8211; Eesti Rahvaluule Arhiivi kogumismoodul<br><a href=\"https:\/\/kultuuriteadused.ut.ee\/et\/sisu\/eesti-ja-vordleva-rahvaluule-osakond-0\">T\u00dc Eesti ja v\u00f5rdleva rahvaluule osakond<\/a><br><a href=\"https:\/\/www.facebook.com\/nefatartu\">Tartu Nefa R\u00fchm<\/a> &#8211; noored etnoloogid ja folkloristid<\/p>\n\n\n\n<div class=\"wp-block-buttons is-layout-flex wp-block-buttons-is-layout-flex\"><\/div>\n<\/div><\/div>\n","protected":false},"excerpt":{"rendered":"<p>Akadeemiline Rahvaluule Selts on folkloristide, \u00fcli\u00f5pilaste ja k\u00f5igi rahvaluulest huvitatute \u00fchendus, mis aitab kaasa rahvaluule kogumisele, tutvustamisele, uurimisele ja publitseerimisele. Akadeemiline Rahvaluule Selts korraldab igakuiseid koosolekuid, \u00fcleaasta toimuvaid rahvaluule kogumisele p\u00fchendatud s\u00fcgiskonverentse ning annab k\u00e4tte Eesti folkloristika aastapreemiat. Koost\u00f6\u00f6s teiste organisatsioonidega osaleb ta ka muude seminaride ja konverentside, korraldamises (nt on ta sageli Eesti folkloristide [&hellip;]<\/p>\n","protected":false},"author":1,"featured_media":0,"parent":0,"menu_order":0,"comment_status":"closed","ping_status":"closed","template":"","meta":{"footnotes":""},"class_list":["post-8","page","type-page","status-publish","hentry"],"yoast_head":"<!-- This site is optimized with the Yoast SEO plugin v20.12 - https:\/\/yoast.com\/wordpress\/plugins\/seo\/ -->\n<title>| Akadeemiline Rahvaluule Selts<\/title>\n<meta name=\"robots\" content=\"index, follow, max-snippet:-1, max-image-preview:large, max-video-preview:-1\" \/>\n<link rel=\"canonical\" href=\"https:\/\/www.folklore.ee\/ars\/seltsist\/\" \/>\n<meta property=\"og:locale\" content=\"en_US\" \/>\n<meta property=\"og:type\" content=\"article\" \/>\n<meta property=\"og:title\" content=\"| Akadeemiline Rahvaluule Selts\" \/>\n<meta property=\"og:description\" content=\"Akadeemiline Rahvaluule Selts on folkloristide, \u00fcli\u00f5pilaste ja k\u00f5igi rahvaluulest huvitatute \u00fchendus, mis aitab kaasa rahvaluule kogumisele, tutvustamisele, uurimisele ja publitseerimisele. Akadeemiline Rahvaluule Selts korraldab igakuiseid koosolekuid, \u00fcleaasta toimuvaid rahvaluule kogumisele p\u00fchendatud s\u00fcgiskonverentse ning annab k\u00e4tte Eesti folkloristika aastapreemiat. Koost\u00f6\u00f6s teiste organisatsioonidega osaleb ta ka muude seminaride ja konverentside, korraldamises (nt on ta sageli Eesti folkloristide [&hellip;]\" \/>\n<meta property=\"og:url\" content=\"https:\/\/www.folklore.ee\/ars\/seltsist\/\" \/>\n<meta property=\"og:site_name\" content=\"Akadeemiline Rahvaluule Selts\" \/>\n<meta property=\"article:modified_time\" content=\"2026-02-10T10:30:01+00:00\" \/>\n<meta property=\"og:image\" content=\"http:\/\/localhost\/ars\/wp-content\/uploads\/2023\/07\/h_welcome.png\" \/>\n<meta name=\"twitter:card\" content=\"summary_large_image\" \/>\n<meta name=\"twitter:label1\" content=\"Est. reading time\" \/>\n\t<meta name=\"twitter:data1\" content=\"2 minutes\" \/>\n<script type=\"application\/ld+json\" class=\"yoast-schema-graph\">{\"@context\":\"https:\/\/schema.org\",\"@graph\":[{\"@type\":\"WebPage\",\"@id\":\"https:\/\/www.folklore.ee\/ars\/seltsist\/\",\"url\":\"https:\/\/www.folklore.ee\/ars\/seltsist\/\",\"name\":\"| Akadeemiline Rahvaluule Selts\",\"isPartOf\":{\"@id\":\"https:\/\/www.folklore.ee\/ars\/#website\"},\"datePublished\":\"2023-07-25T09:42:02+00:00\",\"dateModified\":\"2026-02-10T10:30:01+00:00\",\"inLanguage\":\"en-US\",\"potentialAction\":[{\"@type\":\"ReadAction\",\"target\":[\"https:\/\/www.folklore.ee\/ars\/seltsist\/\"]}]},{\"@type\":\"WebSite\",\"@id\":\"https:\/\/www.folklore.ee\/ars\/#website\",\"url\":\"https:\/\/www.folklore.ee\/ars\/\",\"name\":\"Akadeemiline Rahvaluule Selts\",\"description\":\"Folkloristide, \u00fcli\u00f5pilaste ja k\u00f5igi rahvaluulest huvitatute \u00fchendus, mis aitab kaasa rahvaluule kogumisele, tutvustamisele, uurimisele ja publitseerimisele.\",\"potentialAction\":[{\"@type\":\"SearchAction\",\"target\":{\"@type\":\"EntryPoint\",\"urlTemplate\":\"https:\/\/www.folklore.ee\/ars\/?s={search_term_string}\"},\"query-input\":\"required name=search_term_string\"}],\"inLanguage\":\"en-US\"}]}<\/script>\n<!-- \/ Yoast SEO plugin. -->","yoast_head_json":{"title":"| Akadeemiline Rahvaluule Selts","robots":{"index":"index","follow":"follow","max-snippet":"max-snippet:-1","max-image-preview":"max-image-preview:large","max-video-preview":"max-video-preview:-1"},"canonical":"https:\/\/www.folklore.ee\/ars\/seltsist\/","og_locale":"en_US","og_type":"article","og_title":"| Akadeemiline Rahvaluule Selts","og_description":"Akadeemiline Rahvaluule Selts on folkloristide, \u00fcli\u00f5pilaste ja k\u00f5igi rahvaluulest huvitatute \u00fchendus, mis aitab kaasa rahvaluule kogumisele, tutvustamisele, uurimisele ja publitseerimisele. Akadeemiline Rahvaluule Selts korraldab igakuiseid koosolekuid, \u00fcleaasta toimuvaid rahvaluule kogumisele p\u00fchendatud s\u00fcgiskonverentse ning annab k\u00e4tte Eesti folkloristika aastapreemiat. Koost\u00f6\u00f6s teiste organisatsioonidega osaleb ta ka muude seminaride ja konverentside, korraldamises (nt on ta sageli Eesti folkloristide [&hellip;]","og_url":"https:\/\/www.folklore.ee\/ars\/seltsist\/","og_site_name":"Akadeemiline Rahvaluule Selts","article_modified_time":"2026-02-10T10:30:01+00:00","og_image":[{"url":"http:\/\/localhost\/ars\/wp-content\/uploads\/2023\/07\/h_welcome.png"}],"twitter_card":"summary_large_image","twitter_misc":{"Est. reading time":"2 minutes"},"schema":{"@context":"https:\/\/schema.org","@graph":[{"@type":"WebPage","@id":"https:\/\/www.folklore.ee\/ars\/seltsist\/","url":"https:\/\/www.folklore.ee\/ars\/seltsist\/","name":"| Akadeemiline Rahvaluule Selts","isPartOf":{"@id":"https:\/\/www.folklore.ee\/ars\/#website"},"datePublished":"2023-07-25T09:42:02+00:00","dateModified":"2026-02-10T10:30:01+00:00","inLanguage":"en-US","potentialAction":[{"@type":"ReadAction","target":["https:\/\/www.folklore.ee\/ars\/seltsist\/"]}]},{"@type":"WebSite","@id":"https:\/\/www.folklore.ee\/ars\/#website","url":"https:\/\/www.folklore.ee\/ars\/","name":"Akadeemiline Rahvaluule Selts","description":"Folkloristide, \u00fcli\u00f5pilaste ja k\u00f5igi rahvaluulest huvitatute \u00fchendus, mis aitab kaasa rahvaluule kogumisele, tutvustamisele, uurimisele ja publitseerimisele.","potentialAction":[{"@type":"SearchAction","target":{"@type":"EntryPoint","urlTemplate":"https:\/\/www.folklore.ee\/ars\/?s={search_term_string}"},"query-input":"required name=search_term_string"}],"inLanguage":"en-US"}]}},"_links":{"self":[{"href":"https:\/\/www.folklore.ee\/ars\/wp-json\/wp\/v2\/pages\/8","targetHints":{"allow":["GET"]}}],"collection":[{"href":"https:\/\/www.folklore.ee\/ars\/wp-json\/wp\/v2\/pages"}],"about":[{"href":"https:\/\/www.folklore.ee\/ars\/wp-json\/wp\/v2\/types\/page"}],"author":[{"embeddable":true,"href":"https:\/\/www.folklore.ee\/ars\/wp-json\/wp\/v2\/users\/1"}],"replies":[{"embeddable":true,"href":"https:\/\/www.folklore.ee\/ars\/wp-json\/wp\/v2\/comments?post=8"}],"version-history":[{"count":29,"href":"https:\/\/www.folklore.ee\/ars\/wp-json\/wp\/v2\/pages\/8\/revisions"}],"predecessor-version":[{"id":1287,"href":"https:\/\/www.folklore.ee\/ars\/wp-json\/wp\/v2\/pages\/8\/revisions\/1287"}],"wp:attachment":[{"href":"https:\/\/www.folklore.ee\/ars\/wp-json\/wp\/v2\/media?parent=8"}],"curies":[{"name":"wp","href":"https:\/\/api.w.org\/{rel}","templated":true}]}}