{"id":730,"date":"2023-10-03T06:38:02","date_gmt":"2023-10-03T06:38:02","guid":{"rendered":"https:\/\/www.folklore.ee\/ars\/?page_id=730"},"modified":"2023-10-03T06:38:02","modified_gmt":"2023-10-03T06:38:02","slug":"siberi-setod-omad-ja-voorad","status":"publish","type":"page","link":"https:\/\/www.folklore.ee\/ars\/uritused\/arhiiv\/kogumiskonverents-2008-ajakava\/siberi-setod-omad-ja-voorad\/","title":{"rendered":"Siberi setod \u2013 omad ja v\u00f5\u00f5rad"},"content":{"rendered":"\n<p>Turismi-teoreetikud on v\u00f5rrelnud reise palver\u00e4nnakutega ning anal\u00fc\u00fcsinud neid rituaaliteooriast tuntud m\u00f5istetega. \u00c4raolek on nagu liminaalses faasis viibimine, valitseb antistruktuur ning k\u00f5ik tavap\u00e4rane on pea peale p\u00f6\u00f6ratud. V\u00e4lit\u00f6\u00f6d setode v\u00f5i eestlaste diasporaasse on omamoodi r\u00e4nnakud teise ilma otsa, kaugel viibivate omade juurde. Minnes ei tea keegi, milline on andam v\u00f5i s\u00f5na, mis sealt koju kaasa antakse.<\/p>\n\n\n\n<p>Veetsime koos Anu Korbi ja Astrid Tuisuga augustikuu Krasnojarski krais v\u00e4lit\u00f6\u00f6del. K\u00fclastasime juba eelmisest aastast tuttavaid seto k\u00fclasid Hait, Bulatnovka ja Krestjansk, aga k\u00e4isime ka meile seni tundmatutes k\u00fclades \u2013 Kijai, Ostrovki, Uus-Petseri ja Estonia \u2013 ning kohtusime Krasnojarski linnas elavate setode ja eestlastega. Anname \u00fclevaate reisil kogutust ja kogetust. M\u00f5tiskleme v\u00e4lit\u00f6id m\u00f5jutavate tegurite \u00fcle ja anal\u00fc\u00fcsime erinevaid v\u00e4lit\u00f6\u00f6situatsioone.<\/p>\n","protected":false},"excerpt":{"rendered":"<p>Turismi-teoreetikud on v\u00f5rrelnud reise palver\u00e4nnakutega ning anal\u00fc\u00fcsinud neid rituaaliteooriast tuntud m\u00f5istetega. \u00c4raolek on nagu liminaalses faasis viibimine, valitseb antistruktuur ning k\u00f5ik tavap\u00e4rane on pea peale p\u00f6\u00f6ratud. V\u00e4lit\u00f6\u00f6d setode v\u00f5i eestlaste diasporaasse on omamoodi r\u00e4nnakud teise ilma otsa, kaugel viibivate omade juurde. Minnes ei tea keegi, milline on andam v\u00f5i s\u00f5na, mis sealt koju kaasa antakse. [&hellip;]<\/p>\n","protected":false},"author":1,"featured_media":0,"parent":687,"menu_order":0,"comment_status":"closed","ping_status":"closed","template":"","meta":{"footnotes":""},"class_list":["post-730","page","type-page","status-publish","hentry"],"yoast_head":"<!-- This site is optimized with the Yoast SEO plugin v20.12 - https:\/\/yoast.com\/wordpress\/plugins\/seo\/ -->\n<title>Siberi setod \u2013 omad ja v\u00f5\u00f5rad | Akadeemiline Rahvaluule Selts<\/title>\n<meta name=\"robots\" content=\"index, follow, max-snippet:-1, max-image-preview:large, max-video-preview:-1\" \/>\n<link rel=\"canonical\" href=\"https:\/\/www.folklore.ee\/ars\/uritused\/arhiiv\/kogumiskonverents-2008-ajakava\/siberi-setod-omad-ja-voorad\/\" \/>\n<meta property=\"og:locale\" content=\"en_US\" \/>\n<meta property=\"og:type\" content=\"article\" \/>\n<meta property=\"og:title\" content=\"Siberi setod \u2013 omad ja v\u00f5\u00f5rad | Akadeemiline Rahvaluule Selts\" \/>\n<meta property=\"og:description\" content=\"Turismi-teoreetikud on v\u00f5rrelnud reise palver\u00e4nnakutega ning anal\u00fc\u00fcsinud neid rituaaliteooriast tuntud m\u00f5istetega. \u00c4raolek on nagu liminaalses faasis viibimine, valitseb antistruktuur ning k\u00f5ik tavap\u00e4rane on pea peale p\u00f6\u00f6ratud. V\u00e4lit\u00f6\u00f6d setode v\u00f5i eestlaste diasporaasse on omamoodi r\u00e4nnakud teise ilma otsa, kaugel viibivate omade juurde. Minnes ei tea keegi, milline on andam v\u00f5i s\u00f5na, mis sealt koju kaasa antakse. [&hellip;]\" \/>\n<meta property=\"og:url\" content=\"https:\/\/www.folklore.ee\/ars\/uritused\/arhiiv\/kogumiskonverents-2008-ajakava\/siberi-setod-omad-ja-voorad\/\" \/>\n<meta property=\"og:site_name\" content=\"Akadeemiline Rahvaluule Selts\" \/>\n<meta name=\"twitter:card\" content=\"summary_large_image\" \/>\n<meta name=\"twitter:label1\" content=\"Est. reading time\" \/>\n\t<meta name=\"twitter:data1\" content=\"1 minute\" \/>\n<script type=\"application\/ld+json\" class=\"yoast-schema-graph\">{\"@context\":\"https:\/\/schema.org\",\"@graph\":[{\"@type\":\"WebPage\",\"@id\":\"https:\/\/www.folklore.ee\/ars\/uritused\/arhiiv\/kogumiskonverents-2008-ajakava\/siberi-setod-omad-ja-voorad\/\",\"url\":\"https:\/\/www.folklore.ee\/ars\/uritused\/arhiiv\/kogumiskonverents-2008-ajakava\/siberi-setod-omad-ja-voorad\/\",\"name\":\"Siberi setod \u2013 omad ja v\u00f5\u00f5rad | Akadeemiline Rahvaluule Selts\",\"isPartOf\":{\"@id\":\"https:\/\/www.folklore.ee\/ars\/#website\"},\"datePublished\":\"2023-10-03T06:38:02+00:00\",\"dateModified\":\"2023-10-03T06:38:02+00:00\",\"breadcrumb\":{\"@id\":\"https:\/\/www.folklore.ee\/ars\/uritused\/arhiiv\/kogumiskonverents-2008-ajakava\/siberi-setod-omad-ja-voorad\/#breadcrumb\"},\"inLanguage\":\"en-US\",\"potentialAction\":[{\"@type\":\"ReadAction\",\"target\":[\"https:\/\/www.folklore.ee\/ars\/uritused\/arhiiv\/kogumiskonverents-2008-ajakava\/siberi-setod-omad-ja-voorad\/\"]}]},{\"@type\":\"BreadcrumbList\",\"@id\":\"https:\/\/www.folklore.ee\/ars\/uritused\/arhiiv\/kogumiskonverents-2008-ajakava\/siberi-setod-omad-ja-voorad\/#breadcrumb\",\"itemListElement\":[{\"@type\":\"ListItem\",\"position\":1,\"name\":\"Avaleht\",\"item\":\"https:\/\/www.folklore.ee\/ars\/\"},{\"@type\":\"ListItem\",\"position\":2,\"name\":\"\u00dcritused\",\"item\":\"https:\/\/www.folklore.ee\/ars\/uritused\/\"},{\"@type\":\"ListItem\",\"position\":3,\"name\":\"Arhiiv\",\"item\":\"https:\/\/www.folklore.ee\/ars\/uritused\/arhiiv\/\"},{\"@type\":\"ListItem\",\"position\":4,\"name\":\"Kogumiskonverents 2008 ajakava\",\"item\":\"https:\/\/www.folklore.ee\/ars\/uritused\/arhiiv\/kogumiskonverents-2008-ajakava\/\"},{\"@type\":\"ListItem\",\"position\":5,\"name\":\"Siberi setod \u2013 omad ja v\u00f5\u00f5rad\"}]},{\"@type\":\"WebSite\",\"@id\":\"https:\/\/www.folklore.ee\/ars\/#website\",\"url\":\"https:\/\/www.folklore.ee\/ars\/\",\"name\":\"Akadeemiline Rahvaluule Selts\",\"description\":\"Folkloristide, \u00fcli\u00f5pilaste ja k\u00f5igi rahvaluulest huvitatute \u00fchendus, mis aitab kaasa rahvaluule kogumisele, tutvustamisele, uurimisele ja publitseerimisele.\",\"potentialAction\":[{\"@type\":\"SearchAction\",\"target\":{\"@type\":\"EntryPoint\",\"urlTemplate\":\"https:\/\/www.folklore.ee\/ars\/?s={search_term_string}\"},\"query-input\":\"required name=search_term_string\"}],\"inLanguage\":\"en-US\"}]}<\/script>\n<!-- \/ Yoast SEO plugin. -->","yoast_head_json":{"title":"Siberi setod \u2013 omad ja v\u00f5\u00f5rad | Akadeemiline Rahvaluule Selts","robots":{"index":"index","follow":"follow","max-snippet":"max-snippet:-1","max-image-preview":"max-image-preview:large","max-video-preview":"max-video-preview:-1"},"canonical":"https:\/\/www.folklore.ee\/ars\/uritused\/arhiiv\/kogumiskonverents-2008-ajakava\/siberi-setod-omad-ja-voorad\/","og_locale":"en_US","og_type":"article","og_title":"Siberi setod \u2013 omad ja v\u00f5\u00f5rad | Akadeemiline Rahvaluule Selts","og_description":"Turismi-teoreetikud on v\u00f5rrelnud reise palver\u00e4nnakutega ning anal\u00fc\u00fcsinud neid rituaaliteooriast tuntud m\u00f5istetega. \u00c4raolek on nagu liminaalses faasis viibimine, valitseb antistruktuur ning k\u00f5ik tavap\u00e4rane on pea peale p\u00f6\u00f6ratud. V\u00e4lit\u00f6\u00f6d setode v\u00f5i eestlaste diasporaasse on omamoodi r\u00e4nnakud teise ilma otsa, kaugel viibivate omade juurde. Minnes ei tea keegi, milline on andam v\u00f5i s\u00f5na, mis sealt koju kaasa antakse. [&hellip;]","og_url":"https:\/\/www.folklore.ee\/ars\/uritused\/arhiiv\/kogumiskonverents-2008-ajakava\/siberi-setod-omad-ja-voorad\/","og_site_name":"Akadeemiline Rahvaluule Selts","twitter_card":"summary_large_image","twitter_misc":{"Est. reading time":"1 minute"},"schema":{"@context":"https:\/\/schema.org","@graph":[{"@type":"WebPage","@id":"https:\/\/www.folklore.ee\/ars\/uritused\/arhiiv\/kogumiskonverents-2008-ajakava\/siberi-setod-omad-ja-voorad\/","url":"https:\/\/www.folklore.ee\/ars\/uritused\/arhiiv\/kogumiskonverents-2008-ajakava\/siberi-setod-omad-ja-voorad\/","name":"Siberi setod \u2013 omad ja v\u00f5\u00f5rad | Akadeemiline Rahvaluule Selts","isPartOf":{"@id":"https:\/\/www.folklore.ee\/ars\/#website"},"datePublished":"2023-10-03T06:38:02+00:00","dateModified":"2023-10-03T06:38:02+00:00","breadcrumb":{"@id":"https:\/\/www.folklore.ee\/ars\/uritused\/arhiiv\/kogumiskonverents-2008-ajakava\/siberi-setod-omad-ja-voorad\/#breadcrumb"},"inLanguage":"en-US","potentialAction":[{"@type":"ReadAction","target":["https:\/\/www.folklore.ee\/ars\/uritused\/arhiiv\/kogumiskonverents-2008-ajakava\/siberi-setod-omad-ja-voorad\/"]}]},{"@type":"BreadcrumbList","@id":"https:\/\/www.folklore.ee\/ars\/uritused\/arhiiv\/kogumiskonverents-2008-ajakava\/siberi-setod-omad-ja-voorad\/#breadcrumb","itemListElement":[{"@type":"ListItem","position":1,"name":"Avaleht","item":"https:\/\/www.folklore.ee\/ars\/"},{"@type":"ListItem","position":2,"name":"\u00dcritused","item":"https:\/\/www.folklore.ee\/ars\/uritused\/"},{"@type":"ListItem","position":3,"name":"Arhiiv","item":"https:\/\/www.folklore.ee\/ars\/uritused\/arhiiv\/"},{"@type":"ListItem","position":4,"name":"Kogumiskonverents 2008 ajakava","item":"https:\/\/www.folklore.ee\/ars\/uritused\/arhiiv\/kogumiskonverents-2008-ajakava\/"},{"@type":"ListItem","position":5,"name":"Siberi setod \u2013 omad ja v\u00f5\u00f5rad"}]},{"@type":"WebSite","@id":"https:\/\/www.folklore.ee\/ars\/#website","url":"https:\/\/www.folklore.ee\/ars\/","name":"Akadeemiline Rahvaluule Selts","description":"Folkloristide, \u00fcli\u00f5pilaste ja k\u00f5igi rahvaluulest huvitatute \u00fchendus, mis aitab kaasa rahvaluule kogumisele, tutvustamisele, uurimisele ja publitseerimisele.","potentialAction":[{"@type":"SearchAction","target":{"@type":"EntryPoint","urlTemplate":"https:\/\/www.folklore.ee\/ars\/?s={search_term_string}"},"query-input":"required name=search_term_string"}],"inLanguage":"en-US"}]}},"_links":{"self":[{"href":"https:\/\/www.folklore.ee\/ars\/wp-json\/wp\/v2\/pages\/730","targetHints":{"allow":["GET"]}}],"collection":[{"href":"https:\/\/www.folklore.ee\/ars\/wp-json\/wp\/v2\/pages"}],"about":[{"href":"https:\/\/www.folklore.ee\/ars\/wp-json\/wp\/v2\/types\/page"}],"author":[{"embeddable":true,"href":"https:\/\/www.folklore.ee\/ars\/wp-json\/wp\/v2\/users\/1"}],"replies":[{"embeddable":true,"href":"https:\/\/www.folklore.ee\/ars\/wp-json\/wp\/v2\/comments?post=730"}],"version-history":[{"count":1,"href":"https:\/\/www.folklore.ee\/ars\/wp-json\/wp\/v2\/pages\/730\/revisions"}],"predecessor-version":[{"id":731,"href":"https:\/\/www.folklore.ee\/ars\/wp-json\/wp\/v2\/pages\/730\/revisions\/731"}],"up":[{"embeddable":true,"href":"https:\/\/www.folklore.ee\/ars\/wp-json\/wp\/v2\/pages\/687"}],"wp:attachment":[{"href":"https:\/\/www.folklore.ee\/ars\/wp-json\/wp\/v2\/media?parent=730"}],"curies":[{"name":"wp","href":"https:\/\/api.w.org\/{rel}","templated":true}]}}