{"id":726,"date":"2023-10-03T06:37:05","date_gmt":"2023-10-03T06:37:05","guid":{"rendered":"https:\/\/www.folklore.ee\/ars\/?page_id=726"},"modified":"2023-10-03T06:37:05","modified_gmt":"2023-10-03T06:37:05","slug":"meri-mets-ja-kulad-nende-vahel-lahemaal-parimust-kogumas","status":"publish","type":"page","link":"https:\/\/www.folklore.ee\/ars\/uritused\/arhiiv\/kogumiskonverents-2008-ajakava\/meri-mets-ja-kulad-nende-vahel-lahemaal-parimust-kogumas\/","title":{"rendered":"Meri, mets ja k\u00fclad nende vahel \u2013 Lahemaal p\u00e4rimust kogumas"},"content":{"rendered":"\n<p>10.\u201319. augustini toimusid Lahemaa rannak\u00fclade inventeerimise projekti raames folkloristlikud v\u00e4lit\u00f6\u00f6d, kus Tartu \u00dclikoolist osales k\u00fcmme kogujat. Kogumist\u00f6\u00f6 toimus peamiselt Pedassaare, Pihlaspea ja Vergi k\u00fclas, v\u00e4hemal m\u00e4\u00e4ral ka Altja, Karula, Lahe, Lobi, Mustoja, Natturi ja Vihula k\u00fclas. Kokku salvestati ligi viisk\u00fcmmend tundi intervjuusid, k\u00fcsitlusteemad varieerusid kohap\u00e4rimusest ja \u00fchiskondlikest suhetest surmakultuuri ja \u00fcleloomulike ilminguteni. L\u00e4biv teema oli Lahemaa rahvuspargi institutsionaalne m\u00f5ju kohalikule elule. Lisaks intervjuudele osalesime ka \u00fchisprojektis Tallinna \u00dclikooliga Lahemaa rahvuspargi rannak\u00fclade ehitiste inventeerimisel, \u00f5ppides seel\u00e4bi paremini tundma kohaliku arhitektuuri erip\u00e4rasid ja kitsaskohti.<\/p>\n\n\n\n<p>Ettekandes anname \u00fclevaate tehtud t\u00f6\u00f6st ning kirjeldame kogemusi, mida paljude \u00fcli\u00f5pilaste jaoks esimene kogumisekspeditsioon andis.<\/p>\n","protected":false},"excerpt":{"rendered":"<p>10.\u201319. augustini toimusid Lahemaa rannak\u00fclade inventeerimise projekti raames folkloristlikud v\u00e4lit\u00f6\u00f6d, kus Tartu \u00dclikoolist osales k\u00fcmme kogujat. Kogumist\u00f6\u00f6 toimus peamiselt Pedassaare, Pihlaspea ja Vergi k\u00fclas, v\u00e4hemal m\u00e4\u00e4ral ka Altja, Karula, Lahe, Lobi, Mustoja, Natturi ja Vihula k\u00fclas. Kokku salvestati ligi viisk\u00fcmmend tundi intervjuusid, k\u00fcsitlusteemad varieerusid kohap\u00e4rimusest ja \u00fchiskondlikest suhetest surmakultuuri ja \u00fcleloomulike ilminguteni. L\u00e4biv teema oli [&hellip;]<\/p>\n","protected":false},"author":1,"featured_media":0,"parent":687,"menu_order":0,"comment_status":"closed","ping_status":"closed","template":"","meta":{"footnotes":""},"class_list":["post-726","page","type-page","status-publish","hentry"],"yoast_head":"<!-- This site is optimized with the Yoast SEO plugin v20.12 - https:\/\/yoast.com\/wordpress\/plugins\/seo\/ -->\n<title>Meri, mets ja k\u00fclad nende vahel \u2013 Lahemaal p\u00e4rimust kogumas | Akadeemiline Rahvaluule Selts<\/title>\n<meta name=\"robots\" content=\"index, follow, max-snippet:-1, max-image-preview:large, max-video-preview:-1\" \/>\n<link rel=\"canonical\" href=\"https:\/\/www.folklore.ee\/ars\/uritused\/arhiiv\/kogumiskonverents-2008-ajakava\/meri-mets-ja-kulad-nende-vahel-lahemaal-parimust-kogumas\/\" \/>\n<meta property=\"og:locale\" content=\"en_US\" \/>\n<meta property=\"og:type\" content=\"article\" \/>\n<meta property=\"og:title\" content=\"Meri, mets ja k\u00fclad nende vahel \u2013 Lahemaal p\u00e4rimust kogumas | Akadeemiline Rahvaluule Selts\" \/>\n<meta property=\"og:description\" content=\"10.\u201319. augustini toimusid Lahemaa rannak\u00fclade inventeerimise projekti raames folkloristlikud v\u00e4lit\u00f6\u00f6d, kus Tartu \u00dclikoolist osales k\u00fcmme kogujat. Kogumist\u00f6\u00f6 toimus peamiselt Pedassaare, Pihlaspea ja Vergi k\u00fclas, v\u00e4hemal m\u00e4\u00e4ral ka Altja, Karula, Lahe, Lobi, Mustoja, Natturi ja Vihula k\u00fclas. Kokku salvestati ligi viisk\u00fcmmend tundi intervjuusid, k\u00fcsitlusteemad varieerusid kohap\u00e4rimusest ja \u00fchiskondlikest suhetest surmakultuuri ja \u00fcleloomulike ilminguteni. L\u00e4biv teema oli [&hellip;]\" \/>\n<meta property=\"og:url\" content=\"https:\/\/www.folklore.ee\/ars\/uritused\/arhiiv\/kogumiskonverents-2008-ajakava\/meri-mets-ja-kulad-nende-vahel-lahemaal-parimust-kogumas\/\" \/>\n<meta property=\"og:site_name\" content=\"Akadeemiline Rahvaluule Selts\" \/>\n<meta name=\"twitter:card\" content=\"summary_large_image\" \/>\n<script type=\"application\/ld+json\" class=\"yoast-schema-graph\">{\"@context\":\"https:\/\/schema.org\",\"@graph\":[{\"@type\":\"WebPage\",\"@id\":\"https:\/\/www.folklore.ee\/ars\/uritused\/arhiiv\/kogumiskonverents-2008-ajakava\/meri-mets-ja-kulad-nende-vahel-lahemaal-parimust-kogumas\/\",\"url\":\"https:\/\/www.folklore.ee\/ars\/uritused\/arhiiv\/kogumiskonverents-2008-ajakava\/meri-mets-ja-kulad-nende-vahel-lahemaal-parimust-kogumas\/\",\"name\":\"Meri, mets ja k\u00fclad nende vahel \u2013 Lahemaal p\u00e4rimust kogumas | Akadeemiline Rahvaluule Selts\",\"isPartOf\":{\"@id\":\"https:\/\/www.folklore.ee\/ars\/#website\"},\"datePublished\":\"2023-10-03T06:37:05+00:00\",\"dateModified\":\"2023-10-03T06:37:05+00:00\",\"breadcrumb\":{\"@id\":\"https:\/\/www.folklore.ee\/ars\/uritused\/arhiiv\/kogumiskonverents-2008-ajakava\/meri-mets-ja-kulad-nende-vahel-lahemaal-parimust-kogumas\/#breadcrumb\"},\"inLanguage\":\"en-US\",\"potentialAction\":[{\"@type\":\"ReadAction\",\"target\":[\"https:\/\/www.folklore.ee\/ars\/uritused\/arhiiv\/kogumiskonverents-2008-ajakava\/meri-mets-ja-kulad-nende-vahel-lahemaal-parimust-kogumas\/\"]}]},{\"@type\":\"BreadcrumbList\",\"@id\":\"https:\/\/www.folklore.ee\/ars\/uritused\/arhiiv\/kogumiskonverents-2008-ajakava\/meri-mets-ja-kulad-nende-vahel-lahemaal-parimust-kogumas\/#breadcrumb\",\"itemListElement\":[{\"@type\":\"ListItem\",\"position\":1,\"name\":\"Avaleht\",\"item\":\"https:\/\/www.folklore.ee\/ars\/\"},{\"@type\":\"ListItem\",\"position\":2,\"name\":\"\u00dcritused\",\"item\":\"https:\/\/www.folklore.ee\/ars\/uritused\/\"},{\"@type\":\"ListItem\",\"position\":3,\"name\":\"Arhiiv\",\"item\":\"https:\/\/www.folklore.ee\/ars\/uritused\/arhiiv\/\"},{\"@type\":\"ListItem\",\"position\":4,\"name\":\"Kogumiskonverents 2008 ajakava\",\"item\":\"https:\/\/www.folklore.ee\/ars\/uritused\/arhiiv\/kogumiskonverents-2008-ajakava\/\"},{\"@type\":\"ListItem\",\"position\":5,\"name\":\"Meri, mets ja k\u00fclad nende vahel \u2013 Lahemaal p\u00e4rimust kogumas\"}]},{\"@type\":\"WebSite\",\"@id\":\"https:\/\/www.folklore.ee\/ars\/#website\",\"url\":\"https:\/\/www.folklore.ee\/ars\/\",\"name\":\"Akadeemiline Rahvaluule Selts\",\"description\":\"Folkloristide, \u00fcli\u00f5pilaste ja k\u00f5igi rahvaluulest huvitatute \u00fchendus, mis aitab kaasa rahvaluule kogumisele, tutvustamisele, uurimisele ja publitseerimisele.\",\"potentialAction\":[{\"@type\":\"SearchAction\",\"target\":{\"@type\":\"EntryPoint\",\"urlTemplate\":\"https:\/\/www.folklore.ee\/ars\/?s={search_term_string}\"},\"query-input\":\"required name=search_term_string\"}],\"inLanguage\":\"en-US\"}]}<\/script>\n<!-- \/ Yoast SEO plugin. -->","yoast_head_json":{"title":"Meri, mets ja k\u00fclad nende vahel \u2013 Lahemaal p\u00e4rimust kogumas | Akadeemiline Rahvaluule Selts","robots":{"index":"index","follow":"follow","max-snippet":"max-snippet:-1","max-image-preview":"max-image-preview:large","max-video-preview":"max-video-preview:-1"},"canonical":"https:\/\/www.folklore.ee\/ars\/uritused\/arhiiv\/kogumiskonverents-2008-ajakava\/meri-mets-ja-kulad-nende-vahel-lahemaal-parimust-kogumas\/","og_locale":"en_US","og_type":"article","og_title":"Meri, mets ja k\u00fclad nende vahel \u2013 Lahemaal p\u00e4rimust kogumas | Akadeemiline Rahvaluule Selts","og_description":"10.\u201319. augustini toimusid Lahemaa rannak\u00fclade inventeerimise projekti raames folkloristlikud v\u00e4lit\u00f6\u00f6d, kus Tartu \u00dclikoolist osales k\u00fcmme kogujat. Kogumist\u00f6\u00f6 toimus peamiselt Pedassaare, Pihlaspea ja Vergi k\u00fclas, v\u00e4hemal m\u00e4\u00e4ral ka Altja, Karula, Lahe, Lobi, Mustoja, Natturi ja Vihula k\u00fclas. Kokku salvestati ligi viisk\u00fcmmend tundi intervjuusid, k\u00fcsitlusteemad varieerusid kohap\u00e4rimusest ja \u00fchiskondlikest suhetest surmakultuuri ja \u00fcleloomulike ilminguteni. L\u00e4biv teema oli [&hellip;]","og_url":"https:\/\/www.folklore.ee\/ars\/uritused\/arhiiv\/kogumiskonverents-2008-ajakava\/meri-mets-ja-kulad-nende-vahel-lahemaal-parimust-kogumas\/","og_site_name":"Akadeemiline Rahvaluule Selts","twitter_card":"summary_large_image","schema":{"@context":"https:\/\/schema.org","@graph":[{"@type":"WebPage","@id":"https:\/\/www.folklore.ee\/ars\/uritused\/arhiiv\/kogumiskonverents-2008-ajakava\/meri-mets-ja-kulad-nende-vahel-lahemaal-parimust-kogumas\/","url":"https:\/\/www.folklore.ee\/ars\/uritused\/arhiiv\/kogumiskonverents-2008-ajakava\/meri-mets-ja-kulad-nende-vahel-lahemaal-parimust-kogumas\/","name":"Meri, mets ja k\u00fclad nende vahel \u2013 Lahemaal p\u00e4rimust kogumas | Akadeemiline Rahvaluule Selts","isPartOf":{"@id":"https:\/\/www.folklore.ee\/ars\/#website"},"datePublished":"2023-10-03T06:37:05+00:00","dateModified":"2023-10-03T06:37:05+00:00","breadcrumb":{"@id":"https:\/\/www.folklore.ee\/ars\/uritused\/arhiiv\/kogumiskonverents-2008-ajakava\/meri-mets-ja-kulad-nende-vahel-lahemaal-parimust-kogumas\/#breadcrumb"},"inLanguage":"en-US","potentialAction":[{"@type":"ReadAction","target":["https:\/\/www.folklore.ee\/ars\/uritused\/arhiiv\/kogumiskonverents-2008-ajakava\/meri-mets-ja-kulad-nende-vahel-lahemaal-parimust-kogumas\/"]}]},{"@type":"BreadcrumbList","@id":"https:\/\/www.folklore.ee\/ars\/uritused\/arhiiv\/kogumiskonverents-2008-ajakava\/meri-mets-ja-kulad-nende-vahel-lahemaal-parimust-kogumas\/#breadcrumb","itemListElement":[{"@type":"ListItem","position":1,"name":"Avaleht","item":"https:\/\/www.folklore.ee\/ars\/"},{"@type":"ListItem","position":2,"name":"\u00dcritused","item":"https:\/\/www.folklore.ee\/ars\/uritused\/"},{"@type":"ListItem","position":3,"name":"Arhiiv","item":"https:\/\/www.folklore.ee\/ars\/uritused\/arhiiv\/"},{"@type":"ListItem","position":4,"name":"Kogumiskonverents 2008 ajakava","item":"https:\/\/www.folklore.ee\/ars\/uritused\/arhiiv\/kogumiskonverents-2008-ajakava\/"},{"@type":"ListItem","position":5,"name":"Meri, mets ja k\u00fclad nende vahel \u2013 Lahemaal p\u00e4rimust kogumas"}]},{"@type":"WebSite","@id":"https:\/\/www.folklore.ee\/ars\/#website","url":"https:\/\/www.folklore.ee\/ars\/","name":"Akadeemiline Rahvaluule Selts","description":"Folkloristide, \u00fcli\u00f5pilaste ja k\u00f5igi rahvaluulest huvitatute \u00fchendus, mis aitab kaasa rahvaluule kogumisele, tutvustamisele, uurimisele ja publitseerimisele.","potentialAction":[{"@type":"SearchAction","target":{"@type":"EntryPoint","urlTemplate":"https:\/\/www.folklore.ee\/ars\/?s={search_term_string}"},"query-input":"required name=search_term_string"}],"inLanguage":"en-US"}]}},"_links":{"self":[{"href":"https:\/\/www.folklore.ee\/ars\/wp-json\/wp\/v2\/pages\/726","targetHints":{"allow":["GET"]}}],"collection":[{"href":"https:\/\/www.folklore.ee\/ars\/wp-json\/wp\/v2\/pages"}],"about":[{"href":"https:\/\/www.folklore.ee\/ars\/wp-json\/wp\/v2\/types\/page"}],"author":[{"embeddable":true,"href":"https:\/\/www.folklore.ee\/ars\/wp-json\/wp\/v2\/users\/1"}],"replies":[{"embeddable":true,"href":"https:\/\/www.folklore.ee\/ars\/wp-json\/wp\/v2\/comments?post=726"}],"version-history":[{"count":1,"href":"https:\/\/www.folklore.ee\/ars\/wp-json\/wp\/v2\/pages\/726\/revisions"}],"predecessor-version":[{"id":727,"href":"https:\/\/www.folklore.ee\/ars\/wp-json\/wp\/v2\/pages\/726\/revisions\/727"}],"up":[{"embeddable":true,"href":"https:\/\/www.folklore.ee\/ars\/wp-json\/wp\/v2\/pages\/687"}],"wp:attachment":[{"href":"https:\/\/www.folklore.ee\/ars\/wp-json\/wp\/v2\/media?parent=726"}],"curies":[{"name":"wp","href":"https:\/\/api.w.org\/{rel}","templated":true}]}}