{"id":723,"date":"2023-10-03T06:36:32","date_gmt":"2023-10-03T06:36:32","guid":{"rendered":"https:\/\/www.folklore.ee\/ars\/?page_id=723"},"modified":"2023-10-03T06:36:32","modified_gmt":"2023-10-03T06:36:32","slug":"kas-murde-voi-suhtluspraktika","status":"publish","type":"page","link":"https:\/\/www.folklore.ee\/ars\/uritused\/arhiiv\/kogumiskonverents-2008-ajakava\/kas-murde-voi-suhtluspraktika\/","title":{"rendered":"Kas murde- v\u00f5i suhtluspraktika?"},"content":{"rendered":"\n<p>Tartu \u00dclikooli eesti keele eriala magistriastme \u00fcli\u00f5pilaste sellesuvine murdepraktika toimus T\u00f5stamaal ja L\u00e4tis Vana-Laitsna vallas. Praktika p\u00f5hieesm\u00e4rk oli seekord kohanimede kogumine ning muidugi keelejuhiga suhtlemise ja muude v\u00e4lit\u00f6\u00f6del vajaliku harjutamine. Ettekandes r\u00e4\u00e4gime faktist, et Eesti murdeid riigipiirid ei pea, ning keskendume ka sellele, millisena tajuvad suhtlussituatsiooni \u00fcli\u00f5pilased ja millisena keelejuhid, kellele on kommikoti ja mikrofoniga k\u00fclla mindud, ning sellest, kuidas see avaldub suhtluses.<\/p>\n","protected":false},"excerpt":{"rendered":"<p>Tartu \u00dclikooli eesti keele eriala magistriastme \u00fcli\u00f5pilaste sellesuvine murdepraktika toimus T\u00f5stamaal ja L\u00e4tis Vana-Laitsna vallas. Praktika p\u00f5hieesm\u00e4rk oli seekord kohanimede kogumine ning muidugi keelejuhiga suhtlemise ja muude v\u00e4lit\u00f6\u00f6del vajaliku harjutamine. Ettekandes r\u00e4\u00e4gime faktist, et Eesti murdeid riigipiirid ei pea, ning keskendume ka sellele, millisena tajuvad suhtlussituatsiooni \u00fcli\u00f5pilased ja millisena keelejuhid, kellele on kommikoti ja mikrofoniga [&hellip;]<\/p>\n","protected":false},"author":1,"featured_media":0,"parent":687,"menu_order":0,"comment_status":"closed","ping_status":"closed","template":"","meta":{"footnotes":""},"class_list":["post-723","page","type-page","status-publish","hentry"],"yoast_head":"<!-- This site is optimized with the Yoast SEO plugin v20.12 - https:\/\/yoast.com\/wordpress\/plugins\/seo\/ -->\n<title>Kas murde- v\u00f5i suhtluspraktika? | Akadeemiline Rahvaluule Selts<\/title>\n<meta name=\"robots\" content=\"index, follow, max-snippet:-1, max-image-preview:large, max-video-preview:-1\" \/>\n<link rel=\"canonical\" href=\"https:\/\/www.folklore.ee\/ars\/uritused\/arhiiv\/kogumiskonverents-2008-ajakava\/kas-murde-voi-suhtluspraktika\/\" \/>\n<meta property=\"og:locale\" content=\"en_US\" \/>\n<meta property=\"og:type\" content=\"article\" \/>\n<meta property=\"og:title\" content=\"Kas murde- v\u00f5i suhtluspraktika? | Akadeemiline Rahvaluule Selts\" \/>\n<meta property=\"og:description\" content=\"Tartu \u00dclikooli eesti keele eriala magistriastme \u00fcli\u00f5pilaste sellesuvine murdepraktika toimus T\u00f5stamaal ja L\u00e4tis Vana-Laitsna vallas. Praktika p\u00f5hieesm\u00e4rk oli seekord kohanimede kogumine ning muidugi keelejuhiga suhtlemise ja muude v\u00e4lit\u00f6\u00f6del vajaliku harjutamine. Ettekandes r\u00e4\u00e4gime faktist, et Eesti murdeid riigipiirid ei pea, ning keskendume ka sellele, millisena tajuvad suhtlussituatsiooni \u00fcli\u00f5pilased ja millisena keelejuhid, kellele on kommikoti ja mikrofoniga [&hellip;]\" \/>\n<meta property=\"og:url\" content=\"https:\/\/www.folklore.ee\/ars\/uritused\/arhiiv\/kogumiskonverents-2008-ajakava\/kas-murde-voi-suhtluspraktika\/\" \/>\n<meta property=\"og:site_name\" content=\"Akadeemiline Rahvaluule Selts\" \/>\n<meta name=\"twitter:card\" content=\"summary_large_image\" \/>\n<meta name=\"twitter:label1\" content=\"Est. reading time\" \/>\n\t<meta name=\"twitter:data1\" content=\"1 minute\" \/>\n<script type=\"application\/ld+json\" class=\"yoast-schema-graph\">{\"@context\":\"https:\/\/schema.org\",\"@graph\":[{\"@type\":\"WebPage\",\"@id\":\"https:\/\/www.folklore.ee\/ars\/uritused\/arhiiv\/kogumiskonverents-2008-ajakava\/kas-murde-voi-suhtluspraktika\/\",\"url\":\"https:\/\/www.folklore.ee\/ars\/uritused\/arhiiv\/kogumiskonverents-2008-ajakava\/kas-murde-voi-suhtluspraktika\/\",\"name\":\"Kas murde- v\u00f5i suhtluspraktika? | Akadeemiline Rahvaluule Selts\",\"isPartOf\":{\"@id\":\"https:\/\/www.folklore.ee\/ars\/#website\"},\"datePublished\":\"2023-10-03T06:36:32+00:00\",\"dateModified\":\"2023-10-03T06:36:32+00:00\",\"breadcrumb\":{\"@id\":\"https:\/\/www.folklore.ee\/ars\/uritused\/arhiiv\/kogumiskonverents-2008-ajakava\/kas-murde-voi-suhtluspraktika\/#breadcrumb\"},\"inLanguage\":\"en-US\",\"potentialAction\":[{\"@type\":\"ReadAction\",\"target\":[\"https:\/\/www.folklore.ee\/ars\/uritused\/arhiiv\/kogumiskonverents-2008-ajakava\/kas-murde-voi-suhtluspraktika\/\"]}]},{\"@type\":\"BreadcrumbList\",\"@id\":\"https:\/\/www.folklore.ee\/ars\/uritused\/arhiiv\/kogumiskonverents-2008-ajakava\/kas-murde-voi-suhtluspraktika\/#breadcrumb\",\"itemListElement\":[{\"@type\":\"ListItem\",\"position\":1,\"name\":\"Avaleht\",\"item\":\"https:\/\/www.folklore.ee\/ars\/\"},{\"@type\":\"ListItem\",\"position\":2,\"name\":\"\u00dcritused\",\"item\":\"https:\/\/www.folklore.ee\/ars\/uritused\/\"},{\"@type\":\"ListItem\",\"position\":3,\"name\":\"Arhiiv\",\"item\":\"https:\/\/www.folklore.ee\/ars\/uritused\/arhiiv\/\"},{\"@type\":\"ListItem\",\"position\":4,\"name\":\"Kogumiskonverents 2008 ajakava\",\"item\":\"https:\/\/www.folklore.ee\/ars\/uritused\/arhiiv\/kogumiskonverents-2008-ajakava\/\"},{\"@type\":\"ListItem\",\"position\":5,\"name\":\"Kas murde- v\u00f5i suhtluspraktika?\"}]},{\"@type\":\"WebSite\",\"@id\":\"https:\/\/www.folklore.ee\/ars\/#website\",\"url\":\"https:\/\/www.folklore.ee\/ars\/\",\"name\":\"Akadeemiline Rahvaluule Selts\",\"description\":\"Folkloristide, \u00fcli\u00f5pilaste ja k\u00f5igi rahvaluulest huvitatute \u00fchendus, mis aitab kaasa rahvaluule kogumisele, tutvustamisele, uurimisele ja publitseerimisele.\",\"potentialAction\":[{\"@type\":\"SearchAction\",\"target\":{\"@type\":\"EntryPoint\",\"urlTemplate\":\"https:\/\/www.folklore.ee\/ars\/?s={search_term_string}\"},\"query-input\":\"required name=search_term_string\"}],\"inLanguage\":\"en-US\"}]}<\/script>\n<!-- \/ Yoast SEO plugin. -->","yoast_head_json":{"title":"Kas murde- v\u00f5i suhtluspraktika? | Akadeemiline Rahvaluule Selts","robots":{"index":"index","follow":"follow","max-snippet":"max-snippet:-1","max-image-preview":"max-image-preview:large","max-video-preview":"max-video-preview:-1"},"canonical":"https:\/\/www.folklore.ee\/ars\/uritused\/arhiiv\/kogumiskonverents-2008-ajakava\/kas-murde-voi-suhtluspraktika\/","og_locale":"en_US","og_type":"article","og_title":"Kas murde- v\u00f5i suhtluspraktika? | Akadeemiline Rahvaluule Selts","og_description":"Tartu \u00dclikooli eesti keele eriala magistriastme \u00fcli\u00f5pilaste sellesuvine murdepraktika toimus T\u00f5stamaal ja L\u00e4tis Vana-Laitsna vallas. Praktika p\u00f5hieesm\u00e4rk oli seekord kohanimede kogumine ning muidugi keelejuhiga suhtlemise ja muude v\u00e4lit\u00f6\u00f6del vajaliku harjutamine. Ettekandes r\u00e4\u00e4gime faktist, et Eesti murdeid riigipiirid ei pea, ning keskendume ka sellele, millisena tajuvad suhtlussituatsiooni \u00fcli\u00f5pilased ja millisena keelejuhid, kellele on kommikoti ja mikrofoniga [&hellip;]","og_url":"https:\/\/www.folklore.ee\/ars\/uritused\/arhiiv\/kogumiskonverents-2008-ajakava\/kas-murde-voi-suhtluspraktika\/","og_site_name":"Akadeemiline Rahvaluule Selts","twitter_card":"summary_large_image","twitter_misc":{"Est. reading time":"1 minute"},"schema":{"@context":"https:\/\/schema.org","@graph":[{"@type":"WebPage","@id":"https:\/\/www.folklore.ee\/ars\/uritused\/arhiiv\/kogumiskonverents-2008-ajakava\/kas-murde-voi-suhtluspraktika\/","url":"https:\/\/www.folklore.ee\/ars\/uritused\/arhiiv\/kogumiskonverents-2008-ajakava\/kas-murde-voi-suhtluspraktika\/","name":"Kas murde- v\u00f5i suhtluspraktika? | Akadeemiline Rahvaluule Selts","isPartOf":{"@id":"https:\/\/www.folklore.ee\/ars\/#website"},"datePublished":"2023-10-03T06:36:32+00:00","dateModified":"2023-10-03T06:36:32+00:00","breadcrumb":{"@id":"https:\/\/www.folklore.ee\/ars\/uritused\/arhiiv\/kogumiskonverents-2008-ajakava\/kas-murde-voi-suhtluspraktika\/#breadcrumb"},"inLanguage":"en-US","potentialAction":[{"@type":"ReadAction","target":["https:\/\/www.folklore.ee\/ars\/uritused\/arhiiv\/kogumiskonverents-2008-ajakava\/kas-murde-voi-suhtluspraktika\/"]}]},{"@type":"BreadcrumbList","@id":"https:\/\/www.folklore.ee\/ars\/uritused\/arhiiv\/kogumiskonverents-2008-ajakava\/kas-murde-voi-suhtluspraktika\/#breadcrumb","itemListElement":[{"@type":"ListItem","position":1,"name":"Avaleht","item":"https:\/\/www.folklore.ee\/ars\/"},{"@type":"ListItem","position":2,"name":"\u00dcritused","item":"https:\/\/www.folklore.ee\/ars\/uritused\/"},{"@type":"ListItem","position":3,"name":"Arhiiv","item":"https:\/\/www.folklore.ee\/ars\/uritused\/arhiiv\/"},{"@type":"ListItem","position":4,"name":"Kogumiskonverents 2008 ajakava","item":"https:\/\/www.folklore.ee\/ars\/uritused\/arhiiv\/kogumiskonverents-2008-ajakava\/"},{"@type":"ListItem","position":5,"name":"Kas murde- v\u00f5i suhtluspraktika?"}]},{"@type":"WebSite","@id":"https:\/\/www.folklore.ee\/ars\/#website","url":"https:\/\/www.folklore.ee\/ars\/","name":"Akadeemiline Rahvaluule Selts","description":"Folkloristide, \u00fcli\u00f5pilaste ja k\u00f5igi rahvaluulest huvitatute \u00fchendus, mis aitab kaasa rahvaluule kogumisele, tutvustamisele, uurimisele ja publitseerimisele.","potentialAction":[{"@type":"SearchAction","target":{"@type":"EntryPoint","urlTemplate":"https:\/\/www.folklore.ee\/ars\/?s={search_term_string}"},"query-input":"required name=search_term_string"}],"inLanguage":"en-US"}]}},"_links":{"self":[{"href":"https:\/\/www.folklore.ee\/ars\/wp-json\/wp\/v2\/pages\/723","targetHints":{"allow":["GET"]}}],"collection":[{"href":"https:\/\/www.folklore.ee\/ars\/wp-json\/wp\/v2\/pages"}],"about":[{"href":"https:\/\/www.folklore.ee\/ars\/wp-json\/wp\/v2\/types\/page"}],"author":[{"embeddable":true,"href":"https:\/\/www.folklore.ee\/ars\/wp-json\/wp\/v2\/users\/1"}],"replies":[{"embeddable":true,"href":"https:\/\/www.folklore.ee\/ars\/wp-json\/wp\/v2\/comments?post=723"}],"version-history":[{"count":1,"href":"https:\/\/www.folklore.ee\/ars\/wp-json\/wp\/v2\/pages\/723\/revisions"}],"predecessor-version":[{"id":725,"href":"https:\/\/www.folklore.ee\/ars\/wp-json\/wp\/v2\/pages\/723\/revisions\/725"}],"up":[{"embeddable":true,"href":"https:\/\/www.folklore.ee\/ars\/wp-json\/wp\/v2\/pages\/687"}],"wp:attachment":[{"href":"https:\/\/www.folklore.ee\/ars\/wp-json\/wp\/v2\/media?parent=723"}],"curies":[{"name":"wp","href":"https:\/\/api.w.org\/{rel}","templated":true}]}}