{"id":721,"date":"2023-10-03T06:35:06","date_gmt":"2023-10-03T06:35:06","guid":{"rendered":"https:\/\/www.folklore.ee\/ars\/?page_id=721"},"modified":"2023-10-03T06:35:06","modified_gmt":"2023-10-03T06:35:06","slug":"lahemaal-puhapaiku-uurimas","status":"publish","type":"page","link":"https:\/\/www.folklore.ee\/ars\/uritused\/arhiiv\/kogumiskonverents-2008-ajakava\/lahemaal-puhapaiku-uurimas\/","title":{"rendered":"Lahemaal p\u00fchapaiku uurimas:\u00a0Etnoloogi m\u00f5iste\u00a0informantide\u00a0teadvuses"},"content":{"rendered":"\n<p>Projekti \u201eEesti ajaloolised looduslikud p\u00fchapaigad. Uurimine ja hoidmine\u201c raames toimusid 20.\u201325. aprillil 2008 Kuusalu kihelkonnas v\u00e4lit\u00f6\u00f6d, millel osalesid Pille Vahtm\u00e4e, Tuuli Otsus, Mall Hiiem\u00e4e, Ave Taavet, Epp Tamm ja Valdo Valper. Ettekanne kirjeldab erinevate informantide suhtumist uurijasse nende k\u00e4itumise ning nende poolt jagatud teabe p\u00f5hjal. Uurija v\u00f5ib olla nii k\u00fclaline, v\u00f5\u00f5ras, turist, teadlane kui ka publik. Samuti vaadeldakse p\u00e4rimuse s\u00f5ltumist uurija m\u00f5istest informandi teadvuses.<\/p>\n","protected":false},"excerpt":{"rendered":"<p>Projekti \u201eEesti ajaloolised looduslikud p\u00fchapaigad. Uurimine ja hoidmine\u201c raames toimusid 20.\u201325. aprillil 2008 Kuusalu kihelkonnas v\u00e4lit\u00f6\u00f6d, millel osalesid Pille Vahtm\u00e4e, Tuuli Otsus, Mall Hiiem\u00e4e, Ave Taavet, Epp Tamm ja Valdo Valper. Ettekanne kirjeldab erinevate informantide suhtumist uurijasse nende k\u00e4itumise ning nende poolt jagatud teabe p\u00f5hjal. Uurija v\u00f5ib olla nii k\u00fclaline, v\u00f5\u00f5ras, turist, teadlane kui ka [&hellip;]<\/p>\n","protected":false},"author":1,"featured_media":0,"parent":687,"menu_order":0,"comment_status":"closed","ping_status":"closed","template":"","meta":{"footnotes":""},"class_list":["post-721","page","type-page","status-publish","hentry"],"yoast_head":"<!-- This site is optimized with the Yoast SEO plugin v20.12 - https:\/\/yoast.com\/wordpress\/plugins\/seo\/ -->\n<title>Lahemaal p\u00fchapaiku uurimas:\u00a0Etnoloogi m\u00f5iste\u00a0informantide\u00a0teadvuses | Akadeemiline Rahvaluule Selts<\/title>\n<meta name=\"robots\" content=\"index, follow, max-snippet:-1, max-image-preview:large, max-video-preview:-1\" \/>\n<link rel=\"canonical\" href=\"https:\/\/www.folklore.ee\/ars\/uritused\/arhiiv\/kogumiskonverents-2008-ajakava\/lahemaal-puhapaiku-uurimas\/\" \/>\n<meta property=\"og:locale\" content=\"en_US\" \/>\n<meta property=\"og:type\" content=\"article\" \/>\n<meta property=\"og:title\" content=\"Lahemaal p\u00fchapaiku uurimas:\u00a0Etnoloogi m\u00f5iste\u00a0informantide\u00a0teadvuses | Akadeemiline Rahvaluule Selts\" \/>\n<meta property=\"og:description\" content=\"Projekti \u201eEesti ajaloolised looduslikud p\u00fchapaigad. Uurimine ja hoidmine\u201c raames toimusid 20.\u201325. aprillil 2008 Kuusalu kihelkonnas v\u00e4lit\u00f6\u00f6d, millel osalesid Pille Vahtm\u00e4e, Tuuli Otsus, Mall Hiiem\u00e4e, Ave Taavet, Epp Tamm ja Valdo Valper. Ettekanne kirjeldab erinevate informantide suhtumist uurijasse nende k\u00e4itumise ning nende poolt jagatud teabe p\u00f5hjal. Uurija v\u00f5ib olla nii k\u00fclaline, v\u00f5\u00f5ras, turist, teadlane kui ka [&hellip;]\" \/>\n<meta property=\"og:url\" content=\"https:\/\/www.folklore.ee\/ars\/uritused\/arhiiv\/kogumiskonverents-2008-ajakava\/lahemaal-puhapaiku-uurimas\/\" \/>\n<meta property=\"og:site_name\" content=\"Akadeemiline Rahvaluule Selts\" \/>\n<meta name=\"twitter:card\" content=\"summary_large_image\" \/>\n<meta name=\"twitter:label1\" content=\"Est. reading time\" \/>\n\t<meta name=\"twitter:data1\" content=\"1 minute\" \/>\n<script type=\"application\/ld+json\" class=\"yoast-schema-graph\">{\"@context\":\"https:\/\/schema.org\",\"@graph\":[{\"@type\":\"WebPage\",\"@id\":\"https:\/\/www.folklore.ee\/ars\/uritused\/arhiiv\/kogumiskonverents-2008-ajakava\/lahemaal-puhapaiku-uurimas\/\",\"url\":\"https:\/\/www.folklore.ee\/ars\/uritused\/arhiiv\/kogumiskonverents-2008-ajakava\/lahemaal-puhapaiku-uurimas\/\",\"name\":\"Lahemaal p\u00fchapaiku uurimas:\u00a0Etnoloogi m\u00f5iste\u00a0informantide\u00a0teadvuses | Akadeemiline Rahvaluule Selts\",\"isPartOf\":{\"@id\":\"https:\/\/www.folklore.ee\/ars\/#website\"},\"datePublished\":\"2023-10-03T06:35:06+00:00\",\"dateModified\":\"2023-10-03T06:35:06+00:00\",\"breadcrumb\":{\"@id\":\"https:\/\/www.folklore.ee\/ars\/uritused\/arhiiv\/kogumiskonverents-2008-ajakava\/lahemaal-puhapaiku-uurimas\/#breadcrumb\"},\"inLanguage\":\"en-US\",\"potentialAction\":[{\"@type\":\"ReadAction\",\"target\":[\"https:\/\/www.folklore.ee\/ars\/uritused\/arhiiv\/kogumiskonverents-2008-ajakava\/lahemaal-puhapaiku-uurimas\/\"]}]},{\"@type\":\"BreadcrumbList\",\"@id\":\"https:\/\/www.folklore.ee\/ars\/uritused\/arhiiv\/kogumiskonverents-2008-ajakava\/lahemaal-puhapaiku-uurimas\/#breadcrumb\",\"itemListElement\":[{\"@type\":\"ListItem\",\"position\":1,\"name\":\"Avaleht\",\"item\":\"https:\/\/www.folklore.ee\/ars\/\"},{\"@type\":\"ListItem\",\"position\":2,\"name\":\"\u00dcritused\",\"item\":\"https:\/\/www.folklore.ee\/ars\/uritused\/\"},{\"@type\":\"ListItem\",\"position\":3,\"name\":\"Arhiiv\",\"item\":\"https:\/\/www.folklore.ee\/ars\/uritused\/arhiiv\/\"},{\"@type\":\"ListItem\",\"position\":4,\"name\":\"Kogumiskonverents 2008 ajakava\",\"item\":\"https:\/\/www.folklore.ee\/ars\/uritused\/arhiiv\/kogumiskonverents-2008-ajakava\/\"},{\"@type\":\"ListItem\",\"position\":5,\"name\":\"Lahemaal p\u00fchapaiku uurimas:\u00a0Etnoloogi m\u00f5iste\u00a0informantide\u00a0teadvuses\"}]},{\"@type\":\"WebSite\",\"@id\":\"https:\/\/www.folklore.ee\/ars\/#website\",\"url\":\"https:\/\/www.folklore.ee\/ars\/\",\"name\":\"Akadeemiline Rahvaluule Selts\",\"description\":\"Folkloristide, \u00fcli\u00f5pilaste ja k\u00f5igi rahvaluulest huvitatute \u00fchendus, mis aitab kaasa rahvaluule kogumisele, tutvustamisele, uurimisele ja publitseerimisele.\",\"potentialAction\":[{\"@type\":\"SearchAction\",\"target\":{\"@type\":\"EntryPoint\",\"urlTemplate\":\"https:\/\/www.folklore.ee\/ars\/?s={search_term_string}\"},\"query-input\":\"required name=search_term_string\"}],\"inLanguage\":\"en-US\"}]}<\/script>\n<!-- \/ Yoast SEO plugin. -->","yoast_head_json":{"title":"Lahemaal p\u00fchapaiku uurimas:\u00a0Etnoloogi m\u00f5iste\u00a0informantide\u00a0teadvuses | Akadeemiline Rahvaluule Selts","robots":{"index":"index","follow":"follow","max-snippet":"max-snippet:-1","max-image-preview":"max-image-preview:large","max-video-preview":"max-video-preview:-1"},"canonical":"https:\/\/www.folklore.ee\/ars\/uritused\/arhiiv\/kogumiskonverents-2008-ajakava\/lahemaal-puhapaiku-uurimas\/","og_locale":"en_US","og_type":"article","og_title":"Lahemaal p\u00fchapaiku uurimas:\u00a0Etnoloogi m\u00f5iste\u00a0informantide\u00a0teadvuses | Akadeemiline Rahvaluule Selts","og_description":"Projekti \u201eEesti ajaloolised looduslikud p\u00fchapaigad. Uurimine ja hoidmine\u201c raames toimusid 20.\u201325. aprillil 2008 Kuusalu kihelkonnas v\u00e4lit\u00f6\u00f6d, millel osalesid Pille Vahtm\u00e4e, Tuuli Otsus, Mall Hiiem\u00e4e, Ave Taavet, Epp Tamm ja Valdo Valper. Ettekanne kirjeldab erinevate informantide suhtumist uurijasse nende k\u00e4itumise ning nende poolt jagatud teabe p\u00f5hjal. Uurija v\u00f5ib olla nii k\u00fclaline, v\u00f5\u00f5ras, turist, teadlane kui ka [&hellip;]","og_url":"https:\/\/www.folklore.ee\/ars\/uritused\/arhiiv\/kogumiskonverents-2008-ajakava\/lahemaal-puhapaiku-uurimas\/","og_site_name":"Akadeemiline Rahvaluule Selts","twitter_card":"summary_large_image","twitter_misc":{"Est. reading time":"1 minute"},"schema":{"@context":"https:\/\/schema.org","@graph":[{"@type":"WebPage","@id":"https:\/\/www.folklore.ee\/ars\/uritused\/arhiiv\/kogumiskonverents-2008-ajakava\/lahemaal-puhapaiku-uurimas\/","url":"https:\/\/www.folklore.ee\/ars\/uritused\/arhiiv\/kogumiskonverents-2008-ajakava\/lahemaal-puhapaiku-uurimas\/","name":"Lahemaal p\u00fchapaiku uurimas:\u00a0Etnoloogi m\u00f5iste\u00a0informantide\u00a0teadvuses | Akadeemiline Rahvaluule Selts","isPartOf":{"@id":"https:\/\/www.folklore.ee\/ars\/#website"},"datePublished":"2023-10-03T06:35:06+00:00","dateModified":"2023-10-03T06:35:06+00:00","breadcrumb":{"@id":"https:\/\/www.folklore.ee\/ars\/uritused\/arhiiv\/kogumiskonverents-2008-ajakava\/lahemaal-puhapaiku-uurimas\/#breadcrumb"},"inLanguage":"en-US","potentialAction":[{"@type":"ReadAction","target":["https:\/\/www.folklore.ee\/ars\/uritused\/arhiiv\/kogumiskonverents-2008-ajakava\/lahemaal-puhapaiku-uurimas\/"]}]},{"@type":"BreadcrumbList","@id":"https:\/\/www.folklore.ee\/ars\/uritused\/arhiiv\/kogumiskonverents-2008-ajakava\/lahemaal-puhapaiku-uurimas\/#breadcrumb","itemListElement":[{"@type":"ListItem","position":1,"name":"Avaleht","item":"https:\/\/www.folklore.ee\/ars\/"},{"@type":"ListItem","position":2,"name":"\u00dcritused","item":"https:\/\/www.folklore.ee\/ars\/uritused\/"},{"@type":"ListItem","position":3,"name":"Arhiiv","item":"https:\/\/www.folklore.ee\/ars\/uritused\/arhiiv\/"},{"@type":"ListItem","position":4,"name":"Kogumiskonverents 2008 ajakava","item":"https:\/\/www.folklore.ee\/ars\/uritused\/arhiiv\/kogumiskonverents-2008-ajakava\/"},{"@type":"ListItem","position":5,"name":"Lahemaal p\u00fchapaiku uurimas:\u00a0Etnoloogi m\u00f5iste\u00a0informantide\u00a0teadvuses"}]},{"@type":"WebSite","@id":"https:\/\/www.folklore.ee\/ars\/#website","url":"https:\/\/www.folklore.ee\/ars\/","name":"Akadeemiline Rahvaluule Selts","description":"Folkloristide, \u00fcli\u00f5pilaste ja k\u00f5igi rahvaluulest huvitatute \u00fchendus, mis aitab kaasa rahvaluule kogumisele, tutvustamisele, uurimisele ja publitseerimisele.","potentialAction":[{"@type":"SearchAction","target":{"@type":"EntryPoint","urlTemplate":"https:\/\/www.folklore.ee\/ars\/?s={search_term_string}"},"query-input":"required name=search_term_string"}],"inLanguage":"en-US"}]}},"_links":{"self":[{"href":"https:\/\/www.folklore.ee\/ars\/wp-json\/wp\/v2\/pages\/721","targetHints":{"allow":["GET"]}}],"collection":[{"href":"https:\/\/www.folklore.ee\/ars\/wp-json\/wp\/v2\/pages"}],"about":[{"href":"https:\/\/www.folklore.ee\/ars\/wp-json\/wp\/v2\/types\/page"}],"author":[{"embeddable":true,"href":"https:\/\/www.folklore.ee\/ars\/wp-json\/wp\/v2\/users\/1"}],"replies":[{"embeddable":true,"href":"https:\/\/www.folklore.ee\/ars\/wp-json\/wp\/v2\/comments?post=721"}],"version-history":[{"count":1,"href":"https:\/\/www.folklore.ee\/ars\/wp-json\/wp\/v2\/pages\/721\/revisions"}],"predecessor-version":[{"id":722,"href":"https:\/\/www.folklore.ee\/ars\/wp-json\/wp\/v2\/pages\/721\/revisions\/722"}],"up":[{"embeddable":true,"href":"https:\/\/www.folklore.ee\/ars\/wp-json\/wp\/v2\/pages\/687"}],"wp:attachment":[{"href":"https:\/\/www.folklore.ee\/ars\/wp-json\/wp\/v2\/media?parent=721"}],"curies":[{"name":"wp","href":"https:\/\/api.w.org\/{rel}","templated":true}]}}