{"id":718,"date":"2023-10-03T06:30:33","date_gmt":"2023-10-03T06:30:33","guid":{"rendered":"https:\/\/www.folklore.ee\/ars\/?page_id=718"},"modified":"2023-10-03T06:30:34","modified_gmt":"2023-10-03T06:30:34","slug":"koik-on-trois-kogumine-pranglil","status":"publish","type":"page","link":"https:\/\/www.folklore.ee\/ars\/uritused\/arhiiv\/kogumiskonverents-2008-ajakava\/koik-on-trois-kogumine-pranglil\/","title":{"rendered":"K\u00f5ik on\u00a0trois. Kogumine Pranglil"},"content":{"rendered":"\n<p>Ettekandes annan \u00fclevaate 30. juunist 6. juulini toimunud v\u00e4lit\u00f6\u00f6dest Prangli saarel. V\u00e4lit\u00f6\u00f6d toimusid Kultuuriministeeriumi programmi \u201eSaarte p\u00e4rimuslik kultuurikeskkond 2008\u20132010\u201c raames. V\u00e4lit\u00f6\u00f6de l\u00e4biviijaks oli Harjumaa Muuseum, osalejateks sama muuseumi t\u00f6\u00f6tajad koos Tartu ning Tallinna \u00fclikooli ajaloo ja etnoloogia eriala \u00fcli\u00f5pilastega. Kolmes Prangli k\u00fclas \u2013 Kelnase, Idaotsa, L\u00e4\u00e4neotsa \u2013 viisime l\u00e4bi intervjuusid nii Prangli p\u00f5liselanike kui ka suvitajatega, pildistasime ja filmisime Prangli praegust eluolu. Intervjuude keskseteks teemadeks olid muutused p\u00e4rast n\u00f5ukogude aega, elu-olu n\u00f5ukogude ajal, perep\u00e4rimus ja ka Prangli murde erip\u00e4ra.<\/p>\n","protected":false},"excerpt":{"rendered":"<p>Ettekandes annan \u00fclevaate 30. juunist 6. juulini toimunud v\u00e4lit\u00f6\u00f6dest Prangli saarel. V\u00e4lit\u00f6\u00f6d toimusid Kultuuriministeeriumi programmi \u201eSaarte p\u00e4rimuslik kultuurikeskkond 2008\u20132010\u201c raames. V\u00e4lit\u00f6\u00f6de l\u00e4biviijaks oli Harjumaa Muuseum, osalejateks sama muuseumi t\u00f6\u00f6tajad koos Tartu ning Tallinna \u00fclikooli ajaloo ja etnoloogia eriala \u00fcli\u00f5pilastega. Kolmes Prangli k\u00fclas \u2013 Kelnase, Idaotsa, L\u00e4\u00e4neotsa \u2013 viisime l\u00e4bi intervjuusid nii Prangli p\u00f5liselanike kui ka [&hellip;]<\/p>\n","protected":false},"author":1,"featured_media":0,"parent":687,"menu_order":0,"comment_status":"closed","ping_status":"closed","template":"","meta":{"footnotes":""},"class_list":["post-718","page","type-page","status-publish","hentry"],"yoast_head":"<!-- This site is optimized with the Yoast SEO plugin v20.12 - https:\/\/yoast.com\/wordpress\/plugins\/seo\/ -->\n<title>K\u00f5ik on\u00a0trois. Kogumine Pranglil | Akadeemiline Rahvaluule Selts<\/title>\n<meta name=\"robots\" content=\"index, follow, max-snippet:-1, max-image-preview:large, max-video-preview:-1\" \/>\n<link rel=\"canonical\" href=\"https:\/\/www.folklore.ee\/ars\/uritused\/arhiiv\/kogumiskonverents-2008-ajakava\/koik-on-trois-kogumine-pranglil\/\" \/>\n<meta property=\"og:locale\" content=\"en_US\" \/>\n<meta property=\"og:type\" content=\"article\" \/>\n<meta property=\"og:title\" content=\"K\u00f5ik on\u00a0trois. Kogumine Pranglil | Akadeemiline Rahvaluule Selts\" \/>\n<meta property=\"og:description\" content=\"Ettekandes annan \u00fclevaate 30. juunist 6. juulini toimunud v\u00e4lit\u00f6\u00f6dest Prangli saarel. V\u00e4lit\u00f6\u00f6d toimusid Kultuuriministeeriumi programmi \u201eSaarte p\u00e4rimuslik kultuurikeskkond 2008\u20132010\u201c raames. V\u00e4lit\u00f6\u00f6de l\u00e4biviijaks oli Harjumaa Muuseum, osalejateks sama muuseumi t\u00f6\u00f6tajad koos Tartu ning Tallinna \u00fclikooli ajaloo ja etnoloogia eriala \u00fcli\u00f5pilastega. Kolmes Prangli k\u00fclas \u2013 Kelnase, Idaotsa, L\u00e4\u00e4neotsa \u2013 viisime l\u00e4bi intervjuusid nii Prangli p\u00f5liselanike kui ka [&hellip;]\" \/>\n<meta property=\"og:url\" content=\"https:\/\/www.folklore.ee\/ars\/uritused\/arhiiv\/kogumiskonverents-2008-ajakava\/koik-on-trois-kogumine-pranglil\/\" \/>\n<meta property=\"og:site_name\" content=\"Akadeemiline Rahvaluule Selts\" \/>\n<meta property=\"article:modified_time\" content=\"2023-10-03T06:30:34+00:00\" \/>\n<meta name=\"twitter:card\" content=\"summary_large_image\" \/>\n<script type=\"application\/ld+json\" class=\"yoast-schema-graph\">{\"@context\":\"https:\/\/schema.org\",\"@graph\":[{\"@type\":\"WebPage\",\"@id\":\"https:\/\/www.folklore.ee\/ars\/uritused\/arhiiv\/kogumiskonverents-2008-ajakava\/koik-on-trois-kogumine-pranglil\/\",\"url\":\"https:\/\/www.folklore.ee\/ars\/uritused\/arhiiv\/kogumiskonverents-2008-ajakava\/koik-on-trois-kogumine-pranglil\/\",\"name\":\"K\u00f5ik on\u00a0trois. Kogumine Pranglil | Akadeemiline Rahvaluule Selts\",\"isPartOf\":{\"@id\":\"https:\/\/www.folklore.ee\/ars\/#website\"},\"datePublished\":\"2023-10-03T06:30:33+00:00\",\"dateModified\":\"2023-10-03T06:30:34+00:00\",\"breadcrumb\":{\"@id\":\"https:\/\/www.folklore.ee\/ars\/uritused\/arhiiv\/kogumiskonverents-2008-ajakava\/koik-on-trois-kogumine-pranglil\/#breadcrumb\"},\"inLanguage\":\"en-US\",\"potentialAction\":[{\"@type\":\"ReadAction\",\"target\":[\"https:\/\/www.folklore.ee\/ars\/uritused\/arhiiv\/kogumiskonverents-2008-ajakava\/koik-on-trois-kogumine-pranglil\/\"]}]},{\"@type\":\"BreadcrumbList\",\"@id\":\"https:\/\/www.folklore.ee\/ars\/uritused\/arhiiv\/kogumiskonverents-2008-ajakava\/koik-on-trois-kogumine-pranglil\/#breadcrumb\",\"itemListElement\":[{\"@type\":\"ListItem\",\"position\":1,\"name\":\"Avaleht\",\"item\":\"https:\/\/www.folklore.ee\/ars\/\"},{\"@type\":\"ListItem\",\"position\":2,\"name\":\"\u00dcritused\",\"item\":\"https:\/\/www.folklore.ee\/ars\/uritused\/\"},{\"@type\":\"ListItem\",\"position\":3,\"name\":\"Arhiiv\",\"item\":\"https:\/\/www.folklore.ee\/ars\/uritused\/arhiiv\/\"},{\"@type\":\"ListItem\",\"position\":4,\"name\":\"Kogumiskonverents 2008 ajakava\",\"item\":\"https:\/\/www.folklore.ee\/ars\/uritused\/arhiiv\/kogumiskonverents-2008-ajakava\/\"},{\"@type\":\"ListItem\",\"position\":5,\"name\":\"K\u00f5ik on\u00a0trois. Kogumine Pranglil\"}]},{\"@type\":\"WebSite\",\"@id\":\"https:\/\/www.folklore.ee\/ars\/#website\",\"url\":\"https:\/\/www.folklore.ee\/ars\/\",\"name\":\"Akadeemiline Rahvaluule Selts\",\"description\":\"Folkloristide, \u00fcli\u00f5pilaste ja k\u00f5igi rahvaluulest huvitatute \u00fchendus, mis aitab kaasa rahvaluule kogumisele, tutvustamisele, uurimisele ja publitseerimisele.\",\"potentialAction\":[{\"@type\":\"SearchAction\",\"target\":{\"@type\":\"EntryPoint\",\"urlTemplate\":\"https:\/\/www.folklore.ee\/ars\/?s={search_term_string}\"},\"query-input\":\"required name=search_term_string\"}],\"inLanguage\":\"en-US\"}]}<\/script>\n<!-- \/ Yoast SEO plugin. -->","yoast_head_json":{"title":"K\u00f5ik on\u00a0trois. Kogumine Pranglil | Akadeemiline Rahvaluule Selts","robots":{"index":"index","follow":"follow","max-snippet":"max-snippet:-1","max-image-preview":"max-image-preview:large","max-video-preview":"max-video-preview:-1"},"canonical":"https:\/\/www.folklore.ee\/ars\/uritused\/arhiiv\/kogumiskonverents-2008-ajakava\/koik-on-trois-kogumine-pranglil\/","og_locale":"en_US","og_type":"article","og_title":"K\u00f5ik on\u00a0trois. Kogumine Pranglil | Akadeemiline Rahvaluule Selts","og_description":"Ettekandes annan \u00fclevaate 30. juunist 6. juulini toimunud v\u00e4lit\u00f6\u00f6dest Prangli saarel. V\u00e4lit\u00f6\u00f6d toimusid Kultuuriministeeriumi programmi \u201eSaarte p\u00e4rimuslik kultuurikeskkond 2008\u20132010\u201c raames. V\u00e4lit\u00f6\u00f6de l\u00e4biviijaks oli Harjumaa Muuseum, osalejateks sama muuseumi t\u00f6\u00f6tajad koos Tartu ning Tallinna \u00fclikooli ajaloo ja etnoloogia eriala \u00fcli\u00f5pilastega. Kolmes Prangli k\u00fclas \u2013 Kelnase, Idaotsa, L\u00e4\u00e4neotsa \u2013 viisime l\u00e4bi intervjuusid nii Prangli p\u00f5liselanike kui ka [&hellip;]","og_url":"https:\/\/www.folklore.ee\/ars\/uritused\/arhiiv\/kogumiskonverents-2008-ajakava\/koik-on-trois-kogumine-pranglil\/","og_site_name":"Akadeemiline Rahvaluule Selts","article_modified_time":"2023-10-03T06:30:34+00:00","twitter_card":"summary_large_image","schema":{"@context":"https:\/\/schema.org","@graph":[{"@type":"WebPage","@id":"https:\/\/www.folklore.ee\/ars\/uritused\/arhiiv\/kogumiskonverents-2008-ajakava\/koik-on-trois-kogumine-pranglil\/","url":"https:\/\/www.folklore.ee\/ars\/uritused\/arhiiv\/kogumiskonverents-2008-ajakava\/koik-on-trois-kogumine-pranglil\/","name":"K\u00f5ik on\u00a0trois. Kogumine Pranglil | Akadeemiline Rahvaluule Selts","isPartOf":{"@id":"https:\/\/www.folklore.ee\/ars\/#website"},"datePublished":"2023-10-03T06:30:33+00:00","dateModified":"2023-10-03T06:30:34+00:00","breadcrumb":{"@id":"https:\/\/www.folklore.ee\/ars\/uritused\/arhiiv\/kogumiskonverents-2008-ajakava\/koik-on-trois-kogumine-pranglil\/#breadcrumb"},"inLanguage":"en-US","potentialAction":[{"@type":"ReadAction","target":["https:\/\/www.folklore.ee\/ars\/uritused\/arhiiv\/kogumiskonverents-2008-ajakava\/koik-on-trois-kogumine-pranglil\/"]}]},{"@type":"BreadcrumbList","@id":"https:\/\/www.folklore.ee\/ars\/uritused\/arhiiv\/kogumiskonverents-2008-ajakava\/koik-on-trois-kogumine-pranglil\/#breadcrumb","itemListElement":[{"@type":"ListItem","position":1,"name":"Avaleht","item":"https:\/\/www.folklore.ee\/ars\/"},{"@type":"ListItem","position":2,"name":"\u00dcritused","item":"https:\/\/www.folklore.ee\/ars\/uritused\/"},{"@type":"ListItem","position":3,"name":"Arhiiv","item":"https:\/\/www.folklore.ee\/ars\/uritused\/arhiiv\/"},{"@type":"ListItem","position":4,"name":"Kogumiskonverents 2008 ajakava","item":"https:\/\/www.folklore.ee\/ars\/uritused\/arhiiv\/kogumiskonverents-2008-ajakava\/"},{"@type":"ListItem","position":5,"name":"K\u00f5ik on\u00a0trois. Kogumine Pranglil"}]},{"@type":"WebSite","@id":"https:\/\/www.folklore.ee\/ars\/#website","url":"https:\/\/www.folklore.ee\/ars\/","name":"Akadeemiline Rahvaluule Selts","description":"Folkloristide, \u00fcli\u00f5pilaste ja k\u00f5igi rahvaluulest huvitatute \u00fchendus, mis aitab kaasa rahvaluule kogumisele, tutvustamisele, uurimisele ja publitseerimisele.","potentialAction":[{"@type":"SearchAction","target":{"@type":"EntryPoint","urlTemplate":"https:\/\/www.folklore.ee\/ars\/?s={search_term_string}"},"query-input":"required name=search_term_string"}],"inLanguage":"en-US"}]}},"_links":{"self":[{"href":"https:\/\/www.folklore.ee\/ars\/wp-json\/wp\/v2\/pages\/718","targetHints":{"allow":["GET"]}}],"collection":[{"href":"https:\/\/www.folklore.ee\/ars\/wp-json\/wp\/v2\/pages"}],"about":[{"href":"https:\/\/www.folklore.ee\/ars\/wp-json\/wp\/v2\/types\/page"}],"author":[{"embeddable":true,"href":"https:\/\/www.folklore.ee\/ars\/wp-json\/wp\/v2\/users\/1"}],"replies":[{"embeddable":true,"href":"https:\/\/www.folklore.ee\/ars\/wp-json\/wp\/v2\/comments?post=718"}],"version-history":[{"count":1,"href":"https:\/\/www.folklore.ee\/ars\/wp-json\/wp\/v2\/pages\/718\/revisions"}],"predecessor-version":[{"id":719,"href":"https:\/\/www.folklore.ee\/ars\/wp-json\/wp\/v2\/pages\/718\/revisions\/719"}],"up":[{"embeddable":true,"href":"https:\/\/www.folklore.ee\/ars\/wp-json\/wp\/v2\/pages\/687"}],"wp:attachment":[{"href":"https:\/\/www.folklore.ee\/ars\/wp-json\/wp\/v2\/media?parent=718"}],"curies":[{"name":"wp","href":"https:\/\/api.w.org\/{rel}","templated":true}]}}