{"id":716,"date":"2023-10-03T06:30:01","date_gmt":"2023-10-03T06:30:01","guid":{"rendered":"https:\/\/www.folklore.ee\/ars\/?page_id=716"},"modified":"2023-10-03T06:30:01","modified_gmt":"2023-10-03T06:30:01","slug":"projekt-eesti-tuubid-2008-aasta-eestimaalased-labi-fotosilma","status":"publish","type":"page","link":"https:\/\/www.folklore.ee\/ars\/uritused\/arhiiv\/kogumiskonverents-2008-ajakava\/projekt-eesti-tuubid-2008-aasta-eestimaalased-labi-fotosilma\/","title":{"rendered":"Projekt \u201eEesti t\u00fc\u00fcbid\u201c. 2008. aasta eestimaalased l\u00e4bi fotosilma"},"content":{"rendered":"\n<p>\u201eEesti t\u00fc\u00fcbid\u201c on kaasaega dokumenteeriv fotoprojekt, mille eesm\u00e4rk on j\u00e4\u00e4dvustada 21. sajandi alguse eestimaalasi. Projekt on koost\u00f6\u00f6 Eesti Rahva Muuseumi ja fotograaf Alar Madissoni vahel.<\/p>\n\n\n\n<p>Maikuust septembrini kestnud v\u00e4lit\u00f6\u00f6de k\u00e4igus kogutud fotomaterjal annab vastuse k\u00fcsimusele, milline on erinevate Eesti piirkondade, generatsioonide ja rahvuste etnograafiline portree. Suve jooksul k\u00e4idi k\u00f5igis Eesti 15 maakonnas, kus pildistati \u00fchtekokku 400 inimest.<\/p>\n\n\n\n<p>Projekti l\u00f5pptulemusena avatakse 2009. aasta kevadel, kui Eesti Rahva Muuseum t\u00e4histab 100. juubelit, Raadi m\u00f5isapargis Alar Madissoni poolt kureeritud v\u00e4lin\u00e4itus, kus valikuliselt eksponeeritakse 2008. aasta suvel pildistatud inimeste fotosid.<\/p>\n","protected":false},"excerpt":{"rendered":"<p>\u201eEesti t\u00fc\u00fcbid\u201c on kaasaega dokumenteeriv fotoprojekt, mille eesm\u00e4rk on j\u00e4\u00e4dvustada 21. sajandi alguse eestimaalasi. Projekt on koost\u00f6\u00f6 Eesti Rahva Muuseumi ja fotograaf Alar Madissoni vahel. Maikuust septembrini kestnud v\u00e4lit\u00f6\u00f6de k\u00e4igus kogutud fotomaterjal annab vastuse k\u00fcsimusele, milline on erinevate Eesti piirkondade, generatsioonide ja rahvuste etnograafiline portree. Suve jooksul k\u00e4idi k\u00f5igis Eesti 15 maakonnas, kus pildistati \u00fchtekokku [&hellip;]<\/p>\n","protected":false},"author":1,"featured_media":0,"parent":687,"menu_order":0,"comment_status":"closed","ping_status":"closed","template":"","meta":{"footnotes":""},"class_list":["post-716","page","type-page","status-publish","hentry"],"yoast_head":"<!-- This site is optimized with the Yoast SEO plugin v20.12 - https:\/\/yoast.com\/wordpress\/plugins\/seo\/ -->\n<title>Projekt \u201eEesti t\u00fc\u00fcbid\u201c. 2008. aasta eestimaalased l\u00e4bi fotosilma | Akadeemiline Rahvaluule Selts<\/title>\n<meta name=\"robots\" content=\"index, follow, max-snippet:-1, max-image-preview:large, max-video-preview:-1\" \/>\n<link rel=\"canonical\" href=\"https:\/\/www.folklore.ee\/ars\/uritused\/arhiiv\/kogumiskonverents-2008-ajakava\/projekt-eesti-tuubid-2008-aasta-eestimaalased-labi-fotosilma\/\" \/>\n<meta property=\"og:locale\" content=\"en_US\" \/>\n<meta property=\"og:type\" content=\"article\" \/>\n<meta property=\"og:title\" content=\"Projekt \u201eEesti t\u00fc\u00fcbid\u201c. 2008. aasta eestimaalased l\u00e4bi fotosilma | Akadeemiline Rahvaluule Selts\" \/>\n<meta property=\"og:description\" content=\"\u201eEesti t\u00fc\u00fcbid\u201c on kaasaega dokumenteeriv fotoprojekt, mille eesm\u00e4rk on j\u00e4\u00e4dvustada 21. sajandi alguse eestimaalasi. Projekt on koost\u00f6\u00f6 Eesti Rahva Muuseumi ja fotograaf Alar Madissoni vahel. Maikuust septembrini kestnud v\u00e4lit\u00f6\u00f6de k\u00e4igus kogutud fotomaterjal annab vastuse k\u00fcsimusele, milline on erinevate Eesti piirkondade, generatsioonide ja rahvuste etnograafiline portree. Suve jooksul k\u00e4idi k\u00f5igis Eesti 15 maakonnas, kus pildistati \u00fchtekokku [&hellip;]\" \/>\n<meta property=\"og:url\" content=\"https:\/\/www.folklore.ee\/ars\/uritused\/arhiiv\/kogumiskonverents-2008-ajakava\/projekt-eesti-tuubid-2008-aasta-eestimaalased-labi-fotosilma\/\" \/>\n<meta property=\"og:site_name\" content=\"Akadeemiline Rahvaluule Selts\" \/>\n<meta name=\"twitter:card\" content=\"summary_large_image\" \/>\n<meta name=\"twitter:label1\" content=\"Est. reading time\" \/>\n\t<meta name=\"twitter:data1\" content=\"1 minute\" \/>\n<script type=\"application\/ld+json\" class=\"yoast-schema-graph\">{\"@context\":\"https:\/\/schema.org\",\"@graph\":[{\"@type\":\"WebPage\",\"@id\":\"https:\/\/www.folklore.ee\/ars\/uritused\/arhiiv\/kogumiskonverents-2008-ajakava\/projekt-eesti-tuubid-2008-aasta-eestimaalased-labi-fotosilma\/\",\"url\":\"https:\/\/www.folklore.ee\/ars\/uritused\/arhiiv\/kogumiskonverents-2008-ajakava\/projekt-eesti-tuubid-2008-aasta-eestimaalased-labi-fotosilma\/\",\"name\":\"Projekt \u201eEesti t\u00fc\u00fcbid\u201c. 2008. aasta eestimaalased l\u00e4bi fotosilma | Akadeemiline Rahvaluule Selts\",\"isPartOf\":{\"@id\":\"https:\/\/www.folklore.ee\/ars\/#website\"},\"datePublished\":\"2023-10-03T06:30:01+00:00\",\"dateModified\":\"2023-10-03T06:30:01+00:00\",\"breadcrumb\":{\"@id\":\"https:\/\/www.folklore.ee\/ars\/uritused\/arhiiv\/kogumiskonverents-2008-ajakava\/projekt-eesti-tuubid-2008-aasta-eestimaalased-labi-fotosilma\/#breadcrumb\"},\"inLanguage\":\"en-US\",\"potentialAction\":[{\"@type\":\"ReadAction\",\"target\":[\"https:\/\/www.folklore.ee\/ars\/uritused\/arhiiv\/kogumiskonverents-2008-ajakava\/projekt-eesti-tuubid-2008-aasta-eestimaalased-labi-fotosilma\/\"]}]},{\"@type\":\"BreadcrumbList\",\"@id\":\"https:\/\/www.folklore.ee\/ars\/uritused\/arhiiv\/kogumiskonverents-2008-ajakava\/projekt-eesti-tuubid-2008-aasta-eestimaalased-labi-fotosilma\/#breadcrumb\",\"itemListElement\":[{\"@type\":\"ListItem\",\"position\":1,\"name\":\"Avaleht\",\"item\":\"https:\/\/www.folklore.ee\/ars\/\"},{\"@type\":\"ListItem\",\"position\":2,\"name\":\"\u00dcritused\",\"item\":\"https:\/\/www.folklore.ee\/ars\/uritused\/\"},{\"@type\":\"ListItem\",\"position\":3,\"name\":\"Arhiiv\",\"item\":\"https:\/\/www.folklore.ee\/ars\/uritused\/arhiiv\/\"},{\"@type\":\"ListItem\",\"position\":4,\"name\":\"Kogumiskonverents 2008 ajakava\",\"item\":\"https:\/\/www.folklore.ee\/ars\/uritused\/arhiiv\/kogumiskonverents-2008-ajakava\/\"},{\"@type\":\"ListItem\",\"position\":5,\"name\":\"Projekt \u201eEesti t\u00fc\u00fcbid\u201c. 2008. aasta eestimaalased l\u00e4bi fotosilma\"}]},{\"@type\":\"WebSite\",\"@id\":\"https:\/\/www.folklore.ee\/ars\/#website\",\"url\":\"https:\/\/www.folklore.ee\/ars\/\",\"name\":\"Akadeemiline Rahvaluule Selts\",\"description\":\"Folkloristide, \u00fcli\u00f5pilaste ja k\u00f5igi rahvaluulest huvitatute \u00fchendus, mis aitab kaasa rahvaluule kogumisele, tutvustamisele, uurimisele ja publitseerimisele.\",\"potentialAction\":[{\"@type\":\"SearchAction\",\"target\":{\"@type\":\"EntryPoint\",\"urlTemplate\":\"https:\/\/www.folklore.ee\/ars\/?s={search_term_string}\"},\"query-input\":\"required name=search_term_string\"}],\"inLanguage\":\"en-US\"}]}<\/script>\n<!-- \/ Yoast SEO plugin. -->","yoast_head_json":{"title":"Projekt \u201eEesti t\u00fc\u00fcbid\u201c. 2008. aasta eestimaalased l\u00e4bi fotosilma | Akadeemiline Rahvaluule Selts","robots":{"index":"index","follow":"follow","max-snippet":"max-snippet:-1","max-image-preview":"max-image-preview:large","max-video-preview":"max-video-preview:-1"},"canonical":"https:\/\/www.folklore.ee\/ars\/uritused\/arhiiv\/kogumiskonverents-2008-ajakava\/projekt-eesti-tuubid-2008-aasta-eestimaalased-labi-fotosilma\/","og_locale":"en_US","og_type":"article","og_title":"Projekt \u201eEesti t\u00fc\u00fcbid\u201c. 2008. aasta eestimaalased l\u00e4bi fotosilma | Akadeemiline Rahvaluule Selts","og_description":"\u201eEesti t\u00fc\u00fcbid\u201c on kaasaega dokumenteeriv fotoprojekt, mille eesm\u00e4rk on j\u00e4\u00e4dvustada 21. sajandi alguse eestimaalasi. Projekt on koost\u00f6\u00f6 Eesti Rahva Muuseumi ja fotograaf Alar Madissoni vahel. Maikuust septembrini kestnud v\u00e4lit\u00f6\u00f6de k\u00e4igus kogutud fotomaterjal annab vastuse k\u00fcsimusele, milline on erinevate Eesti piirkondade, generatsioonide ja rahvuste etnograafiline portree. Suve jooksul k\u00e4idi k\u00f5igis Eesti 15 maakonnas, kus pildistati \u00fchtekokku [&hellip;]","og_url":"https:\/\/www.folklore.ee\/ars\/uritused\/arhiiv\/kogumiskonverents-2008-ajakava\/projekt-eesti-tuubid-2008-aasta-eestimaalased-labi-fotosilma\/","og_site_name":"Akadeemiline Rahvaluule Selts","twitter_card":"summary_large_image","twitter_misc":{"Est. reading time":"1 minute"},"schema":{"@context":"https:\/\/schema.org","@graph":[{"@type":"WebPage","@id":"https:\/\/www.folklore.ee\/ars\/uritused\/arhiiv\/kogumiskonverents-2008-ajakava\/projekt-eesti-tuubid-2008-aasta-eestimaalased-labi-fotosilma\/","url":"https:\/\/www.folklore.ee\/ars\/uritused\/arhiiv\/kogumiskonverents-2008-ajakava\/projekt-eesti-tuubid-2008-aasta-eestimaalased-labi-fotosilma\/","name":"Projekt \u201eEesti t\u00fc\u00fcbid\u201c. 2008. aasta eestimaalased l\u00e4bi fotosilma | Akadeemiline Rahvaluule Selts","isPartOf":{"@id":"https:\/\/www.folklore.ee\/ars\/#website"},"datePublished":"2023-10-03T06:30:01+00:00","dateModified":"2023-10-03T06:30:01+00:00","breadcrumb":{"@id":"https:\/\/www.folklore.ee\/ars\/uritused\/arhiiv\/kogumiskonverents-2008-ajakava\/projekt-eesti-tuubid-2008-aasta-eestimaalased-labi-fotosilma\/#breadcrumb"},"inLanguage":"en-US","potentialAction":[{"@type":"ReadAction","target":["https:\/\/www.folklore.ee\/ars\/uritused\/arhiiv\/kogumiskonverents-2008-ajakava\/projekt-eesti-tuubid-2008-aasta-eestimaalased-labi-fotosilma\/"]}]},{"@type":"BreadcrumbList","@id":"https:\/\/www.folklore.ee\/ars\/uritused\/arhiiv\/kogumiskonverents-2008-ajakava\/projekt-eesti-tuubid-2008-aasta-eestimaalased-labi-fotosilma\/#breadcrumb","itemListElement":[{"@type":"ListItem","position":1,"name":"Avaleht","item":"https:\/\/www.folklore.ee\/ars\/"},{"@type":"ListItem","position":2,"name":"\u00dcritused","item":"https:\/\/www.folklore.ee\/ars\/uritused\/"},{"@type":"ListItem","position":3,"name":"Arhiiv","item":"https:\/\/www.folklore.ee\/ars\/uritused\/arhiiv\/"},{"@type":"ListItem","position":4,"name":"Kogumiskonverents 2008 ajakava","item":"https:\/\/www.folklore.ee\/ars\/uritused\/arhiiv\/kogumiskonverents-2008-ajakava\/"},{"@type":"ListItem","position":5,"name":"Projekt \u201eEesti t\u00fc\u00fcbid\u201c. 2008. aasta eestimaalased l\u00e4bi fotosilma"}]},{"@type":"WebSite","@id":"https:\/\/www.folklore.ee\/ars\/#website","url":"https:\/\/www.folklore.ee\/ars\/","name":"Akadeemiline Rahvaluule Selts","description":"Folkloristide, \u00fcli\u00f5pilaste ja k\u00f5igi rahvaluulest huvitatute \u00fchendus, mis aitab kaasa rahvaluule kogumisele, tutvustamisele, uurimisele ja publitseerimisele.","potentialAction":[{"@type":"SearchAction","target":{"@type":"EntryPoint","urlTemplate":"https:\/\/www.folklore.ee\/ars\/?s={search_term_string}"},"query-input":"required name=search_term_string"}],"inLanguage":"en-US"}]}},"_links":{"self":[{"href":"https:\/\/www.folklore.ee\/ars\/wp-json\/wp\/v2\/pages\/716","targetHints":{"allow":["GET"]}}],"collection":[{"href":"https:\/\/www.folklore.ee\/ars\/wp-json\/wp\/v2\/pages"}],"about":[{"href":"https:\/\/www.folklore.ee\/ars\/wp-json\/wp\/v2\/types\/page"}],"author":[{"embeddable":true,"href":"https:\/\/www.folklore.ee\/ars\/wp-json\/wp\/v2\/users\/1"}],"replies":[{"embeddable":true,"href":"https:\/\/www.folklore.ee\/ars\/wp-json\/wp\/v2\/comments?post=716"}],"version-history":[{"count":1,"href":"https:\/\/www.folklore.ee\/ars\/wp-json\/wp\/v2\/pages\/716\/revisions"}],"predecessor-version":[{"id":717,"href":"https:\/\/www.folklore.ee\/ars\/wp-json\/wp\/v2\/pages\/716\/revisions\/717"}],"up":[{"embeddable":true,"href":"https:\/\/www.folklore.ee\/ars\/wp-json\/wp\/v2\/pages\/687"}],"wp:attachment":[{"href":"https:\/\/www.folklore.ee\/ars\/wp-json\/wp\/v2\/media?parent=716"}],"curies":[{"name":"wp","href":"https:\/\/api.w.org\/{rel}","templated":true}]}}