{"id":713,"date":"2023-10-03T06:27:40","date_gmt":"2023-10-03T06:27:40","guid":{"rendered":"https:\/\/www.folklore.ee\/ars\/?page_id=713"},"modified":"2023-10-03T06:28:31","modified_gmt":"2023-10-03T06:28:31","slug":"kolmekesi-sorves-kolm-kohtumist","status":"publish","type":"page","link":"https:\/\/www.folklore.ee\/ars\/uritused\/arhiiv\/kogumiskonverents-2008-ajakava\/kolmekesi-sorves-kolm-kohtumist\/","title":{"rendered":"Kolmekesi S\u00f5rves \u2013 kolm kohtumist"},"content":{"rendered":"\n<p>Eesti Rahvaluule Arhiivi v\u00e4lit\u00f6\u00f6d S\u00f5rve poolsaarele toimusid 2001.\u20132002. aastal. Tollaste v\u00e4lit\u00f6\u00f6de tulemusena tekkis hea \u00fclevaade kohalikust eluviisist ja p\u00e4rimusest. 2008. aasta augusti l\u00f5pus S\u00f5rves koos kahe kaaslasega kogutud materjal t\u00e4iendab v\u00e4he tollal kogutut, pigem p\u00fc\u00fcab j\u00e4lgida s\u00f5rulaste elus vahepealsel ajal toimunud muutusi. Ettekandes on t\u00e4psemalt juttu kolmest S\u00f5rves aset leidnud kohtumisest.<\/p>\n","protected":false},"excerpt":{"rendered":"<p>Eesti Rahvaluule Arhiivi v\u00e4lit\u00f6\u00f6d S\u00f5rve poolsaarele toimusid 2001.\u20132002. aastal. Tollaste v\u00e4lit\u00f6\u00f6de tulemusena tekkis hea \u00fclevaade kohalikust eluviisist ja p\u00e4rimusest. 2008. aasta augusti l\u00f5pus S\u00f5rves koos kahe kaaslasega kogutud materjal t\u00e4iendab v\u00e4he tollal kogutut, pigem p\u00fc\u00fcab j\u00e4lgida s\u00f5rulaste elus vahepealsel ajal toimunud muutusi. Ettekandes on t\u00e4psemalt juttu kolmest S\u00f5rves aset leidnud kohtumisest.<\/p>\n","protected":false},"author":1,"featured_media":0,"parent":687,"menu_order":0,"comment_status":"closed","ping_status":"closed","template":"","meta":{"footnotes":""},"class_list":["post-713","page","type-page","status-publish","hentry"],"yoast_head":"<!-- This site is optimized with the Yoast SEO plugin v20.12 - https:\/\/yoast.com\/wordpress\/plugins\/seo\/ -->\n<title>Kolmekesi S\u00f5rves \u2013 kolm kohtumist | Akadeemiline Rahvaluule Selts<\/title>\n<meta name=\"robots\" content=\"index, follow, max-snippet:-1, max-image-preview:large, max-video-preview:-1\" \/>\n<link rel=\"canonical\" href=\"https:\/\/www.folklore.ee\/ars\/uritused\/arhiiv\/kogumiskonverents-2008-ajakava\/kolmekesi-sorves-kolm-kohtumist\/\" \/>\n<meta property=\"og:locale\" content=\"en_US\" \/>\n<meta property=\"og:type\" content=\"article\" \/>\n<meta property=\"og:title\" content=\"Kolmekesi S\u00f5rves \u2013 kolm kohtumist | Akadeemiline Rahvaluule Selts\" \/>\n<meta property=\"og:description\" content=\"Eesti Rahvaluule Arhiivi v\u00e4lit\u00f6\u00f6d S\u00f5rve poolsaarele toimusid 2001.\u20132002. aastal. Tollaste v\u00e4lit\u00f6\u00f6de tulemusena tekkis hea \u00fclevaade kohalikust eluviisist ja p\u00e4rimusest. 2008. aasta augusti l\u00f5pus S\u00f5rves koos kahe kaaslasega kogutud materjal t\u00e4iendab v\u00e4he tollal kogutut, pigem p\u00fc\u00fcab j\u00e4lgida s\u00f5rulaste elus vahepealsel ajal toimunud muutusi. Ettekandes on t\u00e4psemalt juttu kolmest S\u00f5rves aset leidnud kohtumisest.\" \/>\n<meta property=\"og:url\" content=\"https:\/\/www.folklore.ee\/ars\/uritused\/arhiiv\/kogumiskonverents-2008-ajakava\/kolmekesi-sorves-kolm-kohtumist\/\" \/>\n<meta property=\"og:site_name\" content=\"Akadeemiline Rahvaluule Selts\" \/>\n<meta property=\"article:modified_time\" content=\"2023-10-03T06:28:31+00:00\" \/>\n<meta name=\"twitter:card\" content=\"summary_large_image\" \/>\n<meta name=\"twitter:label1\" content=\"Est. reading time\" \/>\n\t<meta name=\"twitter:data1\" content=\"1 minute\" \/>\n<script type=\"application\/ld+json\" class=\"yoast-schema-graph\">{\"@context\":\"https:\/\/schema.org\",\"@graph\":[{\"@type\":\"WebPage\",\"@id\":\"https:\/\/www.folklore.ee\/ars\/uritused\/arhiiv\/kogumiskonverents-2008-ajakava\/kolmekesi-sorves-kolm-kohtumist\/\",\"url\":\"https:\/\/www.folklore.ee\/ars\/uritused\/arhiiv\/kogumiskonverents-2008-ajakava\/kolmekesi-sorves-kolm-kohtumist\/\",\"name\":\"Kolmekesi S\u00f5rves \u2013 kolm kohtumist | Akadeemiline Rahvaluule Selts\",\"isPartOf\":{\"@id\":\"https:\/\/www.folklore.ee\/ars\/#website\"},\"datePublished\":\"2023-10-03T06:27:40+00:00\",\"dateModified\":\"2023-10-03T06:28:31+00:00\",\"breadcrumb\":{\"@id\":\"https:\/\/www.folklore.ee\/ars\/uritused\/arhiiv\/kogumiskonverents-2008-ajakava\/kolmekesi-sorves-kolm-kohtumist\/#breadcrumb\"},\"inLanguage\":\"en-US\",\"potentialAction\":[{\"@type\":\"ReadAction\",\"target\":[\"https:\/\/www.folklore.ee\/ars\/uritused\/arhiiv\/kogumiskonverents-2008-ajakava\/kolmekesi-sorves-kolm-kohtumist\/\"]}]},{\"@type\":\"BreadcrumbList\",\"@id\":\"https:\/\/www.folklore.ee\/ars\/uritused\/arhiiv\/kogumiskonverents-2008-ajakava\/kolmekesi-sorves-kolm-kohtumist\/#breadcrumb\",\"itemListElement\":[{\"@type\":\"ListItem\",\"position\":1,\"name\":\"Avaleht\",\"item\":\"https:\/\/www.folklore.ee\/ars\/\"},{\"@type\":\"ListItem\",\"position\":2,\"name\":\"\u00dcritused\",\"item\":\"https:\/\/www.folklore.ee\/ars\/uritused\/\"},{\"@type\":\"ListItem\",\"position\":3,\"name\":\"Arhiiv\",\"item\":\"https:\/\/www.folklore.ee\/ars\/uritused\/arhiiv\/\"},{\"@type\":\"ListItem\",\"position\":4,\"name\":\"Kogumiskonverents 2008 ajakava\",\"item\":\"https:\/\/www.folklore.ee\/ars\/uritused\/arhiiv\/kogumiskonverents-2008-ajakava\/\"},{\"@type\":\"ListItem\",\"position\":5,\"name\":\"Kolmekesi S\u00f5rves \u2013 kolm kohtumist\"}]},{\"@type\":\"WebSite\",\"@id\":\"https:\/\/www.folklore.ee\/ars\/#website\",\"url\":\"https:\/\/www.folklore.ee\/ars\/\",\"name\":\"Akadeemiline Rahvaluule Selts\",\"description\":\"Folkloristide, \u00fcli\u00f5pilaste ja k\u00f5igi rahvaluulest huvitatute \u00fchendus, mis aitab kaasa rahvaluule kogumisele, tutvustamisele, uurimisele ja publitseerimisele.\",\"potentialAction\":[{\"@type\":\"SearchAction\",\"target\":{\"@type\":\"EntryPoint\",\"urlTemplate\":\"https:\/\/www.folklore.ee\/ars\/?s={search_term_string}\"},\"query-input\":\"required name=search_term_string\"}],\"inLanguage\":\"en-US\"}]}<\/script>\n<!-- \/ Yoast SEO plugin. -->","yoast_head_json":{"title":"Kolmekesi S\u00f5rves \u2013 kolm kohtumist | Akadeemiline Rahvaluule Selts","robots":{"index":"index","follow":"follow","max-snippet":"max-snippet:-1","max-image-preview":"max-image-preview:large","max-video-preview":"max-video-preview:-1"},"canonical":"https:\/\/www.folklore.ee\/ars\/uritused\/arhiiv\/kogumiskonverents-2008-ajakava\/kolmekesi-sorves-kolm-kohtumist\/","og_locale":"en_US","og_type":"article","og_title":"Kolmekesi S\u00f5rves \u2013 kolm kohtumist | Akadeemiline Rahvaluule Selts","og_description":"Eesti Rahvaluule Arhiivi v\u00e4lit\u00f6\u00f6d S\u00f5rve poolsaarele toimusid 2001.\u20132002. aastal. Tollaste v\u00e4lit\u00f6\u00f6de tulemusena tekkis hea \u00fclevaade kohalikust eluviisist ja p\u00e4rimusest. 2008. aasta augusti l\u00f5pus S\u00f5rves koos kahe kaaslasega kogutud materjal t\u00e4iendab v\u00e4he tollal kogutut, pigem p\u00fc\u00fcab j\u00e4lgida s\u00f5rulaste elus vahepealsel ajal toimunud muutusi. Ettekandes on t\u00e4psemalt juttu kolmest S\u00f5rves aset leidnud kohtumisest.","og_url":"https:\/\/www.folklore.ee\/ars\/uritused\/arhiiv\/kogumiskonverents-2008-ajakava\/kolmekesi-sorves-kolm-kohtumist\/","og_site_name":"Akadeemiline Rahvaluule Selts","article_modified_time":"2023-10-03T06:28:31+00:00","twitter_card":"summary_large_image","twitter_misc":{"Est. reading time":"1 minute"},"schema":{"@context":"https:\/\/schema.org","@graph":[{"@type":"WebPage","@id":"https:\/\/www.folklore.ee\/ars\/uritused\/arhiiv\/kogumiskonverents-2008-ajakava\/kolmekesi-sorves-kolm-kohtumist\/","url":"https:\/\/www.folklore.ee\/ars\/uritused\/arhiiv\/kogumiskonverents-2008-ajakava\/kolmekesi-sorves-kolm-kohtumist\/","name":"Kolmekesi S\u00f5rves \u2013 kolm kohtumist | Akadeemiline Rahvaluule Selts","isPartOf":{"@id":"https:\/\/www.folklore.ee\/ars\/#website"},"datePublished":"2023-10-03T06:27:40+00:00","dateModified":"2023-10-03T06:28:31+00:00","breadcrumb":{"@id":"https:\/\/www.folklore.ee\/ars\/uritused\/arhiiv\/kogumiskonverents-2008-ajakava\/kolmekesi-sorves-kolm-kohtumist\/#breadcrumb"},"inLanguage":"en-US","potentialAction":[{"@type":"ReadAction","target":["https:\/\/www.folklore.ee\/ars\/uritused\/arhiiv\/kogumiskonverents-2008-ajakava\/kolmekesi-sorves-kolm-kohtumist\/"]}]},{"@type":"BreadcrumbList","@id":"https:\/\/www.folklore.ee\/ars\/uritused\/arhiiv\/kogumiskonverents-2008-ajakava\/kolmekesi-sorves-kolm-kohtumist\/#breadcrumb","itemListElement":[{"@type":"ListItem","position":1,"name":"Avaleht","item":"https:\/\/www.folklore.ee\/ars\/"},{"@type":"ListItem","position":2,"name":"\u00dcritused","item":"https:\/\/www.folklore.ee\/ars\/uritused\/"},{"@type":"ListItem","position":3,"name":"Arhiiv","item":"https:\/\/www.folklore.ee\/ars\/uritused\/arhiiv\/"},{"@type":"ListItem","position":4,"name":"Kogumiskonverents 2008 ajakava","item":"https:\/\/www.folklore.ee\/ars\/uritused\/arhiiv\/kogumiskonverents-2008-ajakava\/"},{"@type":"ListItem","position":5,"name":"Kolmekesi S\u00f5rves \u2013 kolm kohtumist"}]},{"@type":"WebSite","@id":"https:\/\/www.folklore.ee\/ars\/#website","url":"https:\/\/www.folklore.ee\/ars\/","name":"Akadeemiline Rahvaluule Selts","description":"Folkloristide, \u00fcli\u00f5pilaste ja k\u00f5igi rahvaluulest huvitatute \u00fchendus, mis aitab kaasa rahvaluule kogumisele, tutvustamisele, uurimisele ja publitseerimisele.","potentialAction":[{"@type":"SearchAction","target":{"@type":"EntryPoint","urlTemplate":"https:\/\/www.folklore.ee\/ars\/?s={search_term_string}"},"query-input":"required name=search_term_string"}],"inLanguage":"en-US"}]}},"_links":{"self":[{"href":"https:\/\/www.folklore.ee\/ars\/wp-json\/wp\/v2\/pages\/713","targetHints":{"allow":["GET"]}}],"collection":[{"href":"https:\/\/www.folklore.ee\/ars\/wp-json\/wp\/v2\/pages"}],"about":[{"href":"https:\/\/www.folklore.ee\/ars\/wp-json\/wp\/v2\/types\/page"}],"author":[{"embeddable":true,"href":"https:\/\/www.folklore.ee\/ars\/wp-json\/wp\/v2\/users\/1"}],"replies":[{"embeddable":true,"href":"https:\/\/www.folklore.ee\/ars\/wp-json\/wp\/v2\/comments?post=713"}],"version-history":[{"count":1,"href":"https:\/\/www.folklore.ee\/ars\/wp-json\/wp\/v2\/pages\/713\/revisions"}],"predecessor-version":[{"id":714,"href":"https:\/\/www.folklore.ee\/ars\/wp-json\/wp\/v2\/pages\/713\/revisions\/714"}],"up":[{"embeddable":true,"href":"https:\/\/www.folklore.ee\/ars\/wp-json\/wp\/v2\/pages\/687"}],"wp:attachment":[{"href":"https:\/\/www.folklore.ee\/ars\/wp-json\/wp\/v2\/media?parent=713"}],"curies":[{"name":"wp","href":"https:\/\/api.w.org\/{rel}","templated":true}]}}