{"id":708,"date":"2023-10-03T06:24:13","date_gmt":"2023-10-03T06:24:13","guid":{"rendered":"https:\/\/www.folklore.ee\/ars\/?page_id=708"},"modified":"2023-10-03T06:40:10","modified_gmt":"2023-10-03T06:40:10","slug":"etnoloogi-ja-turistina-rouge-ja-haanja-turismitaludes","status":"publish","type":"page","link":"https:\/\/www.folklore.ee\/ars\/uritused\/arhiiv\/talvekonverents-2008-ajakava\/etnoloogi-ja-turistina-rouge-ja-haanja-turismitaludes\/","title":{"rendered":"Etnoloogi ja turistina R\u00f5uge ja Haanja turismitaludes"},"content":{"rendered":"\n<p>Ettekanne keskendub kahele teemale: konkreetsemalt V\u00f5rumaal R\u00f5uge ning Haanja vallas 2008. a juulis ja septembris sihtfinantseeritava teadusteema \u201cIdentiteedipoliitika d\u00fcnaamilised perspektiivid \u2013 dialoogi ja konflikti anal\u00fc\u00fcs\u201d raames toimunud v\u00e4lit\u00f6\u00f6de k\u00e4igus kogutud empiirilisele materjalile ning \u00fcldisemalt m\u00f5ningatele turismitalude ja turismi uurimise teoreetilistele ja metodoloogilistele probleemidele antropoloogia\/etnoloogia vaatepunktist. Uuritava piirkonna valikul m\u00f5jutas meid \u00fchelt poolt huvi turismi kui kultuurin\u00e4htuse uurimise vastu t\u00e4nap\u00e4eva Eestis, teatrianaloogial p\u00f5hinevate mudelite rakendamisv\u00f5imalused antud materjali puhul ning v\u00f5rumaalase identiteedi ja selle (re)konstrueerimise probleem. Poolstruktureeritud intervjuusid ja osalusvaatlust kasutades uurisime eesk\u00e4tt turismitalude pidajate endi n\u00e4gemust oma tegevusest ning kuidas see seostub kohaliku kultuuri ja identiteediga.<\/p>\n\n\n\n<p>Turism kui oluline osa kultuuriprotsessist nii lokaalsel kui globaalsel tasandil on viimastel k\u00fcmnenditel kujunenud oluliseks uurimisobjektiks ka kultuuriantropoloogias. Kui varem n\u00e4hti turismis eesk\u00e4tt kohalikke kultuurierip\u00e4rasid v\u00f5i \u201eautentset\u201c kultuurikogemust h\u00e4vitavat fenomeni, siis praegu m\u00f5istetakse turismi pigem mitmekesise, keeruka ja d\u00fcnaamilise kultuurin\u00e4htusena, mille uurimisel tuleb arvestada paljude erinevate tegutsejate, praktikate, huvide ja t\u00f5lgendustega. Kohalik identiteet (inimestele teatud grupi liikmetena omane enesetunnetus) m\u00f5jutab selgelt turistile pakutavaid teenuseid (majutus, toitlustamine, mitmesuguste elamuste pakkumine). Turismitalunik on aktiivne tegutseja, kes loob ja taasloob iseend ja oma talu, \u00fcmbritsevaid kultuuriaspekte endale pidevalt sobivaks kohandades. Teisalt on selge, et ka turism kui selline m\u00f5jutab nii turismitalunikke endid kui ka kohalikke elanikke.<\/p>\n\n\n\n<p>R\u00f5uge ja Haanja turismitalunikega tehtud intervjuusid anal\u00fc\u00fcsides k\u00f5neleme turismitalude loomise ja pidamisega seotud probleemidest, keskendudes talu, koha ja elamuste lavastamise strateegiatele ning etendatavatele tegevustele. Samuti k\u00e4sitleme turismitalude otsest ja mitmesuunalist m\u00f5ju regionaalse identiteedi eri aspektidele.<\/p>\n","protected":false},"excerpt":{"rendered":"<p>Ettekanne keskendub kahele teemale: konkreetsemalt V\u00f5rumaal R\u00f5uge ning Haanja vallas 2008. a juulis ja septembris sihtfinantseeritava teadusteema \u201cIdentiteedipoliitika d\u00fcnaamilised perspektiivid \u2013 dialoogi ja konflikti anal\u00fc\u00fcs\u201d raames toimunud v\u00e4lit\u00f6\u00f6de k\u00e4igus kogutud empiirilisele materjalile ning \u00fcldisemalt m\u00f5ningatele turismitalude ja turismi uurimise teoreetilistele ja metodoloogilistele probleemidele antropoloogia\/etnoloogia vaatepunktist. Uuritava piirkonna valikul m\u00f5jutas meid \u00fchelt poolt huvi turismi kui [&hellip;]<\/p>\n","protected":false},"author":1,"featured_media":0,"parent":385,"menu_order":0,"comment_status":"closed","ping_status":"closed","template":"","meta":{"footnotes":""},"class_list":["post-708","page","type-page","status-publish","hentry"],"yoast_head":"<!-- This site is optimized with the Yoast SEO plugin v20.12 - https:\/\/yoast.com\/wordpress\/plugins\/seo\/ -->\n<title>Etnoloogi ja turistina R\u00f5uge ja Haanja turismitaludes | Akadeemiline Rahvaluule Selts<\/title>\n<meta name=\"robots\" content=\"index, follow, max-snippet:-1, max-image-preview:large, max-video-preview:-1\" \/>\n<link rel=\"canonical\" href=\"https:\/\/www.folklore.ee\/ars\/uritused\/arhiiv\/talvekonverents-2008-ajakava\/etnoloogi-ja-turistina-rouge-ja-haanja-turismitaludes\/\" \/>\n<meta property=\"og:locale\" content=\"en_US\" \/>\n<meta property=\"og:type\" content=\"article\" \/>\n<meta property=\"og:title\" content=\"Etnoloogi ja turistina R\u00f5uge ja Haanja turismitaludes | Akadeemiline Rahvaluule Selts\" \/>\n<meta property=\"og:description\" content=\"Ettekanne keskendub kahele teemale: konkreetsemalt V\u00f5rumaal R\u00f5uge ning Haanja vallas 2008. a juulis ja septembris sihtfinantseeritava teadusteema \u201cIdentiteedipoliitika d\u00fcnaamilised perspektiivid \u2013 dialoogi ja konflikti anal\u00fc\u00fcs\u201d raames toimunud v\u00e4lit\u00f6\u00f6de k\u00e4igus kogutud empiirilisele materjalile ning \u00fcldisemalt m\u00f5ningatele turismitalude ja turismi uurimise teoreetilistele ja metodoloogilistele probleemidele antropoloogia\/etnoloogia vaatepunktist. Uuritava piirkonna valikul m\u00f5jutas meid \u00fchelt poolt huvi turismi kui [&hellip;]\" \/>\n<meta property=\"og:url\" content=\"https:\/\/www.folklore.ee\/ars\/uritused\/arhiiv\/talvekonverents-2008-ajakava\/etnoloogi-ja-turistina-rouge-ja-haanja-turismitaludes\/\" \/>\n<meta property=\"og:site_name\" content=\"Akadeemiline Rahvaluule Selts\" \/>\n<meta property=\"article:modified_time\" content=\"2023-10-03T06:40:10+00:00\" \/>\n<meta name=\"twitter:card\" content=\"summary_large_image\" \/>\n<meta name=\"twitter:label1\" content=\"Est. reading time\" \/>\n\t<meta name=\"twitter:data1\" content=\"2 minutes\" \/>\n<script type=\"application\/ld+json\" class=\"yoast-schema-graph\">{\"@context\":\"https:\/\/schema.org\",\"@graph\":[{\"@type\":\"WebPage\",\"@id\":\"https:\/\/www.folklore.ee\/ars\/uritused\/arhiiv\/talvekonverents-2008-ajakava\/etnoloogi-ja-turistina-rouge-ja-haanja-turismitaludes\/\",\"url\":\"https:\/\/www.folklore.ee\/ars\/uritused\/arhiiv\/talvekonverents-2008-ajakava\/etnoloogi-ja-turistina-rouge-ja-haanja-turismitaludes\/\",\"name\":\"Etnoloogi ja turistina R\u00f5uge ja Haanja turismitaludes | Akadeemiline Rahvaluule Selts\",\"isPartOf\":{\"@id\":\"https:\/\/www.folklore.ee\/ars\/#website\"},\"datePublished\":\"2023-10-03T06:24:13+00:00\",\"dateModified\":\"2023-10-03T06:40:10+00:00\",\"breadcrumb\":{\"@id\":\"https:\/\/www.folklore.ee\/ars\/uritused\/arhiiv\/talvekonverents-2008-ajakava\/etnoloogi-ja-turistina-rouge-ja-haanja-turismitaludes\/#breadcrumb\"},\"inLanguage\":\"en-US\",\"potentialAction\":[{\"@type\":\"ReadAction\",\"target\":[\"https:\/\/www.folklore.ee\/ars\/uritused\/arhiiv\/talvekonverents-2008-ajakava\/etnoloogi-ja-turistina-rouge-ja-haanja-turismitaludes\/\"]}]},{\"@type\":\"BreadcrumbList\",\"@id\":\"https:\/\/www.folklore.ee\/ars\/uritused\/arhiiv\/talvekonverents-2008-ajakava\/etnoloogi-ja-turistina-rouge-ja-haanja-turismitaludes\/#breadcrumb\",\"itemListElement\":[{\"@type\":\"ListItem\",\"position\":1,\"name\":\"Avaleht\",\"item\":\"https:\/\/www.folklore.ee\/ars\/\"},{\"@type\":\"ListItem\",\"position\":2,\"name\":\"\u00dcritused\",\"item\":\"https:\/\/www.folklore.ee\/ars\/uritused\/\"},{\"@type\":\"ListItem\",\"position\":3,\"name\":\"Arhiiv\",\"item\":\"https:\/\/www.folklore.ee\/ars\/uritused\/arhiiv\/\"},{\"@type\":\"ListItem\",\"position\":4,\"name\":\"Talvekonverents 2008 ajakava\",\"item\":\"https:\/\/www.folklore.ee\/ars\/uritused\/arhiiv\/talvekonverents-2008-ajakava\/\"},{\"@type\":\"ListItem\",\"position\":5,\"name\":\"Etnoloogi ja turistina R\u00f5uge ja Haanja turismitaludes\"}]},{\"@type\":\"WebSite\",\"@id\":\"https:\/\/www.folklore.ee\/ars\/#website\",\"url\":\"https:\/\/www.folklore.ee\/ars\/\",\"name\":\"Akadeemiline Rahvaluule Selts\",\"description\":\"Folkloristide, \u00fcli\u00f5pilaste ja k\u00f5igi rahvaluulest huvitatute \u00fchendus, mis aitab kaasa rahvaluule kogumisele, tutvustamisele, uurimisele ja publitseerimisele.\",\"potentialAction\":[{\"@type\":\"SearchAction\",\"target\":{\"@type\":\"EntryPoint\",\"urlTemplate\":\"https:\/\/www.folklore.ee\/ars\/?s={search_term_string}\"},\"query-input\":\"required name=search_term_string\"}],\"inLanguage\":\"en-US\"}]}<\/script>\n<!-- \/ Yoast SEO plugin. -->","yoast_head_json":{"title":"Etnoloogi ja turistina R\u00f5uge ja Haanja turismitaludes | Akadeemiline Rahvaluule Selts","robots":{"index":"index","follow":"follow","max-snippet":"max-snippet:-1","max-image-preview":"max-image-preview:large","max-video-preview":"max-video-preview:-1"},"canonical":"https:\/\/www.folklore.ee\/ars\/uritused\/arhiiv\/talvekonverents-2008-ajakava\/etnoloogi-ja-turistina-rouge-ja-haanja-turismitaludes\/","og_locale":"en_US","og_type":"article","og_title":"Etnoloogi ja turistina R\u00f5uge ja Haanja turismitaludes | Akadeemiline Rahvaluule Selts","og_description":"Ettekanne keskendub kahele teemale: konkreetsemalt V\u00f5rumaal R\u00f5uge ning Haanja vallas 2008. a juulis ja septembris sihtfinantseeritava teadusteema \u201cIdentiteedipoliitika d\u00fcnaamilised perspektiivid \u2013 dialoogi ja konflikti anal\u00fc\u00fcs\u201d raames toimunud v\u00e4lit\u00f6\u00f6de k\u00e4igus kogutud empiirilisele materjalile ning \u00fcldisemalt m\u00f5ningatele turismitalude ja turismi uurimise teoreetilistele ja metodoloogilistele probleemidele antropoloogia\/etnoloogia vaatepunktist. Uuritava piirkonna valikul m\u00f5jutas meid \u00fchelt poolt huvi turismi kui [&hellip;]","og_url":"https:\/\/www.folklore.ee\/ars\/uritused\/arhiiv\/talvekonverents-2008-ajakava\/etnoloogi-ja-turistina-rouge-ja-haanja-turismitaludes\/","og_site_name":"Akadeemiline Rahvaluule Selts","article_modified_time":"2023-10-03T06:40:10+00:00","twitter_card":"summary_large_image","twitter_misc":{"Est. reading time":"2 minutes"},"schema":{"@context":"https:\/\/schema.org","@graph":[{"@type":"WebPage","@id":"https:\/\/www.folklore.ee\/ars\/uritused\/arhiiv\/talvekonverents-2008-ajakava\/etnoloogi-ja-turistina-rouge-ja-haanja-turismitaludes\/","url":"https:\/\/www.folklore.ee\/ars\/uritused\/arhiiv\/talvekonverents-2008-ajakava\/etnoloogi-ja-turistina-rouge-ja-haanja-turismitaludes\/","name":"Etnoloogi ja turistina R\u00f5uge ja Haanja turismitaludes | Akadeemiline Rahvaluule Selts","isPartOf":{"@id":"https:\/\/www.folklore.ee\/ars\/#website"},"datePublished":"2023-10-03T06:24:13+00:00","dateModified":"2023-10-03T06:40:10+00:00","breadcrumb":{"@id":"https:\/\/www.folklore.ee\/ars\/uritused\/arhiiv\/talvekonverents-2008-ajakava\/etnoloogi-ja-turistina-rouge-ja-haanja-turismitaludes\/#breadcrumb"},"inLanguage":"en-US","potentialAction":[{"@type":"ReadAction","target":["https:\/\/www.folklore.ee\/ars\/uritused\/arhiiv\/talvekonverents-2008-ajakava\/etnoloogi-ja-turistina-rouge-ja-haanja-turismitaludes\/"]}]},{"@type":"BreadcrumbList","@id":"https:\/\/www.folklore.ee\/ars\/uritused\/arhiiv\/talvekonverents-2008-ajakava\/etnoloogi-ja-turistina-rouge-ja-haanja-turismitaludes\/#breadcrumb","itemListElement":[{"@type":"ListItem","position":1,"name":"Avaleht","item":"https:\/\/www.folklore.ee\/ars\/"},{"@type":"ListItem","position":2,"name":"\u00dcritused","item":"https:\/\/www.folklore.ee\/ars\/uritused\/"},{"@type":"ListItem","position":3,"name":"Arhiiv","item":"https:\/\/www.folklore.ee\/ars\/uritused\/arhiiv\/"},{"@type":"ListItem","position":4,"name":"Talvekonverents 2008 ajakava","item":"https:\/\/www.folklore.ee\/ars\/uritused\/arhiiv\/talvekonverents-2008-ajakava\/"},{"@type":"ListItem","position":5,"name":"Etnoloogi ja turistina R\u00f5uge ja Haanja turismitaludes"}]},{"@type":"WebSite","@id":"https:\/\/www.folklore.ee\/ars\/#website","url":"https:\/\/www.folklore.ee\/ars\/","name":"Akadeemiline Rahvaluule Selts","description":"Folkloristide, \u00fcli\u00f5pilaste ja k\u00f5igi rahvaluulest huvitatute \u00fchendus, mis aitab kaasa rahvaluule kogumisele, tutvustamisele, uurimisele ja publitseerimisele.","potentialAction":[{"@type":"SearchAction","target":{"@type":"EntryPoint","urlTemplate":"https:\/\/www.folklore.ee\/ars\/?s={search_term_string}"},"query-input":"required name=search_term_string"}],"inLanguage":"en-US"}]}},"_links":{"self":[{"href":"https:\/\/www.folklore.ee\/ars\/wp-json\/wp\/v2\/pages\/708","targetHints":{"allow":["GET"]}}],"collection":[{"href":"https:\/\/www.folklore.ee\/ars\/wp-json\/wp\/v2\/pages"}],"about":[{"href":"https:\/\/www.folklore.ee\/ars\/wp-json\/wp\/v2\/types\/page"}],"author":[{"embeddable":true,"href":"https:\/\/www.folklore.ee\/ars\/wp-json\/wp\/v2\/users\/1"}],"replies":[{"embeddable":true,"href":"https:\/\/www.folklore.ee\/ars\/wp-json\/wp\/v2\/comments?post=708"}],"version-history":[{"count":1,"href":"https:\/\/www.folklore.ee\/ars\/wp-json\/wp\/v2\/pages\/708\/revisions"}],"predecessor-version":[{"id":709,"href":"https:\/\/www.folklore.ee\/ars\/wp-json\/wp\/v2\/pages\/708\/revisions\/709"}],"up":[{"embeddable":true,"href":"https:\/\/www.folklore.ee\/ars\/wp-json\/wp\/v2\/pages\/385"}],"wp:attachment":[{"href":"https:\/\/www.folklore.ee\/ars\/wp-json\/wp\/v2\/media?parent=708"}],"curies":[{"name":"wp","href":"https:\/\/api.w.org\/{rel}","templated":true}]}}