{"id":705,"date":"2023-10-03T06:15:51","date_gmt":"2023-10-03T06:15:51","guid":{"rendered":"https:\/\/www.folklore.ee\/ars\/?page_id=705"},"modified":"2023-10-03T06:38:47","modified_gmt":"2023-10-03T06:38:47","slug":"folkloristina-ja-turistina-muinasjutt-ja-turismireis","status":"publish","type":"page","link":"https:\/\/www.folklore.ee\/ars\/uritused\/arhiiv\/kogumiskonverents-2008-ajakava\/folkloristina-ja-turistina-muinasjutt-ja-turismireis\/","title":{"rendered":"Folkloristina ja turistina \u2013 muinasjutt ja turismireis"},"content":{"rendered":"\n<p>Muinasjutu ja turistliku r\u00e4nnaku vahel v\u00f5ib leida hulga paralleele. M\u00f5lemat on nimetatud p\u00f5genemiseks reaalsusest \u2013 oma maailmast v\u00e4ljap\u00e4\u00e4semiseks, mille puhul alustatakse argisest keskkonnast ning siirdutakse paika, kus k\u00f5ik erineb tavap\u00e4rasest, kus meeled on ergad ja k\u00f5ike tajutakse erilisena. Romantismiajast peale v\u00e4\u00e4rtustatud turismir\u00e4nnak on m\u00f5nikord ka k\u00e4ik minevikku, p\u00f6\u00f6rdumine viivuks sinna maailma, kust argi\u00fchiskonnas igal hetkel eemale p\u00fc\u00fcdleme. Suveniir k\u00e4idud maast, mille reisija kaasa toob, on kui muinasjutukangelase tarvilik tunnism\u00e4rk imedeilmast \u2013 seal maailmas sageli v\u00e4hev\u00e4\u00e4rtuslik, ent kangelase jaoks h\u00e4davajalik k\u00e4igu t\u00f5estajana. Nii turismireisi kui muinasjutu puhul soovitakse tajuda omal moel midagi ehedat, \u201eautentset\u201c, kuigi see on raske nii turistil (MacCannel) kui \u00fcrgse ja oma muinasjutu otsijal.<\/p>\n\n\n\n<p>Samamoodi v\u00f5ib leida sarnasusi turistliku kogemise ja folkloristliku kogumise vahel. Teaduskonverentsil osalemise juurde kuulub lisav\u00f5imalusena sageli ekskursioon, mis v\u00f5imaldab teadust ja turismi viivuks \u00fchendada, ent kahtlemata on p\u00e4rimusuurijate elus tavaline ka vastupidine \u2013 turismiatraktsiooni \u00fclekasvamine ekspeditsiooniks, kriitiliseks vaatluseks ja anal\u00fc\u00fcsiks. Claude L\u00e9vi-Strauss on \u00fches oma intervjuus (1971) k\u00fcll v\u00e4itnud, et antropoloogilisel k\u00e4igul \u2013 \u201epaljun\u00f5udlikul, vaevalisel ja b\u00fcrokraatlikul\u201c \u2013 ei ole turistlikuga midagi pistmist \u2013 ning samas m\u00e4rkinud oma turistikogemuse muutumist teadlase t\u00f6\u00f6ks. Ettekandes kasutan n\u00e4iteid oma viibimisest turistliku ja folkloristliku kogemuse piirimail.<\/p>\n","protected":false},"excerpt":{"rendered":"<p>Muinasjutu ja turistliku r\u00e4nnaku vahel v\u00f5ib leida hulga paralleele. M\u00f5lemat on nimetatud p\u00f5genemiseks reaalsusest \u2013 oma maailmast v\u00e4ljap\u00e4\u00e4semiseks, mille puhul alustatakse argisest keskkonnast ning siirdutakse paika, kus k\u00f5ik erineb tavap\u00e4rasest, kus meeled on ergad ja k\u00f5ike tajutakse erilisena. Romantismiajast peale v\u00e4\u00e4rtustatud turismir\u00e4nnak on m\u00f5nikord ka k\u00e4ik minevikku, p\u00f6\u00f6rdumine viivuks sinna maailma, kust argi\u00fchiskonnas igal hetkel [&hellip;]<\/p>\n","protected":false},"author":1,"featured_media":0,"parent":687,"menu_order":0,"comment_status":"closed","ping_status":"closed","template":"","meta":{"footnotes":""},"class_list":["post-705","page","type-page","status-publish","hentry"],"yoast_head":"<!-- This site is optimized with the Yoast SEO plugin v20.12 - https:\/\/yoast.com\/wordpress\/plugins\/seo\/ -->\n<title>Folkloristina ja turistina \u2013 muinasjutt ja turismireis | Akadeemiline Rahvaluule Selts<\/title>\n<meta name=\"robots\" content=\"index, follow, max-snippet:-1, max-image-preview:large, max-video-preview:-1\" \/>\n<link rel=\"canonical\" href=\"https:\/\/www.folklore.ee\/ars\/uritused\/arhiiv\/kogumiskonverents-2008-ajakava\/folkloristina-ja-turistina-muinasjutt-ja-turismireis\/\" \/>\n<meta property=\"og:locale\" content=\"en_US\" \/>\n<meta property=\"og:type\" content=\"article\" \/>\n<meta property=\"og:title\" content=\"Folkloristina ja turistina \u2013 muinasjutt ja turismireis | Akadeemiline Rahvaluule Selts\" \/>\n<meta property=\"og:description\" content=\"Muinasjutu ja turistliku r\u00e4nnaku vahel v\u00f5ib leida hulga paralleele. M\u00f5lemat on nimetatud p\u00f5genemiseks reaalsusest \u2013 oma maailmast v\u00e4ljap\u00e4\u00e4semiseks, mille puhul alustatakse argisest keskkonnast ning siirdutakse paika, kus k\u00f5ik erineb tavap\u00e4rasest, kus meeled on ergad ja k\u00f5ike tajutakse erilisena. Romantismiajast peale v\u00e4\u00e4rtustatud turismir\u00e4nnak on m\u00f5nikord ka k\u00e4ik minevikku, p\u00f6\u00f6rdumine viivuks sinna maailma, kust argi\u00fchiskonnas igal hetkel [&hellip;]\" \/>\n<meta property=\"og:url\" content=\"https:\/\/www.folklore.ee\/ars\/uritused\/arhiiv\/kogumiskonverents-2008-ajakava\/folkloristina-ja-turistina-muinasjutt-ja-turismireis\/\" \/>\n<meta property=\"og:site_name\" content=\"Akadeemiline Rahvaluule Selts\" \/>\n<meta property=\"article:modified_time\" content=\"2023-10-03T06:38:47+00:00\" \/>\n<meta name=\"twitter:card\" content=\"summary_large_image\" \/>\n<meta name=\"twitter:label1\" content=\"Est. reading time\" \/>\n\t<meta name=\"twitter:data1\" content=\"1 minute\" \/>\n<script type=\"application\/ld+json\" class=\"yoast-schema-graph\">{\"@context\":\"https:\/\/schema.org\",\"@graph\":[{\"@type\":\"WebPage\",\"@id\":\"https:\/\/www.folklore.ee\/ars\/uritused\/arhiiv\/kogumiskonverents-2008-ajakava\/folkloristina-ja-turistina-muinasjutt-ja-turismireis\/\",\"url\":\"https:\/\/www.folklore.ee\/ars\/uritused\/arhiiv\/kogumiskonverents-2008-ajakava\/folkloristina-ja-turistina-muinasjutt-ja-turismireis\/\",\"name\":\"Folkloristina ja turistina \u2013 muinasjutt ja turismireis | Akadeemiline Rahvaluule Selts\",\"isPartOf\":{\"@id\":\"https:\/\/www.folklore.ee\/ars\/#website\"},\"datePublished\":\"2023-10-03T06:15:51+00:00\",\"dateModified\":\"2023-10-03T06:38:47+00:00\",\"breadcrumb\":{\"@id\":\"https:\/\/www.folklore.ee\/ars\/uritused\/arhiiv\/kogumiskonverents-2008-ajakava\/folkloristina-ja-turistina-muinasjutt-ja-turismireis\/#breadcrumb\"},\"inLanguage\":\"en-US\",\"potentialAction\":[{\"@type\":\"ReadAction\",\"target\":[\"https:\/\/www.folklore.ee\/ars\/uritused\/arhiiv\/kogumiskonverents-2008-ajakava\/folkloristina-ja-turistina-muinasjutt-ja-turismireis\/\"]}]},{\"@type\":\"BreadcrumbList\",\"@id\":\"https:\/\/www.folklore.ee\/ars\/uritused\/arhiiv\/kogumiskonverents-2008-ajakava\/folkloristina-ja-turistina-muinasjutt-ja-turismireis\/#breadcrumb\",\"itemListElement\":[{\"@type\":\"ListItem\",\"position\":1,\"name\":\"Avaleht\",\"item\":\"https:\/\/www.folklore.ee\/ars\/\"},{\"@type\":\"ListItem\",\"position\":2,\"name\":\"\u00dcritused\",\"item\":\"https:\/\/www.folklore.ee\/ars\/uritused\/\"},{\"@type\":\"ListItem\",\"position\":3,\"name\":\"Arhiiv\",\"item\":\"https:\/\/www.folklore.ee\/ars\/uritused\/arhiiv\/\"},{\"@type\":\"ListItem\",\"position\":4,\"name\":\"Kogumiskonverents 2008 ajakava\",\"item\":\"https:\/\/www.folklore.ee\/ars\/uritused\/arhiiv\/kogumiskonverents-2008-ajakava\/\"},{\"@type\":\"ListItem\",\"position\":5,\"name\":\"Folkloristina ja turistina \u2013 muinasjutt ja turismireis\"}]},{\"@type\":\"WebSite\",\"@id\":\"https:\/\/www.folklore.ee\/ars\/#website\",\"url\":\"https:\/\/www.folklore.ee\/ars\/\",\"name\":\"Akadeemiline Rahvaluule Selts\",\"description\":\"Folkloristide, \u00fcli\u00f5pilaste ja k\u00f5igi rahvaluulest huvitatute \u00fchendus, mis aitab kaasa rahvaluule kogumisele, tutvustamisele, uurimisele ja publitseerimisele.\",\"potentialAction\":[{\"@type\":\"SearchAction\",\"target\":{\"@type\":\"EntryPoint\",\"urlTemplate\":\"https:\/\/www.folklore.ee\/ars\/?s={search_term_string}\"},\"query-input\":\"required name=search_term_string\"}],\"inLanguage\":\"en-US\"}]}<\/script>\n<!-- \/ Yoast SEO plugin. -->","yoast_head_json":{"title":"Folkloristina ja turistina \u2013 muinasjutt ja turismireis | Akadeemiline Rahvaluule Selts","robots":{"index":"index","follow":"follow","max-snippet":"max-snippet:-1","max-image-preview":"max-image-preview:large","max-video-preview":"max-video-preview:-1"},"canonical":"https:\/\/www.folklore.ee\/ars\/uritused\/arhiiv\/kogumiskonverents-2008-ajakava\/folkloristina-ja-turistina-muinasjutt-ja-turismireis\/","og_locale":"en_US","og_type":"article","og_title":"Folkloristina ja turistina \u2013 muinasjutt ja turismireis | Akadeemiline Rahvaluule Selts","og_description":"Muinasjutu ja turistliku r\u00e4nnaku vahel v\u00f5ib leida hulga paralleele. M\u00f5lemat on nimetatud p\u00f5genemiseks reaalsusest \u2013 oma maailmast v\u00e4ljap\u00e4\u00e4semiseks, mille puhul alustatakse argisest keskkonnast ning siirdutakse paika, kus k\u00f5ik erineb tavap\u00e4rasest, kus meeled on ergad ja k\u00f5ike tajutakse erilisena. Romantismiajast peale v\u00e4\u00e4rtustatud turismir\u00e4nnak on m\u00f5nikord ka k\u00e4ik minevikku, p\u00f6\u00f6rdumine viivuks sinna maailma, kust argi\u00fchiskonnas igal hetkel [&hellip;]","og_url":"https:\/\/www.folklore.ee\/ars\/uritused\/arhiiv\/kogumiskonverents-2008-ajakava\/folkloristina-ja-turistina-muinasjutt-ja-turismireis\/","og_site_name":"Akadeemiline Rahvaluule Selts","article_modified_time":"2023-10-03T06:38:47+00:00","twitter_card":"summary_large_image","twitter_misc":{"Est. reading time":"1 minute"},"schema":{"@context":"https:\/\/schema.org","@graph":[{"@type":"WebPage","@id":"https:\/\/www.folklore.ee\/ars\/uritused\/arhiiv\/kogumiskonverents-2008-ajakava\/folkloristina-ja-turistina-muinasjutt-ja-turismireis\/","url":"https:\/\/www.folklore.ee\/ars\/uritused\/arhiiv\/kogumiskonverents-2008-ajakava\/folkloristina-ja-turistina-muinasjutt-ja-turismireis\/","name":"Folkloristina ja turistina \u2013 muinasjutt ja turismireis | Akadeemiline Rahvaluule Selts","isPartOf":{"@id":"https:\/\/www.folklore.ee\/ars\/#website"},"datePublished":"2023-10-03T06:15:51+00:00","dateModified":"2023-10-03T06:38:47+00:00","breadcrumb":{"@id":"https:\/\/www.folklore.ee\/ars\/uritused\/arhiiv\/kogumiskonverents-2008-ajakava\/folkloristina-ja-turistina-muinasjutt-ja-turismireis\/#breadcrumb"},"inLanguage":"en-US","potentialAction":[{"@type":"ReadAction","target":["https:\/\/www.folklore.ee\/ars\/uritused\/arhiiv\/kogumiskonverents-2008-ajakava\/folkloristina-ja-turistina-muinasjutt-ja-turismireis\/"]}]},{"@type":"BreadcrumbList","@id":"https:\/\/www.folklore.ee\/ars\/uritused\/arhiiv\/kogumiskonverents-2008-ajakava\/folkloristina-ja-turistina-muinasjutt-ja-turismireis\/#breadcrumb","itemListElement":[{"@type":"ListItem","position":1,"name":"Avaleht","item":"https:\/\/www.folklore.ee\/ars\/"},{"@type":"ListItem","position":2,"name":"\u00dcritused","item":"https:\/\/www.folklore.ee\/ars\/uritused\/"},{"@type":"ListItem","position":3,"name":"Arhiiv","item":"https:\/\/www.folklore.ee\/ars\/uritused\/arhiiv\/"},{"@type":"ListItem","position":4,"name":"Kogumiskonverents 2008 ajakava","item":"https:\/\/www.folklore.ee\/ars\/uritused\/arhiiv\/kogumiskonverents-2008-ajakava\/"},{"@type":"ListItem","position":5,"name":"Folkloristina ja turistina \u2013 muinasjutt ja turismireis"}]},{"@type":"WebSite","@id":"https:\/\/www.folklore.ee\/ars\/#website","url":"https:\/\/www.folklore.ee\/ars\/","name":"Akadeemiline Rahvaluule Selts","description":"Folkloristide, \u00fcli\u00f5pilaste ja k\u00f5igi rahvaluulest huvitatute \u00fchendus, mis aitab kaasa rahvaluule kogumisele, tutvustamisele, uurimisele ja publitseerimisele.","potentialAction":[{"@type":"SearchAction","target":{"@type":"EntryPoint","urlTemplate":"https:\/\/www.folklore.ee\/ars\/?s={search_term_string}"},"query-input":"required name=search_term_string"}],"inLanguage":"en-US"}]}},"_links":{"self":[{"href":"https:\/\/www.folklore.ee\/ars\/wp-json\/wp\/v2\/pages\/705","targetHints":{"allow":["GET"]}}],"collection":[{"href":"https:\/\/www.folklore.ee\/ars\/wp-json\/wp\/v2\/pages"}],"about":[{"href":"https:\/\/www.folklore.ee\/ars\/wp-json\/wp\/v2\/types\/page"}],"author":[{"embeddable":true,"href":"https:\/\/www.folklore.ee\/ars\/wp-json\/wp\/v2\/users\/1"}],"replies":[{"embeddable":true,"href":"https:\/\/www.folklore.ee\/ars\/wp-json\/wp\/v2\/comments?post=705"}],"version-history":[{"count":1,"href":"https:\/\/www.folklore.ee\/ars\/wp-json\/wp\/v2\/pages\/705\/revisions"}],"predecessor-version":[{"id":706,"href":"https:\/\/www.folklore.ee\/ars\/wp-json\/wp\/v2\/pages\/705\/revisions\/706"}],"up":[{"embeddable":true,"href":"https:\/\/www.folklore.ee\/ars\/wp-json\/wp\/v2\/pages\/687"}],"wp:attachment":[{"href":"https:\/\/www.folklore.ee\/ars\/wp-json\/wp\/v2\/media?parent=705"}],"curies":[{"name":"wp","href":"https:\/\/api.w.org\/{rel}","templated":true}]}}