{"id":703,"date":"2023-10-03T06:15:19","date_gmt":"2023-10-03T06:15:19","guid":{"rendered":"https:\/\/www.folklore.ee\/ars\/?page_id=703"},"modified":"2023-10-03T06:15:19","modified_gmt":"2023-10-03T06:15:19","slug":"teadusturistina-valismaal","status":"publish","type":"page","link":"https:\/\/www.folklore.ee\/ars\/uritused\/arhiiv\/kogumiskonverents-2008-ajakava\/teadusturistina-valismaal\/","title":{"rendered":"Teadusturistina v\u00e4lismaal. Isiklikke kogemusi 1960.\u20131980. aastatest"},"content":{"rendered":"\n<p>P\u00fc\u00fcan m\u00f5ne n\u00e4ite varal (Bukarest 1969, Bergen 1990) selgitada, milline t\u00e4hendus oli s\u00f5nal \u2019teadusturism\u2019 minu p\u00f5lvkonna nooruses. Tegelikkuses t\u00e4hendas see, et teadusreisi oli m\u00f5nikord v\u00f5imalik ette v\u00f5tta \u201eoma kulu ja kirjadega\u201d: maksad k\u00f5igi teenuste, ekskursioonide ja ettev\u00f5tmiste eest nagu turist ja saad sel ajal kongressist osa v\u00f5tta.<\/p>\n\n\n\n<p>Teadusturism oli teadlastel pikka aega v\u00f5imalus n\u00f5ukogude riigist v\u00e4lja p\u00e4\u00e4seda, osaleda rahvusvahelistes ettev\u00f5tmistes, suhelda erialainimestega mujalt, nendelt \u00f5ppida, korraldada tr\u00fckiste vahetust. Teadusturismi puhul oli riigi- v\u00f5i asutusepoolne reisitugi v\u00e4ga v\u00e4ike v\u00f5i puudus hoopis. Muid fonde v\u00f5i v\u00f5imalusi tollal polnudki. K\u00fcllalt paljudel minu p\u00f5lvkonnast on nn teadusturismi kogemusi.<\/p>\n","protected":false},"excerpt":{"rendered":"<p>P\u00fc\u00fcan m\u00f5ne n\u00e4ite varal (Bukarest 1969, Bergen 1990) selgitada, milline t\u00e4hendus oli s\u00f5nal \u2019teadusturism\u2019 minu p\u00f5lvkonna nooruses. Tegelikkuses t\u00e4hendas see, et teadusreisi oli m\u00f5nikord v\u00f5imalik ette v\u00f5tta \u201eoma kulu ja kirjadega\u201d: maksad k\u00f5igi teenuste, ekskursioonide ja ettev\u00f5tmiste eest nagu turist ja saad sel ajal kongressist osa v\u00f5tta. Teadusturism oli teadlastel pikka aega v\u00f5imalus n\u00f5ukogude riigist [&hellip;]<\/p>\n","protected":false},"author":1,"featured_media":0,"parent":687,"menu_order":0,"comment_status":"closed","ping_status":"closed","template":"","meta":{"footnotes":""},"class_list":["post-703","page","type-page","status-publish","hentry"],"yoast_head":"<!-- This site is optimized with the Yoast SEO plugin v20.12 - https:\/\/yoast.com\/wordpress\/plugins\/seo\/ -->\n<title>Teadusturistina v\u00e4lismaal. Isiklikke kogemusi 1960.\u20131980. aastatest | Akadeemiline Rahvaluule Selts<\/title>\n<meta name=\"robots\" content=\"index, follow, max-snippet:-1, max-image-preview:large, max-video-preview:-1\" \/>\n<link rel=\"canonical\" href=\"https:\/\/www.folklore.ee\/ars\/uritused\/arhiiv\/kogumiskonverents-2008-ajakava\/teadusturistina-valismaal\/\" \/>\n<meta property=\"og:locale\" content=\"en_US\" \/>\n<meta property=\"og:type\" content=\"article\" \/>\n<meta property=\"og:title\" content=\"Teadusturistina v\u00e4lismaal. Isiklikke kogemusi 1960.\u20131980. aastatest | Akadeemiline Rahvaluule Selts\" \/>\n<meta property=\"og:description\" content=\"P\u00fc\u00fcan m\u00f5ne n\u00e4ite varal (Bukarest 1969, Bergen 1990) selgitada, milline t\u00e4hendus oli s\u00f5nal \u2019teadusturism\u2019 minu p\u00f5lvkonna nooruses. Tegelikkuses t\u00e4hendas see, et teadusreisi oli m\u00f5nikord v\u00f5imalik ette v\u00f5tta \u201eoma kulu ja kirjadega\u201d: maksad k\u00f5igi teenuste, ekskursioonide ja ettev\u00f5tmiste eest nagu turist ja saad sel ajal kongressist osa v\u00f5tta. Teadusturism oli teadlastel pikka aega v\u00f5imalus n\u00f5ukogude riigist [&hellip;]\" \/>\n<meta property=\"og:url\" content=\"https:\/\/www.folklore.ee\/ars\/uritused\/arhiiv\/kogumiskonverents-2008-ajakava\/teadusturistina-valismaal\/\" \/>\n<meta property=\"og:site_name\" content=\"Akadeemiline Rahvaluule Selts\" \/>\n<meta name=\"twitter:card\" content=\"summary_large_image\" \/>\n<script type=\"application\/ld+json\" class=\"yoast-schema-graph\">{\"@context\":\"https:\/\/schema.org\",\"@graph\":[{\"@type\":\"WebPage\",\"@id\":\"https:\/\/www.folklore.ee\/ars\/uritused\/arhiiv\/kogumiskonverents-2008-ajakava\/teadusturistina-valismaal\/\",\"url\":\"https:\/\/www.folklore.ee\/ars\/uritused\/arhiiv\/kogumiskonverents-2008-ajakava\/teadusturistina-valismaal\/\",\"name\":\"Teadusturistina v\u00e4lismaal. Isiklikke kogemusi 1960.\u20131980. aastatest | Akadeemiline Rahvaluule Selts\",\"isPartOf\":{\"@id\":\"https:\/\/www.folklore.ee\/ars\/#website\"},\"datePublished\":\"2023-10-03T06:15:19+00:00\",\"dateModified\":\"2023-10-03T06:15:19+00:00\",\"breadcrumb\":{\"@id\":\"https:\/\/www.folklore.ee\/ars\/uritused\/arhiiv\/kogumiskonverents-2008-ajakava\/teadusturistina-valismaal\/#breadcrumb\"},\"inLanguage\":\"en-US\",\"potentialAction\":[{\"@type\":\"ReadAction\",\"target\":[\"https:\/\/www.folklore.ee\/ars\/uritused\/arhiiv\/kogumiskonverents-2008-ajakava\/teadusturistina-valismaal\/\"]}]},{\"@type\":\"BreadcrumbList\",\"@id\":\"https:\/\/www.folklore.ee\/ars\/uritused\/arhiiv\/kogumiskonverents-2008-ajakava\/teadusturistina-valismaal\/#breadcrumb\",\"itemListElement\":[{\"@type\":\"ListItem\",\"position\":1,\"name\":\"Avaleht\",\"item\":\"https:\/\/www.folklore.ee\/ars\/\"},{\"@type\":\"ListItem\",\"position\":2,\"name\":\"\u00dcritused\",\"item\":\"https:\/\/www.folklore.ee\/ars\/uritused\/\"},{\"@type\":\"ListItem\",\"position\":3,\"name\":\"Arhiiv\",\"item\":\"https:\/\/www.folklore.ee\/ars\/uritused\/arhiiv\/\"},{\"@type\":\"ListItem\",\"position\":4,\"name\":\"Kogumiskonverents 2008 ajakava\",\"item\":\"https:\/\/www.folklore.ee\/ars\/uritused\/arhiiv\/kogumiskonverents-2008-ajakava\/\"},{\"@type\":\"ListItem\",\"position\":5,\"name\":\"Teadusturistina v\u00e4lismaal. Isiklikke kogemusi 1960.\u20131980. aastatest\"}]},{\"@type\":\"WebSite\",\"@id\":\"https:\/\/www.folklore.ee\/ars\/#website\",\"url\":\"https:\/\/www.folklore.ee\/ars\/\",\"name\":\"Akadeemiline Rahvaluule Selts\",\"description\":\"Folkloristide, \u00fcli\u00f5pilaste ja k\u00f5igi rahvaluulest huvitatute \u00fchendus, mis aitab kaasa rahvaluule kogumisele, tutvustamisele, uurimisele ja publitseerimisele.\",\"potentialAction\":[{\"@type\":\"SearchAction\",\"target\":{\"@type\":\"EntryPoint\",\"urlTemplate\":\"https:\/\/www.folklore.ee\/ars\/?s={search_term_string}\"},\"query-input\":\"required name=search_term_string\"}],\"inLanguage\":\"en-US\"}]}<\/script>\n<!-- \/ Yoast SEO plugin. -->","yoast_head_json":{"title":"Teadusturistina v\u00e4lismaal. Isiklikke kogemusi 1960.\u20131980. aastatest | Akadeemiline Rahvaluule Selts","robots":{"index":"index","follow":"follow","max-snippet":"max-snippet:-1","max-image-preview":"max-image-preview:large","max-video-preview":"max-video-preview:-1"},"canonical":"https:\/\/www.folklore.ee\/ars\/uritused\/arhiiv\/kogumiskonverents-2008-ajakava\/teadusturistina-valismaal\/","og_locale":"en_US","og_type":"article","og_title":"Teadusturistina v\u00e4lismaal. Isiklikke kogemusi 1960.\u20131980. aastatest | Akadeemiline Rahvaluule Selts","og_description":"P\u00fc\u00fcan m\u00f5ne n\u00e4ite varal (Bukarest 1969, Bergen 1990) selgitada, milline t\u00e4hendus oli s\u00f5nal \u2019teadusturism\u2019 minu p\u00f5lvkonna nooruses. Tegelikkuses t\u00e4hendas see, et teadusreisi oli m\u00f5nikord v\u00f5imalik ette v\u00f5tta \u201eoma kulu ja kirjadega\u201d: maksad k\u00f5igi teenuste, ekskursioonide ja ettev\u00f5tmiste eest nagu turist ja saad sel ajal kongressist osa v\u00f5tta. Teadusturism oli teadlastel pikka aega v\u00f5imalus n\u00f5ukogude riigist [&hellip;]","og_url":"https:\/\/www.folklore.ee\/ars\/uritused\/arhiiv\/kogumiskonverents-2008-ajakava\/teadusturistina-valismaal\/","og_site_name":"Akadeemiline Rahvaluule Selts","twitter_card":"summary_large_image","schema":{"@context":"https:\/\/schema.org","@graph":[{"@type":"WebPage","@id":"https:\/\/www.folklore.ee\/ars\/uritused\/arhiiv\/kogumiskonverents-2008-ajakava\/teadusturistina-valismaal\/","url":"https:\/\/www.folklore.ee\/ars\/uritused\/arhiiv\/kogumiskonverents-2008-ajakava\/teadusturistina-valismaal\/","name":"Teadusturistina v\u00e4lismaal. Isiklikke kogemusi 1960.\u20131980. aastatest | Akadeemiline Rahvaluule Selts","isPartOf":{"@id":"https:\/\/www.folklore.ee\/ars\/#website"},"datePublished":"2023-10-03T06:15:19+00:00","dateModified":"2023-10-03T06:15:19+00:00","breadcrumb":{"@id":"https:\/\/www.folklore.ee\/ars\/uritused\/arhiiv\/kogumiskonverents-2008-ajakava\/teadusturistina-valismaal\/#breadcrumb"},"inLanguage":"en-US","potentialAction":[{"@type":"ReadAction","target":["https:\/\/www.folklore.ee\/ars\/uritused\/arhiiv\/kogumiskonverents-2008-ajakava\/teadusturistina-valismaal\/"]}]},{"@type":"BreadcrumbList","@id":"https:\/\/www.folklore.ee\/ars\/uritused\/arhiiv\/kogumiskonverents-2008-ajakava\/teadusturistina-valismaal\/#breadcrumb","itemListElement":[{"@type":"ListItem","position":1,"name":"Avaleht","item":"https:\/\/www.folklore.ee\/ars\/"},{"@type":"ListItem","position":2,"name":"\u00dcritused","item":"https:\/\/www.folklore.ee\/ars\/uritused\/"},{"@type":"ListItem","position":3,"name":"Arhiiv","item":"https:\/\/www.folklore.ee\/ars\/uritused\/arhiiv\/"},{"@type":"ListItem","position":4,"name":"Kogumiskonverents 2008 ajakava","item":"https:\/\/www.folklore.ee\/ars\/uritused\/arhiiv\/kogumiskonverents-2008-ajakava\/"},{"@type":"ListItem","position":5,"name":"Teadusturistina v\u00e4lismaal. Isiklikke kogemusi 1960.\u20131980. aastatest"}]},{"@type":"WebSite","@id":"https:\/\/www.folklore.ee\/ars\/#website","url":"https:\/\/www.folklore.ee\/ars\/","name":"Akadeemiline Rahvaluule Selts","description":"Folkloristide, \u00fcli\u00f5pilaste ja k\u00f5igi rahvaluulest huvitatute \u00fchendus, mis aitab kaasa rahvaluule kogumisele, tutvustamisele, uurimisele ja publitseerimisele.","potentialAction":[{"@type":"SearchAction","target":{"@type":"EntryPoint","urlTemplate":"https:\/\/www.folklore.ee\/ars\/?s={search_term_string}"},"query-input":"required name=search_term_string"}],"inLanguage":"en-US"}]}},"_links":{"self":[{"href":"https:\/\/www.folklore.ee\/ars\/wp-json\/wp\/v2\/pages\/703","targetHints":{"allow":["GET"]}}],"collection":[{"href":"https:\/\/www.folklore.ee\/ars\/wp-json\/wp\/v2\/pages"}],"about":[{"href":"https:\/\/www.folklore.ee\/ars\/wp-json\/wp\/v2\/types\/page"}],"author":[{"embeddable":true,"href":"https:\/\/www.folklore.ee\/ars\/wp-json\/wp\/v2\/users\/1"}],"replies":[{"embeddable":true,"href":"https:\/\/www.folklore.ee\/ars\/wp-json\/wp\/v2\/comments?post=703"}],"version-history":[{"count":1,"href":"https:\/\/www.folklore.ee\/ars\/wp-json\/wp\/v2\/pages\/703\/revisions"}],"predecessor-version":[{"id":704,"href":"https:\/\/www.folklore.ee\/ars\/wp-json\/wp\/v2\/pages\/703\/revisions\/704"}],"up":[{"embeddable":true,"href":"https:\/\/www.folklore.ee\/ars\/wp-json\/wp\/v2\/pages\/687"}],"wp:attachment":[{"href":"https:\/\/www.folklore.ee\/ars\/wp-json\/wp\/v2\/media?parent=703"}],"curies":[{"name":"wp","href":"https:\/\/api.w.org\/{rel}","templated":true}]}}