{"id":700,"date":"2023-10-03T06:14:13","date_gmt":"2023-10-03T06:14:13","guid":{"rendered":"https:\/\/www.folklore.ee\/ars\/?page_id=700"},"modified":"2023-10-03T06:14:13","modified_gmt":"2023-10-03T06:14:13","slug":"kuidas-me-permikomisid-filmimas-kaisime","status":"publish","type":"page","link":"https:\/\/www.folklore.ee\/ars\/uritused\/arhiiv\/kogumiskonverents-2008-ajakava\/kuidas-me-permikomisid-filmimas-kaisime\/","title":{"rendered":"Kuidas me\u00a0permikomisid\u00a0filmimas k\u00e4isime"},"content":{"rendered":"\n<p>ERMi teadur Indrek J\u00e4\u00e4ts ja filmimees Maido Selgm\u00e4e viibisid 6.\u201321. septembrini Venemaal Permi krais. Eesm\u00e4rk oli koguda materjali dokumentaalfilmi tarvis, mille esialgne pealkiri on \u201ePermikomi s\u00fcgis\u201c. Film p\u00fc\u00fcab kajastada permikomide kui etnilise kogukonna t\u00e4nast olukorda ja tulevikuperspektiive. Peamiselt tegime ekspertintervjuusid kohalike haritlaste ja \u00fchiskonna-tegelastega ning \u00fcritasime j\u00e4\u00e4dvustada kaasaegse igap\u00e4evaelu v\u00f5imalikult erinevaid aspekte. Permikomi autonoomne ringkond \u00fchines hiljuti Permi kraiga ning minetas seejuures oma autonoomia. \u00dchinemise teema on selgelt poliitiline ning Moskva ja Perm ei ole huvitatud v\u00e4lismaisest (veel v\u00e4hem Eesti) vastavasuunaliselt t\u00e4helepanust. Permikomi eliidi seisukoht on pigem vastupidine, ent samas m\u00f5nev\u00f5rra kammitsetud. Niisiis oli v\u00e4lit\u00f6\u00f6de \u00f5hkkond pisut pingestatud, ent \u00fcldiselt olime siiski edukad ning j\u00f5udsime oma tehnika ja kogutud materjaliga \u00f5nnelikult kodumaale tagasi.<\/p>\n","protected":false},"excerpt":{"rendered":"<p>ERMi teadur Indrek J\u00e4\u00e4ts ja filmimees Maido Selgm\u00e4e viibisid 6.\u201321. septembrini Venemaal Permi krais. Eesm\u00e4rk oli koguda materjali dokumentaalfilmi tarvis, mille esialgne pealkiri on \u201ePermikomi s\u00fcgis\u201c. Film p\u00fc\u00fcab kajastada permikomide kui etnilise kogukonna t\u00e4nast olukorda ja tulevikuperspektiive. Peamiselt tegime ekspertintervjuusid kohalike haritlaste ja \u00fchiskonna-tegelastega ning \u00fcritasime j\u00e4\u00e4dvustada kaasaegse igap\u00e4evaelu v\u00f5imalikult erinevaid aspekte. Permikomi autonoomne ringkond [&hellip;]<\/p>\n","protected":false},"author":1,"featured_media":0,"parent":687,"menu_order":0,"comment_status":"closed","ping_status":"closed","template":"","meta":{"footnotes":""},"class_list":["post-700","page","type-page","status-publish","hentry"],"yoast_head":"<!-- This site is optimized with the Yoast SEO plugin v20.12 - https:\/\/yoast.com\/wordpress\/plugins\/seo\/ -->\n<title>Kuidas me\u00a0permikomisid\u00a0filmimas k\u00e4isime | Akadeemiline Rahvaluule Selts<\/title>\n<meta name=\"robots\" content=\"index, follow, max-snippet:-1, max-image-preview:large, max-video-preview:-1\" \/>\n<link rel=\"canonical\" href=\"https:\/\/www.folklore.ee\/ars\/uritused\/arhiiv\/kogumiskonverents-2008-ajakava\/kuidas-me-permikomisid-filmimas-kaisime\/\" \/>\n<meta property=\"og:locale\" content=\"en_US\" \/>\n<meta property=\"og:type\" content=\"article\" \/>\n<meta property=\"og:title\" content=\"Kuidas me\u00a0permikomisid\u00a0filmimas k\u00e4isime | Akadeemiline Rahvaluule Selts\" \/>\n<meta property=\"og:description\" content=\"ERMi teadur Indrek J\u00e4\u00e4ts ja filmimees Maido Selgm\u00e4e viibisid 6.\u201321. septembrini Venemaal Permi krais. Eesm\u00e4rk oli koguda materjali dokumentaalfilmi tarvis, mille esialgne pealkiri on \u201ePermikomi s\u00fcgis\u201c. Film p\u00fc\u00fcab kajastada permikomide kui etnilise kogukonna t\u00e4nast olukorda ja tulevikuperspektiive. Peamiselt tegime ekspertintervjuusid kohalike haritlaste ja \u00fchiskonna-tegelastega ning \u00fcritasime j\u00e4\u00e4dvustada kaasaegse igap\u00e4evaelu v\u00f5imalikult erinevaid aspekte. Permikomi autonoomne ringkond [&hellip;]\" \/>\n<meta property=\"og:url\" content=\"https:\/\/www.folklore.ee\/ars\/uritused\/arhiiv\/kogumiskonverents-2008-ajakava\/kuidas-me-permikomisid-filmimas-kaisime\/\" \/>\n<meta property=\"og:site_name\" content=\"Akadeemiline Rahvaluule Selts\" \/>\n<meta name=\"twitter:card\" content=\"summary_large_image\" \/>\n<meta name=\"twitter:label1\" content=\"Est. reading time\" \/>\n\t<meta name=\"twitter:data1\" content=\"1 minute\" \/>\n<script type=\"application\/ld+json\" class=\"yoast-schema-graph\">{\"@context\":\"https:\/\/schema.org\",\"@graph\":[{\"@type\":\"WebPage\",\"@id\":\"https:\/\/www.folklore.ee\/ars\/uritused\/arhiiv\/kogumiskonverents-2008-ajakava\/kuidas-me-permikomisid-filmimas-kaisime\/\",\"url\":\"https:\/\/www.folklore.ee\/ars\/uritused\/arhiiv\/kogumiskonverents-2008-ajakava\/kuidas-me-permikomisid-filmimas-kaisime\/\",\"name\":\"Kuidas me\u00a0permikomisid\u00a0filmimas k\u00e4isime | Akadeemiline Rahvaluule Selts\",\"isPartOf\":{\"@id\":\"https:\/\/www.folklore.ee\/ars\/#website\"},\"datePublished\":\"2023-10-03T06:14:13+00:00\",\"dateModified\":\"2023-10-03T06:14:13+00:00\",\"breadcrumb\":{\"@id\":\"https:\/\/www.folklore.ee\/ars\/uritused\/arhiiv\/kogumiskonverents-2008-ajakava\/kuidas-me-permikomisid-filmimas-kaisime\/#breadcrumb\"},\"inLanguage\":\"en-US\",\"potentialAction\":[{\"@type\":\"ReadAction\",\"target\":[\"https:\/\/www.folklore.ee\/ars\/uritused\/arhiiv\/kogumiskonverents-2008-ajakava\/kuidas-me-permikomisid-filmimas-kaisime\/\"]}]},{\"@type\":\"BreadcrumbList\",\"@id\":\"https:\/\/www.folklore.ee\/ars\/uritused\/arhiiv\/kogumiskonverents-2008-ajakava\/kuidas-me-permikomisid-filmimas-kaisime\/#breadcrumb\",\"itemListElement\":[{\"@type\":\"ListItem\",\"position\":1,\"name\":\"Avaleht\",\"item\":\"https:\/\/www.folklore.ee\/ars\/\"},{\"@type\":\"ListItem\",\"position\":2,\"name\":\"\u00dcritused\",\"item\":\"https:\/\/www.folklore.ee\/ars\/uritused\/\"},{\"@type\":\"ListItem\",\"position\":3,\"name\":\"Arhiiv\",\"item\":\"https:\/\/www.folklore.ee\/ars\/uritused\/arhiiv\/\"},{\"@type\":\"ListItem\",\"position\":4,\"name\":\"Kogumiskonverents 2008 ajakava\",\"item\":\"https:\/\/www.folklore.ee\/ars\/uritused\/arhiiv\/kogumiskonverents-2008-ajakava\/\"},{\"@type\":\"ListItem\",\"position\":5,\"name\":\"Kuidas me\u00a0permikomisid\u00a0filmimas k\u00e4isime\"}]},{\"@type\":\"WebSite\",\"@id\":\"https:\/\/www.folklore.ee\/ars\/#website\",\"url\":\"https:\/\/www.folklore.ee\/ars\/\",\"name\":\"Akadeemiline Rahvaluule Selts\",\"description\":\"Folkloristide, \u00fcli\u00f5pilaste ja k\u00f5igi rahvaluulest huvitatute \u00fchendus, mis aitab kaasa rahvaluule kogumisele, tutvustamisele, uurimisele ja publitseerimisele.\",\"potentialAction\":[{\"@type\":\"SearchAction\",\"target\":{\"@type\":\"EntryPoint\",\"urlTemplate\":\"https:\/\/www.folklore.ee\/ars\/?s={search_term_string}\"},\"query-input\":\"required name=search_term_string\"}],\"inLanguage\":\"en-US\"}]}<\/script>\n<!-- \/ Yoast SEO plugin. -->","yoast_head_json":{"title":"Kuidas me\u00a0permikomisid\u00a0filmimas k\u00e4isime | Akadeemiline Rahvaluule Selts","robots":{"index":"index","follow":"follow","max-snippet":"max-snippet:-1","max-image-preview":"max-image-preview:large","max-video-preview":"max-video-preview:-1"},"canonical":"https:\/\/www.folklore.ee\/ars\/uritused\/arhiiv\/kogumiskonverents-2008-ajakava\/kuidas-me-permikomisid-filmimas-kaisime\/","og_locale":"en_US","og_type":"article","og_title":"Kuidas me\u00a0permikomisid\u00a0filmimas k\u00e4isime | Akadeemiline Rahvaluule Selts","og_description":"ERMi teadur Indrek J\u00e4\u00e4ts ja filmimees Maido Selgm\u00e4e viibisid 6.\u201321. septembrini Venemaal Permi krais. Eesm\u00e4rk oli koguda materjali dokumentaalfilmi tarvis, mille esialgne pealkiri on \u201ePermikomi s\u00fcgis\u201c. Film p\u00fc\u00fcab kajastada permikomide kui etnilise kogukonna t\u00e4nast olukorda ja tulevikuperspektiive. Peamiselt tegime ekspertintervjuusid kohalike haritlaste ja \u00fchiskonna-tegelastega ning \u00fcritasime j\u00e4\u00e4dvustada kaasaegse igap\u00e4evaelu v\u00f5imalikult erinevaid aspekte. Permikomi autonoomne ringkond [&hellip;]","og_url":"https:\/\/www.folklore.ee\/ars\/uritused\/arhiiv\/kogumiskonverents-2008-ajakava\/kuidas-me-permikomisid-filmimas-kaisime\/","og_site_name":"Akadeemiline Rahvaluule Selts","twitter_card":"summary_large_image","twitter_misc":{"Est. reading time":"1 minute"},"schema":{"@context":"https:\/\/schema.org","@graph":[{"@type":"WebPage","@id":"https:\/\/www.folklore.ee\/ars\/uritused\/arhiiv\/kogumiskonverents-2008-ajakava\/kuidas-me-permikomisid-filmimas-kaisime\/","url":"https:\/\/www.folklore.ee\/ars\/uritused\/arhiiv\/kogumiskonverents-2008-ajakava\/kuidas-me-permikomisid-filmimas-kaisime\/","name":"Kuidas me\u00a0permikomisid\u00a0filmimas k\u00e4isime | Akadeemiline Rahvaluule Selts","isPartOf":{"@id":"https:\/\/www.folklore.ee\/ars\/#website"},"datePublished":"2023-10-03T06:14:13+00:00","dateModified":"2023-10-03T06:14:13+00:00","breadcrumb":{"@id":"https:\/\/www.folklore.ee\/ars\/uritused\/arhiiv\/kogumiskonverents-2008-ajakava\/kuidas-me-permikomisid-filmimas-kaisime\/#breadcrumb"},"inLanguage":"en-US","potentialAction":[{"@type":"ReadAction","target":["https:\/\/www.folklore.ee\/ars\/uritused\/arhiiv\/kogumiskonverents-2008-ajakava\/kuidas-me-permikomisid-filmimas-kaisime\/"]}]},{"@type":"BreadcrumbList","@id":"https:\/\/www.folklore.ee\/ars\/uritused\/arhiiv\/kogumiskonverents-2008-ajakava\/kuidas-me-permikomisid-filmimas-kaisime\/#breadcrumb","itemListElement":[{"@type":"ListItem","position":1,"name":"Avaleht","item":"https:\/\/www.folklore.ee\/ars\/"},{"@type":"ListItem","position":2,"name":"\u00dcritused","item":"https:\/\/www.folklore.ee\/ars\/uritused\/"},{"@type":"ListItem","position":3,"name":"Arhiiv","item":"https:\/\/www.folklore.ee\/ars\/uritused\/arhiiv\/"},{"@type":"ListItem","position":4,"name":"Kogumiskonverents 2008 ajakava","item":"https:\/\/www.folklore.ee\/ars\/uritused\/arhiiv\/kogumiskonverents-2008-ajakava\/"},{"@type":"ListItem","position":5,"name":"Kuidas me\u00a0permikomisid\u00a0filmimas k\u00e4isime"}]},{"@type":"WebSite","@id":"https:\/\/www.folklore.ee\/ars\/#website","url":"https:\/\/www.folklore.ee\/ars\/","name":"Akadeemiline Rahvaluule Selts","description":"Folkloristide, \u00fcli\u00f5pilaste ja k\u00f5igi rahvaluulest huvitatute \u00fchendus, mis aitab kaasa rahvaluule kogumisele, tutvustamisele, uurimisele ja publitseerimisele.","potentialAction":[{"@type":"SearchAction","target":{"@type":"EntryPoint","urlTemplate":"https:\/\/www.folklore.ee\/ars\/?s={search_term_string}"},"query-input":"required name=search_term_string"}],"inLanguage":"en-US"}]}},"_links":{"self":[{"href":"https:\/\/www.folklore.ee\/ars\/wp-json\/wp\/v2\/pages\/700","targetHints":{"allow":["GET"]}}],"collection":[{"href":"https:\/\/www.folklore.ee\/ars\/wp-json\/wp\/v2\/pages"}],"about":[{"href":"https:\/\/www.folklore.ee\/ars\/wp-json\/wp\/v2\/types\/page"}],"author":[{"embeddable":true,"href":"https:\/\/www.folklore.ee\/ars\/wp-json\/wp\/v2\/users\/1"}],"replies":[{"embeddable":true,"href":"https:\/\/www.folklore.ee\/ars\/wp-json\/wp\/v2\/comments?post=700"}],"version-history":[{"count":1,"href":"https:\/\/www.folklore.ee\/ars\/wp-json\/wp\/v2\/pages\/700\/revisions"}],"predecessor-version":[{"id":701,"href":"https:\/\/www.folklore.ee\/ars\/wp-json\/wp\/v2\/pages\/700\/revisions\/701"}],"up":[{"embeddable":true,"href":"https:\/\/www.folklore.ee\/ars\/wp-json\/wp\/v2\/pages\/687"}],"wp:attachment":[{"href":"https:\/\/www.folklore.ee\/ars\/wp-json\/wp\/v2\/media?parent=700"}],"curies":[{"name":"wp","href":"https:\/\/api.w.org\/{rel}","templated":true}]}}