{"id":697,"date":"2023-10-03T06:13:05","date_gmt":"2023-10-03T06:13:05","guid":{"rendered":"https:\/\/www.folklore.ee\/ars\/?page_id=697"},"modified":"2023-10-03T06:13:05","modified_gmt":"2023-10-03T06:13:05","slug":"vepslasi-varadjarvest-vinglani-varskeid-valitookogemusi-2008","status":"publish","type":"page","link":"https:\/\/www.folklore.ee\/ars\/uritused\/arhiiv\/kogumiskonverents-2008-ajakava\/vepslasi-varadjarvest-vinglani-varskeid-valitookogemusi-2008\/","title":{"rendered":"Vepslasi\u00a0V\u00e4radjarvest\u00a0Vinglani\u00a0\u2013 v\u00e4rskeid v\u00e4lit\u00f6\u00f6kogemusi, 2008"},"content":{"rendered":"\n<p>K\u00f5nelen \u00fclevaatlikult t\u00e4navu augustis aset leidnud v\u00e4lit\u00f6\u00f6dest ojativepsa k\u00fclastutesse, mis moodustavad \u00fche veel suhteliselt eluj\u00f5ulise osa laiemast keskvepslaste elualast nn Kesk-Vepsa k\u00f5rgustikul.<\/p>\n\n\n\n<p>Uurimisretke eesm\u00e4rkideks oli seatud usundilis-folkloorse ning l\u00e4hiajaloo teemasid k\u00e4sitava laiemap\u00f5hjalise korpuse loomine, aga ka usundiliste praktikate (m\u00e4lestamine, itkemine, ravitsemis- ja p\u00fchakohap\u00e4rimus) audiovisuaalne j\u00e4\u00e4dvustamine. \u017danrilises l\u00f5ikes talletasime ka palveloitse, n\u00f5iduss\u00f5nu, apokr\u00fc\u00fcfilist ja muistendilist p\u00e4rimust, ravitsemisjutte jm. Lisandusid mitmesugused l\u00e4hiajaloomeenutused ning muud p\u00e4rimusliku ajaloo representatsioonid. \u00dche meeldej\u00e4\u00e4vama osa meie v\u00e4lit\u00f6\u00f6st moodustasid vestlused praktiseeriva n\u00f5iaga (vepsa tedai; vene \u0437\u043d\u0430\u0445\u0430\u0440\u043a\u0430), kes kirjaoskamatu inimesena osutus p\u00e4rimuse elemente v\u00e4gagi loovalt kombineerivaks isiksuseks. Samas oli ta m\u00e4llu talletunud teateid harva esinevatest muistendit\u00fc\u00fcpidest ning usundilistest motiividest.<\/p>\n","protected":false},"excerpt":{"rendered":"<p>K\u00f5nelen \u00fclevaatlikult t\u00e4navu augustis aset leidnud v\u00e4lit\u00f6\u00f6dest ojativepsa k\u00fclastutesse, mis moodustavad \u00fche veel suhteliselt eluj\u00f5ulise osa laiemast keskvepslaste elualast nn Kesk-Vepsa k\u00f5rgustikul. Uurimisretke eesm\u00e4rkideks oli seatud usundilis-folkloorse ning l\u00e4hiajaloo teemasid k\u00e4sitava laiemap\u00f5hjalise korpuse loomine, aga ka usundiliste praktikate (m\u00e4lestamine, itkemine, ravitsemis- ja p\u00fchakohap\u00e4rimus) audiovisuaalne j\u00e4\u00e4dvustamine. \u017danrilises l\u00f5ikes talletasime ka palveloitse, n\u00f5iduss\u00f5nu, apokr\u00fc\u00fcfilist ja muistendilist p\u00e4rimust, [&hellip;]<\/p>\n","protected":false},"author":1,"featured_media":0,"parent":687,"menu_order":0,"comment_status":"closed","ping_status":"closed","template":"","meta":{"footnotes":""},"class_list":["post-697","page","type-page","status-publish","hentry"],"yoast_head":"<!-- This site is optimized with the Yoast SEO plugin v20.12 - https:\/\/yoast.com\/wordpress\/plugins\/seo\/ -->\n<title>Vepslasi\u00a0V\u00e4radjarvest\u00a0Vinglani\u00a0\u2013 v\u00e4rskeid v\u00e4lit\u00f6\u00f6kogemusi, 2008 | Akadeemiline Rahvaluule Selts<\/title>\n<meta name=\"robots\" content=\"index, follow, max-snippet:-1, max-image-preview:large, max-video-preview:-1\" \/>\n<link rel=\"canonical\" href=\"https:\/\/www.folklore.ee\/ars\/uritused\/arhiiv\/kogumiskonverents-2008-ajakava\/vepslasi-varadjarvest-vinglani-varskeid-valitookogemusi-2008\/\" \/>\n<meta property=\"og:locale\" content=\"en_US\" \/>\n<meta property=\"og:type\" content=\"article\" \/>\n<meta property=\"og:title\" content=\"Vepslasi\u00a0V\u00e4radjarvest\u00a0Vinglani\u00a0\u2013 v\u00e4rskeid v\u00e4lit\u00f6\u00f6kogemusi, 2008 | Akadeemiline Rahvaluule Selts\" \/>\n<meta property=\"og:description\" content=\"K\u00f5nelen \u00fclevaatlikult t\u00e4navu augustis aset leidnud v\u00e4lit\u00f6\u00f6dest ojativepsa k\u00fclastutesse, mis moodustavad \u00fche veel suhteliselt eluj\u00f5ulise osa laiemast keskvepslaste elualast nn Kesk-Vepsa k\u00f5rgustikul. Uurimisretke eesm\u00e4rkideks oli seatud usundilis-folkloorse ning l\u00e4hiajaloo teemasid k\u00e4sitava laiemap\u00f5hjalise korpuse loomine, aga ka usundiliste praktikate (m\u00e4lestamine, itkemine, ravitsemis- ja p\u00fchakohap\u00e4rimus) audiovisuaalne j\u00e4\u00e4dvustamine. \u017danrilises l\u00f5ikes talletasime ka palveloitse, n\u00f5iduss\u00f5nu, apokr\u00fc\u00fcfilist ja muistendilist p\u00e4rimust, [&hellip;]\" \/>\n<meta property=\"og:url\" content=\"https:\/\/www.folklore.ee\/ars\/uritused\/arhiiv\/kogumiskonverents-2008-ajakava\/vepslasi-varadjarvest-vinglani-varskeid-valitookogemusi-2008\/\" \/>\n<meta property=\"og:site_name\" content=\"Akadeemiline Rahvaluule Selts\" \/>\n<meta name=\"twitter:card\" content=\"summary_large_image\" \/>\n<script type=\"application\/ld+json\" class=\"yoast-schema-graph\">{\"@context\":\"https:\/\/schema.org\",\"@graph\":[{\"@type\":\"WebPage\",\"@id\":\"https:\/\/www.folklore.ee\/ars\/uritused\/arhiiv\/kogumiskonverents-2008-ajakava\/vepslasi-varadjarvest-vinglani-varskeid-valitookogemusi-2008\/\",\"url\":\"https:\/\/www.folklore.ee\/ars\/uritused\/arhiiv\/kogumiskonverents-2008-ajakava\/vepslasi-varadjarvest-vinglani-varskeid-valitookogemusi-2008\/\",\"name\":\"Vepslasi\u00a0V\u00e4radjarvest\u00a0Vinglani\u00a0\u2013 v\u00e4rskeid v\u00e4lit\u00f6\u00f6kogemusi, 2008 | Akadeemiline Rahvaluule Selts\",\"isPartOf\":{\"@id\":\"https:\/\/www.folklore.ee\/ars\/#website\"},\"datePublished\":\"2023-10-03T06:13:05+00:00\",\"dateModified\":\"2023-10-03T06:13:05+00:00\",\"breadcrumb\":{\"@id\":\"https:\/\/www.folklore.ee\/ars\/uritused\/arhiiv\/kogumiskonverents-2008-ajakava\/vepslasi-varadjarvest-vinglani-varskeid-valitookogemusi-2008\/#breadcrumb\"},\"inLanguage\":\"en-US\",\"potentialAction\":[{\"@type\":\"ReadAction\",\"target\":[\"https:\/\/www.folklore.ee\/ars\/uritused\/arhiiv\/kogumiskonverents-2008-ajakava\/vepslasi-varadjarvest-vinglani-varskeid-valitookogemusi-2008\/\"]}]},{\"@type\":\"BreadcrumbList\",\"@id\":\"https:\/\/www.folklore.ee\/ars\/uritused\/arhiiv\/kogumiskonverents-2008-ajakava\/vepslasi-varadjarvest-vinglani-varskeid-valitookogemusi-2008\/#breadcrumb\",\"itemListElement\":[{\"@type\":\"ListItem\",\"position\":1,\"name\":\"Avaleht\",\"item\":\"https:\/\/www.folklore.ee\/ars\/\"},{\"@type\":\"ListItem\",\"position\":2,\"name\":\"\u00dcritused\",\"item\":\"https:\/\/www.folklore.ee\/ars\/uritused\/\"},{\"@type\":\"ListItem\",\"position\":3,\"name\":\"Arhiiv\",\"item\":\"https:\/\/www.folklore.ee\/ars\/uritused\/arhiiv\/\"},{\"@type\":\"ListItem\",\"position\":4,\"name\":\"Kogumiskonverents 2008 ajakava\",\"item\":\"https:\/\/www.folklore.ee\/ars\/uritused\/arhiiv\/kogumiskonverents-2008-ajakava\/\"},{\"@type\":\"ListItem\",\"position\":5,\"name\":\"Vepslasi\u00a0V\u00e4radjarvest\u00a0Vinglani\u00a0\u2013 v\u00e4rskeid v\u00e4lit\u00f6\u00f6kogemusi, 2008\"}]},{\"@type\":\"WebSite\",\"@id\":\"https:\/\/www.folklore.ee\/ars\/#website\",\"url\":\"https:\/\/www.folklore.ee\/ars\/\",\"name\":\"Akadeemiline Rahvaluule Selts\",\"description\":\"Folkloristide, \u00fcli\u00f5pilaste ja k\u00f5igi rahvaluulest huvitatute \u00fchendus, mis aitab kaasa rahvaluule kogumisele, tutvustamisele, uurimisele ja publitseerimisele.\",\"potentialAction\":[{\"@type\":\"SearchAction\",\"target\":{\"@type\":\"EntryPoint\",\"urlTemplate\":\"https:\/\/www.folklore.ee\/ars\/?s={search_term_string}\"},\"query-input\":\"required name=search_term_string\"}],\"inLanguage\":\"en-US\"}]}<\/script>\n<!-- \/ Yoast SEO plugin. -->","yoast_head_json":{"title":"Vepslasi\u00a0V\u00e4radjarvest\u00a0Vinglani\u00a0\u2013 v\u00e4rskeid v\u00e4lit\u00f6\u00f6kogemusi, 2008 | Akadeemiline Rahvaluule Selts","robots":{"index":"index","follow":"follow","max-snippet":"max-snippet:-1","max-image-preview":"max-image-preview:large","max-video-preview":"max-video-preview:-1"},"canonical":"https:\/\/www.folklore.ee\/ars\/uritused\/arhiiv\/kogumiskonverents-2008-ajakava\/vepslasi-varadjarvest-vinglani-varskeid-valitookogemusi-2008\/","og_locale":"en_US","og_type":"article","og_title":"Vepslasi\u00a0V\u00e4radjarvest\u00a0Vinglani\u00a0\u2013 v\u00e4rskeid v\u00e4lit\u00f6\u00f6kogemusi, 2008 | Akadeemiline Rahvaluule Selts","og_description":"K\u00f5nelen \u00fclevaatlikult t\u00e4navu augustis aset leidnud v\u00e4lit\u00f6\u00f6dest ojativepsa k\u00fclastutesse, mis moodustavad \u00fche veel suhteliselt eluj\u00f5ulise osa laiemast keskvepslaste elualast nn Kesk-Vepsa k\u00f5rgustikul. Uurimisretke eesm\u00e4rkideks oli seatud usundilis-folkloorse ning l\u00e4hiajaloo teemasid k\u00e4sitava laiemap\u00f5hjalise korpuse loomine, aga ka usundiliste praktikate (m\u00e4lestamine, itkemine, ravitsemis- ja p\u00fchakohap\u00e4rimus) audiovisuaalne j\u00e4\u00e4dvustamine. \u017danrilises l\u00f5ikes talletasime ka palveloitse, n\u00f5iduss\u00f5nu, apokr\u00fc\u00fcfilist ja muistendilist p\u00e4rimust, [&hellip;]","og_url":"https:\/\/www.folklore.ee\/ars\/uritused\/arhiiv\/kogumiskonverents-2008-ajakava\/vepslasi-varadjarvest-vinglani-varskeid-valitookogemusi-2008\/","og_site_name":"Akadeemiline Rahvaluule Selts","twitter_card":"summary_large_image","schema":{"@context":"https:\/\/schema.org","@graph":[{"@type":"WebPage","@id":"https:\/\/www.folklore.ee\/ars\/uritused\/arhiiv\/kogumiskonverents-2008-ajakava\/vepslasi-varadjarvest-vinglani-varskeid-valitookogemusi-2008\/","url":"https:\/\/www.folklore.ee\/ars\/uritused\/arhiiv\/kogumiskonverents-2008-ajakava\/vepslasi-varadjarvest-vinglani-varskeid-valitookogemusi-2008\/","name":"Vepslasi\u00a0V\u00e4radjarvest\u00a0Vinglani\u00a0\u2013 v\u00e4rskeid v\u00e4lit\u00f6\u00f6kogemusi, 2008 | Akadeemiline Rahvaluule Selts","isPartOf":{"@id":"https:\/\/www.folklore.ee\/ars\/#website"},"datePublished":"2023-10-03T06:13:05+00:00","dateModified":"2023-10-03T06:13:05+00:00","breadcrumb":{"@id":"https:\/\/www.folklore.ee\/ars\/uritused\/arhiiv\/kogumiskonverents-2008-ajakava\/vepslasi-varadjarvest-vinglani-varskeid-valitookogemusi-2008\/#breadcrumb"},"inLanguage":"en-US","potentialAction":[{"@type":"ReadAction","target":["https:\/\/www.folklore.ee\/ars\/uritused\/arhiiv\/kogumiskonverents-2008-ajakava\/vepslasi-varadjarvest-vinglani-varskeid-valitookogemusi-2008\/"]}]},{"@type":"BreadcrumbList","@id":"https:\/\/www.folklore.ee\/ars\/uritused\/arhiiv\/kogumiskonverents-2008-ajakava\/vepslasi-varadjarvest-vinglani-varskeid-valitookogemusi-2008\/#breadcrumb","itemListElement":[{"@type":"ListItem","position":1,"name":"Avaleht","item":"https:\/\/www.folklore.ee\/ars\/"},{"@type":"ListItem","position":2,"name":"\u00dcritused","item":"https:\/\/www.folklore.ee\/ars\/uritused\/"},{"@type":"ListItem","position":3,"name":"Arhiiv","item":"https:\/\/www.folklore.ee\/ars\/uritused\/arhiiv\/"},{"@type":"ListItem","position":4,"name":"Kogumiskonverents 2008 ajakava","item":"https:\/\/www.folklore.ee\/ars\/uritused\/arhiiv\/kogumiskonverents-2008-ajakava\/"},{"@type":"ListItem","position":5,"name":"Vepslasi\u00a0V\u00e4radjarvest\u00a0Vinglani\u00a0\u2013 v\u00e4rskeid v\u00e4lit\u00f6\u00f6kogemusi, 2008"}]},{"@type":"WebSite","@id":"https:\/\/www.folklore.ee\/ars\/#website","url":"https:\/\/www.folklore.ee\/ars\/","name":"Akadeemiline Rahvaluule Selts","description":"Folkloristide, \u00fcli\u00f5pilaste ja k\u00f5igi rahvaluulest huvitatute \u00fchendus, mis aitab kaasa rahvaluule kogumisele, tutvustamisele, uurimisele ja publitseerimisele.","potentialAction":[{"@type":"SearchAction","target":{"@type":"EntryPoint","urlTemplate":"https:\/\/www.folklore.ee\/ars\/?s={search_term_string}"},"query-input":"required name=search_term_string"}],"inLanguage":"en-US"}]}},"_links":{"self":[{"href":"https:\/\/www.folklore.ee\/ars\/wp-json\/wp\/v2\/pages\/697","targetHints":{"allow":["GET"]}}],"collection":[{"href":"https:\/\/www.folklore.ee\/ars\/wp-json\/wp\/v2\/pages"}],"about":[{"href":"https:\/\/www.folklore.ee\/ars\/wp-json\/wp\/v2\/types\/page"}],"author":[{"embeddable":true,"href":"https:\/\/www.folklore.ee\/ars\/wp-json\/wp\/v2\/users\/1"}],"replies":[{"embeddable":true,"href":"https:\/\/www.folklore.ee\/ars\/wp-json\/wp\/v2\/comments?post=697"}],"version-history":[{"count":1,"href":"https:\/\/www.folklore.ee\/ars\/wp-json\/wp\/v2\/pages\/697\/revisions"}],"predecessor-version":[{"id":699,"href":"https:\/\/www.folklore.ee\/ars\/wp-json\/wp\/v2\/pages\/697\/revisions\/699"}],"up":[{"embeddable":true,"href":"https:\/\/www.folklore.ee\/ars\/wp-json\/wp\/v2\/pages\/687"}],"wp:attachment":[{"href":"https:\/\/www.folklore.ee\/ars\/wp-json\/wp\/v2\/media?parent=697"}],"curies":[{"name":"wp","href":"https:\/\/api.w.org\/{rel}","templated":true}]}}