{"id":695,"date":"2023-10-03T06:01:15","date_gmt":"2023-10-03T06:01:15","guid":{"rendered":"https:\/\/www.folklore.ee\/ars\/?page_id=695"},"modified":"2023-10-03T06:01:15","modified_gmt":"2023-10-03T06:01:15","slug":"tverimaal-sugulaste-jalgedes","status":"publish","type":"page","link":"https:\/\/www.folklore.ee\/ars\/uritused\/arhiiv\/kogumiskonverents-2008-ajakava\/tverimaal-sugulaste-jalgedes\/","title":{"rendered":"Tverimaal sugulaste j\u00e4lgedes"},"content":{"rendered":"\n<p>K\u00e4esoleva aasta suvel toimunud Eesti Kunstiakadeemia (EKA) soome-ugri uurimisreisi sihtpunktiks olid Venemaa F\u00f6deratsiooni karjalaste ja eestlaste k\u00fclad. L\u00e4htuvalt EKA spetsiifikast on uurimisgrupi p\u00f5hiline huvi suunatud rahvaste materiaalse kultuuri j\u00e4\u00e4dvustamisele, viimasel ajal aga \u00fcha rohkem ka elukeskkonna kui terviku talletamisele. Selleks kasutatakse k\u00f5ikv\u00f5imalikke tehnikaid alates joonistusest ning l\u00f5petades videofilmimisega.<\/p>\n\n\n\n<p>K\u00f5nesoleval ekspeditsioonil k\u00fclastati karjalasi Lihhoslavli ja Spirovo rajoonis ning eestlasi Firovo, Andreapoli ja Toropetsi rajoonis. Lisaks kohtuti Tveri Eesti Seltsi liikmeskonnaga, kelle kaasabil avati Tveris EKA ekspeditsioonide ajalugu k\u00e4sitlev n\u00e4itus.<\/p>\n\n\n\n<p>Eesti Kunstiakadeemia soome-ugri uurimisreisid algatas professor Kaljo P\u00f5llu 1978. aastal. Selleaastane ekspeditsioon oli arvult juba 31. Ekspeditsioonigrupis osales k\u00fcmme eelneva temaatilise kursuse l\u00e4binud EKA \u00fcli\u00f5pilast ning kaks juhendajat, samuti osales t\u00f6\u00f6s Helsingi \u00dclikooli \u00fcli\u00f5pilane.<\/p>\n","protected":false},"excerpt":{"rendered":"<p>K\u00e4esoleva aasta suvel toimunud Eesti Kunstiakadeemia (EKA) soome-ugri uurimisreisi sihtpunktiks olid Venemaa F\u00f6deratsiooni karjalaste ja eestlaste k\u00fclad. L\u00e4htuvalt EKA spetsiifikast on uurimisgrupi p\u00f5hiline huvi suunatud rahvaste materiaalse kultuuri j\u00e4\u00e4dvustamisele, viimasel ajal aga \u00fcha rohkem ka elukeskkonna kui terviku talletamisele. Selleks kasutatakse k\u00f5ikv\u00f5imalikke tehnikaid alates joonistusest ning l\u00f5petades videofilmimisega. K\u00f5nesoleval ekspeditsioonil k\u00fclastati karjalasi Lihhoslavli ja Spirovo [&hellip;]<\/p>\n","protected":false},"author":1,"featured_media":0,"parent":687,"menu_order":0,"comment_status":"closed","ping_status":"closed","template":"","meta":{"footnotes":""},"class_list":["post-695","page","type-page","status-publish","hentry"],"yoast_head":"<!-- This site is optimized with the Yoast SEO plugin v20.12 - https:\/\/yoast.com\/wordpress\/plugins\/seo\/ -->\n<title>Tverimaal sugulaste j\u00e4lgedes | Akadeemiline Rahvaluule Selts<\/title>\n<meta name=\"robots\" content=\"index, follow, max-snippet:-1, max-image-preview:large, max-video-preview:-1\" \/>\n<link rel=\"canonical\" href=\"https:\/\/www.folklore.ee\/ars\/uritused\/arhiiv\/kogumiskonverents-2008-ajakava\/tverimaal-sugulaste-jalgedes\/\" \/>\n<meta property=\"og:locale\" content=\"en_US\" \/>\n<meta property=\"og:type\" content=\"article\" \/>\n<meta property=\"og:title\" content=\"Tverimaal sugulaste j\u00e4lgedes | Akadeemiline Rahvaluule Selts\" \/>\n<meta property=\"og:description\" content=\"K\u00e4esoleva aasta suvel toimunud Eesti Kunstiakadeemia (EKA) soome-ugri uurimisreisi sihtpunktiks olid Venemaa F\u00f6deratsiooni karjalaste ja eestlaste k\u00fclad. L\u00e4htuvalt EKA spetsiifikast on uurimisgrupi p\u00f5hiline huvi suunatud rahvaste materiaalse kultuuri j\u00e4\u00e4dvustamisele, viimasel ajal aga \u00fcha rohkem ka elukeskkonna kui terviku talletamisele. Selleks kasutatakse k\u00f5ikv\u00f5imalikke tehnikaid alates joonistusest ning l\u00f5petades videofilmimisega. K\u00f5nesoleval ekspeditsioonil k\u00fclastati karjalasi Lihhoslavli ja Spirovo [&hellip;]\" \/>\n<meta property=\"og:url\" content=\"https:\/\/www.folklore.ee\/ars\/uritused\/arhiiv\/kogumiskonverents-2008-ajakava\/tverimaal-sugulaste-jalgedes\/\" \/>\n<meta property=\"og:site_name\" content=\"Akadeemiline Rahvaluule Selts\" \/>\n<meta name=\"twitter:card\" content=\"summary_large_image\" \/>\n<meta name=\"twitter:label1\" content=\"Est. reading time\" \/>\n\t<meta name=\"twitter:data1\" content=\"1 minute\" \/>\n<script type=\"application\/ld+json\" class=\"yoast-schema-graph\">{\"@context\":\"https:\/\/schema.org\",\"@graph\":[{\"@type\":\"WebPage\",\"@id\":\"https:\/\/www.folklore.ee\/ars\/uritused\/arhiiv\/kogumiskonverents-2008-ajakava\/tverimaal-sugulaste-jalgedes\/\",\"url\":\"https:\/\/www.folklore.ee\/ars\/uritused\/arhiiv\/kogumiskonverents-2008-ajakava\/tverimaal-sugulaste-jalgedes\/\",\"name\":\"Tverimaal sugulaste j\u00e4lgedes | Akadeemiline Rahvaluule Selts\",\"isPartOf\":{\"@id\":\"https:\/\/www.folklore.ee\/ars\/#website\"},\"datePublished\":\"2023-10-03T06:01:15+00:00\",\"dateModified\":\"2023-10-03T06:01:15+00:00\",\"breadcrumb\":{\"@id\":\"https:\/\/www.folklore.ee\/ars\/uritused\/arhiiv\/kogumiskonverents-2008-ajakava\/tverimaal-sugulaste-jalgedes\/#breadcrumb\"},\"inLanguage\":\"en-US\",\"potentialAction\":[{\"@type\":\"ReadAction\",\"target\":[\"https:\/\/www.folklore.ee\/ars\/uritused\/arhiiv\/kogumiskonverents-2008-ajakava\/tverimaal-sugulaste-jalgedes\/\"]}]},{\"@type\":\"BreadcrumbList\",\"@id\":\"https:\/\/www.folklore.ee\/ars\/uritused\/arhiiv\/kogumiskonverents-2008-ajakava\/tverimaal-sugulaste-jalgedes\/#breadcrumb\",\"itemListElement\":[{\"@type\":\"ListItem\",\"position\":1,\"name\":\"Avaleht\",\"item\":\"https:\/\/www.folklore.ee\/ars\/\"},{\"@type\":\"ListItem\",\"position\":2,\"name\":\"\u00dcritused\",\"item\":\"https:\/\/www.folklore.ee\/ars\/uritused\/\"},{\"@type\":\"ListItem\",\"position\":3,\"name\":\"Arhiiv\",\"item\":\"https:\/\/www.folklore.ee\/ars\/uritused\/arhiiv\/\"},{\"@type\":\"ListItem\",\"position\":4,\"name\":\"Kogumiskonverents 2008 ajakava\",\"item\":\"https:\/\/www.folklore.ee\/ars\/uritused\/arhiiv\/kogumiskonverents-2008-ajakava\/\"},{\"@type\":\"ListItem\",\"position\":5,\"name\":\"Tverimaal sugulaste j\u00e4lgedes\"}]},{\"@type\":\"WebSite\",\"@id\":\"https:\/\/www.folklore.ee\/ars\/#website\",\"url\":\"https:\/\/www.folklore.ee\/ars\/\",\"name\":\"Akadeemiline Rahvaluule Selts\",\"description\":\"Folkloristide, \u00fcli\u00f5pilaste ja k\u00f5igi rahvaluulest huvitatute \u00fchendus, mis aitab kaasa rahvaluule kogumisele, tutvustamisele, uurimisele ja publitseerimisele.\",\"potentialAction\":[{\"@type\":\"SearchAction\",\"target\":{\"@type\":\"EntryPoint\",\"urlTemplate\":\"https:\/\/www.folklore.ee\/ars\/?s={search_term_string}\"},\"query-input\":\"required name=search_term_string\"}],\"inLanguage\":\"en-US\"}]}<\/script>\n<!-- \/ Yoast SEO plugin. -->","yoast_head_json":{"title":"Tverimaal sugulaste j\u00e4lgedes | Akadeemiline Rahvaluule Selts","robots":{"index":"index","follow":"follow","max-snippet":"max-snippet:-1","max-image-preview":"max-image-preview:large","max-video-preview":"max-video-preview:-1"},"canonical":"https:\/\/www.folklore.ee\/ars\/uritused\/arhiiv\/kogumiskonverents-2008-ajakava\/tverimaal-sugulaste-jalgedes\/","og_locale":"en_US","og_type":"article","og_title":"Tverimaal sugulaste j\u00e4lgedes | Akadeemiline Rahvaluule Selts","og_description":"K\u00e4esoleva aasta suvel toimunud Eesti Kunstiakadeemia (EKA) soome-ugri uurimisreisi sihtpunktiks olid Venemaa F\u00f6deratsiooni karjalaste ja eestlaste k\u00fclad. L\u00e4htuvalt EKA spetsiifikast on uurimisgrupi p\u00f5hiline huvi suunatud rahvaste materiaalse kultuuri j\u00e4\u00e4dvustamisele, viimasel ajal aga \u00fcha rohkem ka elukeskkonna kui terviku talletamisele. Selleks kasutatakse k\u00f5ikv\u00f5imalikke tehnikaid alates joonistusest ning l\u00f5petades videofilmimisega. K\u00f5nesoleval ekspeditsioonil k\u00fclastati karjalasi Lihhoslavli ja Spirovo [&hellip;]","og_url":"https:\/\/www.folklore.ee\/ars\/uritused\/arhiiv\/kogumiskonverents-2008-ajakava\/tverimaal-sugulaste-jalgedes\/","og_site_name":"Akadeemiline Rahvaluule Selts","twitter_card":"summary_large_image","twitter_misc":{"Est. reading time":"1 minute"},"schema":{"@context":"https:\/\/schema.org","@graph":[{"@type":"WebPage","@id":"https:\/\/www.folklore.ee\/ars\/uritused\/arhiiv\/kogumiskonverents-2008-ajakava\/tverimaal-sugulaste-jalgedes\/","url":"https:\/\/www.folklore.ee\/ars\/uritused\/arhiiv\/kogumiskonverents-2008-ajakava\/tverimaal-sugulaste-jalgedes\/","name":"Tverimaal sugulaste j\u00e4lgedes | Akadeemiline Rahvaluule Selts","isPartOf":{"@id":"https:\/\/www.folklore.ee\/ars\/#website"},"datePublished":"2023-10-03T06:01:15+00:00","dateModified":"2023-10-03T06:01:15+00:00","breadcrumb":{"@id":"https:\/\/www.folklore.ee\/ars\/uritused\/arhiiv\/kogumiskonverents-2008-ajakava\/tverimaal-sugulaste-jalgedes\/#breadcrumb"},"inLanguage":"en-US","potentialAction":[{"@type":"ReadAction","target":["https:\/\/www.folklore.ee\/ars\/uritused\/arhiiv\/kogumiskonverents-2008-ajakava\/tverimaal-sugulaste-jalgedes\/"]}]},{"@type":"BreadcrumbList","@id":"https:\/\/www.folklore.ee\/ars\/uritused\/arhiiv\/kogumiskonverents-2008-ajakava\/tverimaal-sugulaste-jalgedes\/#breadcrumb","itemListElement":[{"@type":"ListItem","position":1,"name":"Avaleht","item":"https:\/\/www.folklore.ee\/ars\/"},{"@type":"ListItem","position":2,"name":"\u00dcritused","item":"https:\/\/www.folklore.ee\/ars\/uritused\/"},{"@type":"ListItem","position":3,"name":"Arhiiv","item":"https:\/\/www.folklore.ee\/ars\/uritused\/arhiiv\/"},{"@type":"ListItem","position":4,"name":"Kogumiskonverents 2008 ajakava","item":"https:\/\/www.folklore.ee\/ars\/uritused\/arhiiv\/kogumiskonverents-2008-ajakava\/"},{"@type":"ListItem","position":5,"name":"Tverimaal sugulaste j\u00e4lgedes"}]},{"@type":"WebSite","@id":"https:\/\/www.folklore.ee\/ars\/#website","url":"https:\/\/www.folklore.ee\/ars\/","name":"Akadeemiline Rahvaluule Selts","description":"Folkloristide, \u00fcli\u00f5pilaste ja k\u00f5igi rahvaluulest huvitatute \u00fchendus, mis aitab kaasa rahvaluule kogumisele, tutvustamisele, uurimisele ja publitseerimisele.","potentialAction":[{"@type":"SearchAction","target":{"@type":"EntryPoint","urlTemplate":"https:\/\/www.folklore.ee\/ars\/?s={search_term_string}"},"query-input":"required name=search_term_string"}],"inLanguage":"en-US"}]}},"_links":{"self":[{"href":"https:\/\/www.folklore.ee\/ars\/wp-json\/wp\/v2\/pages\/695","targetHints":{"allow":["GET"]}}],"collection":[{"href":"https:\/\/www.folklore.ee\/ars\/wp-json\/wp\/v2\/pages"}],"about":[{"href":"https:\/\/www.folklore.ee\/ars\/wp-json\/wp\/v2\/types\/page"}],"author":[{"embeddable":true,"href":"https:\/\/www.folklore.ee\/ars\/wp-json\/wp\/v2\/users\/1"}],"replies":[{"embeddable":true,"href":"https:\/\/www.folklore.ee\/ars\/wp-json\/wp\/v2\/comments?post=695"}],"version-history":[{"count":1,"href":"https:\/\/www.folklore.ee\/ars\/wp-json\/wp\/v2\/pages\/695\/revisions"}],"predecessor-version":[{"id":696,"href":"https:\/\/www.folklore.ee\/ars\/wp-json\/wp\/v2\/pages\/695\/revisions\/696"}],"up":[{"embeddable":true,"href":"https:\/\/www.folklore.ee\/ars\/wp-json\/wp\/v2\/pages\/687"}],"wp:attachment":[{"href":"https:\/\/www.folklore.ee\/ars\/wp-json\/wp\/v2\/media?parent=695"}],"curies":[{"name":"wp","href":"https:\/\/api.w.org\/{rel}","templated":true}]}}