{"id":687,"date":"2023-10-03T05:53:10","date_gmt":"2023-10-03T05:53:10","guid":{"rendered":"https:\/\/www.folklore.ee\/ars\/?page_id=687"},"modified":"2023-10-03T06:42:26","modified_gmt":"2023-10-03T06:42:26","slug":"kogumiskonverents-2008-ajakava","status":"publish","type":"page","link":"https:\/\/www.folklore.ee\/ars\/uritused\/arhiiv\/kogumiskonverents-2008-ajakava\/","title":{"rendered":"Kogumiskonverents 2008 ajakava"},"content":{"rendered":"\n<p class=\"has-text-align-center\"><strong>Akadeemilise Rahvaluule Seltsi<br>KOGUMIS\u00ad\u00adKONVERENTS 2008<br>\u201eTeadlasena ja turistina\u201d<\/strong><br>Neljap\u00e4eval, 30. oktoobril kell 10.00<br>Eesti Kirjandusmuuseumi saalis (Tartu, Vanemuise 42)<\/p>\n\n\n\n<p>ARSi kogumiskonverentsil 2008 tutvustatakse folkloristide, etnoloogide ning teiste naabererialade viimase aasta v\u00e4lit\u00f6id. Konverentsi alateemast l\u00e4htuvalt k\u00e4sitlevad ettekanded lisaks ekspeditsiooni\u00fclevaadetele k\u00fcsimusi:<\/p>\n\n\n\n<ul class=\"wp-block-list\">\n<li>Kas ja mille poolest sarnaneb kogumisk\u00e4ik turisti k\u00fclastusega \u2013 kogujate, informantide, k\u00fclastatavate, turistide arvates?<\/li>\n\n\n\n<li>Milliseks on kujunenud kogujate kokkupuuted turistide, suvitajate ja muude k\u00fclastajatega kogumist\u00f6\u00f6 k\u00e4igus?<\/li>\n\n\n\n<li>Kuidas ja mille kohta sobib kasutamiseks v\u00e4ljend &#8216;teadusturism&#8217;? Kas sellel on hea\/halvustav t\u00e4hendus?<\/li>\n<\/ul>\n\n\n\n<p><strong>KAVA<\/strong><\/p>\n\n\n\n<p><em>9. 40 Terekohv<\/em><\/p>\n\n\n\n<p><strong>10.00-12.15<\/strong><\/p>\n\n\n\n<p>Madis Tuuder <a href=\"\/ars\/uritused\/arhiiv\/kogumiskonverents-2008-ajakava\/tverimaal-sugulaste-jalgedes\/\">Tverimaal sugulaste j\u00e4lgedes<\/a><\/p>\n\n\n\n<p>Taisto Raudalainen <a href=\"\/ars\/uritused\/arhiiv\/kogumiskonverents-2008-ajakava\/vepslasi-varadjarvest-vinglani-varskeid-valitookogemusi-2008\/\">Vepslasi V\u00e4radjarvest Vinglani \u2013 v\u00e4rskeid v\u00e4lit\u00f6\u00f6kogemusi, 2008<\/a><\/p>\n\n\n\n<p>Indrek J\u00e4\u00e4ts <a href=\"\/ars\/uritused\/arhiiv\/kogumiskonverents-2008-ajakava\/kuidas-me-permikomisid-filmimas-kaisime\/\">Kuidas me permikomisid filmimas k\u00e4isime<\/a><\/p>\n\n\n\n<p>Pille Kippar <a href=\"\/ars\/uritused\/arhiiv\/kogumiskonverents-2008-ajakava\/teadusturistina-valismaal\/\">Teadusturistina v\u00e4lismaal. Isiklikke kogemusi 1960.\u20131980. aastatest<\/a><\/p>\n\n\n\n<p>Risto J\u00e4rv <a href=\"\/ars\/galerii\/kogumiskonverents-2008\/folkloristina-ja-turistina-muinasjutt-ja-turismireis\/\">Folkloristina ja turistina \u2013 muinasjutt ja turismir<\/a><a href=\"\/ars\/uritused\/arhiiv\/kogumiskonverents-2008-ajakava\/folkloristina-ja-turistina-muinasjutt-ja-turismireis\/\">eis<\/a><\/p>\n\n\n\n<p><em>L\u00f5unakohv<\/em><\/p>\n\n\n\n<p><strong>13.00-15.15<\/strong><\/p>\n\n\n\n<p>Maarja Kaaristo, Ester V\u00f5su <a href=\"\/ars\/uritused\/arhiiv\/talvekonverents-2008-ajakava\/etnoloogi-ja-turistina-rouge-ja-haanja-turismitaludes\/\">Etnoloogi ja turistina R\u00f5uge ja Haanja turismitaludes<\/a><\/p>\n\n\n\n<p>Marju Torp-K\u00f5ivupuu <a href=\"\/ars\/uritused\/arhiiv\/talvekonverents-2008-ajakava\/inventeerimisest-identiteediotsinguteni\/\">Inventeerimisest identiteediotsinguteni. V\u00e4lit\u00f6\u00f6d Lahemaa rahvuspargis 2007\u20132008<\/a><\/p>\n\n\n\n<p>Eda Kalmre <a href=\"\/ars\/uritused\/arhiiv\/kogumiskonverents-2008-ajakava\/kolmekesi-sorves-kolm-kohtumist\/\">Kolmekesi S\u00f5rves \u2013 kolm kohtumist<\/a><\/p>\n\n\n\n<p>Jaanika Jaanits <a href=\"\/ars\/uritused\/arhiiv\/kogumiskonverents-2008-ajakava\/koik-on-trois-kogumine-pranglil\/\">K\u00f5ik on trois. Kogumine Pranglil<\/a><\/p>\n\n\n\n<p>Maris Rosenthal <a href=\"\/ars\/uritused\/arhiiv\/kogumiskonverents-2008-ajakava\/projekt-eesti-tuubid-2008-aasta-eestimaalased-labi-fotosilma\/\">Projekt \u201eEesti t\u00fc\u00fcbid\u201c. 2008. aasta eestimaalased l\u00e4bi fotosilma<\/a><\/p>\n\n\n\n<p><em>\u00d5htukohv<\/em><\/p>\n\n\n\n<p><strong>15.30-18.00<\/strong><\/p>\n\n\n\n<p>Ave Taavet, Epp Tamm <a href=\"\/ars\/uritused\/arhiiv\/kogumiskonverents-2008-ajakava\/lahemaal-puhapaiku-uurimas\/\">Lahemaal p\u00fchapaiku uurimas: Etnoloogi m\u00f5iste informantide teadvuses<\/a><\/p>\n\n\n\n<p>Anni J\u00fcrine, Mervi Kalmus, Kristina Koppel <a href=\"\/ars\/uritused\/arhiiv\/kogumiskonverents-2008-ajakava\/kas-murde-voi-suhtluspraktika\/\">Kas murde- v\u00f5i suhtluspraktika?<\/a><\/p>\n\n\n\n<p>Karl-Erik Kirschbaum, Liis Reha <a href=\"\/ars\/uritused\/arhiiv\/kogumiskonverents-2008-ajakava\/meri-mets-ja-kulad-nende-vahel-lahemaal-parimust-kogumas\/\">Meri, mets ja k\u00fclad nende vahel \u2013 Lahemaal p\u00e4rimust kogumas<\/a><\/p>\n\n\n\n<p>Madis Arukask, Jana Burlakova <a href=\"\/ars\/uritused\/arhiiv\/kogumiskonverents-2008-ajakava\/peravallas\/\">Per\u00e4vallas<\/a><\/p>\n\n\n\n<p>Andreas Kalkun, Tiit Sibul <a href=\"\/ars\/uritused\/arhiiv\/kogumiskonverents-2008-ajakava\/siberi-setod-omad-ja-voorad\/\">Siberi setod \u2013 omad ja v\u00f5\u00f5rad<\/a><\/p>\n\n\n\n<div style=\"height:15px\" aria-hidden=\"true\" class=\"wp-block-spacer\"><\/div>\n\n\n\n<p>Film <strong>Ilmalaanen laiali<\/strong> (Urmas E. Liiv ja Hilja Sagris, 1993, 25\u2019).<\/p>\n\n\n\n<p>\u00dcritust toetab Eesti Kultuurkapital<\/p>\n\n\n\n<p>Info: Risto J\u00e4rv 51 904-371, Rein Saukas 7377-742, Taive S\u00e4rg 7377-751<\/p>\n","protected":false},"excerpt":{"rendered":"<p>Akadeemilise Rahvaluule SeltsiKOGUMIS\u00ad\u00adKONVERENTS 2008\u201eTeadlasena ja turistina\u201dNeljap\u00e4eval, 30. oktoobril kell 10.00Eesti Kirjandusmuuseumi saalis (Tartu, Vanemuise 42) ARSi kogumiskonverentsil 2008 tutvustatakse folkloristide, etnoloogide ning teiste naabererialade viimase aasta v\u00e4lit\u00f6id. Konverentsi alateemast l\u00e4htuvalt k\u00e4sitlevad ettekanded lisaks ekspeditsiooni\u00fclevaadetele k\u00fcsimusi: KAVA 9. 40 Terekohv 10.00-12.15 Madis Tuuder Tverimaal sugulaste j\u00e4lgedes Taisto Raudalainen Vepslasi V\u00e4radjarvest Vinglani \u2013 v\u00e4rskeid v\u00e4lit\u00f6\u00f6kogemusi, 2008 Indrek [&hellip;]<\/p>\n","protected":false},"author":1,"featured_media":0,"parent":267,"menu_order":0,"comment_status":"closed","ping_status":"closed","template":"","meta":{"footnotes":""},"class_list":["post-687","page","type-page","status-publish","hentry"],"yoast_head":"<!-- This site is optimized with the Yoast SEO plugin v20.12 - https:\/\/yoast.com\/wordpress\/plugins\/seo\/ -->\n<title>Kogumiskonverents 2008 ajakava | Akadeemiline Rahvaluule Selts<\/title>\n<meta name=\"robots\" content=\"index, follow, max-snippet:-1, max-image-preview:large, max-video-preview:-1\" \/>\n<link rel=\"canonical\" href=\"https:\/\/www.folklore.ee\/ars\/uritused\/arhiiv\/kogumiskonverents-2008-ajakava\/\" \/>\n<meta property=\"og:locale\" content=\"en_US\" \/>\n<meta property=\"og:type\" content=\"article\" \/>\n<meta property=\"og:title\" content=\"Kogumiskonverents 2008 ajakava | Akadeemiline Rahvaluule Selts\" \/>\n<meta property=\"og:description\" content=\"Akadeemilise Rahvaluule SeltsiKOGUMIS\u00ad\u00adKONVERENTS 2008\u201eTeadlasena ja turistina\u201dNeljap\u00e4eval, 30. oktoobril kell 10.00Eesti Kirjandusmuuseumi saalis (Tartu, Vanemuise 42) ARSi kogumiskonverentsil 2008 tutvustatakse folkloristide, etnoloogide ning teiste naabererialade viimase aasta v\u00e4lit\u00f6id. Konverentsi alateemast l\u00e4htuvalt k\u00e4sitlevad ettekanded lisaks ekspeditsiooni\u00fclevaadetele k\u00fcsimusi: KAVA 9. 40 Terekohv 10.00-12.15 Madis Tuuder Tverimaal sugulaste j\u00e4lgedes Taisto Raudalainen Vepslasi V\u00e4radjarvest Vinglani \u2013 v\u00e4rskeid v\u00e4lit\u00f6\u00f6kogemusi, 2008 Indrek [&hellip;]\" \/>\n<meta property=\"og:url\" content=\"https:\/\/www.folklore.ee\/ars\/uritused\/arhiiv\/kogumiskonverents-2008-ajakava\/\" \/>\n<meta property=\"og:site_name\" content=\"Akadeemiline Rahvaluule Selts\" \/>\n<meta property=\"article:modified_time\" content=\"2023-10-03T06:42:26+00:00\" \/>\n<meta name=\"twitter:card\" content=\"summary_large_image\" \/>\n<meta name=\"twitter:label1\" content=\"Est. reading time\" \/>\n\t<meta name=\"twitter:data1\" content=\"2 minutes\" \/>\n<script type=\"application\/ld+json\" class=\"yoast-schema-graph\">{\"@context\":\"https:\/\/schema.org\",\"@graph\":[{\"@type\":\"WebPage\",\"@id\":\"https:\/\/www.folklore.ee\/ars\/uritused\/arhiiv\/kogumiskonverents-2008-ajakava\/\",\"url\":\"https:\/\/www.folklore.ee\/ars\/uritused\/arhiiv\/kogumiskonverents-2008-ajakava\/\",\"name\":\"Kogumiskonverents 2008 ajakava | Akadeemiline Rahvaluule Selts\",\"isPartOf\":{\"@id\":\"https:\/\/www.folklore.ee\/ars\/#website\"},\"datePublished\":\"2023-10-03T05:53:10+00:00\",\"dateModified\":\"2023-10-03T06:42:26+00:00\",\"breadcrumb\":{\"@id\":\"https:\/\/www.folklore.ee\/ars\/uritused\/arhiiv\/kogumiskonverents-2008-ajakava\/#breadcrumb\"},\"inLanguage\":\"en-US\",\"potentialAction\":[{\"@type\":\"ReadAction\",\"target\":[\"https:\/\/www.folklore.ee\/ars\/uritused\/arhiiv\/kogumiskonverents-2008-ajakava\/\"]}]},{\"@type\":\"BreadcrumbList\",\"@id\":\"https:\/\/www.folklore.ee\/ars\/uritused\/arhiiv\/kogumiskonverents-2008-ajakava\/#breadcrumb\",\"itemListElement\":[{\"@type\":\"ListItem\",\"position\":1,\"name\":\"Avaleht\",\"item\":\"https:\/\/www.folklore.ee\/ars\/\"},{\"@type\":\"ListItem\",\"position\":2,\"name\":\"\u00dcritused\",\"item\":\"https:\/\/www.folklore.ee\/ars\/uritused\/\"},{\"@type\":\"ListItem\",\"position\":3,\"name\":\"Arhiiv\",\"item\":\"https:\/\/www.folklore.ee\/ars\/uritused\/arhiiv\/\"},{\"@type\":\"ListItem\",\"position\":4,\"name\":\"Kogumiskonverents 2008 ajakava\"}]},{\"@type\":\"WebSite\",\"@id\":\"https:\/\/www.folklore.ee\/ars\/#website\",\"url\":\"https:\/\/www.folklore.ee\/ars\/\",\"name\":\"Akadeemiline Rahvaluule Selts\",\"description\":\"Folkloristide, \u00fcli\u00f5pilaste ja k\u00f5igi rahvaluulest huvitatute \u00fchendus, mis aitab kaasa rahvaluule kogumisele, tutvustamisele, uurimisele ja publitseerimisele.\",\"potentialAction\":[{\"@type\":\"SearchAction\",\"target\":{\"@type\":\"EntryPoint\",\"urlTemplate\":\"https:\/\/www.folklore.ee\/ars\/?s={search_term_string}\"},\"query-input\":\"required name=search_term_string\"}],\"inLanguage\":\"en-US\"}]}<\/script>\n<!-- \/ Yoast SEO plugin. -->","yoast_head_json":{"title":"Kogumiskonverents 2008 ajakava | Akadeemiline Rahvaluule Selts","robots":{"index":"index","follow":"follow","max-snippet":"max-snippet:-1","max-image-preview":"max-image-preview:large","max-video-preview":"max-video-preview:-1"},"canonical":"https:\/\/www.folklore.ee\/ars\/uritused\/arhiiv\/kogumiskonverents-2008-ajakava\/","og_locale":"en_US","og_type":"article","og_title":"Kogumiskonverents 2008 ajakava | Akadeemiline Rahvaluule Selts","og_description":"Akadeemilise Rahvaluule SeltsiKOGUMIS\u00ad\u00adKONVERENTS 2008\u201eTeadlasena ja turistina\u201dNeljap\u00e4eval, 30. oktoobril kell 10.00Eesti Kirjandusmuuseumi saalis (Tartu, Vanemuise 42) ARSi kogumiskonverentsil 2008 tutvustatakse folkloristide, etnoloogide ning teiste naabererialade viimase aasta v\u00e4lit\u00f6id. Konverentsi alateemast l\u00e4htuvalt k\u00e4sitlevad ettekanded lisaks ekspeditsiooni\u00fclevaadetele k\u00fcsimusi: KAVA 9. 40 Terekohv 10.00-12.15 Madis Tuuder Tverimaal sugulaste j\u00e4lgedes Taisto Raudalainen Vepslasi V\u00e4radjarvest Vinglani \u2013 v\u00e4rskeid v\u00e4lit\u00f6\u00f6kogemusi, 2008 Indrek [&hellip;]","og_url":"https:\/\/www.folklore.ee\/ars\/uritused\/arhiiv\/kogumiskonverents-2008-ajakava\/","og_site_name":"Akadeemiline Rahvaluule Selts","article_modified_time":"2023-10-03T06:42:26+00:00","twitter_card":"summary_large_image","twitter_misc":{"Est. reading time":"2 minutes"},"schema":{"@context":"https:\/\/schema.org","@graph":[{"@type":"WebPage","@id":"https:\/\/www.folklore.ee\/ars\/uritused\/arhiiv\/kogumiskonverents-2008-ajakava\/","url":"https:\/\/www.folklore.ee\/ars\/uritused\/arhiiv\/kogumiskonverents-2008-ajakava\/","name":"Kogumiskonverents 2008 ajakava | Akadeemiline Rahvaluule Selts","isPartOf":{"@id":"https:\/\/www.folklore.ee\/ars\/#website"},"datePublished":"2023-10-03T05:53:10+00:00","dateModified":"2023-10-03T06:42:26+00:00","breadcrumb":{"@id":"https:\/\/www.folklore.ee\/ars\/uritused\/arhiiv\/kogumiskonverents-2008-ajakava\/#breadcrumb"},"inLanguage":"en-US","potentialAction":[{"@type":"ReadAction","target":["https:\/\/www.folklore.ee\/ars\/uritused\/arhiiv\/kogumiskonverents-2008-ajakava\/"]}]},{"@type":"BreadcrumbList","@id":"https:\/\/www.folklore.ee\/ars\/uritused\/arhiiv\/kogumiskonverents-2008-ajakava\/#breadcrumb","itemListElement":[{"@type":"ListItem","position":1,"name":"Avaleht","item":"https:\/\/www.folklore.ee\/ars\/"},{"@type":"ListItem","position":2,"name":"\u00dcritused","item":"https:\/\/www.folklore.ee\/ars\/uritused\/"},{"@type":"ListItem","position":3,"name":"Arhiiv","item":"https:\/\/www.folklore.ee\/ars\/uritused\/arhiiv\/"},{"@type":"ListItem","position":4,"name":"Kogumiskonverents 2008 ajakava"}]},{"@type":"WebSite","@id":"https:\/\/www.folklore.ee\/ars\/#website","url":"https:\/\/www.folklore.ee\/ars\/","name":"Akadeemiline Rahvaluule Selts","description":"Folkloristide, \u00fcli\u00f5pilaste ja k\u00f5igi rahvaluulest huvitatute \u00fchendus, mis aitab kaasa rahvaluule kogumisele, tutvustamisele, uurimisele ja publitseerimisele.","potentialAction":[{"@type":"SearchAction","target":{"@type":"EntryPoint","urlTemplate":"https:\/\/www.folklore.ee\/ars\/?s={search_term_string}"},"query-input":"required name=search_term_string"}],"inLanguage":"en-US"}]}},"_links":{"self":[{"href":"https:\/\/www.folklore.ee\/ars\/wp-json\/wp\/v2\/pages\/687","targetHints":{"allow":["GET"]}}],"collection":[{"href":"https:\/\/www.folklore.ee\/ars\/wp-json\/wp\/v2\/pages"}],"about":[{"href":"https:\/\/www.folklore.ee\/ars\/wp-json\/wp\/v2\/types\/page"}],"author":[{"embeddable":true,"href":"https:\/\/www.folklore.ee\/ars\/wp-json\/wp\/v2\/users\/1"}],"replies":[{"embeddable":true,"href":"https:\/\/www.folklore.ee\/ars\/wp-json\/wp\/v2\/comments?post=687"}],"version-history":[{"count":10,"href":"https:\/\/www.folklore.ee\/ars\/wp-json\/wp\/v2\/pages\/687\/revisions"}],"predecessor-version":[{"id":737,"href":"https:\/\/www.folklore.ee\/ars\/wp-json\/wp\/v2\/pages\/687\/revisions\/737"}],"up":[{"embeddable":true,"href":"https:\/\/www.folklore.ee\/ars\/wp-json\/wp\/v2\/pages\/267"}],"wp:attachment":[{"href":"https:\/\/www.folklore.ee\/ars\/wp-json\/wp\/v2\/media?parent=687"}],"curies":[{"name":"wp","href":"https:\/\/api.w.org\/{rel}","templated":true}]}}