{"id":635,"date":"2023-10-02T11:31:34","date_gmt":"2023-10-02T11:31:34","guid":{"rendered":"https:\/\/www.folklore.ee\/ars\/?page_id=635"},"modified":"2023-11-14T07:06:27","modified_gmt":"2023-11-14T07:06:27","slug":"kogumiskonverents-2005-ajakava","status":"publish","type":"page","link":"https:\/\/www.folklore.ee\/ars\/uritused\/arhiiv\/kogumiskonverents-2005-ajakava\/","title":{"rendered":"Kogumiskonverents 2005 ajakava"},"content":{"rendered":"\n<p class=\"has-text-align-center\"><strong>Akadeemilise Rahvaluule Seltsi<br>KOGUMISKONVERENTS 2005<\/strong><br><strong>\u201dKuidas j\u00e4\u00e4dvustada vaimu?\u201d<\/strong><br>Esmasp\u00e4eval, 28. novembril kell 10.30<br>Eesti Kirjandusmuuseumi saalis<br>(Tartu, Vanemuise 42)<\/p>\n\n\n\n<p>Rahvaluule ehk folkloor on vaimne p\u00e4rimus, sellel pole p\u00fcsivat ainelist kuju. Folkloori kogujad j\u00e4\u00e4dvustavad vaimse p\u00e4rimuse ilmnemisviise, p\u00fc\u00fcdes leida piiri, mis eristaks inimeste elu ja tegevuse seast p\u00e4rimust; \u00fcritades \u00fcletada vastuolu vaimset protsessi kajastava tegevuse ning tulevikku suunatud materiaalse kandja vahel.<br>Konverentsil ning \u00fcmarlauas k\u00e4sitletakse viimas(t)e aasta(te) jooksul toimunud p\u00e4rimuse kogumist \u2013 \u00fcksi ja mitmekesi, folkloristide ja teiste poolt, tudengitelt ja talupoegadelt, reaalias ja virtuaalkeskkonnas. Otsitakse k\u00fcsimusi ja vastuseid \u2013 kas, kuidas ja mida j\u00e4\u00e4dvustada t\u00e4nap\u00e4eva p\u00e4rimusest, mil viisil ja kelle jaoks seda s\u00e4ilitada, uurida ja tutvustada?<\/p>\n\n\n\n<p>Kava<br><strong>Ettekanded<\/strong><\/p>\n\n\n\n<p>10.30\u201312.15<\/p>\n\n\n\n<p>Kadri Viires VVVV ehk Volgamaa v\u00e4gi, v\u00f5im ja vaim. Eesti Kunstiakadeemia uurimisreisist T\u0161uva\u0161i- ja Marimaale<\/p>\n\n\n\n<p>Piret \u00d5unapuu ja Vaike Reemann T\u00e4nap\u00e4eva k\u00fclaelamu eksterj\u00f6\u00f6r ja interj\u00f6\u00f6r<\/p>\n\n\n\n<p>Maris Rosenthal ja Kristi Gr\u00fcnberg Narvas elulugusid kogumas<\/p>\n\n\n\n<p>Maili Pilt S\u00fcnnip\u00e4evak\u00fcsimustik perekooli internetifoorumites. Ootustest ning tulemustest<\/p>\n\n\n\n<p>Mare K\u00f5iva Elulood ja hirmulood<\/p>\n\n\n\n<p><em>Kohvipaus<\/em><\/p>\n\n\n\n<p>12.30\u201313.45<\/p>\n\n\n\n<p>Andreas Kalkun ja \u00dclle K\u00e4rner V\u00e4lit\u00f6\u00f6d Petserimaal. Vanad naised ja p\u00e4rimus<\/p>\n\n\n\n<p>Jaanika Hunt ja Asko \u017deludkov Merem\u00e4el 2005 \u2013 meie esimene kogumiskogemus<\/p>\n\n\n\n<p>Valdo Valper Urvast\u00f5 kotuss\u00f5jutuq; uma silmagaq kaeman<\/p>\n\n\n\n<p>Mall Hiiem\u00e4e Kalendrikombestik kui ajastu peegel<\/p>\n\n\n\n<p><em>Vaheaeg<\/em><\/p>\n\n\n\n<p><strong>Kogumisteemaline \u00fcmarlaud<br><\/strong>14.30\u201316.00<br>\u00c4rgitav ettekanne, I: Mari-Ann Remmel ja J\u00fcri Metssalu Kogumist\u00f6\u00f6 kui v\u00e4ljakutse. T\u00e4navustest k\u00e4ikudest Muhumaale ja mujale<br>\u00c4rgitav ettekanne, II: Kristin Kuutma Kogumisest teisiti<\/p>\n\n\n\n<p>16.30 <strong>Film &#8220;Tormise Regi\u201d<\/strong><\/p>\n\n\n\n<p>Vaatame filmi Veljo Tormisest. Filmi tegijad Sulev Keedus ja Kaie-Ene R\u00e4\u00e4k k\u00f5nelevad oma retkest regilaulude otsingul.<\/p>\n\n\n\n<p>17.45 <strong>Aado Lintropi foton\u00e4ituse 77 avamine<\/strong><\/p>\n\n\n\n<p>18.00\u2013\u2026!!! <strong>Akadeemiline Rahvaluule Selts \u2013 80<\/strong><\/p>\n\n\n\n<p>\u00dcritust toetab Eesti Kultuurkapital<\/p>\n\n\n\n<p>L\u00e4hem info: Risto J\u00e4rv, <a href=\"mailto:risto.jarv@folklore.ee\">risto.jarv@folklore.ee<\/a> 51 904 371, 7376 214; Taive S\u00e4rg, <a href=\"mailto:taive.sarg@folklore.ee\">taive.sarg@folklore.ee<\/a> 7377 751<\/p>\n","protected":false},"excerpt":{"rendered":"<p>Akadeemilise Rahvaluule SeltsiKOGUMISKONVERENTS 2005\u201dKuidas j\u00e4\u00e4dvustada vaimu?\u201dEsmasp\u00e4eval, 28. novembril kell 10.30Eesti Kirjandusmuuseumi saalis(Tartu, Vanemuise 42) Rahvaluule ehk folkloor on vaimne p\u00e4rimus, sellel pole p\u00fcsivat ainelist kuju. Folkloori kogujad j\u00e4\u00e4dvustavad vaimse p\u00e4rimuse ilmnemisviise, p\u00fc\u00fcdes leida piiri, mis eristaks inimeste elu ja tegevuse seast p\u00e4rimust; \u00fcritades \u00fcletada vastuolu vaimset protsessi kajastava tegevuse ning tulevikku suunatud materiaalse kandja vahel.Konverentsil [&hellip;]<\/p>\n","protected":false},"author":1,"featured_media":0,"parent":267,"menu_order":0,"comment_status":"closed","ping_status":"closed","template":"","meta":{"footnotes":""},"class_list":["post-635","page","type-page","status-publish","hentry"],"yoast_head":"<!-- This site is optimized with the Yoast SEO plugin v20.12 - https:\/\/yoast.com\/wordpress\/plugins\/seo\/ -->\n<title>Kogumiskonverents 2005 ajakava | Akadeemiline Rahvaluule Selts<\/title>\n<meta name=\"robots\" content=\"index, follow, max-snippet:-1, max-image-preview:large, max-video-preview:-1\" \/>\n<link rel=\"canonical\" href=\"https:\/\/www.folklore.ee\/ars\/uritused\/arhiiv\/kogumiskonverents-2005-ajakava\/\" \/>\n<meta property=\"og:locale\" content=\"en_US\" \/>\n<meta property=\"og:type\" content=\"article\" \/>\n<meta property=\"og:title\" content=\"Kogumiskonverents 2005 ajakava | Akadeemiline Rahvaluule Selts\" \/>\n<meta property=\"og:description\" content=\"Akadeemilise Rahvaluule SeltsiKOGUMISKONVERENTS 2005\u201dKuidas j\u00e4\u00e4dvustada vaimu?\u201dEsmasp\u00e4eval, 28. novembril kell 10.30Eesti Kirjandusmuuseumi saalis(Tartu, Vanemuise 42) Rahvaluule ehk folkloor on vaimne p\u00e4rimus, sellel pole p\u00fcsivat ainelist kuju. Folkloori kogujad j\u00e4\u00e4dvustavad vaimse p\u00e4rimuse ilmnemisviise, p\u00fc\u00fcdes leida piiri, mis eristaks inimeste elu ja tegevuse seast p\u00e4rimust; \u00fcritades \u00fcletada vastuolu vaimset protsessi kajastava tegevuse ning tulevikku suunatud materiaalse kandja vahel.Konverentsil [&hellip;]\" \/>\n<meta property=\"og:url\" content=\"https:\/\/www.folklore.ee\/ars\/uritused\/arhiiv\/kogumiskonverents-2005-ajakava\/\" \/>\n<meta property=\"og:site_name\" content=\"Akadeemiline Rahvaluule Selts\" \/>\n<meta property=\"article:modified_time\" content=\"2023-11-14T07:06:27+00:00\" \/>\n<meta name=\"twitter:card\" content=\"summary_large_image\" \/>\n<meta name=\"twitter:label1\" content=\"Est. reading time\" \/>\n\t<meta name=\"twitter:data1\" content=\"2 minutes\" \/>\n<script type=\"application\/ld+json\" class=\"yoast-schema-graph\">{\"@context\":\"https:\/\/schema.org\",\"@graph\":[{\"@type\":\"WebPage\",\"@id\":\"https:\/\/www.folklore.ee\/ars\/uritused\/arhiiv\/kogumiskonverents-2005-ajakava\/\",\"url\":\"https:\/\/www.folklore.ee\/ars\/uritused\/arhiiv\/kogumiskonverents-2005-ajakava\/\",\"name\":\"Kogumiskonverents 2005 ajakava | Akadeemiline Rahvaluule Selts\",\"isPartOf\":{\"@id\":\"https:\/\/www.folklore.ee\/ars\/#website\"},\"datePublished\":\"2023-10-02T11:31:34+00:00\",\"dateModified\":\"2023-11-14T07:06:27+00:00\",\"breadcrumb\":{\"@id\":\"https:\/\/www.folklore.ee\/ars\/uritused\/arhiiv\/kogumiskonverents-2005-ajakava\/#breadcrumb\"},\"inLanguage\":\"en-US\",\"potentialAction\":[{\"@type\":\"ReadAction\",\"target\":[\"https:\/\/www.folklore.ee\/ars\/uritused\/arhiiv\/kogumiskonverents-2005-ajakava\/\"]}]},{\"@type\":\"BreadcrumbList\",\"@id\":\"https:\/\/www.folklore.ee\/ars\/uritused\/arhiiv\/kogumiskonverents-2005-ajakava\/#breadcrumb\",\"itemListElement\":[{\"@type\":\"ListItem\",\"position\":1,\"name\":\"Avaleht\",\"item\":\"https:\/\/www.folklore.ee\/ars\/\"},{\"@type\":\"ListItem\",\"position\":2,\"name\":\"\u00dcritused\",\"item\":\"https:\/\/www.folklore.ee\/ars\/uritused\/\"},{\"@type\":\"ListItem\",\"position\":3,\"name\":\"Arhiiv\",\"item\":\"https:\/\/www.folklore.ee\/ars\/uritused\/arhiiv\/\"},{\"@type\":\"ListItem\",\"position\":4,\"name\":\"Kogumiskonverents 2005 ajakava\"}]},{\"@type\":\"WebSite\",\"@id\":\"https:\/\/www.folklore.ee\/ars\/#website\",\"url\":\"https:\/\/www.folklore.ee\/ars\/\",\"name\":\"Akadeemiline Rahvaluule Selts\",\"description\":\"Folkloristide, \u00fcli\u00f5pilaste ja k\u00f5igi rahvaluulest huvitatute \u00fchendus, mis aitab kaasa rahvaluule kogumisele, tutvustamisele, uurimisele ja publitseerimisele.\",\"potentialAction\":[{\"@type\":\"SearchAction\",\"target\":{\"@type\":\"EntryPoint\",\"urlTemplate\":\"https:\/\/www.folklore.ee\/ars\/?s={search_term_string}\"},\"query-input\":\"required name=search_term_string\"}],\"inLanguage\":\"en-US\"}]}<\/script>\n<!-- \/ Yoast SEO plugin. -->","yoast_head_json":{"title":"Kogumiskonverents 2005 ajakava | Akadeemiline Rahvaluule Selts","robots":{"index":"index","follow":"follow","max-snippet":"max-snippet:-1","max-image-preview":"max-image-preview:large","max-video-preview":"max-video-preview:-1"},"canonical":"https:\/\/www.folklore.ee\/ars\/uritused\/arhiiv\/kogumiskonverents-2005-ajakava\/","og_locale":"en_US","og_type":"article","og_title":"Kogumiskonverents 2005 ajakava | Akadeemiline Rahvaluule Selts","og_description":"Akadeemilise Rahvaluule SeltsiKOGUMISKONVERENTS 2005\u201dKuidas j\u00e4\u00e4dvustada vaimu?\u201dEsmasp\u00e4eval, 28. novembril kell 10.30Eesti Kirjandusmuuseumi saalis(Tartu, Vanemuise 42) Rahvaluule ehk folkloor on vaimne p\u00e4rimus, sellel pole p\u00fcsivat ainelist kuju. Folkloori kogujad j\u00e4\u00e4dvustavad vaimse p\u00e4rimuse ilmnemisviise, p\u00fc\u00fcdes leida piiri, mis eristaks inimeste elu ja tegevuse seast p\u00e4rimust; \u00fcritades \u00fcletada vastuolu vaimset protsessi kajastava tegevuse ning tulevikku suunatud materiaalse kandja vahel.Konverentsil [&hellip;]","og_url":"https:\/\/www.folklore.ee\/ars\/uritused\/arhiiv\/kogumiskonverents-2005-ajakava\/","og_site_name":"Akadeemiline Rahvaluule Selts","article_modified_time":"2023-11-14T07:06:27+00:00","twitter_card":"summary_large_image","twitter_misc":{"Est. reading time":"2 minutes"},"schema":{"@context":"https:\/\/schema.org","@graph":[{"@type":"WebPage","@id":"https:\/\/www.folklore.ee\/ars\/uritused\/arhiiv\/kogumiskonverents-2005-ajakava\/","url":"https:\/\/www.folklore.ee\/ars\/uritused\/arhiiv\/kogumiskonverents-2005-ajakava\/","name":"Kogumiskonverents 2005 ajakava | Akadeemiline Rahvaluule Selts","isPartOf":{"@id":"https:\/\/www.folklore.ee\/ars\/#website"},"datePublished":"2023-10-02T11:31:34+00:00","dateModified":"2023-11-14T07:06:27+00:00","breadcrumb":{"@id":"https:\/\/www.folklore.ee\/ars\/uritused\/arhiiv\/kogumiskonverents-2005-ajakava\/#breadcrumb"},"inLanguage":"en-US","potentialAction":[{"@type":"ReadAction","target":["https:\/\/www.folklore.ee\/ars\/uritused\/arhiiv\/kogumiskonverents-2005-ajakava\/"]}]},{"@type":"BreadcrumbList","@id":"https:\/\/www.folklore.ee\/ars\/uritused\/arhiiv\/kogumiskonverents-2005-ajakava\/#breadcrumb","itemListElement":[{"@type":"ListItem","position":1,"name":"Avaleht","item":"https:\/\/www.folklore.ee\/ars\/"},{"@type":"ListItem","position":2,"name":"\u00dcritused","item":"https:\/\/www.folklore.ee\/ars\/uritused\/"},{"@type":"ListItem","position":3,"name":"Arhiiv","item":"https:\/\/www.folklore.ee\/ars\/uritused\/arhiiv\/"},{"@type":"ListItem","position":4,"name":"Kogumiskonverents 2005 ajakava"}]},{"@type":"WebSite","@id":"https:\/\/www.folklore.ee\/ars\/#website","url":"https:\/\/www.folklore.ee\/ars\/","name":"Akadeemiline Rahvaluule Selts","description":"Folkloristide, \u00fcli\u00f5pilaste ja k\u00f5igi rahvaluulest huvitatute \u00fchendus, mis aitab kaasa rahvaluule kogumisele, tutvustamisele, uurimisele ja publitseerimisele.","potentialAction":[{"@type":"SearchAction","target":{"@type":"EntryPoint","urlTemplate":"https:\/\/www.folklore.ee\/ars\/?s={search_term_string}"},"query-input":"required name=search_term_string"}],"inLanguage":"en-US"}]}},"_links":{"self":[{"href":"https:\/\/www.folklore.ee\/ars\/wp-json\/wp\/v2\/pages\/635","targetHints":{"allow":["GET"]}}],"collection":[{"href":"https:\/\/www.folklore.ee\/ars\/wp-json\/wp\/v2\/pages"}],"about":[{"href":"https:\/\/www.folklore.ee\/ars\/wp-json\/wp\/v2\/types\/page"}],"author":[{"embeddable":true,"href":"https:\/\/www.folklore.ee\/ars\/wp-json\/wp\/v2\/users\/1"}],"replies":[{"embeddable":true,"href":"https:\/\/www.folklore.ee\/ars\/wp-json\/wp\/v2\/comments?post=635"}],"version-history":[{"count":3,"href":"https:\/\/www.folklore.ee\/ars\/wp-json\/wp\/v2\/pages\/635\/revisions"}],"predecessor-version":[{"id":827,"href":"https:\/\/www.folklore.ee\/ars\/wp-json\/wp\/v2\/pages\/635\/revisions\/827"}],"up":[{"embeddable":true,"href":"https:\/\/www.folklore.ee\/ars\/wp-json\/wp\/v2\/pages\/267"}],"wp:attachment":[{"href":"https:\/\/www.folklore.ee\/ars\/wp-json\/wp\/v2\/media?parent=635"}],"curies":[{"name":"wp","href":"https:\/\/api.w.org\/{rel}","templated":true}]}}