{"id":617,"date":"2023-09-28T13:47:11","date_gmt":"2023-09-28T13:47:11","guid":{"rendered":"https:\/\/www.folklore.ee\/ars\/?page_id=617"},"modified":"2023-09-28T13:47:11","modified_gmt":"2023-09-28T13:47:11","slug":"vorukesest-rahvalaulik-kardlas-ehk-2004-2006-aasta-vaitoodest-hiiumaal","status":"publish","type":"page","link":"https:\/\/www.folklore.ee\/ars\/uritused\/arhiiv\/kogumiskonverents-2006\/vorukesest-rahvalaulik-kardlas-ehk-2004-2006-aasta-vaitoodest-hiiumaal\/","title":{"rendered":"V\u00f5rukesest rahvalaulik K\u00e4rdlas ehk 2004-2006 aasta v\u00e4it\u00f6\u00f6dest Hiiumaal"},"content":{"rendered":"\n<p>aasta novembris kohtusin t\u00e4nu \u00f5nnelikule juhusele Hiiumaal K\u00e4rdla linnas v\u00f5rukese Laine M\u00e4giga, kelle rikkalik ja huvitav lauluvara ning lahke ja avatud olemine on mind j\u00e4rgneva kahe aasta jooksul korduvalt tema k\u00fclalislahkesse kodusse tagasi kutsunud. Laine-t\u00e4di lauluvaras on ligi viisteist vanemat ja uuemat rahvalaulu, nende hulgas ka paar vana head v\u00f5rukeelset regilaulu. Need on ta \u00f5ppinud oma Vastseliina kandist p\u00e4rit isaemalt Juuli-Marielt ja Ruusm\u00e4el elanud ema \u00f5elt Almalt. Viimane \u00f5ppis laulud oma vanaemalt. Esiemadelt p\u00e4ritud laululugude puhul toonitas Laine, et neid ei lauldud mitte lihtsalt ilu p\u00e4rast, vaid igal lool oli t\u00f5sine \u00f5petusiva sees. Ettekandes tutvustan paari viimase aasta kestel Lainega tehtud heli\u00fclesv\u00f5tteid, videosalvestusi, intervjuusid ja tema enda k\u00e4ega kirja pandud noorp\u00f5lvem\u00e4lestusi, laulus\u00f5nu ja nende seletusi.<\/p>\n","protected":false},"excerpt":{"rendered":"<p>aasta novembris kohtusin t\u00e4nu \u00f5nnelikule juhusele Hiiumaal K\u00e4rdla linnas v\u00f5rukese Laine M\u00e4giga, kelle rikkalik ja huvitav lauluvara ning lahke ja avatud olemine on mind j\u00e4rgneva kahe aasta jooksul korduvalt tema k\u00fclalislahkesse kodusse tagasi kutsunud. Laine-t\u00e4di lauluvaras on ligi viisteist vanemat ja uuemat rahvalaulu, nende hulgas ka paar vana head v\u00f5rukeelset regilaulu. Need on ta \u00f5ppinud [&hellip;]<\/p>\n","protected":false},"author":1,"featured_media":0,"parent":569,"menu_order":0,"comment_status":"closed","ping_status":"closed","template":"","meta":{"footnotes":""},"class_list":["post-617","page","type-page","status-publish","hentry"],"yoast_head":"<!-- This site is optimized with the Yoast SEO plugin v20.12 - https:\/\/yoast.com\/wordpress\/plugins\/seo\/ -->\n<title>V\u00f5rukesest rahvalaulik K\u00e4rdlas ehk 2004-2006 aasta v\u00e4it\u00f6\u00f6dest Hiiumaal | Akadeemiline Rahvaluule Selts<\/title>\n<meta name=\"robots\" content=\"index, follow, max-snippet:-1, max-image-preview:large, max-video-preview:-1\" \/>\n<link rel=\"canonical\" href=\"https:\/\/www.folklore.ee\/ars\/uritused\/arhiiv\/kogumiskonverents-2006\/vorukesest-rahvalaulik-kardlas-ehk-2004-2006-aasta-vaitoodest-hiiumaal\/\" \/>\n<meta property=\"og:locale\" content=\"en_US\" \/>\n<meta property=\"og:type\" content=\"article\" \/>\n<meta property=\"og:title\" content=\"V\u00f5rukesest rahvalaulik K\u00e4rdlas ehk 2004-2006 aasta v\u00e4it\u00f6\u00f6dest Hiiumaal | Akadeemiline Rahvaluule Selts\" \/>\n<meta property=\"og:description\" content=\"aasta novembris kohtusin t\u00e4nu \u00f5nnelikule juhusele Hiiumaal K\u00e4rdla linnas v\u00f5rukese Laine M\u00e4giga, kelle rikkalik ja huvitav lauluvara ning lahke ja avatud olemine on mind j\u00e4rgneva kahe aasta jooksul korduvalt tema k\u00fclalislahkesse kodusse tagasi kutsunud. Laine-t\u00e4di lauluvaras on ligi viisteist vanemat ja uuemat rahvalaulu, nende hulgas ka paar vana head v\u00f5rukeelset regilaulu. Need on ta \u00f5ppinud [&hellip;]\" \/>\n<meta property=\"og:url\" content=\"https:\/\/www.folklore.ee\/ars\/uritused\/arhiiv\/kogumiskonverents-2006\/vorukesest-rahvalaulik-kardlas-ehk-2004-2006-aasta-vaitoodest-hiiumaal\/\" \/>\n<meta property=\"og:site_name\" content=\"Akadeemiline Rahvaluule Selts\" \/>\n<meta name=\"twitter:card\" content=\"summary_large_image\" \/>\n<script type=\"application\/ld+json\" class=\"yoast-schema-graph\">{\"@context\":\"https:\/\/schema.org\",\"@graph\":[{\"@type\":\"WebPage\",\"@id\":\"https:\/\/www.folklore.ee\/ars\/uritused\/arhiiv\/kogumiskonverents-2006\/vorukesest-rahvalaulik-kardlas-ehk-2004-2006-aasta-vaitoodest-hiiumaal\/\",\"url\":\"https:\/\/www.folklore.ee\/ars\/uritused\/arhiiv\/kogumiskonverents-2006\/vorukesest-rahvalaulik-kardlas-ehk-2004-2006-aasta-vaitoodest-hiiumaal\/\",\"name\":\"V\u00f5rukesest rahvalaulik K\u00e4rdlas ehk 2004-2006 aasta v\u00e4it\u00f6\u00f6dest Hiiumaal | Akadeemiline Rahvaluule Selts\",\"isPartOf\":{\"@id\":\"https:\/\/www.folklore.ee\/ars\/#website\"},\"datePublished\":\"2023-09-28T13:47:11+00:00\",\"dateModified\":\"2023-09-28T13:47:11+00:00\",\"breadcrumb\":{\"@id\":\"https:\/\/www.folklore.ee\/ars\/uritused\/arhiiv\/kogumiskonverents-2006\/vorukesest-rahvalaulik-kardlas-ehk-2004-2006-aasta-vaitoodest-hiiumaal\/#breadcrumb\"},\"inLanguage\":\"en-US\",\"potentialAction\":[{\"@type\":\"ReadAction\",\"target\":[\"https:\/\/www.folklore.ee\/ars\/uritused\/arhiiv\/kogumiskonverents-2006\/vorukesest-rahvalaulik-kardlas-ehk-2004-2006-aasta-vaitoodest-hiiumaal\/\"]}]},{\"@type\":\"BreadcrumbList\",\"@id\":\"https:\/\/www.folklore.ee\/ars\/uritused\/arhiiv\/kogumiskonverents-2006\/vorukesest-rahvalaulik-kardlas-ehk-2004-2006-aasta-vaitoodest-hiiumaal\/#breadcrumb\",\"itemListElement\":[{\"@type\":\"ListItem\",\"position\":1,\"name\":\"Avaleht\",\"item\":\"https:\/\/www.folklore.ee\/ars\/\"},{\"@type\":\"ListItem\",\"position\":2,\"name\":\"\u00dcritused\",\"item\":\"https:\/\/www.folklore.ee\/ars\/uritused\/\"},{\"@type\":\"ListItem\",\"position\":3,\"name\":\"Arhiiv\",\"item\":\"https:\/\/www.folklore.ee\/ars\/uritused\/arhiiv\/\"},{\"@type\":\"ListItem\",\"position\":4,\"name\":\"Kogumiskonverents 2006 ajakava\",\"item\":\"https:\/\/www.folklore.ee\/ars\/uritused\/arhiiv\/kogumiskonverents-2006\/\"},{\"@type\":\"ListItem\",\"position\":5,\"name\":\"V\u00f5rukesest rahvalaulik K\u00e4rdlas ehk 2004-2006 aasta v\u00e4it\u00f6\u00f6dest Hiiumaal\"}]},{\"@type\":\"WebSite\",\"@id\":\"https:\/\/www.folklore.ee\/ars\/#website\",\"url\":\"https:\/\/www.folklore.ee\/ars\/\",\"name\":\"Akadeemiline Rahvaluule Selts\",\"description\":\"Folkloristide, \u00fcli\u00f5pilaste ja k\u00f5igi rahvaluulest huvitatute \u00fchendus, mis aitab kaasa rahvaluule kogumisele, tutvustamisele, uurimisele ja publitseerimisele.\",\"potentialAction\":[{\"@type\":\"SearchAction\",\"target\":{\"@type\":\"EntryPoint\",\"urlTemplate\":\"https:\/\/www.folklore.ee\/ars\/?s={search_term_string}\"},\"query-input\":\"required name=search_term_string\"}],\"inLanguage\":\"en-US\"}]}<\/script>\n<!-- \/ Yoast SEO plugin. -->","yoast_head_json":{"title":"V\u00f5rukesest rahvalaulik K\u00e4rdlas ehk 2004-2006 aasta v\u00e4it\u00f6\u00f6dest Hiiumaal | Akadeemiline Rahvaluule Selts","robots":{"index":"index","follow":"follow","max-snippet":"max-snippet:-1","max-image-preview":"max-image-preview:large","max-video-preview":"max-video-preview:-1"},"canonical":"https:\/\/www.folklore.ee\/ars\/uritused\/arhiiv\/kogumiskonverents-2006\/vorukesest-rahvalaulik-kardlas-ehk-2004-2006-aasta-vaitoodest-hiiumaal\/","og_locale":"en_US","og_type":"article","og_title":"V\u00f5rukesest rahvalaulik K\u00e4rdlas ehk 2004-2006 aasta v\u00e4it\u00f6\u00f6dest Hiiumaal | Akadeemiline Rahvaluule Selts","og_description":"aasta novembris kohtusin t\u00e4nu \u00f5nnelikule juhusele Hiiumaal K\u00e4rdla linnas v\u00f5rukese Laine M\u00e4giga, kelle rikkalik ja huvitav lauluvara ning lahke ja avatud olemine on mind j\u00e4rgneva kahe aasta jooksul korduvalt tema k\u00fclalislahkesse kodusse tagasi kutsunud. Laine-t\u00e4di lauluvaras on ligi viisteist vanemat ja uuemat rahvalaulu, nende hulgas ka paar vana head v\u00f5rukeelset regilaulu. Need on ta \u00f5ppinud [&hellip;]","og_url":"https:\/\/www.folklore.ee\/ars\/uritused\/arhiiv\/kogumiskonverents-2006\/vorukesest-rahvalaulik-kardlas-ehk-2004-2006-aasta-vaitoodest-hiiumaal\/","og_site_name":"Akadeemiline Rahvaluule Selts","twitter_card":"summary_large_image","schema":{"@context":"https:\/\/schema.org","@graph":[{"@type":"WebPage","@id":"https:\/\/www.folklore.ee\/ars\/uritused\/arhiiv\/kogumiskonverents-2006\/vorukesest-rahvalaulik-kardlas-ehk-2004-2006-aasta-vaitoodest-hiiumaal\/","url":"https:\/\/www.folklore.ee\/ars\/uritused\/arhiiv\/kogumiskonverents-2006\/vorukesest-rahvalaulik-kardlas-ehk-2004-2006-aasta-vaitoodest-hiiumaal\/","name":"V\u00f5rukesest rahvalaulik K\u00e4rdlas ehk 2004-2006 aasta v\u00e4it\u00f6\u00f6dest Hiiumaal | Akadeemiline Rahvaluule Selts","isPartOf":{"@id":"https:\/\/www.folklore.ee\/ars\/#website"},"datePublished":"2023-09-28T13:47:11+00:00","dateModified":"2023-09-28T13:47:11+00:00","breadcrumb":{"@id":"https:\/\/www.folklore.ee\/ars\/uritused\/arhiiv\/kogumiskonverents-2006\/vorukesest-rahvalaulik-kardlas-ehk-2004-2006-aasta-vaitoodest-hiiumaal\/#breadcrumb"},"inLanguage":"en-US","potentialAction":[{"@type":"ReadAction","target":["https:\/\/www.folklore.ee\/ars\/uritused\/arhiiv\/kogumiskonverents-2006\/vorukesest-rahvalaulik-kardlas-ehk-2004-2006-aasta-vaitoodest-hiiumaal\/"]}]},{"@type":"BreadcrumbList","@id":"https:\/\/www.folklore.ee\/ars\/uritused\/arhiiv\/kogumiskonverents-2006\/vorukesest-rahvalaulik-kardlas-ehk-2004-2006-aasta-vaitoodest-hiiumaal\/#breadcrumb","itemListElement":[{"@type":"ListItem","position":1,"name":"Avaleht","item":"https:\/\/www.folklore.ee\/ars\/"},{"@type":"ListItem","position":2,"name":"\u00dcritused","item":"https:\/\/www.folklore.ee\/ars\/uritused\/"},{"@type":"ListItem","position":3,"name":"Arhiiv","item":"https:\/\/www.folklore.ee\/ars\/uritused\/arhiiv\/"},{"@type":"ListItem","position":4,"name":"Kogumiskonverents 2006 ajakava","item":"https:\/\/www.folklore.ee\/ars\/uritused\/arhiiv\/kogumiskonverents-2006\/"},{"@type":"ListItem","position":5,"name":"V\u00f5rukesest rahvalaulik K\u00e4rdlas ehk 2004-2006 aasta v\u00e4it\u00f6\u00f6dest Hiiumaal"}]},{"@type":"WebSite","@id":"https:\/\/www.folklore.ee\/ars\/#website","url":"https:\/\/www.folklore.ee\/ars\/","name":"Akadeemiline Rahvaluule Selts","description":"Folkloristide, \u00fcli\u00f5pilaste ja k\u00f5igi rahvaluulest huvitatute \u00fchendus, mis aitab kaasa rahvaluule kogumisele, tutvustamisele, uurimisele ja publitseerimisele.","potentialAction":[{"@type":"SearchAction","target":{"@type":"EntryPoint","urlTemplate":"https:\/\/www.folklore.ee\/ars\/?s={search_term_string}"},"query-input":"required name=search_term_string"}],"inLanguage":"en-US"}]}},"_links":{"self":[{"href":"https:\/\/www.folklore.ee\/ars\/wp-json\/wp\/v2\/pages\/617","targetHints":{"allow":["GET"]}}],"collection":[{"href":"https:\/\/www.folklore.ee\/ars\/wp-json\/wp\/v2\/pages"}],"about":[{"href":"https:\/\/www.folklore.ee\/ars\/wp-json\/wp\/v2\/types\/page"}],"author":[{"embeddable":true,"href":"https:\/\/www.folklore.ee\/ars\/wp-json\/wp\/v2\/users\/1"}],"replies":[{"embeddable":true,"href":"https:\/\/www.folklore.ee\/ars\/wp-json\/wp\/v2\/comments?post=617"}],"version-history":[{"count":1,"href":"https:\/\/www.folklore.ee\/ars\/wp-json\/wp\/v2\/pages\/617\/revisions"}],"predecessor-version":[{"id":618,"href":"https:\/\/www.folklore.ee\/ars\/wp-json\/wp\/v2\/pages\/617\/revisions\/618"}],"up":[{"embeddable":true,"href":"https:\/\/www.folklore.ee\/ars\/wp-json\/wp\/v2\/pages\/569"}],"wp:attachment":[{"href":"https:\/\/www.folklore.ee\/ars\/wp-json\/wp\/v2\/media?parent=617"}],"curies":[{"name":"wp","href":"https:\/\/api.w.org\/{rel}","templated":true}]}}