{"id":615,"date":"2023-09-28T13:46:36","date_gmt":"2023-09-28T13:46:36","guid":{"rendered":"https:\/\/www.folklore.ee\/ars\/?page_id=615"},"modified":"2023-09-28T13:46:37","modified_gmt":"2023-09-28T13:46:37","slug":"murdepraktika-muhus","status":"publish","type":"page","link":"https:\/\/www.folklore.ee\/ars\/uritused\/arhiiv\/kogumiskonverents-2006\/murdepraktika-muhus\/","title":{"rendered":"Murdepraktika Muhus"},"content":{"rendered":"\n<p>Eesti ja soome-ugri keeleteaduse magistrantidele on ette n\u00e4htud murdepraktika, mille eesm\u00e4rgiks on \u00f5petada \u00fcli\u00f5pilasi murdekeelt koguma: esmalt \u00f5pitakse keelejuhti intervjueerima ja lindistama ning seej\u00e4rel helikandjal olevat k\u00f5net foneetilises transkriptsioonis litereerima. Ettekanne annab \u00fclevaate t\u00e4navusuvisest praktikast Muhu saarel, kirjeldades seda, kuidas leiti keelejuhid ning kus ja kuidas toimus ja \u00f5nnestus nende k\u00fcsitlemine, missugused olid metoodika plussid ja miinused. Kogutud murdematerjal anti \u00fcle Muhu muuseumile.<\/p>\n","protected":false},"excerpt":{"rendered":"<p>Eesti ja soome-ugri keeleteaduse magistrantidele on ette n\u00e4htud murdepraktika, mille eesm\u00e4rgiks on \u00f5petada \u00fcli\u00f5pilasi murdekeelt koguma: esmalt \u00f5pitakse keelejuhti intervjueerima ja lindistama ning seej\u00e4rel helikandjal olevat k\u00f5net foneetilises transkriptsioonis litereerima. Ettekanne annab \u00fclevaate t\u00e4navusuvisest praktikast Muhu saarel, kirjeldades seda, kuidas leiti keelejuhid ning kus ja kuidas toimus ja \u00f5nnestus nende k\u00fcsitlemine, missugused olid metoodika plussid [&hellip;]<\/p>\n","protected":false},"author":1,"featured_media":0,"parent":569,"menu_order":0,"comment_status":"closed","ping_status":"closed","template":"","meta":{"footnotes":""},"class_list":["post-615","page","type-page","status-publish","hentry"],"yoast_head":"<!-- This site is optimized with the Yoast SEO plugin v20.12 - https:\/\/yoast.com\/wordpress\/plugins\/seo\/ -->\n<title>Murdepraktika Muhus | Akadeemiline Rahvaluule Selts<\/title>\n<meta name=\"robots\" content=\"index, follow, max-snippet:-1, max-image-preview:large, max-video-preview:-1\" \/>\n<link rel=\"canonical\" href=\"https:\/\/www.folklore.ee\/ars\/uritused\/arhiiv\/kogumiskonverents-2006\/murdepraktika-muhus\/\" \/>\n<meta property=\"og:locale\" content=\"en_US\" \/>\n<meta property=\"og:type\" content=\"article\" \/>\n<meta property=\"og:title\" content=\"Murdepraktika Muhus | Akadeemiline Rahvaluule Selts\" \/>\n<meta property=\"og:description\" content=\"Eesti ja soome-ugri keeleteaduse magistrantidele on ette n\u00e4htud murdepraktika, mille eesm\u00e4rgiks on \u00f5petada \u00fcli\u00f5pilasi murdekeelt koguma: esmalt \u00f5pitakse keelejuhti intervjueerima ja lindistama ning seej\u00e4rel helikandjal olevat k\u00f5net foneetilises transkriptsioonis litereerima. Ettekanne annab \u00fclevaate t\u00e4navusuvisest praktikast Muhu saarel, kirjeldades seda, kuidas leiti keelejuhid ning kus ja kuidas toimus ja \u00f5nnestus nende k\u00fcsitlemine, missugused olid metoodika plussid [&hellip;]\" \/>\n<meta property=\"og:url\" content=\"https:\/\/www.folklore.ee\/ars\/uritused\/arhiiv\/kogumiskonverents-2006\/murdepraktika-muhus\/\" \/>\n<meta property=\"og:site_name\" content=\"Akadeemiline Rahvaluule Selts\" \/>\n<meta property=\"article:modified_time\" content=\"2023-09-28T13:46:37+00:00\" \/>\n<meta name=\"twitter:card\" content=\"summary_large_image\" \/>\n<script type=\"application\/ld+json\" class=\"yoast-schema-graph\">{\"@context\":\"https:\/\/schema.org\",\"@graph\":[{\"@type\":\"WebPage\",\"@id\":\"https:\/\/www.folklore.ee\/ars\/uritused\/arhiiv\/kogumiskonverents-2006\/murdepraktika-muhus\/\",\"url\":\"https:\/\/www.folklore.ee\/ars\/uritused\/arhiiv\/kogumiskonverents-2006\/murdepraktika-muhus\/\",\"name\":\"Murdepraktika Muhus | Akadeemiline Rahvaluule Selts\",\"isPartOf\":{\"@id\":\"https:\/\/www.folklore.ee\/ars\/#website\"},\"datePublished\":\"2023-09-28T13:46:36+00:00\",\"dateModified\":\"2023-09-28T13:46:37+00:00\",\"breadcrumb\":{\"@id\":\"https:\/\/www.folklore.ee\/ars\/uritused\/arhiiv\/kogumiskonverents-2006\/murdepraktika-muhus\/#breadcrumb\"},\"inLanguage\":\"en-US\",\"potentialAction\":[{\"@type\":\"ReadAction\",\"target\":[\"https:\/\/www.folklore.ee\/ars\/uritused\/arhiiv\/kogumiskonverents-2006\/murdepraktika-muhus\/\"]}]},{\"@type\":\"BreadcrumbList\",\"@id\":\"https:\/\/www.folklore.ee\/ars\/uritused\/arhiiv\/kogumiskonverents-2006\/murdepraktika-muhus\/#breadcrumb\",\"itemListElement\":[{\"@type\":\"ListItem\",\"position\":1,\"name\":\"Avaleht\",\"item\":\"https:\/\/www.folklore.ee\/ars\/\"},{\"@type\":\"ListItem\",\"position\":2,\"name\":\"\u00dcritused\",\"item\":\"https:\/\/www.folklore.ee\/ars\/uritused\/\"},{\"@type\":\"ListItem\",\"position\":3,\"name\":\"Arhiiv\",\"item\":\"https:\/\/www.folklore.ee\/ars\/uritused\/arhiiv\/\"},{\"@type\":\"ListItem\",\"position\":4,\"name\":\"Kogumiskonverents 2006 ajakava\",\"item\":\"https:\/\/www.folklore.ee\/ars\/uritused\/arhiiv\/kogumiskonverents-2006\/\"},{\"@type\":\"ListItem\",\"position\":5,\"name\":\"Murdepraktika Muhus\"}]},{\"@type\":\"WebSite\",\"@id\":\"https:\/\/www.folklore.ee\/ars\/#website\",\"url\":\"https:\/\/www.folklore.ee\/ars\/\",\"name\":\"Akadeemiline Rahvaluule Selts\",\"description\":\"Folkloristide, \u00fcli\u00f5pilaste ja k\u00f5igi rahvaluulest huvitatute \u00fchendus, mis aitab kaasa rahvaluule kogumisele, tutvustamisele, uurimisele ja publitseerimisele.\",\"potentialAction\":[{\"@type\":\"SearchAction\",\"target\":{\"@type\":\"EntryPoint\",\"urlTemplate\":\"https:\/\/www.folklore.ee\/ars\/?s={search_term_string}\"},\"query-input\":\"required name=search_term_string\"}],\"inLanguage\":\"en-US\"}]}<\/script>\n<!-- \/ Yoast SEO plugin. -->","yoast_head_json":{"title":"Murdepraktika Muhus | Akadeemiline Rahvaluule Selts","robots":{"index":"index","follow":"follow","max-snippet":"max-snippet:-1","max-image-preview":"max-image-preview:large","max-video-preview":"max-video-preview:-1"},"canonical":"https:\/\/www.folklore.ee\/ars\/uritused\/arhiiv\/kogumiskonverents-2006\/murdepraktika-muhus\/","og_locale":"en_US","og_type":"article","og_title":"Murdepraktika Muhus | Akadeemiline Rahvaluule Selts","og_description":"Eesti ja soome-ugri keeleteaduse magistrantidele on ette n\u00e4htud murdepraktika, mille eesm\u00e4rgiks on \u00f5petada \u00fcli\u00f5pilasi murdekeelt koguma: esmalt \u00f5pitakse keelejuhti intervjueerima ja lindistama ning seej\u00e4rel helikandjal olevat k\u00f5net foneetilises transkriptsioonis litereerima. Ettekanne annab \u00fclevaate t\u00e4navusuvisest praktikast Muhu saarel, kirjeldades seda, kuidas leiti keelejuhid ning kus ja kuidas toimus ja \u00f5nnestus nende k\u00fcsitlemine, missugused olid metoodika plussid [&hellip;]","og_url":"https:\/\/www.folklore.ee\/ars\/uritused\/arhiiv\/kogumiskonverents-2006\/murdepraktika-muhus\/","og_site_name":"Akadeemiline Rahvaluule Selts","article_modified_time":"2023-09-28T13:46:37+00:00","twitter_card":"summary_large_image","schema":{"@context":"https:\/\/schema.org","@graph":[{"@type":"WebPage","@id":"https:\/\/www.folklore.ee\/ars\/uritused\/arhiiv\/kogumiskonverents-2006\/murdepraktika-muhus\/","url":"https:\/\/www.folklore.ee\/ars\/uritused\/arhiiv\/kogumiskonverents-2006\/murdepraktika-muhus\/","name":"Murdepraktika Muhus | Akadeemiline Rahvaluule Selts","isPartOf":{"@id":"https:\/\/www.folklore.ee\/ars\/#website"},"datePublished":"2023-09-28T13:46:36+00:00","dateModified":"2023-09-28T13:46:37+00:00","breadcrumb":{"@id":"https:\/\/www.folklore.ee\/ars\/uritused\/arhiiv\/kogumiskonverents-2006\/murdepraktika-muhus\/#breadcrumb"},"inLanguage":"en-US","potentialAction":[{"@type":"ReadAction","target":["https:\/\/www.folklore.ee\/ars\/uritused\/arhiiv\/kogumiskonverents-2006\/murdepraktika-muhus\/"]}]},{"@type":"BreadcrumbList","@id":"https:\/\/www.folklore.ee\/ars\/uritused\/arhiiv\/kogumiskonverents-2006\/murdepraktika-muhus\/#breadcrumb","itemListElement":[{"@type":"ListItem","position":1,"name":"Avaleht","item":"https:\/\/www.folklore.ee\/ars\/"},{"@type":"ListItem","position":2,"name":"\u00dcritused","item":"https:\/\/www.folklore.ee\/ars\/uritused\/"},{"@type":"ListItem","position":3,"name":"Arhiiv","item":"https:\/\/www.folklore.ee\/ars\/uritused\/arhiiv\/"},{"@type":"ListItem","position":4,"name":"Kogumiskonverents 2006 ajakava","item":"https:\/\/www.folklore.ee\/ars\/uritused\/arhiiv\/kogumiskonverents-2006\/"},{"@type":"ListItem","position":5,"name":"Murdepraktika Muhus"}]},{"@type":"WebSite","@id":"https:\/\/www.folklore.ee\/ars\/#website","url":"https:\/\/www.folklore.ee\/ars\/","name":"Akadeemiline Rahvaluule Selts","description":"Folkloristide, \u00fcli\u00f5pilaste ja k\u00f5igi rahvaluulest huvitatute \u00fchendus, mis aitab kaasa rahvaluule kogumisele, tutvustamisele, uurimisele ja publitseerimisele.","potentialAction":[{"@type":"SearchAction","target":{"@type":"EntryPoint","urlTemplate":"https:\/\/www.folklore.ee\/ars\/?s={search_term_string}"},"query-input":"required name=search_term_string"}],"inLanguage":"en-US"}]}},"_links":{"self":[{"href":"https:\/\/www.folklore.ee\/ars\/wp-json\/wp\/v2\/pages\/615","targetHints":{"allow":["GET"]}}],"collection":[{"href":"https:\/\/www.folklore.ee\/ars\/wp-json\/wp\/v2\/pages"}],"about":[{"href":"https:\/\/www.folklore.ee\/ars\/wp-json\/wp\/v2\/types\/page"}],"author":[{"embeddable":true,"href":"https:\/\/www.folklore.ee\/ars\/wp-json\/wp\/v2\/users\/1"}],"replies":[{"embeddable":true,"href":"https:\/\/www.folklore.ee\/ars\/wp-json\/wp\/v2\/comments?post=615"}],"version-history":[{"count":1,"href":"https:\/\/www.folklore.ee\/ars\/wp-json\/wp\/v2\/pages\/615\/revisions"}],"predecessor-version":[{"id":616,"href":"https:\/\/www.folklore.ee\/ars\/wp-json\/wp\/v2\/pages\/615\/revisions\/616"}],"up":[{"embeddable":true,"href":"https:\/\/www.folklore.ee\/ars\/wp-json\/wp\/v2\/pages\/569"}],"wp:attachment":[{"href":"https:\/\/www.folklore.ee\/ars\/wp-json\/wp\/v2\/media?parent=615"}],"curies":[{"name":"wp","href":"https:\/\/api.w.org\/{rel}","templated":true}]}}