{"id":611,"date":"2023-09-28T13:45:36","date_gmt":"2023-09-28T13:45:36","guid":{"rendered":"https:\/\/www.folklore.ee\/ars\/?page_id=611"},"modified":"2023-09-28T13:45:36","modified_gmt":"2023-09-28T13:45:36","slug":"verskah-papi-puul-ehk-kuidas-2006-aastal-setomaal-parimust-koguti","status":"publish","type":"page","link":"https:\/\/www.folklore.ee\/ars\/uritused\/arhiiv\/kogumiskonverents-2006\/verskah-papi-puul-ehk-kuidas-2006-aastal-setomaal-parimust-koguti\/","title":{"rendered":"Verskah\u00a0papi puul\u00a0ehk kuidas 2006. aastal\u00a0Setomaal\u00a0p\u00e4rimust koguti"},"content":{"rendered":"\n<p>aasta augustis toimusid T\u00dc rahvaluule \u00f5ppetooli poolt korraldatud v\u00e4lit\u00f6\u00f6d V\u00e4rska ja Mikitam\u00e4e vallas. Samal ajal p\u00fchitseti Setomaal p\u00e4\u00e4tnits\u00e4p\u00e4iv\u00e4, iljap\u00e4iv\u00e4, \u201eSeto Folki\u201d ja Seto Kuningriigi p\u00e4eva. Mida ja kuidas koguti ning kas leiti ka otsitud jutussit.<\/p>\n","protected":false},"excerpt":{"rendered":"<p>aasta augustis toimusid T\u00dc rahvaluule \u00f5ppetooli poolt korraldatud v\u00e4lit\u00f6\u00f6d V\u00e4rska ja Mikitam\u00e4e vallas. Samal ajal p\u00fchitseti Setomaal p\u00e4\u00e4tnits\u00e4p\u00e4iv\u00e4, iljap\u00e4iv\u00e4, \u201eSeto Folki\u201d ja Seto Kuningriigi p\u00e4eva. Mida ja kuidas koguti ning kas leiti ka otsitud jutussit.<\/p>\n","protected":false},"author":1,"featured_media":0,"parent":569,"menu_order":0,"comment_status":"closed","ping_status":"closed","template":"","meta":{"footnotes":""},"class_list":["post-611","page","type-page","status-publish","hentry"],"yoast_head":"<!-- This site is optimized with the Yoast SEO plugin v20.12 - https:\/\/yoast.com\/wordpress\/plugins\/seo\/ -->\n<title>Verskah\u00a0papi puul\u00a0ehk kuidas 2006. aastal\u00a0Setomaal\u00a0p\u00e4rimust koguti | Akadeemiline Rahvaluule Selts<\/title>\n<meta name=\"robots\" content=\"index, follow, max-snippet:-1, max-image-preview:large, max-video-preview:-1\" \/>\n<link rel=\"canonical\" href=\"https:\/\/www.folklore.ee\/ars\/uritused\/arhiiv\/kogumiskonverents-2006\/verskah-papi-puul-ehk-kuidas-2006-aastal-setomaal-parimust-koguti\/\" \/>\n<meta property=\"og:locale\" content=\"en_US\" \/>\n<meta property=\"og:type\" content=\"article\" \/>\n<meta property=\"og:title\" content=\"Verskah\u00a0papi puul\u00a0ehk kuidas 2006. aastal\u00a0Setomaal\u00a0p\u00e4rimust koguti | Akadeemiline Rahvaluule Selts\" \/>\n<meta property=\"og:description\" content=\"aasta augustis toimusid T\u00dc rahvaluule \u00f5ppetooli poolt korraldatud v\u00e4lit\u00f6\u00f6d V\u00e4rska ja Mikitam\u00e4e vallas. Samal ajal p\u00fchitseti Setomaal p\u00e4\u00e4tnits\u00e4p\u00e4iv\u00e4, iljap\u00e4iv\u00e4, \u201eSeto Folki\u201d ja Seto Kuningriigi p\u00e4eva. Mida ja kuidas koguti ning kas leiti ka otsitud jutussit.\" \/>\n<meta property=\"og:url\" content=\"https:\/\/www.folklore.ee\/ars\/uritused\/arhiiv\/kogumiskonverents-2006\/verskah-papi-puul-ehk-kuidas-2006-aastal-setomaal-parimust-koguti\/\" \/>\n<meta property=\"og:site_name\" content=\"Akadeemiline Rahvaluule Selts\" \/>\n<meta name=\"twitter:card\" content=\"summary_large_image\" \/>\n<script type=\"application\/ld+json\" class=\"yoast-schema-graph\">{\"@context\":\"https:\/\/schema.org\",\"@graph\":[{\"@type\":\"WebPage\",\"@id\":\"https:\/\/www.folklore.ee\/ars\/uritused\/arhiiv\/kogumiskonverents-2006\/verskah-papi-puul-ehk-kuidas-2006-aastal-setomaal-parimust-koguti\/\",\"url\":\"https:\/\/www.folklore.ee\/ars\/uritused\/arhiiv\/kogumiskonverents-2006\/verskah-papi-puul-ehk-kuidas-2006-aastal-setomaal-parimust-koguti\/\",\"name\":\"Verskah\u00a0papi puul\u00a0ehk kuidas 2006. aastal\u00a0Setomaal\u00a0p\u00e4rimust koguti | Akadeemiline Rahvaluule Selts\",\"isPartOf\":{\"@id\":\"https:\/\/www.folklore.ee\/ars\/#website\"},\"datePublished\":\"2023-09-28T13:45:36+00:00\",\"dateModified\":\"2023-09-28T13:45:36+00:00\",\"breadcrumb\":{\"@id\":\"https:\/\/www.folklore.ee\/ars\/uritused\/arhiiv\/kogumiskonverents-2006\/verskah-papi-puul-ehk-kuidas-2006-aastal-setomaal-parimust-koguti\/#breadcrumb\"},\"inLanguage\":\"en-US\",\"potentialAction\":[{\"@type\":\"ReadAction\",\"target\":[\"https:\/\/www.folklore.ee\/ars\/uritused\/arhiiv\/kogumiskonverents-2006\/verskah-papi-puul-ehk-kuidas-2006-aastal-setomaal-parimust-koguti\/\"]}]},{\"@type\":\"BreadcrumbList\",\"@id\":\"https:\/\/www.folklore.ee\/ars\/uritused\/arhiiv\/kogumiskonverents-2006\/verskah-papi-puul-ehk-kuidas-2006-aastal-setomaal-parimust-koguti\/#breadcrumb\",\"itemListElement\":[{\"@type\":\"ListItem\",\"position\":1,\"name\":\"Avaleht\",\"item\":\"https:\/\/www.folklore.ee\/ars\/\"},{\"@type\":\"ListItem\",\"position\":2,\"name\":\"\u00dcritused\",\"item\":\"https:\/\/www.folklore.ee\/ars\/uritused\/\"},{\"@type\":\"ListItem\",\"position\":3,\"name\":\"Arhiiv\",\"item\":\"https:\/\/www.folklore.ee\/ars\/uritused\/arhiiv\/\"},{\"@type\":\"ListItem\",\"position\":4,\"name\":\"Kogumiskonverents 2006 ajakava\",\"item\":\"https:\/\/www.folklore.ee\/ars\/uritused\/arhiiv\/kogumiskonverents-2006\/\"},{\"@type\":\"ListItem\",\"position\":5,\"name\":\"Verskah\u00a0papi puul\u00a0ehk kuidas 2006. aastal\u00a0Setomaal\u00a0p\u00e4rimust koguti\"}]},{\"@type\":\"WebSite\",\"@id\":\"https:\/\/www.folklore.ee\/ars\/#website\",\"url\":\"https:\/\/www.folklore.ee\/ars\/\",\"name\":\"Akadeemiline Rahvaluule Selts\",\"description\":\"Folkloristide, \u00fcli\u00f5pilaste ja k\u00f5igi rahvaluulest huvitatute \u00fchendus, mis aitab kaasa rahvaluule kogumisele, tutvustamisele, uurimisele ja publitseerimisele.\",\"potentialAction\":[{\"@type\":\"SearchAction\",\"target\":{\"@type\":\"EntryPoint\",\"urlTemplate\":\"https:\/\/www.folklore.ee\/ars\/?s={search_term_string}\"},\"query-input\":\"required name=search_term_string\"}],\"inLanguage\":\"en-US\"}]}<\/script>\n<!-- \/ Yoast SEO plugin. -->","yoast_head_json":{"title":"Verskah\u00a0papi puul\u00a0ehk kuidas 2006. aastal\u00a0Setomaal\u00a0p\u00e4rimust koguti | Akadeemiline Rahvaluule Selts","robots":{"index":"index","follow":"follow","max-snippet":"max-snippet:-1","max-image-preview":"max-image-preview:large","max-video-preview":"max-video-preview:-1"},"canonical":"https:\/\/www.folklore.ee\/ars\/uritused\/arhiiv\/kogumiskonverents-2006\/verskah-papi-puul-ehk-kuidas-2006-aastal-setomaal-parimust-koguti\/","og_locale":"en_US","og_type":"article","og_title":"Verskah\u00a0papi puul\u00a0ehk kuidas 2006. aastal\u00a0Setomaal\u00a0p\u00e4rimust koguti | Akadeemiline Rahvaluule Selts","og_description":"aasta augustis toimusid T\u00dc rahvaluule \u00f5ppetooli poolt korraldatud v\u00e4lit\u00f6\u00f6d V\u00e4rska ja Mikitam\u00e4e vallas. Samal ajal p\u00fchitseti Setomaal p\u00e4\u00e4tnits\u00e4p\u00e4iv\u00e4, iljap\u00e4iv\u00e4, \u201eSeto Folki\u201d ja Seto Kuningriigi p\u00e4eva. Mida ja kuidas koguti ning kas leiti ka otsitud jutussit.","og_url":"https:\/\/www.folklore.ee\/ars\/uritused\/arhiiv\/kogumiskonverents-2006\/verskah-papi-puul-ehk-kuidas-2006-aastal-setomaal-parimust-koguti\/","og_site_name":"Akadeemiline Rahvaluule Selts","twitter_card":"summary_large_image","schema":{"@context":"https:\/\/schema.org","@graph":[{"@type":"WebPage","@id":"https:\/\/www.folklore.ee\/ars\/uritused\/arhiiv\/kogumiskonverents-2006\/verskah-papi-puul-ehk-kuidas-2006-aastal-setomaal-parimust-koguti\/","url":"https:\/\/www.folklore.ee\/ars\/uritused\/arhiiv\/kogumiskonverents-2006\/verskah-papi-puul-ehk-kuidas-2006-aastal-setomaal-parimust-koguti\/","name":"Verskah\u00a0papi puul\u00a0ehk kuidas 2006. aastal\u00a0Setomaal\u00a0p\u00e4rimust koguti | Akadeemiline Rahvaluule Selts","isPartOf":{"@id":"https:\/\/www.folklore.ee\/ars\/#website"},"datePublished":"2023-09-28T13:45:36+00:00","dateModified":"2023-09-28T13:45:36+00:00","breadcrumb":{"@id":"https:\/\/www.folklore.ee\/ars\/uritused\/arhiiv\/kogumiskonverents-2006\/verskah-papi-puul-ehk-kuidas-2006-aastal-setomaal-parimust-koguti\/#breadcrumb"},"inLanguage":"en-US","potentialAction":[{"@type":"ReadAction","target":["https:\/\/www.folklore.ee\/ars\/uritused\/arhiiv\/kogumiskonverents-2006\/verskah-papi-puul-ehk-kuidas-2006-aastal-setomaal-parimust-koguti\/"]}]},{"@type":"BreadcrumbList","@id":"https:\/\/www.folklore.ee\/ars\/uritused\/arhiiv\/kogumiskonverents-2006\/verskah-papi-puul-ehk-kuidas-2006-aastal-setomaal-parimust-koguti\/#breadcrumb","itemListElement":[{"@type":"ListItem","position":1,"name":"Avaleht","item":"https:\/\/www.folklore.ee\/ars\/"},{"@type":"ListItem","position":2,"name":"\u00dcritused","item":"https:\/\/www.folklore.ee\/ars\/uritused\/"},{"@type":"ListItem","position":3,"name":"Arhiiv","item":"https:\/\/www.folklore.ee\/ars\/uritused\/arhiiv\/"},{"@type":"ListItem","position":4,"name":"Kogumiskonverents 2006 ajakava","item":"https:\/\/www.folklore.ee\/ars\/uritused\/arhiiv\/kogumiskonverents-2006\/"},{"@type":"ListItem","position":5,"name":"Verskah\u00a0papi puul\u00a0ehk kuidas 2006. aastal\u00a0Setomaal\u00a0p\u00e4rimust koguti"}]},{"@type":"WebSite","@id":"https:\/\/www.folklore.ee\/ars\/#website","url":"https:\/\/www.folklore.ee\/ars\/","name":"Akadeemiline Rahvaluule Selts","description":"Folkloristide, \u00fcli\u00f5pilaste ja k\u00f5igi rahvaluulest huvitatute \u00fchendus, mis aitab kaasa rahvaluule kogumisele, tutvustamisele, uurimisele ja publitseerimisele.","potentialAction":[{"@type":"SearchAction","target":{"@type":"EntryPoint","urlTemplate":"https:\/\/www.folklore.ee\/ars\/?s={search_term_string}"},"query-input":"required name=search_term_string"}],"inLanguage":"en-US"}]}},"_links":{"self":[{"href":"https:\/\/www.folklore.ee\/ars\/wp-json\/wp\/v2\/pages\/611","targetHints":{"allow":["GET"]}}],"collection":[{"href":"https:\/\/www.folklore.ee\/ars\/wp-json\/wp\/v2\/pages"}],"about":[{"href":"https:\/\/www.folklore.ee\/ars\/wp-json\/wp\/v2\/types\/page"}],"author":[{"embeddable":true,"href":"https:\/\/www.folklore.ee\/ars\/wp-json\/wp\/v2\/users\/1"}],"replies":[{"embeddable":true,"href":"https:\/\/www.folklore.ee\/ars\/wp-json\/wp\/v2\/comments?post=611"}],"version-history":[{"count":1,"href":"https:\/\/www.folklore.ee\/ars\/wp-json\/wp\/v2\/pages\/611\/revisions"}],"predecessor-version":[{"id":612,"href":"https:\/\/www.folklore.ee\/ars\/wp-json\/wp\/v2\/pages\/611\/revisions\/612"}],"up":[{"embeddable":true,"href":"https:\/\/www.folklore.ee\/ars\/wp-json\/wp\/v2\/pages\/569"}],"wp:attachment":[{"href":"https:\/\/www.folklore.ee\/ars\/wp-json\/wp\/v2\/media?parent=611"}],"curies":[{"name":"wp","href":"https:\/\/api.w.org\/{rel}","templated":true}]}}