{"id":609,"date":"2023-09-28T13:44:46","date_gmt":"2023-09-28T13:44:46","guid":{"rendered":"https:\/\/www.folklore.ee\/ars\/?page_id=609"},"modified":"2023-09-28T13:44:46","modified_gmt":"2023-09-28T13:44:46","slug":"uliopilasrahva-jutud-2004-2006-kogumine-tugitoolist","status":"publish","type":"page","link":"https:\/\/www.folklore.ee\/ars\/uliopilasrahva-jutud-2004-2006-kogumine-tugitoolist\/","title":{"rendered":"\u00dcli\u00f5pilasrahva jutud 2004\u20132006. Kogumine tugitoolist"},"content":{"rendered":"\n<p>T\u00dc loengukursusel \u201eEesti rahvajutt\u201d osalejad on aastatel 2004-2006 kogunud kaasajal r\u00e4\u00e4gitavaid narratiive. See on v\u00f5imaldanud kogujaile kogumist\u00a0omaenesele\u00a0harjumusp\u00e4rases keskkonnas. Igal aastal on laekunud poolsada l\u00fchikirjutist. Ettekandes anal\u00fc\u00fcsin, millised on kogutud jutuaineses k\u00f5ige populaarsemad teemad, milline on tavaline kogumise kontekst ja kogujate suhe p\u00e4rimuslikuks peetavasse ainesesse. Samuti vaatlen, millised tendentsid ilmnevad jutup\u00e4rimuses kolme aasta jooksul.<\/p>\n","protected":false},"excerpt":{"rendered":"<p>T\u00dc loengukursusel \u201eEesti rahvajutt\u201d osalejad on aastatel 2004-2006 kogunud kaasajal r\u00e4\u00e4gitavaid narratiive. See on v\u00f5imaldanud kogujaile kogumist\u00a0omaenesele\u00a0harjumusp\u00e4rases keskkonnas. Igal aastal on laekunud poolsada l\u00fchikirjutist. Ettekandes anal\u00fc\u00fcsin, millised on kogutud jutuaineses k\u00f5ige populaarsemad teemad, milline on tavaline kogumise kontekst ja kogujate suhe p\u00e4rimuslikuks peetavasse ainesesse. Samuti vaatlen, millised tendentsid ilmnevad jutup\u00e4rimuses kolme aasta jooksul.<\/p>\n","protected":false},"author":1,"featured_media":0,"parent":0,"menu_order":0,"comment_status":"closed","ping_status":"closed","template":"","meta":{"footnotes":""},"class_list":["post-609","page","type-page","status-publish","hentry"],"yoast_head":"<!-- This site is optimized with the Yoast SEO plugin v20.12 - https:\/\/yoast.com\/wordpress\/plugins\/seo\/ -->\n<title>\u00dcli\u00f5pilasrahva jutud 2004\u20132006. Kogumine tugitoolist | Akadeemiline Rahvaluule Selts<\/title>\n<meta name=\"robots\" content=\"index, follow, max-snippet:-1, max-image-preview:large, max-video-preview:-1\" \/>\n<link rel=\"canonical\" href=\"https:\/\/www.folklore.ee\/ars\/uliopilasrahva-jutud-2004-2006-kogumine-tugitoolist\/\" \/>\n<meta property=\"og:locale\" content=\"en_US\" \/>\n<meta property=\"og:type\" content=\"article\" \/>\n<meta property=\"og:title\" content=\"\u00dcli\u00f5pilasrahva jutud 2004\u20132006. Kogumine tugitoolist | Akadeemiline Rahvaluule Selts\" \/>\n<meta property=\"og:description\" content=\"T\u00dc loengukursusel \u201eEesti rahvajutt\u201d osalejad on aastatel 2004-2006 kogunud kaasajal r\u00e4\u00e4gitavaid narratiive. See on v\u00f5imaldanud kogujaile kogumist\u00a0omaenesele\u00a0harjumusp\u00e4rases keskkonnas. Igal aastal on laekunud poolsada l\u00fchikirjutist. Ettekandes anal\u00fc\u00fcsin, millised on kogutud jutuaineses k\u00f5ige populaarsemad teemad, milline on tavaline kogumise kontekst ja kogujate suhe p\u00e4rimuslikuks peetavasse ainesesse. Samuti vaatlen, millised tendentsid ilmnevad jutup\u00e4rimuses kolme aasta jooksul.\" \/>\n<meta property=\"og:url\" content=\"https:\/\/www.folklore.ee\/ars\/uliopilasrahva-jutud-2004-2006-kogumine-tugitoolist\/\" \/>\n<meta property=\"og:site_name\" content=\"Akadeemiline Rahvaluule Selts\" \/>\n<meta name=\"twitter:card\" content=\"summary_large_image\" \/>\n<meta name=\"twitter:label1\" content=\"Est. reading time\" \/>\n\t<meta name=\"twitter:data1\" content=\"1 minute\" \/>\n<script type=\"application\/ld+json\" class=\"yoast-schema-graph\">{\"@context\":\"https:\/\/schema.org\",\"@graph\":[{\"@type\":\"WebPage\",\"@id\":\"https:\/\/www.folklore.ee\/ars\/uliopilasrahva-jutud-2004-2006-kogumine-tugitoolist\/\",\"url\":\"https:\/\/www.folklore.ee\/ars\/uliopilasrahva-jutud-2004-2006-kogumine-tugitoolist\/\",\"name\":\"\u00dcli\u00f5pilasrahva jutud 2004\u20132006. Kogumine tugitoolist | Akadeemiline Rahvaluule Selts\",\"isPartOf\":{\"@id\":\"https:\/\/www.folklore.ee\/ars\/#website\"},\"datePublished\":\"2023-09-28T13:44:46+00:00\",\"dateModified\":\"2023-09-28T13:44:46+00:00\",\"breadcrumb\":{\"@id\":\"https:\/\/www.folklore.ee\/ars\/uliopilasrahva-jutud-2004-2006-kogumine-tugitoolist\/#breadcrumb\"},\"inLanguage\":\"en-US\",\"potentialAction\":[{\"@type\":\"ReadAction\",\"target\":[\"https:\/\/www.folklore.ee\/ars\/uliopilasrahva-jutud-2004-2006-kogumine-tugitoolist\/\"]}]},{\"@type\":\"BreadcrumbList\",\"@id\":\"https:\/\/www.folklore.ee\/ars\/uliopilasrahva-jutud-2004-2006-kogumine-tugitoolist\/#breadcrumb\",\"itemListElement\":[{\"@type\":\"ListItem\",\"position\":1,\"name\":\"Avaleht\",\"item\":\"https:\/\/www.folklore.ee\/ars\/\"},{\"@type\":\"ListItem\",\"position\":2,\"name\":\"\u00dcli\u00f5pilasrahva jutud 2004\u20132006. Kogumine tugitoolist\"}]},{\"@type\":\"WebSite\",\"@id\":\"https:\/\/www.folklore.ee\/ars\/#website\",\"url\":\"https:\/\/www.folklore.ee\/ars\/\",\"name\":\"Akadeemiline Rahvaluule Selts\",\"description\":\"Folkloristide, \u00fcli\u00f5pilaste ja k\u00f5igi rahvaluulest huvitatute \u00fchendus, mis aitab kaasa rahvaluule kogumisele, tutvustamisele, uurimisele ja publitseerimisele.\",\"potentialAction\":[{\"@type\":\"SearchAction\",\"target\":{\"@type\":\"EntryPoint\",\"urlTemplate\":\"https:\/\/www.folklore.ee\/ars\/?s={search_term_string}\"},\"query-input\":\"required name=search_term_string\"}],\"inLanguage\":\"en-US\"}]}<\/script>\n<!-- \/ Yoast SEO plugin. -->","yoast_head_json":{"title":"\u00dcli\u00f5pilasrahva jutud 2004\u20132006. Kogumine tugitoolist | Akadeemiline Rahvaluule Selts","robots":{"index":"index","follow":"follow","max-snippet":"max-snippet:-1","max-image-preview":"max-image-preview:large","max-video-preview":"max-video-preview:-1"},"canonical":"https:\/\/www.folklore.ee\/ars\/uliopilasrahva-jutud-2004-2006-kogumine-tugitoolist\/","og_locale":"en_US","og_type":"article","og_title":"\u00dcli\u00f5pilasrahva jutud 2004\u20132006. Kogumine tugitoolist | Akadeemiline Rahvaluule Selts","og_description":"T\u00dc loengukursusel \u201eEesti rahvajutt\u201d osalejad on aastatel 2004-2006 kogunud kaasajal r\u00e4\u00e4gitavaid narratiive. See on v\u00f5imaldanud kogujaile kogumist\u00a0omaenesele\u00a0harjumusp\u00e4rases keskkonnas. Igal aastal on laekunud poolsada l\u00fchikirjutist. Ettekandes anal\u00fc\u00fcsin, millised on kogutud jutuaineses k\u00f5ige populaarsemad teemad, milline on tavaline kogumise kontekst ja kogujate suhe p\u00e4rimuslikuks peetavasse ainesesse. Samuti vaatlen, millised tendentsid ilmnevad jutup\u00e4rimuses kolme aasta jooksul.","og_url":"https:\/\/www.folklore.ee\/ars\/uliopilasrahva-jutud-2004-2006-kogumine-tugitoolist\/","og_site_name":"Akadeemiline Rahvaluule Selts","twitter_card":"summary_large_image","twitter_misc":{"Est. reading time":"1 minute"},"schema":{"@context":"https:\/\/schema.org","@graph":[{"@type":"WebPage","@id":"https:\/\/www.folklore.ee\/ars\/uliopilasrahva-jutud-2004-2006-kogumine-tugitoolist\/","url":"https:\/\/www.folklore.ee\/ars\/uliopilasrahva-jutud-2004-2006-kogumine-tugitoolist\/","name":"\u00dcli\u00f5pilasrahva jutud 2004\u20132006. Kogumine tugitoolist | Akadeemiline Rahvaluule Selts","isPartOf":{"@id":"https:\/\/www.folklore.ee\/ars\/#website"},"datePublished":"2023-09-28T13:44:46+00:00","dateModified":"2023-09-28T13:44:46+00:00","breadcrumb":{"@id":"https:\/\/www.folklore.ee\/ars\/uliopilasrahva-jutud-2004-2006-kogumine-tugitoolist\/#breadcrumb"},"inLanguage":"en-US","potentialAction":[{"@type":"ReadAction","target":["https:\/\/www.folklore.ee\/ars\/uliopilasrahva-jutud-2004-2006-kogumine-tugitoolist\/"]}]},{"@type":"BreadcrumbList","@id":"https:\/\/www.folklore.ee\/ars\/uliopilasrahva-jutud-2004-2006-kogumine-tugitoolist\/#breadcrumb","itemListElement":[{"@type":"ListItem","position":1,"name":"Avaleht","item":"https:\/\/www.folklore.ee\/ars\/"},{"@type":"ListItem","position":2,"name":"\u00dcli\u00f5pilasrahva jutud 2004\u20132006. Kogumine tugitoolist"}]},{"@type":"WebSite","@id":"https:\/\/www.folklore.ee\/ars\/#website","url":"https:\/\/www.folklore.ee\/ars\/","name":"Akadeemiline Rahvaluule Selts","description":"Folkloristide, \u00fcli\u00f5pilaste ja k\u00f5igi rahvaluulest huvitatute \u00fchendus, mis aitab kaasa rahvaluule kogumisele, tutvustamisele, uurimisele ja publitseerimisele.","potentialAction":[{"@type":"SearchAction","target":{"@type":"EntryPoint","urlTemplate":"https:\/\/www.folklore.ee\/ars\/?s={search_term_string}"},"query-input":"required name=search_term_string"}],"inLanguage":"en-US"}]}},"_links":{"self":[{"href":"https:\/\/www.folklore.ee\/ars\/wp-json\/wp\/v2\/pages\/609","targetHints":{"allow":["GET"]}}],"collection":[{"href":"https:\/\/www.folklore.ee\/ars\/wp-json\/wp\/v2\/pages"}],"about":[{"href":"https:\/\/www.folklore.ee\/ars\/wp-json\/wp\/v2\/types\/page"}],"author":[{"embeddable":true,"href":"https:\/\/www.folklore.ee\/ars\/wp-json\/wp\/v2\/users\/1"}],"replies":[{"embeddable":true,"href":"https:\/\/www.folklore.ee\/ars\/wp-json\/wp\/v2\/comments?post=609"}],"version-history":[{"count":1,"href":"https:\/\/www.folklore.ee\/ars\/wp-json\/wp\/v2\/pages\/609\/revisions"}],"predecessor-version":[{"id":610,"href":"https:\/\/www.folklore.ee\/ars\/wp-json\/wp\/v2\/pages\/609\/revisions\/610"}],"wp:attachment":[{"href":"https:\/\/www.folklore.ee\/ars\/wp-json\/wp\/v2\/media?parent=609"}],"curies":[{"name":"wp","href":"https:\/\/api.w.org\/{rel}","templated":true}]}}