{"id":602,"date":"2023-09-28T12:46:35","date_gmt":"2023-09-28T12:46:35","guid":{"rendered":"https:\/\/www.folklore.ee\/ars\/?page_id=602"},"modified":"2023-09-28T12:46:35","modified_gmt":"2023-09-28T12:46:35","slug":"leiko-helmise-ja-kuldatsauga-mitmekanalilisest-salvestamisest","status":"publish","type":"page","link":"https:\/\/www.folklore.ee\/ars\/uritused\/arhiiv\/kogumiskonverents-2006\/leiko-helmise-ja-kuldatsauga-mitmekanalilisest-salvestamisest\/","title":{"rendered":"Leiko,\u00a0Helmise\u00a0ja\u00a0Kuldats\u00e4uga\u00a0mitmekanalilisest salvestamisest"},"content":{"rendered":"\n<p>Eesti Kirjandusmuuseumi ja Eesti Muusika- ja Teatriakadeemia kogumismatk Setumaale (19.-20. juunil 2006) toimus Triinu Ojamaa juhitava projekti \u201eKaasaegsete meetodite rakendamine traditsionaalse mitmeh\u00e4\u00e4lsuse uurimisel\u201d raames. Salvestati kolme setu leelokoori: \u201eLeiko\u201d, \u201eHelmine\u201d ja \u201eKuldats\u00e4uk\u201d. Eesm\u00e4rgiks oli saada kvaliteetseid mitmekanalilisi salvestusi, milleks kasutati spetsiaalselt selleks otstarbeks ostetud uut helitehnikat. Mitmekanalilise salvestamismeetodi peamiseks eeliseks on v\u00f5imalus j\u00e4lgida iga h\u00e4\u00e4le liikumist, mis parandab m\u00e4rkimisv\u00e4\u00e4rselt meie ettekujutust mitmeh\u00e4\u00e4lsuse struktuurist. Digitaalne mitmekanaliline salvestus annab samuti rikkalikke v\u00f5imalusi mitmeh\u00e4\u00e4lsuse akustilise anal\u00fc\u00fcsi jaoks, mis on setu vanema rahvalaulu puhul erilise t\u00e4htsusega. Kuigi kohapeal avanenud pilt n\u00e4itas ootusp\u00e4raselt arhailise traditsiooni h\u00e4\u00e4bumist, v\u00f5ib siiski v\u00e4ita, et kogumismatk t\u00e4itis oma eesm\u00e4rke.<\/p>\n","protected":false},"excerpt":{"rendered":"<p>Eesti Kirjandusmuuseumi ja Eesti Muusika- ja Teatriakadeemia kogumismatk Setumaale (19.-20. juunil 2006) toimus Triinu Ojamaa juhitava projekti \u201eKaasaegsete meetodite rakendamine traditsionaalse mitmeh\u00e4\u00e4lsuse uurimisel\u201d raames. Salvestati kolme setu leelokoori: \u201eLeiko\u201d, \u201eHelmine\u201d ja \u201eKuldats\u00e4uk\u201d. Eesm\u00e4rgiks oli saada kvaliteetseid mitmekanalilisi salvestusi, milleks kasutati spetsiaalselt selleks otstarbeks ostetud uut helitehnikat. Mitmekanalilise salvestamismeetodi peamiseks eeliseks on v\u00f5imalus j\u00e4lgida iga h\u00e4\u00e4le [&hellip;]<\/p>\n","protected":false},"author":1,"featured_media":0,"parent":569,"menu_order":0,"comment_status":"closed","ping_status":"closed","template":"","meta":{"footnotes":""},"class_list":["post-602","page","type-page","status-publish","hentry"],"yoast_head":"<!-- This site is optimized with the Yoast SEO plugin v20.12 - https:\/\/yoast.com\/wordpress\/plugins\/seo\/ -->\n<title>Leiko,\u00a0Helmise\u00a0ja\u00a0Kuldats\u00e4uga\u00a0mitmekanalilisest salvestamisest | Akadeemiline Rahvaluule Selts<\/title>\n<meta name=\"robots\" content=\"index, follow, max-snippet:-1, max-image-preview:large, max-video-preview:-1\" \/>\n<link rel=\"canonical\" href=\"https:\/\/www.folklore.ee\/ars\/uritused\/arhiiv\/kogumiskonverents-2006\/leiko-helmise-ja-kuldatsauga-mitmekanalilisest-salvestamisest\/\" \/>\n<meta property=\"og:locale\" content=\"en_US\" \/>\n<meta property=\"og:type\" content=\"article\" \/>\n<meta property=\"og:title\" content=\"Leiko,\u00a0Helmise\u00a0ja\u00a0Kuldats\u00e4uga\u00a0mitmekanalilisest salvestamisest | Akadeemiline Rahvaluule Selts\" \/>\n<meta property=\"og:description\" content=\"Eesti Kirjandusmuuseumi ja Eesti Muusika- ja Teatriakadeemia kogumismatk Setumaale (19.-20. juunil 2006) toimus Triinu Ojamaa juhitava projekti \u201eKaasaegsete meetodite rakendamine traditsionaalse mitmeh\u00e4\u00e4lsuse uurimisel\u201d raames. Salvestati kolme setu leelokoori: \u201eLeiko\u201d, \u201eHelmine\u201d ja \u201eKuldats\u00e4uk\u201d. Eesm\u00e4rgiks oli saada kvaliteetseid mitmekanalilisi salvestusi, milleks kasutati spetsiaalselt selleks otstarbeks ostetud uut helitehnikat. Mitmekanalilise salvestamismeetodi peamiseks eeliseks on v\u00f5imalus j\u00e4lgida iga h\u00e4\u00e4le [&hellip;]\" \/>\n<meta property=\"og:url\" content=\"https:\/\/www.folklore.ee\/ars\/uritused\/arhiiv\/kogumiskonverents-2006\/leiko-helmise-ja-kuldatsauga-mitmekanalilisest-salvestamisest\/\" \/>\n<meta property=\"og:site_name\" content=\"Akadeemiline Rahvaluule Selts\" \/>\n<meta name=\"twitter:card\" content=\"summary_large_image\" \/>\n<meta name=\"twitter:label1\" content=\"Est. reading time\" \/>\n\t<meta name=\"twitter:data1\" content=\"1 minute\" \/>\n<script type=\"application\/ld+json\" class=\"yoast-schema-graph\">{\"@context\":\"https:\/\/schema.org\",\"@graph\":[{\"@type\":\"WebPage\",\"@id\":\"https:\/\/www.folklore.ee\/ars\/uritused\/arhiiv\/kogumiskonverents-2006\/leiko-helmise-ja-kuldatsauga-mitmekanalilisest-salvestamisest\/\",\"url\":\"https:\/\/www.folklore.ee\/ars\/uritused\/arhiiv\/kogumiskonverents-2006\/leiko-helmise-ja-kuldatsauga-mitmekanalilisest-salvestamisest\/\",\"name\":\"Leiko,\u00a0Helmise\u00a0ja\u00a0Kuldats\u00e4uga\u00a0mitmekanalilisest salvestamisest | Akadeemiline Rahvaluule Selts\",\"isPartOf\":{\"@id\":\"https:\/\/www.folklore.ee\/ars\/#website\"},\"datePublished\":\"2023-09-28T12:46:35+00:00\",\"dateModified\":\"2023-09-28T12:46:35+00:00\",\"breadcrumb\":{\"@id\":\"https:\/\/www.folklore.ee\/ars\/uritused\/arhiiv\/kogumiskonverents-2006\/leiko-helmise-ja-kuldatsauga-mitmekanalilisest-salvestamisest\/#breadcrumb\"},\"inLanguage\":\"en-US\",\"potentialAction\":[{\"@type\":\"ReadAction\",\"target\":[\"https:\/\/www.folklore.ee\/ars\/uritused\/arhiiv\/kogumiskonverents-2006\/leiko-helmise-ja-kuldatsauga-mitmekanalilisest-salvestamisest\/\"]}]},{\"@type\":\"BreadcrumbList\",\"@id\":\"https:\/\/www.folklore.ee\/ars\/uritused\/arhiiv\/kogumiskonverents-2006\/leiko-helmise-ja-kuldatsauga-mitmekanalilisest-salvestamisest\/#breadcrumb\",\"itemListElement\":[{\"@type\":\"ListItem\",\"position\":1,\"name\":\"Avaleht\",\"item\":\"https:\/\/www.folklore.ee\/ars\/\"},{\"@type\":\"ListItem\",\"position\":2,\"name\":\"\u00dcritused\",\"item\":\"https:\/\/www.folklore.ee\/ars\/uritused\/\"},{\"@type\":\"ListItem\",\"position\":3,\"name\":\"Arhiiv\",\"item\":\"https:\/\/www.folklore.ee\/ars\/uritused\/arhiiv\/\"},{\"@type\":\"ListItem\",\"position\":4,\"name\":\"Kogumiskonverents 2006 ajakava\",\"item\":\"https:\/\/www.folklore.ee\/ars\/uritused\/arhiiv\/kogumiskonverents-2006\/\"},{\"@type\":\"ListItem\",\"position\":5,\"name\":\"Leiko,\u00a0Helmise\u00a0ja\u00a0Kuldats\u00e4uga\u00a0mitmekanalilisest salvestamisest\"}]},{\"@type\":\"WebSite\",\"@id\":\"https:\/\/www.folklore.ee\/ars\/#website\",\"url\":\"https:\/\/www.folklore.ee\/ars\/\",\"name\":\"Akadeemiline Rahvaluule Selts\",\"description\":\"Folkloristide, \u00fcli\u00f5pilaste ja k\u00f5igi rahvaluulest huvitatute \u00fchendus, mis aitab kaasa rahvaluule kogumisele, tutvustamisele, uurimisele ja publitseerimisele.\",\"potentialAction\":[{\"@type\":\"SearchAction\",\"target\":{\"@type\":\"EntryPoint\",\"urlTemplate\":\"https:\/\/www.folklore.ee\/ars\/?s={search_term_string}\"},\"query-input\":\"required name=search_term_string\"}],\"inLanguage\":\"en-US\"}]}<\/script>\n<!-- \/ Yoast SEO plugin. -->","yoast_head_json":{"title":"Leiko,\u00a0Helmise\u00a0ja\u00a0Kuldats\u00e4uga\u00a0mitmekanalilisest salvestamisest | Akadeemiline Rahvaluule Selts","robots":{"index":"index","follow":"follow","max-snippet":"max-snippet:-1","max-image-preview":"max-image-preview:large","max-video-preview":"max-video-preview:-1"},"canonical":"https:\/\/www.folklore.ee\/ars\/uritused\/arhiiv\/kogumiskonverents-2006\/leiko-helmise-ja-kuldatsauga-mitmekanalilisest-salvestamisest\/","og_locale":"en_US","og_type":"article","og_title":"Leiko,\u00a0Helmise\u00a0ja\u00a0Kuldats\u00e4uga\u00a0mitmekanalilisest salvestamisest | Akadeemiline Rahvaluule Selts","og_description":"Eesti Kirjandusmuuseumi ja Eesti Muusika- ja Teatriakadeemia kogumismatk Setumaale (19.-20. juunil 2006) toimus Triinu Ojamaa juhitava projekti \u201eKaasaegsete meetodite rakendamine traditsionaalse mitmeh\u00e4\u00e4lsuse uurimisel\u201d raames. Salvestati kolme setu leelokoori: \u201eLeiko\u201d, \u201eHelmine\u201d ja \u201eKuldats\u00e4uk\u201d. Eesm\u00e4rgiks oli saada kvaliteetseid mitmekanalilisi salvestusi, milleks kasutati spetsiaalselt selleks otstarbeks ostetud uut helitehnikat. Mitmekanalilise salvestamismeetodi peamiseks eeliseks on v\u00f5imalus j\u00e4lgida iga h\u00e4\u00e4le [&hellip;]","og_url":"https:\/\/www.folklore.ee\/ars\/uritused\/arhiiv\/kogumiskonverents-2006\/leiko-helmise-ja-kuldatsauga-mitmekanalilisest-salvestamisest\/","og_site_name":"Akadeemiline Rahvaluule Selts","twitter_card":"summary_large_image","twitter_misc":{"Est. reading time":"1 minute"},"schema":{"@context":"https:\/\/schema.org","@graph":[{"@type":"WebPage","@id":"https:\/\/www.folklore.ee\/ars\/uritused\/arhiiv\/kogumiskonverents-2006\/leiko-helmise-ja-kuldatsauga-mitmekanalilisest-salvestamisest\/","url":"https:\/\/www.folklore.ee\/ars\/uritused\/arhiiv\/kogumiskonverents-2006\/leiko-helmise-ja-kuldatsauga-mitmekanalilisest-salvestamisest\/","name":"Leiko,\u00a0Helmise\u00a0ja\u00a0Kuldats\u00e4uga\u00a0mitmekanalilisest salvestamisest | Akadeemiline Rahvaluule Selts","isPartOf":{"@id":"https:\/\/www.folklore.ee\/ars\/#website"},"datePublished":"2023-09-28T12:46:35+00:00","dateModified":"2023-09-28T12:46:35+00:00","breadcrumb":{"@id":"https:\/\/www.folklore.ee\/ars\/uritused\/arhiiv\/kogumiskonverents-2006\/leiko-helmise-ja-kuldatsauga-mitmekanalilisest-salvestamisest\/#breadcrumb"},"inLanguage":"en-US","potentialAction":[{"@type":"ReadAction","target":["https:\/\/www.folklore.ee\/ars\/uritused\/arhiiv\/kogumiskonverents-2006\/leiko-helmise-ja-kuldatsauga-mitmekanalilisest-salvestamisest\/"]}]},{"@type":"BreadcrumbList","@id":"https:\/\/www.folklore.ee\/ars\/uritused\/arhiiv\/kogumiskonverents-2006\/leiko-helmise-ja-kuldatsauga-mitmekanalilisest-salvestamisest\/#breadcrumb","itemListElement":[{"@type":"ListItem","position":1,"name":"Avaleht","item":"https:\/\/www.folklore.ee\/ars\/"},{"@type":"ListItem","position":2,"name":"\u00dcritused","item":"https:\/\/www.folklore.ee\/ars\/uritused\/"},{"@type":"ListItem","position":3,"name":"Arhiiv","item":"https:\/\/www.folklore.ee\/ars\/uritused\/arhiiv\/"},{"@type":"ListItem","position":4,"name":"Kogumiskonverents 2006 ajakava","item":"https:\/\/www.folklore.ee\/ars\/uritused\/arhiiv\/kogumiskonverents-2006\/"},{"@type":"ListItem","position":5,"name":"Leiko,\u00a0Helmise\u00a0ja\u00a0Kuldats\u00e4uga\u00a0mitmekanalilisest salvestamisest"}]},{"@type":"WebSite","@id":"https:\/\/www.folklore.ee\/ars\/#website","url":"https:\/\/www.folklore.ee\/ars\/","name":"Akadeemiline Rahvaluule Selts","description":"Folkloristide, \u00fcli\u00f5pilaste ja k\u00f5igi rahvaluulest huvitatute \u00fchendus, mis aitab kaasa rahvaluule kogumisele, tutvustamisele, uurimisele ja publitseerimisele.","potentialAction":[{"@type":"SearchAction","target":{"@type":"EntryPoint","urlTemplate":"https:\/\/www.folklore.ee\/ars\/?s={search_term_string}"},"query-input":"required name=search_term_string"}],"inLanguage":"en-US"}]}},"_links":{"self":[{"href":"https:\/\/www.folklore.ee\/ars\/wp-json\/wp\/v2\/pages\/602","targetHints":{"allow":["GET"]}}],"collection":[{"href":"https:\/\/www.folklore.ee\/ars\/wp-json\/wp\/v2\/pages"}],"about":[{"href":"https:\/\/www.folklore.ee\/ars\/wp-json\/wp\/v2\/types\/page"}],"author":[{"embeddable":true,"href":"https:\/\/www.folklore.ee\/ars\/wp-json\/wp\/v2\/users\/1"}],"replies":[{"embeddable":true,"href":"https:\/\/www.folklore.ee\/ars\/wp-json\/wp\/v2\/comments?post=602"}],"version-history":[{"count":1,"href":"https:\/\/www.folklore.ee\/ars\/wp-json\/wp\/v2\/pages\/602\/revisions"}],"predecessor-version":[{"id":603,"href":"https:\/\/www.folklore.ee\/ars\/wp-json\/wp\/v2\/pages\/602\/revisions\/603"}],"up":[{"embeddable":true,"href":"https:\/\/www.folklore.ee\/ars\/wp-json\/wp\/v2\/pages\/569"}],"wp:attachment":[{"href":"https:\/\/www.folklore.ee\/ars\/wp-json\/wp\/v2\/media?parent=602"}],"curies":[{"name":"wp","href":"https:\/\/api.w.org\/{rel}","templated":true}]}}