{"id":596,"date":"2023-09-28T12:44:49","date_gmt":"2023-09-28T12:44:49","guid":{"rendered":"https:\/\/www.folklore.ee\/ars\/?page_id=596"},"modified":"2023-09-28T12:44:49","modified_gmt":"2023-09-28T12:44:49","slug":"kogumistoo-kontekstid-mitte-eesti-grupis","status":"publish","type":"page","link":"https:\/\/www.folklore.ee\/ars\/uritused\/arhiiv\/kogumiskonverents-2006\/kogumistoo-kontekstid-mitte-eesti-grupis\/","title":{"rendered":"Kogumist\u00f6\u00f6 kontekstid mitte-eesti grupis"},"content":{"rendered":"\n<p>Tutvustan 2006. aasta suvel Missos T\u00dc eesti keel v\u00f5\u00f5rkeelena eriala p\u00e4rimuspraktika l\u00e4biviimisel kogetut. Juttu ei tule mitte niiv\u00f5rd informantidest ja kogutust, vaid pigem kogujatest \u2013 esmakordselt \u00fcsna v\u00f5\u00f5ras kultuurikontekstis viibivatest noortest inimestest koos sellest \u00fcleskerkivate probleemidega. Valdavalt venekeelse r\u00fchmaga koos t\u00f6\u00f6tamine pakkus mulle senisest sootuks erineva arusaamise v\u00e4lit\u00f6\u00f6dest ning pani m\u00f5tlema k\u00fcsimustele nagu<\/p>\n\n\n\n<ul class=\"wp-block-list\">\n<li>kuidas \u00fcletatakse v\u00e4lit\u00f6ist kultuuri\u0161okki<\/li>\n\n\n\n<li>kuidas t\u00f5lgitakse \u201eteist\u201c endale arusaadavaks<\/li>\n\n\n\n<li>kuidas grupp toetab ja ei toeta seatud eesm\u00e4rke<\/li>\n\n\n\n<li>kuiv\u00f5rd ja kuidas on \u00fcletatavad kultuuridevahelised erinevused kogujate seas<\/li>\n\n\n\n<li>kuidas \u00fcletada viimasest tulenevaid kriise<\/li>\n<\/ul>\n\n\n\n<p>Arvatavalt on sellised probleemid \u00fcha enam ettetulevad \u00f5ppeiseloomulistel praktikatel, kus ilmneb vahe p\u00f5lvkondlikes, kultuurilistes, motivatsioonilistes ja muudeski arusaamades.<\/p>\n","protected":false},"excerpt":{"rendered":"<p>Tutvustan 2006. aasta suvel Missos T\u00dc eesti keel v\u00f5\u00f5rkeelena eriala p\u00e4rimuspraktika l\u00e4biviimisel kogetut. Juttu ei tule mitte niiv\u00f5rd informantidest ja kogutust, vaid pigem kogujatest \u2013 esmakordselt \u00fcsna v\u00f5\u00f5ras kultuurikontekstis viibivatest noortest inimestest koos sellest \u00fcleskerkivate probleemidega. Valdavalt venekeelse r\u00fchmaga koos t\u00f6\u00f6tamine pakkus mulle senisest sootuks erineva arusaamise v\u00e4lit\u00f6\u00f6dest ning pani m\u00f5tlema k\u00fcsimustele nagu Arvatavalt on [&hellip;]<\/p>\n","protected":false},"author":1,"featured_media":0,"parent":569,"menu_order":0,"comment_status":"closed","ping_status":"closed","template":"","meta":{"footnotes":""},"class_list":["post-596","page","type-page","status-publish","hentry"],"yoast_head":"<!-- This site is optimized with the Yoast SEO plugin v20.12 - https:\/\/yoast.com\/wordpress\/plugins\/seo\/ -->\n<title>Kogumist\u00f6\u00f6 kontekstid mitte-eesti grupis | Akadeemiline Rahvaluule Selts<\/title>\n<meta name=\"robots\" content=\"index, follow, max-snippet:-1, max-image-preview:large, max-video-preview:-1\" \/>\n<link rel=\"canonical\" href=\"https:\/\/www.folklore.ee\/ars\/uritused\/arhiiv\/kogumiskonverents-2006\/kogumistoo-kontekstid-mitte-eesti-grupis\/\" \/>\n<meta property=\"og:locale\" content=\"en_US\" \/>\n<meta property=\"og:type\" content=\"article\" \/>\n<meta property=\"og:title\" content=\"Kogumist\u00f6\u00f6 kontekstid mitte-eesti grupis | Akadeemiline Rahvaluule Selts\" \/>\n<meta property=\"og:description\" content=\"Tutvustan 2006. aasta suvel Missos T\u00dc eesti keel v\u00f5\u00f5rkeelena eriala p\u00e4rimuspraktika l\u00e4biviimisel kogetut. Juttu ei tule mitte niiv\u00f5rd informantidest ja kogutust, vaid pigem kogujatest \u2013 esmakordselt \u00fcsna v\u00f5\u00f5ras kultuurikontekstis viibivatest noortest inimestest koos sellest \u00fcleskerkivate probleemidega. Valdavalt venekeelse r\u00fchmaga koos t\u00f6\u00f6tamine pakkus mulle senisest sootuks erineva arusaamise v\u00e4lit\u00f6\u00f6dest ning pani m\u00f5tlema k\u00fcsimustele nagu Arvatavalt on [&hellip;]\" \/>\n<meta property=\"og:url\" content=\"https:\/\/www.folklore.ee\/ars\/uritused\/arhiiv\/kogumiskonverents-2006\/kogumistoo-kontekstid-mitte-eesti-grupis\/\" \/>\n<meta property=\"og:site_name\" content=\"Akadeemiline Rahvaluule Selts\" \/>\n<meta name=\"twitter:card\" content=\"summary_large_image\" \/>\n<script type=\"application\/ld+json\" class=\"yoast-schema-graph\">{\"@context\":\"https:\/\/schema.org\",\"@graph\":[{\"@type\":\"WebPage\",\"@id\":\"https:\/\/www.folklore.ee\/ars\/uritused\/arhiiv\/kogumiskonverents-2006\/kogumistoo-kontekstid-mitte-eesti-grupis\/\",\"url\":\"https:\/\/www.folklore.ee\/ars\/uritused\/arhiiv\/kogumiskonverents-2006\/kogumistoo-kontekstid-mitte-eesti-grupis\/\",\"name\":\"Kogumist\u00f6\u00f6 kontekstid mitte-eesti grupis | Akadeemiline Rahvaluule Selts\",\"isPartOf\":{\"@id\":\"https:\/\/www.folklore.ee\/ars\/#website\"},\"datePublished\":\"2023-09-28T12:44:49+00:00\",\"dateModified\":\"2023-09-28T12:44:49+00:00\",\"breadcrumb\":{\"@id\":\"https:\/\/www.folklore.ee\/ars\/uritused\/arhiiv\/kogumiskonverents-2006\/kogumistoo-kontekstid-mitte-eesti-grupis\/#breadcrumb\"},\"inLanguage\":\"en-US\",\"potentialAction\":[{\"@type\":\"ReadAction\",\"target\":[\"https:\/\/www.folklore.ee\/ars\/uritused\/arhiiv\/kogumiskonverents-2006\/kogumistoo-kontekstid-mitte-eesti-grupis\/\"]}]},{\"@type\":\"BreadcrumbList\",\"@id\":\"https:\/\/www.folklore.ee\/ars\/uritused\/arhiiv\/kogumiskonverents-2006\/kogumistoo-kontekstid-mitte-eesti-grupis\/#breadcrumb\",\"itemListElement\":[{\"@type\":\"ListItem\",\"position\":1,\"name\":\"Avaleht\",\"item\":\"https:\/\/www.folklore.ee\/ars\/\"},{\"@type\":\"ListItem\",\"position\":2,\"name\":\"\u00dcritused\",\"item\":\"https:\/\/www.folklore.ee\/ars\/uritused\/\"},{\"@type\":\"ListItem\",\"position\":3,\"name\":\"Arhiiv\",\"item\":\"https:\/\/www.folklore.ee\/ars\/uritused\/arhiiv\/\"},{\"@type\":\"ListItem\",\"position\":4,\"name\":\"Kogumiskonverents 2006 ajakava\",\"item\":\"https:\/\/www.folklore.ee\/ars\/uritused\/arhiiv\/kogumiskonverents-2006\/\"},{\"@type\":\"ListItem\",\"position\":5,\"name\":\"Kogumist\u00f6\u00f6 kontekstid mitte-eesti grupis\"}]},{\"@type\":\"WebSite\",\"@id\":\"https:\/\/www.folklore.ee\/ars\/#website\",\"url\":\"https:\/\/www.folklore.ee\/ars\/\",\"name\":\"Akadeemiline Rahvaluule Selts\",\"description\":\"Folkloristide, \u00fcli\u00f5pilaste ja k\u00f5igi rahvaluulest huvitatute \u00fchendus, mis aitab kaasa rahvaluule kogumisele, tutvustamisele, uurimisele ja publitseerimisele.\",\"potentialAction\":[{\"@type\":\"SearchAction\",\"target\":{\"@type\":\"EntryPoint\",\"urlTemplate\":\"https:\/\/www.folklore.ee\/ars\/?s={search_term_string}\"},\"query-input\":\"required name=search_term_string\"}],\"inLanguage\":\"en-US\"}]}<\/script>\n<!-- \/ Yoast SEO plugin. -->","yoast_head_json":{"title":"Kogumist\u00f6\u00f6 kontekstid mitte-eesti grupis | Akadeemiline Rahvaluule Selts","robots":{"index":"index","follow":"follow","max-snippet":"max-snippet:-1","max-image-preview":"max-image-preview:large","max-video-preview":"max-video-preview:-1"},"canonical":"https:\/\/www.folklore.ee\/ars\/uritused\/arhiiv\/kogumiskonverents-2006\/kogumistoo-kontekstid-mitte-eesti-grupis\/","og_locale":"en_US","og_type":"article","og_title":"Kogumist\u00f6\u00f6 kontekstid mitte-eesti grupis | Akadeemiline Rahvaluule Selts","og_description":"Tutvustan 2006. aasta suvel Missos T\u00dc eesti keel v\u00f5\u00f5rkeelena eriala p\u00e4rimuspraktika l\u00e4biviimisel kogetut. Juttu ei tule mitte niiv\u00f5rd informantidest ja kogutust, vaid pigem kogujatest \u2013 esmakordselt \u00fcsna v\u00f5\u00f5ras kultuurikontekstis viibivatest noortest inimestest koos sellest \u00fcleskerkivate probleemidega. Valdavalt venekeelse r\u00fchmaga koos t\u00f6\u00f6tamine pakkus mulle senisest sootuks erineva arusaamise v\u00e4lit\u00f6\u00f6dest ning pani m\u00f5tlema k\u00fcsimustele nagu Arvatavalt on [&hellip;]","og_url":"https:\/\/www.folklore.ee\/ars\/uritused\/arhiiv\/kogumiskonverents-2006\/kogumistoo-kontekstid-mitte-eesti-grupis\/","og_site_name":"Akadeemiline Rahvaluule Selts","twitter_card":"summary_large_image","schema":{"@context":"https:\/\/schema.org","@graph":[{"@type":"WebPage","@id":"https:\/\/www.folklore.ee\/ars\/uritused\/arhiiv\/kogumiskonverents-2006\/kogumistoo-kontekstid-mitte-eesti-grupis\/","url":"https:\/\/www.folklore.ee\/ars\/uritused\/arhiiv\/kogumiskonverents-2006\/kogumistoo-kontekstid-mitte-eesti-grupis\/","name":"Kogumist\u00f6\u00f6 kontekstid mitte-eesti grupis | Akadeemiline Rahvaluule Selts","isPartOf":{"@id":"https:\/\/www.folklore.ee\/ars\/#website"},"datePublished":"2023-09-28T12:44:49+00:00","dateModified":"2023-09-28T12:44:49+00:00","breadcrumb":{"@id":"https:\/\/www.folklore.ee\/ars\/uritused\/arhiiv\/kogumiskonverents-2006\/kogumistoo-kontekstid-mitte-eesti-grupis\/#breadcrumb"},"inLanguage":"en-US","potentialAction":[{"@type":"ReadAction","target":["https:\/\/www.folklore.ee\/ars\/uritused\/arhiiv\/kogumiskonverents-2006\/kogumistoo-kontekstid-mitte-eesti-grupis\/"]}]},{"@type":"BreadcrumbList","@id":"https:\/\/www.folklore.ee\/ars\/uritused\/arhiiv\/kogumiskonverents-2006\/kogumistoo-kontekstid-mitte-eesti-grupis\/#breadcrumb","itemListElement":[{"@type":"ListItem","position":1,"name":"Avaleht","item":"https:\/\/www.folklore.ee\/ars\/"},{"@type":"ListItem","position":2,"name":"\u00dcritused","item":"https:\/\/www.folklore.ee\/ars\/uritused\/"},{"@type":"ListItem","position":3,"name":"Arhiiv","item":"https:\/\/www.folklore.ee\/ars\/uritused\/arhiiv\/"},{"@type":"ListItem","position":4,"name":"Kogumiskonverents 2006 ajakava","item":"https:\/\/www.folklore.ee\/ars\/uritused\/arhiiv\/kogumiskonverents-2006\/"},{"@type":"ListItem","position":5,"name":"Kogumist\u00f6\u00f6 kontekstid mitte-eesti grupis"}]},{"@type":"WebSite","@id":"https:\/\/www.folklore.ee\/ars\/#website","url":"https:\/\/www.folklore.ee\/ars\/","name":"Akadeemiline Rahvaluule Selts","description":"Folkloristide, \u00fcli\u00f5pilaste ja k\u00f5igi rahvaluulest huvitatute \u00fchendus, mis aitab kaasa rahvaluule kogumisele, tutvustamisele, uurimisele ja publitseerimisele.","potentialAction":[{"@type":"SearchAction","target":{"@type":"EntryPoint","urlTemplate":"https:\/\/www.folklore.ee\/ars\/?s={search_term_string}"},"query-input":"required name=search_term_string"}],"inLanguage":"en-US"}]}},"_links":{"self":[{"href":"https:\/\/www.folklore.ee\/ars\/wp-json\/wp\/v2\/pages\/596","targetHints":{"allow":["GET"]}}],"collection":[{"href":"https:\/\/www.folklore.ee\/ars\/wp-json\/wp\/v2\/pages"}],"about":[{"href":"https:\/\/www.folklore.ee\/ars\/wp-json\/wp\/v2\/types\/page"}],"author":[{"embeddable":true,"href":"https:\/\/www.folklore.ee\/ars\/wp-json\/wp\/v2\/users\/1"}],"replies":[{"embeddable":true,"href":"https:\/\/www.folklore.ee\/ars\/wp-json\/wp\/v2\/comments?post=596"}],"version-history":[{"count":1,"href":"https:\/\/www.folklore.ee\/ars\/wp-json\/wp\/v2\/pages\/596\/revisions"}],"predecessor-version":[{"id":597,"href":"https:\/\/www.folklore.ee\/ars\/wp-json\/wp\/v2\/pages\/596\/revisions\/597"}],"up":[{"embeddable":true,"href":"https:\/\/www.folklore.ee\/ars\/wp-json\/wp\/v2\/pages\/569"}],"wp:attachment":[{"href":"https:\/\/www.folklore.ee\/ars\/wp-json\/wp\/v2\/media?parent=596"}],"curies":[{"name":"wp","href":"https:\/\/api.w.org\/{rel}","templated":true}]}}