{"id":593,"date":"2023-09-28T12:43:42","date_gmt":"2023-09-28T12:43:42","guid":{"rendered":"https:\/\/www.folklore.ee\/ars\/?page_id=593"},"modified":"2023-09-28T12:43:43","modified_gmt":"2023-09-28T12:43:43","slug":"tu-etnoloogid-komimaal","status":"publish","type":"page","link":"https:\/\/www.folklore.ee\/ars\/uritused\/arhiiv\/kogumiskonverents-2006\/tu-etnoloogid-komimaal\/","title":{"rendered":"T\u00dc etnoloogid Komimaal"},"content":{"rendered":"\n<p>Ettekandes r\u00e4\u00e4gin 2006. aasta juulis-augustis toimunud ekspeditsioonist Komimaale, millest v\u00f5tsid osa T\u00dc etnoloogiaprof. Art Leete ning tudengid Jaanika Jaanits, Kristi Tinkus ja Piret Koosa.<\/p>\n\n\n\n<p>T\u00f6\u00f6tasime k\u00fcsitluskava alusel, keskendudes religiooniga seotud temaatikale \u2013 k\u00fcsimusi oli nii \u00f5igeusklikkuse kui uute usuliikumistega seoses.<\/p>\n\n\n\n<p>K\u00fcsitluskava kasutamine sai kohati ka probleemiks, muutes muidu vaba vestlussituatsiooni kramplikult ametlikuks \u201e\u00fclekuulamiseks\u201d. See oli suuresti tingitud puudulikust vene keele oskusest kahel meist. Samas oli kehvav\u00f5itu keeleoskusel kohati ka omamoodi positiivne k\u00fclg: j\u00e4i mulje, et m\u00f5nel juhul tundis intervjueeritav end oma v\u00e4ljendustes seet\u00f5ttu m\u00f5neti vabamalt ning lubas meil esitada ka naiivsev\u00f5itu k\u00fcsimusi, mida ilmselt vanema ja kogenenuma uurija poolt ei aktsepteeritaks.<\/p>\n","protected":false},"excerpt":{"rendered":"<p>Ettekandes r\u00e4\u00e4gin 2006. aasta juulis-augustis toimunud ekspeditsioonist Komimaale, millest v\u00f5tsid osa T\u00dc etnoloogiaprof. Art Leete ning tudengid Jaanika Jaanits, Kristi Tinkus ja Piret Koosa. T\u00f6\u00f6tasime k\u00fcsitluskava alusel, keskendudes religiooniga seotud temaatikale \u2013 k\u00fcsimusi oli nii \u00f5igeusklikkuse kui uute usuliikumistega seoses. K\u00fcsitluskava kasutamine sai kohati ka probleemiks, muutes muidu vaba vestlussituatsiooni kramplikult ametlikuks \u201e\u00fclekuulamiseks\u201d. See oli [&hellip;]<\/p>\n","protected":false},"author":1,"featured_media":0,"parent":569,"menu_order":0,"comment_status":"closed","ping_status":"closed","template":"","meta":{"footnotes":""},"class_list":["post-593","page","type-page","status-publish","hentry"],"yoast_head":"<!-- This site is optimized with the Yoast SEO plugin v20.12 - https:\/\/yoast.com\/wordpress\/plugins\/seo\/ -->\n<title>T\u00dc etnoloogid Komimaal | Akadeemiline Rahvaluule Selts<\/title>\n<meta name=\"robots\" content=\"index, follow, max-snippet:-1, max-image-preview:large, max-video-preview:-1\" \/>\n<link rel=\"canonical\" href=\"https:\/\/www.folklore.ee\/ars\/uritused\/arhiiv\/kogumiskonverents-2006\/tu-etnoloogid-komimaal\/\" \/>\n<meta property=\"og:locale\" content=\"en_US\" \/>\n<meta property=\"og:type\" content=\"article\" \/>\n<meta property=\"og:title\" content=\"T\u00dc etnoloogid Komimaal | Akadeemiline Rahvaluule Selts\" \/>\n<meta property=\"og:description\" content=\"Ettekandes r\u00e4\u00e4gin 2006. aasta juulis-augustis toimunud ekspeditsioonist Komimaale, millest v\u00f5tsid osa T\u00dc etnoloogiaprof. Art Leete ning tudengid Jaanika Jaanits, Kristi Tinkus ja Piret Koosa. T\u00f6\u00f6tasime k\u00fcsitluskava alusel, keskendudes religiooniga seotud temaatikale \u2013 k\u00fcsimusi oli nii \u00f5igeusklikkuse kui uute usuliikumistega seoses. K\u00fcsitluskava kasutamine sai kohati ka probleemiks, muutes muidu vaba vestlussituatsiooni kramplikult ametlikuks \u201e\u00fclekuulamiseks\u201d. See oli [&hellip;]\" \/>\n<meta property=\"og:url\" content=\"https:\/\/www.folklore.ee\/ars\/uritused\/arhiiv\/kogumiskonverents-2006\/tu-etnoloogid-komimaal\/\" \/>\n<meta property=\"og:site_name\" content=\"Akadeemiline Rahvaluule Selts\" \/>\n<meta property=\"article:modified_time\" content=\"2023-09-28T12:43:43+00:00\" \/>\n<meta name=\"twitter:card\" content=\"summary_large_image\" \/>\n<script type=\"application\/ld+json\" class=\"yoast-schema-graph\">{\"@context\":\"https:\/\/schema.org\",\"@graph\":[{\"@type\":\"WebPage\",\"@id\":\"https:\/\/www.folklore.ee\/ars\/uritused\/arhiiv\/kogumiskonverents-2006\/tu-etnoloogid-komimaal\/\",\"url\":\"https:\/\/www.folklore.ee\/ars\/uritused\/arhiiv\/kogumiskonverents-2006\/tu-etnoloogid-komimaal\/\",\"name\":\"T\u00dc etnoloogid Komimaal | Akadeemiline Rahvaluule Selts\",\"isPartOf\":{\"@id\":\"https:\/\/www.folklore.ee\/ars\/#website\"},\"datePublished\":\"2023-09-28T12:43:42+00:00\",\"dateModified\":\"2023-09-28T12:43:43+00:00\",\"breadcrumb\":{\"@id\":\"https:\/\/www.folklore.ee\/ars\/uritused\/arhiiv\/kogumiskonverents-2006\/tu-etnoloogid-komimaal\/#breadcrumb\"},\"inLanguage\":\"en-US\",\"potentialAction\":[{\"@type\":\"ReadAction\",\"target\":[\"https:\/\/www.folklore.ee\/ars\/uritused\/arhiiv\/kogumiskonverents-2006\/tu-etnoloogid-komimaal\/\"]}]},{\"@type\":\"BreadcrumbList\",\"@id\":\"https:\/\/www.folklore.ee\/ars\/uritused\/arhiiv\/kogumiskonverents-2006\/tu-etnoloogid-komimaal\/#breadcrumb\",\"itemListElement\":[{\"@type\":\"ListItem\",\"position\":1,\"name\":\"Avaleht\",\"item\":\"https:\/\/www.folklore.ee\/ars\/\"},{\"@type\":\"ListItem\",\"position\":2,\"name\":\"\u00dcritused\",\"item\":\"https:\/\/www.folklore.ee\/ars\/uritused\/\"},{\"@type\":\"ListItem\",\"position\":3,\"name\":\"Arhiiv\",\"item\":\"https:\/\/www.folklore.ee\/ars\/uritused\/arhiiv\/\"},{\"@type\":\"ListItem\",\"position\":4,\"name\":\"Kogumiskonverents 2006 ajakava\",\"item\":\"https:\/\/www.folklore.ee\/ars\/uritused\/arhiiv\/kogumiskonverents-2006\/\"},{\"@type\":\"ListItem\",\"position\":5,\"name\":\"T\u00dc etnoloogid Komimaal\"}]},{\"@type\":\"WebSite\",\"@id\":\"https:\/\/www.folklore.ee\/ars\/#website\",\"url\":\"https:\/\/www.folklore.ee\/ars\/\",\"name\":\"Akadeemiline Rahvaluule Selts\",\"description\":\"Folkloristide, \u00fcli\u00f5pilaste ja k\u00f5igi rahvaluulest huvitatute \u00fchendus, mis aitab kaasa rahvaluule kogumisele, tutvustamisele, uurimisele ja publitseerimisele.\",\"potentialAction\":[{\"@type\":\"SearchAction\",\"target\":{\"@type\":\"EntryPoint\",\"urlTemplate\":\"https:\/\/www.folklore.ee\/ars\/?s={search_term_string}\"},\"query-input\":\"required name=search_term_string\"}],\"inLanguage\":\"en-US\"}]}<\/script>\n<!-- \/ Yoast SEO plugin. -->","yoast_head_json":{"title":"T\u00dc etnoloogid Komimaal | Akadeemiline Rahvaluule Selts","robots":{"index":"index","follow":"follow","max-snippet":"max-snippet:-1","max-image-preview":"max-image-preview:large","max-video-preview":"max-video-preview:-1"},"canonical":"https:\/\/www.folklore.ee\/ars\/uritused\/arhiiv\/kogumiskonverents-2006\/tu-etnoloogid-komimaal\/","og_locale":"en_US","og_type":"article","og_title":"T\u00dc etnoloogid Komimaal | Akadeemiline Rahvaluule Selts","og_description":"Ettekandes r\u00e4\u00e4gin 2006. aasta juulis-augustis toimunud ekspeditsioonist Komimaale, millest v\u00f5tsid osa T\u00dc etnoloogiaprof. Art Leete ning tudengid Jaanika Jaanits, Kristi Tinkus ja Piret Koosa. T\u00f6\u00f6tasime k\u00fcsitluskava alusel, keskendudes religiooniga seotud temaatikale \u2013 k\u00fcsimusi oli nii \u00f5igeusklikkuse kui uute usuliikumistega seoses. K\u00fcsitluskava kasutamine sai kohati ka probleemiks, muutes muidu vaba vestlussituatsiooni kramplikult ametlikuks \u201e\u00fclekuulamiseks\u201d. See oli [&hellip;]","og_url":"https:\/\/www.folklore.ee\/ars\/uritused\/arhiiv\/kogumiskonverents-2006\/tu-etnoloogid-komimaal\/","og_site_name":"Akadeemiline Rahvaluule Selts","article_modified_time":"2023-09-28T12:43:43+00:00","twitter_card":"summary_large_image","schema":{"@context":"https:\/\/schema.org","@graph":[{"@type":"WebPage","@id":"https:\/\/www.folklore.ee\/ars\/uritused\/arhiiv\/kogumiskonverents-2006\/tu-etnoloogid-komimaal\/","url":"https:\/\/www.folklore.ee\/ars\/uritused\/arhiiv\/kogumiskonverents-2006\/tu-etnoloogid-komimaal\/","name":"T\u00dc etnoloogid Komimaal | Akadeemiline Rahvaluule Selts","isPartOf":{"@id":"https:\/\/www.folklore.ee\/ars\/#website"},"datePublished":"2023-09-28T12:43:42+00:00","dateModified":"2023-09-28T12:43:43+00:00","breadcrumb":{"@id":"https:\/\/www.folklore.ee\/ars\/uritused\/arhiiv\/kogumiskonverents-2006\/tu-etnoloogid-komimaal\/#breadcrumb"},"inLanguage":"en-US","potentialAction":[{"@type":"ReadAction","target":["https:\/\/www.folklore.ee\/ars\/uritused\/arhiiv\/kogumiskonverents-2006\/tu-etnoloogid-komimaal\/"]}]},{"@type":"BreadcrumbList","@id":"https:\/\/www.folklore.ee\/ars\/uritused\/arhiiv\/kogumiskonverents-2006\/tu-etnoloogid-komimaal\/#breadcrumb","itemListElement":[{"@type":"ListItem","position":1,"name":"Avaleht","item":"https:\/\/www.folklore.ee\/ars\/"},{"@type":"ListItem","position":2,"name":"\u00dcritused","item":"https:\/\/www.folklore.ee\/ars\/uritused\/"},{"@type":"ListItem","position":3,"name":"Arhiiv","item":"https:\/\/www.folklore.ee\/ars\/uritused\/arhiiv\/"},{"@type":"ListItem","position":4,"name":"Kogumiskonverents 2006 ajakava","item":"https:\/\/www.folklore.ee\/ars\/uritused\/arhiiv\/kogumiskonverents-2006\/"},{"@type":"ListItem","position":5,"name":"T\u00dc etnoloogid Komimaal"}]},{"@type":"WebSite","@id":"https:\/\/www.folklore.ee\/ars\/#website","url":"https:\/\/www.folklore.ee\/ars\/","name":"Akadeemiline Rahvaluule Selts","description":"Folkloristide, \u00fcli\u00f5pilaste ja k\u00f5igi rahvaluulest huvitatute \u00fchendus, mis aitab kaasa rahvaluule kogumisele, tutvustamisele, uurimisele ja publitseerimisele.","potentialAction":[{"@type":"SearchAction","target":{"@type":"EntryPoint","urlTemplate":"https:\/\/www.folklore.ee\/ars\/?s={search_term_string}"},"query-input":"required name=search_term_string"}],"inLanguage":"en-US"}]}},"_links":{"self":[{"href":"https:\/\/www.folklore.ee\/ars\/wp-json\/wp\/v2\/pages\/593","targetHints":{"allow":["GET"]}}],"collection":[{"href":"https:\/\/www.folklore.ee\/ars\/wp-json\/wp\/v2\/pages"}],"about":[{"href":"https:\/\/www.folklore.ee\/ars\/wp-json\/wp\/v2\/types\/page"}],"author":[{"embeddable":true,"href":"https:\/\/www.folklore.ee\/ars\/wp-json\/wp\/v2\/users\/1"}],"replies":[{"embeddable":true,"href":"https:\/\/www.folklore.ee\/ars\/wp-json\/wp\/v2\/comments?post=593"}],"version-history":[{"count":1,"href":"https:\/\/www.folklore.ee\/ars\/wp-json\/wp\/v2\/pages\/593\/revisions"}],"predecessor-version":[{"id":594,"href":"https:\/\/www.folklore.ee\/ars\/wp-json\/wp\/v2\/pages\/593\/revisions\/594"}],"up":[{"embeddable":true,"href":"https:\/\/www.folklore.ee\/ars\/wp-json\/wp\/v2\/pages\/569"}],"wp:attachment":[{"href":"https:\/\/www.folklore.ee\/ars\/wp-json\/wp\/v2\/media?parent=593"}],"curies":[{"name":"wp","href":"https:\/\/api.w.org\/{rel}","templated":true}]}}