{"id":590,"date":"2023-09-28T12:43:06","date_gmt":"2023-09-28T12:43:06","guid":{"rendered":"https:\/\/www.folklore.ee\/ars\/?page_id=590"},"modified":"2023-09-28T12:45:36","modified_gmt":"2023-09-28T12:45:36","slug":"vepsa-maast-taevani","status":"publish","type":"page","link":"https:\/\/www.folklore.ee\/ars\/uritused\/arhiiv\/kogumiskonverents-2006\/vepsa-maast-taevani\/","title":{"rendered":"Vepsa\u00a0\u2013 maast taevani"},"content":{"rendered":"\n<p>2006. aasta juulis sai teoks Eesti Kunstiakadeemia 29. soome-ugri ekspeditsioon (juhendaja Kadri Viires), sihtkohaks seekord taas vepslaste asualad. Olin nendega kaasas, samuti nagu 1990. aastal olin olnud koos toonaste kunstitudengitega, keda siis vedas eest Andri Ksenofontov.<\/p>\n\n\n\n<p>Ettekandes kavatsen puudutada eesk\u00e4tt selliste kogumismatkade spetsiifikat, eriti just folkloristist osav\u00f5tja jaoks. Samuti tahan jagada t\u00e4helepanekuid muutustest ja muutuste muutustest, mis on toimunud kahe nimetatud ekspeditsiooni vahelisel ajal, k\u00f5rvale j\u00e4ttes k\u00f5ik muud vahepealsetel aastatel \u00fcksi ja muus seltskonnas tehtud Vepsa-reisid. Aastate 1990.-2006. vahemikku ei lange ju ainult aastatuhande vahetus. Neil aastail on toimunud olulisi muutusi paljudes Euroopa riikides. Ka Venemaal on olnud olulisi teisenemisi nii poliitika kui majanduse vallas, niisamuti nagu kommunikatsiooniv\u00f5imaluste ja -vahendite osas, mis muidugi pole j\u00e4tnud puudutamata vepslasi.<\/p>\n\n\n\n<p>T\u00e4helepanekuid on maast taevani.<\/p>\n","protected":false},"excerpt":{"rendered":"<p>2006. aasta juulis sai teoks Eesti Kunstiakadeemia 29. soome-ugri ekspeditsioon (juhendaja Kadri Viires), sihtkohaks seekord taas vepslaste asualad. Olin nendega kaasas, samuti nagu 1990. aastal olin olnud koos toonaste kunstitudengitega, keda siis vedas eest Andri Ksenofontov. Ettekandes kavatsen puudutada eesk\u00e4tt selliste kogumismatkade spetsiifikat, eriti just folkloristist osav\u00f5tja jaoks. Samuti tahan jagada t\u00e4helepanekuid muutustest ja muutuste [&hellip;]<\/p>\n","protected":false},"author":1,"featured_media":0,"parent":569,"menu_order":0,"comment_status":"closed","ping_status":"closed","template":"","meta":{"footnotes":""},"class_list":["post-590","page","type-page","status-publish","hentry"],"yoast_head":"<!-- This site is optimized with the Yoast SEO plugin v20.12 - https:\/\/yoast.com\/wordpress\/plugins\/seo\/ -->\n<title>Vepsa\u00a0\u2013 maast taevani | Akadeemiline Rahvaluule Selts<\/title>\n<meta name=\"robots\" content=\"index, follow, max-snippet:-1, max-image-preview:large, max-video-preview:-1\" \/>\n<link rel=\"canonical\" href=\"https:\/\/www.folklore.ee\/ars\/uritused\/arhiiv\/kogumiskonverents-2006\/vepsa-maast-taevani\/\" \/>\n<meta property=\"og:locale\" content=\"en_US\" \/>\n<meta property=\"og:type\" content=\"article\" \/>\n<meta property=\"og:title\" content=\"Vepsa\u00a0\u2013 maast taevani | Akadeemiline Rahvaluule Selts\" \/>\n<meta property=\"og:description\" content=\"2006. aasta juulis sai teoks Eesti Kunstiakadeemia 29. soome-ugri ekspeditsioon (juhendaja Kadri Viires), sihtkohaks seekord taas vepslaste asualad. Olin nendega kaasas, samuti nagu 1990. aastal olin olnud koos toonaste kunstitudengitega, keda siis vedas eest Andri Ksenofontov. Ettekandes kavatsen puudutada eesk\u00e4tt selliste kogumismatkade spetsiifikat, eriti just folkloristist osav\u00f5tja jaoks. Samuti tahan jagada t\u00e4helepanekuid muutustest ja muutuste [&hellip;]\" \/>\n<meta property=\"og:url\" content=\"https:\/\/www.folklore.ee\/ars\/uritused\/arhiiv\/kogumiskonverents-2006\/vepsa-maast-taevani\/\" \/>\n<meta property=\"og:site_name\" content=\"Akadeemiline Rahvaluule Selts\" \/>\n<meta property=\"article:modified_time\" content=\"2023-09-28T12:45:36+00:00\" \/>\n<meta name=\"twitter:card\" content=\"summary_large_image\" \/>\n<meta name=\"twitter:label1\" content=\"Est. reading time\" \/>\n\t<meta name=\"twitter:data1\" content=\"1 minute\" \/>\n<script type=\"application\/ld+json\" class=\"yoast-schema-graph\">{\"@context\":\"https:\/\/schema.org\",\"@graph\":[{\"@type\":\"WebPage\",\"@id\":\"https:\/\/www.folklore.ee\/ars\/uritused\/arhiiv\/kogumiskonverents-2006\/vepsa-maast-taevani\/\",\"url\":\"https:\/\/www.folklore.ee\/ars\/uritused\/arhiiv\/kogumiskonverents-2006\/vepsa-maast-taevani\/\",\"name\":\"Vepsa\u00a0\u2013 maast taevani | Akadeemiline Rahvaluule Selts\",\"isPartOf\":{\"@id\":\"https:\/\/www.folklore.ee\/ars\/#website\"},\"datePublished\":\"2023-09-28T12:43:06+00:00\",\"dateModified\":\"2023-09-28T12:45:36+00:00\",\"breadcrumb\":{\"@id\":\"https:\/\/www.folklore.ee\/ars\/uritused\/arhiiv\/kogumiskonverents-2006\/vepsa-maast-taevani\/#breadcrumb\"},\"inLanguage\":\"en-US\",\"potentialAction\":[{\"@type\":\"ReadAction\",\"target\":[\"https:\/\/www.folklore.ee\/ars\/uritused\/arhiiv\/kogumiskonverents-2006\/vepsa-maast-taevani\/\"]}]},{\"@type\":\"BreadcrumbList\",\"@id\":\"https:\/\/www.folklore.ee\/ars\/uritused\/arhiiv\/kogumiskonverents-2006\/vepsa-maast-taevani\/#breadcrumb\",\"itemListElement\":[{\"@type\":\"ListItem\",\"position\":1,\"name\":\"Avaleht\",\"item\":\"https:\/\/www.folklore.ee\/ars\/\"},{\"@type\":\"ListItem\",\"position\":2,\"name\":\"\u00dcritused\",\"item\":\"https:\/\/www.folklore.ee\/ars\/uritused\/\"},{\"@type\":\"ListItem\",\"position\":3,\"name\":\"Arhiiv\",\"item\":\"https:\/\/www.folklore.ee\/ars\/uritused\/arhiiv\/\"},{\"@type\":\"ListItem\",\"position\":4,\"name\":\"Kogumiskonverents 2006 ajakava\",\"item\":\"https:\/\/www.folklore.ee\/ars\/uritused\/arhiiv\/kogumiskonverents-2006\/\"},{\"@type\":\"ListItem\",\"position\":5,\"name\":\"Vepsa\u00a0\u2013 maast taevani\"}]},{\"@type\":\"WebSite\",\"@id\":\"https:\/\/www.folklore.ee\/ars\/#website\",\"url\":\"https:\/\/www.folklore.ee\/ars\/\",\"name\":\"Akadeemiline Rahvaluule Selts\",\"description\":\"Folkloristide, \u00fcli\u00f5pilaste ja k\u00f5igi rahvaluulest huvitatute \u00fchendus, mis aitab kaasa rahvaluule kogumisele, tutvustamisele, uurimisele ja publitseerimisele.\",\"potentialAction\":[{\"@type\":\"SearchAction\",\"target\":{\"@type\":\"EntryPoint\",\"urlTemplate\":\"https:\/\/www.folklore.ee\/ars\/?s={search_term_string}\"},\"query-input\":\"required name=search_term_string\"}],\"inLanguage\":\"en-US\"}]}<\/script>\n<!-- \/ Yoast SEO plugin. -->","yoast_head_json":{"title":"Vepsa\u00a0\u2013 maast taevani | Akadeemiline Rahvaluule Selts","robots":{"index":"index","follow":"follow","max-snippet":"max-snippet:-1","max-image-preview":"max-image-preview:large","max-video-preview":"max-video-preview:-1"},"canonical":"https:\/\/www.folklore.ee\/ars\/uritused\/arhiiv\/kogumiskonverents-2006\/vepsa-maast-taevani\/","og_locale":"en_US","og_type":"article","og_title":"Vepsa\u00a0\u2013 maast taevani | Akadeemiline Rahvaluule Selts","og_description":"2006. aasta juulis sai teoks Eesti Kunstiakadeemia 29. soome-ugri ekspeditsioon (juhendaja Kadri Viires), sihtkohaks seekord taas vepslaste asualad. Olin nendega kaasas, samuti nagu 1990. aastal olin olnud koos toonaste kunstitudengitega, keda siis vedas eest Andri Ksenofontov. Ettekandes kavatsen puudutada eesk\u00e4tt selliste kogumismatkade spetsiifikat, eriti just folkloristist osav\u00f5tja jaoks. Samuti tahan jagada t\u00e4helepanekuid muutustest ja muutuste [&hellip;]","og_url":"https:\/\/www.folklore.ee\/ars\/uritused\/arhiiv\/kogumiskonverents-2006\/vepsa-maast-taevani\/","og_site_name":"Akadeemiline Rahvaluule Selts","article_modified_time":"2023-09-28T12:45:36+00:00","twitter_card":"summary_large_image","twitter_misc":{"Est. reading time":"1 minute"},"schema":{"@context":"https:\/\/schema.org","@graph":[{"@type":"WebPage","@id":"https:\/\/www.folklore.ee\/ars\/uritused\/arhiiv\/kogumiskonverents-2006\/vepsa-maast-taevani\/","url":"https:\/\/www.folklore.ee\/ars\/uritused\/arhiiv\/kogumiskonverents-2006\/vepsa-maast-taevani\/","name":"Vepsa\u00a0\u2013 maast taevani | Akadeemiline Rahvaluule Selts","isPartOf":{"@id":"https:\/\/www.folklore.ee\/ars\/#website"},"datePublished":"2023-09-28T12:43:06+00:00","dateModified":"2023-09-28T12:45:36+00:00","breadcrumb":{"@id":"https:\/\/www.folklore.ee\/ars\/uritused\/arhiiv\/kogumiskonverents-2006\/vepsa-maast-taevani\/#breadcrumb"},"inLanguage":"en-US","potentialAction":[{"@type":"ReadAction","target":["https:\/\/www.folklore.ee\/ars\/uritused\/arhiiv\/kogumiskonverents-2006\/vepsa-maast-taevani\/"]}]},{"@type":"BreadcrumbList","@id":"https:\/\/www.folklore.ee\/ars\/uritused\/arhiiv\/kogumiskonverents-2006\/vepsa-maast-taevani\/#breadcrumb","itemListElement":[{"@type":"ListItem","position":1,"name":"Avaleht","item":"https:\/\/www.folklore.ee\/ars\/"},{"@type":"ListItem","position":2,"name":"\u00dcritused","item":"https:\/\/www.folklore.ee\/ars\/uritused\/"},{"@type":"ListItem","position":3,"name":"Arhiiv","item":"https:\/\/www.folklore.ee\/ars\/uritused\/arhiiv\/"},{"@type":"ListItem","position":4,"name":"Kogumiskonverents 2006 ajakava","item":"https:\/\/www.folklore.ee\/ars\/uritused\/arhiiv\/kogumiskonverents-2006\/"},{"@type":"ListItem","position":5,"name":"Vepsa\u00a0\u2013 maast taevani"}]},{"@type":"WebSite","@id":"https:\/\/www.folklore.ee\/ars\/#website","url":"https:\/\/www.folklore.ee\/ars\/","name":"Akadeemiline Rahvaluule Selts","description":"Folkloristide, \u00fcli\u00f5pilaste ja k\u00f5igi rahvaluulest huvitatute \u00fchendus, mis aitab kaasa rahvaluule kogumisele, tutvustamisele, uurimisele ja publitseerimisele.","potentialAction":[{"@type":"SearchAction","target":{"@type":"EntryPoint","urlTemplate":"https:\/\/www.folklore.ee\/ars\/?s={search_term_string}"},"query-input":"required name=search_term_string"}],"inLanguage":"en-US"}]}},"_links":{"self":[{"href":"https:\/\/www.folklore.ee\/ars\/wp-json\/wp\/v2\/pages\/590","targetHints":{"allow":["GET"]}}],"collection":[{"href":"https:\/\/www.folklore.ee\/ars\/wp-json\/wp\/v2\/pages"}],"about":[{"href":"https:\/\/www.folklore.ee\/ars\/wp-json\/wp\/v2\/types\/page"}],"author":[{"embeddable":true,"href":"https:\/\/www.folklore.ee\/ars\/wp-json\/wp\/v2\/users\/1"}],"replies":[{"embeddable":true,"href":"https:\/\/www.folklore.ee\/ars\/wp-json\/wp\/v2\/comments?post=590"}],"version-history":[{"count":1,"href":"https:\/\/www.folklore.ee\/ars\/wp-json\/wp\/v2\/pages\/590\/revisions"}],"predecessor-version":[{"id":592,"href":"https:\/\/www.folklore.ee\/ars\/wp-json\/wp\/v2\/pages\/590\/revisions\/592"}],"up":[{"embeddable":true,"href":"https:\/\/www.folklore.ee\/ars\/wp-json\/wp\/v2\/pages\/569"}],"wp:attachment":[{"href":"https:\/\/www.folklore.ee\/ars\/wp-json\/wp\/v2\/media?parent=590"}],"curies":[{"name":"wp","href":"https:\/\/api.w.org\/{rel}","templated":true}]}}