{"id":588,"date":"2023-09-28T12:42:26","date_gmt":"2023-09-28T12:42:26","guid":{"rendered":"https:\/\/www.folklore.ee\/ars\/?page_id=588"},"modified":"2023-09-28T12:42:27","modified_gmt":"2023-09-28T12:42:27","slug":"mis-edustab-ja-loob-ei-tohi-kaduda-kristjan-raud-ainelise-vanavara-korjamisest","status":"publish","type":"page","link":"https:\/\/www.folklore.ee\/ars\/uritused\/arhiiv\/kogumiskonverents-2006\/mis-edustab-ja-loob-ei-tohi-kaduda-kristjan-raud-ainelise-vanavara-korjamisest\/","title":{"rendered":"\u201eMis\u00a0edustab\u00a0ja loob, ei tohi kaduda.\u201d Kristjan Raud ainelise vanavara korjamisest"},"content":{"rendered":"\n<p>Kristjan Rauda (1865-1943) peetakse tema kaksikvenna Paul Raua ning Ants Laikmaa k\u00f5rval \u00fcheks eesti rahvusliku kunsti rajajaks. P\u00e4rast \u00f5pinguaastaid Euroopa kunstilinnades p\u00f6\u00f6rdus K. Raud 20. sajandi alguses kodumaale tagasi ning asus innukalt korraldama ja arendama kohalikku kunstitegevust. Seejuures jagas kunstnik mitmete oma kaasaegsete rahvuslaste n\u00e4gemust, et eesti kunsti ja \u00fcldisemalt eesti kultuuri areng saab k\u00f5ige edukamalt toimuda just esivanemate loodud eeskujude, rahvaluule ja rahvakunsti p\u00f5hjal.   M\u00f6\u00f6dunud sajandi esimestel k\u00fcmnenditel kujuneski K. Rauast aktiivsemaid \u201eainelise vanavara\u201d t\u00e4henduse selgitajaid ja kogumist\u00f6\u00f6 organisaatoreid. Eesti Rahva Muuseumi \u00fche initsiaatorina valiti K. Raud muuseumi korjamistoimkonna esimeheks (1909-1913) ning ta esines avalikkuse ees regulaarsete kogumisteemaliste s\u00f5nav\u00f5ttude, \u00fcleskutsete ja aruannetega.   Ettekanne p\u00f5hineb K. Raua poolt aastatel 1905-1938 peamiselt ajakirjanduses avaldatud kirjutistel ainelisest vanavarast ja selle kogumisest. Kunstniku seisukohti tutvustades p\u00fc\u00fcan anal\u00fc\u00fcsida tema arusaamu ainelisest vanavarast, kogumist\u00f6\u00f6 eesm\u00e4rkidest ning rahvast kui traditsioonide kandjast, korjajast ja omanikust; vanavara kogumise seotusest eesti rahva mineviku, oleviku ja tulevikuga. P\u00fc\u00fcan vaadelda, kuidas K. Raud kogumist\u00f6\u00f6 organiseerimise kaudu osales modernse eesti \u00fchiskonna \u00fclesehitamises.<\/p>\n","protected":false},"excerpt":{"rendered":"<p>Kristjan Rauda (1865-1943) peetakse tema kaksikvenna Paul Raua ning Ants Laikmaa k\u00f5rval \u00fcheks eesti rahvusliku kunsti rajajaks. P\u00e4rast \u00f5pinguaastaid Euroopa kunstilinnades p\u00f6\u00f6rdus K. Raud 20. sajandi alguses kodumaale tagasi ning asus innukalt korraldama ja arendama kohalikku kunstitegevust. Seejuures jagas kunstnik mitmete oma kaasaegsete rahvuslaste n\u00e4gemust, et eesti kunsti ja \u00fcldisemalt eesti kultuuri areng saab k\u00f5ige [&hellip;]<\/p>\n","protected":false},"author":1,"featured_media":0,"parent":569,"menu_order":0,"comment_status":"closed","ping_status":"closed","template":"","meta":{"footnotes":""},"class_list":["post-588","page","type-page","status-publish","hentry"],"yoast_head":"<!-- This site is optimized with the Yoast SEO plugin v20.12 - https:\/\/yoast.com\/wordpress\/plugins\/seo\/ -->\n<title>\u201eMis\u00a0edustab\u00a0ja loob, ei tohi kaduda.\u201d Kristjan Raud ainelise vanavara korjamisest | Akadeemiline Rahvaluule Selts<\/title>\n<meta name=\"robots\" content=\"index, follow, max-snippet:-1, max-image-preview:large, max-video-preview:-1\" \/>\n<link rel=\"canonical\" href=\"https:\/\/www.folklore.ee\/ars\/uritused\/arhiiv\/kogumiskonverents-2006\/mis-edustab-ja-loob-ei-tohi-kaduda-kristjan-raud-ainelise-vanavara-korjamisest\/\" \/>\n<meta property=\"og:locale\" content=\"en_US\" \/>\n<meta property=\"og:type\" content=\"article\" \/>\n<meta property=\"og:title\" content=\"\u201eMis\u00a0edustab\u00a0ja loob, ei tohi kaduda.\u201d Kristjan Raud ainelise vanavara korjamisest | Akadeemiline Rahvaluule Selts\" \/>\n<meta property=\"og:description\" content=\"Kristjan Rauda (1865-1943) peetakse tema kaksikvenna Paul Raua ning Ants Laikmaa k\u00f5rval \u00fcheks eesti rahvusliku kunsti rajajaks. P\u00e4rast \u00f5pinguaastaid Euroopa kunstilinnades p\u00f6\u00f6rdus K. Raud 20. sajandi alguses kodumaale tagasi ning asus innukalt korraldama ja arendama kohalikku kunstitegevust. Seejuures jagas kunstnik mitmete oma kaasaegsete rahvuslaste n\u00e4gemust, et eesti kunsti ja \u00fcldisemalt eesti kultuuri areng saab k\u00f5ige [&hellip;]\" \/>\n<meta property=\"og:url\" content=\"https:\/\/www.folklore.ee\/ars\/uritused\/arhiiv\/kogumiskonverents-2006\/mis-edustab-ja-loob-ei-tohi-kaduda-kristjan-raud-ainelise-vanavara-korjamisest\/\" \/>\n<meta property=\"og:site_name\" content=\"Akadeemiline Rahvaluule Selts\" \/>\n<meta property=\"article:modified_time\" content=\"2023-09-28T12:42:27+00:00\" \/>\n<meta name=\"twitter:card\" content=\"summary_large_image\" \/>\n<script type=\"application\/ld+json\" class=\"yoast-schema-graph\">{\"@context\":\"https:\/\/schema.org\",\"@graph\":[{\"@type\":\"WebPage\",\"@id\":\"https:\/\/www.folklore.ee\/ars\/uritused\/arhiiv\/kogumiskonverents-2006\/mis-edustab-ja-loob-ei-tohi-kaduda-kristjan-raud-ainelise-vanavara-korjamisest\/\",\"url\":\"https:\/\/www.folklore.ee\/ars\/uritused\/arhiiv\/kogumiskonverents-2006\/mis-edustab-ja-loob-ei-tohi-kaduda-kristjan-raud-ainelise-vanavara-korjamisest\/\",\"name\":\"\u201eMis\u00a0edustab\u00a0ja loob, ei tohi kaduda.\u201d Kristjan Raud ainelise vanavara korjamisest | Akadeemiline Rahvaluule Selts\",\"isPartOf\":{\"@id\":\"https:\/\/www.folklore.ee\/ars\/#website\"},\"datePublished\":\"2023-09-28T12:42:26+00:00\",\"dateModified\":\"2023-09-28T12:42:27+00:00\",\"breadcrumb\":{\"@id\":\"https:\/\/www.folklore.ee\/ars\/uritused\/arhiiv\/kogumiskonverents-2006\/mis-edustab-ja-loob-ei-tohi-kaduda-kristjan-raud-ainelise-vanavara-korjamisest\/#breadcrumb\"},\"inLanguage\":\"en-US\",\"potentialAction\":[{\"@type\":\"ReadAction\",\"target\":[\"https:\/\/www.folklore.ee\/ars\/uritused\/arhiiv\/kogumiskonverents-2006\/mis-edustab-ja-loob-ei-tohi-kaduda-kristjan-raud-ainelise-vanavara-korjamisest\/\"]}]},{\"@type\":\"BreadcrumbList\",\"@id\":\"https:\/\/www.folklore.ee\/ars\/uritused\/arhiiv\/kogumiskonverents-2006\/mis-edustab-ja-loob-ei-tohi-kaduda-kristjan-raud-ainelise-vanavara-korjamisest\/#breadcrumb\",\"itemListElement\":[{\"@type\":\"ListItem\",\"position\":1,\"name\":\"Avaleht\",\"item\":\"https:\/\/www.folklore.ee\/ars\/\"},{\"@type\":\"ListItem\",\"position\":2,\"name\":\"\u00dcritused\",\"item\":\"https:\/\/www.folklore.ee\/ars\/uritused\/\"},{\"@type\":\"ListItem\",\"position\":3,\"name\":\"Arhiiv\",\"item\":\"https:\/\/www.folklore.ee\/ars\/uritused\/arhiiv\/\"},{\"@type\":\"ListItem\",\"position\":4,\"name\":\"Kogumiskonverents 2006 ajakava\",\"item\":\"https:\/\/www.folklore.ee\/ars\/uritused\/arhiiv\/kogumiskonverents-2006\/\"},{\"@type\":\"ListItem\",\"position\":5,\"name\":\"\u201eMis\u00a0edustab\u00a0ja loob, ei tohi kaduda.\u201d Kristjan Raud ainelise vanavara korjamisest\"}]},{\"@type\":\"WebSite\",\"@id\":\"https:\/\/www.folklore.ee\/ars\/#website\",\"url\":\"https:\/\/www.folklore.ee\/ars\/\",\"name\":\"Akadeemiline Rahvaluule Selts\",\"description\":\"Folkloristide, \u00fcli\u00f5pilaste ja k\u00f5igi rahvaluulest huvitatute \u00fchendus, mis aitab kaasa rahvaluule kogumisele, tutvustamisele, uurimisele ja publitseerimisele.\",\"potentialAction\":[{\"@type\":\"SearchAction\",\"target\":{\"@type\":\"EntryPoint\",\"urlTemplate\":\"https:\/\/www.folklore.ee\/ars\/?s={search_term_string}\"},\"query-input\":\"required name=search_term_string\"}],\"inLanguage\":\"en-US\"}]}<\/script>\n<!-- \/ Yoast SEO plugin. -->","yoast_head_json":{"title":"\u201eMis\u00a0edustab\u00a0ja loob, ei tohi kaduda.\u201d Kristjan Raud ainelise vanavara korjamisest | Akadeemiline Rahvaluule Selts","robots":{"index":"index","follow":"follow","max-snippet":"max-snippet:-1","max-image-preview":"max-image-preview:large","max-video-preview":"max-video-preview:-1"},"canonical":"https:\/\/www.folklore.ee\/ars\/uritused\/arhiiv\/kogumiskonverents-2006\/mis-edustab-ja-loob-ei-tohi-kaduda-kristjan-raud-ainelise-vanavara-korjamisest\/","og_locale":"en_US","og_type":"article","og_title":"\u201eMis\u00a0edustab\u00a0ja loob, ei tohi kaduda.\u201d Kristjan Raud ainelise vanavara korjamisest | Akadeemiline Rahvaluule Selts","og_description":"Kristjan Rauda (1865-1943) peetakse tema kaksikvenna Paul Raua ning Ants Laikmaa k\u00f5rval \u00fcheks eesti rahvusliku kunsti rajajaks. P\u00e4rast \u00f5pinguaastaid Euroopa kunstilinnades p\u00f6\u00f6rdus K. Raud 20. sajandi alguses kodumaale tagasi ning asus innukalt korraldama ja arendama kohalikku kunstitegevust. Seejuures jagas kunstnik mitmete oma kaasaegsete rahvuslaste n\u00e4gemust, et eesti kunsti ja \u00fcldisemalt eesti kultuuri areng saab k\u00f5ige [&hellip;]","og_url":"https:\/\/www.folklore.ee\/ars\/uritused\/arhiiv\/kogumiskonverents-2006\/mis-edustab-ja-loob-ei-tohi-kaduda-kristjan-raud-ainelise-vanavara-korjamisest\/","og_site_name":"Akadeemiline Rahvaluule Selts","article_modified_time":"2023-09-28T12:42:27+00:00","twitter_card":"summary_large_image","schema":{"@context":"https:\/\/schema.org","@graph":[{"@type":"WebPage","@id":"https:\/\/www.folklore.ee\/ars\/uritused\/arhiiv\/kogumiskonverents-2006\/mis-edustab-ja-loob-ei-tohi-kaduda-kristjan-raud-ainelise-vanavara-korjamisest\/","url":"https:\/\/www.folklore.ee\/ars\/uritused\/arhiiv\/kogumiskonverents-2006\/mis-edustab-ja-loob-ei-tohi-kaduda-kristjan-raud-ainelise-vanavara-korjamisest\/","name":"\u201eMis\u00a0edustab\u00a0ja loob, ei tohi kaduda.\u201d Kristjan Raud ainelise vanavara korjamisest | Akadeemiline Rahvaluule Selts","isPartOf":{"@id":"https:\/\/www.folklore.ee\/ars\/#website"},"datePublished":"2023-09-28T12:42:26+00:00","dateModified":"2023-09-28T12:42:27+00:00","breadcrumb":{"@id":"https:\/\/www.folklore.ee\/ars\/uritused\/arhiiv\/kogumiskonverents-2006\/mis-edustab-ja-loob-ei-tohi-kaduda-kristjan-raud-ainelise-vanavara-korjamisest\/#breadcrumb"},"inLanguage":"en-US","potentialAction":[{"@type":"ReadAction","target":["https:\/\/www.folklore.ee\/ars\/uritused\/arhiiv\/kogumiskonverents-2006\/mis-edustab-ja-loob-ei-tohi-kaduda-kristjan-raud-ainelise-vanavara-korjamisest\/"]}]},{"@type":"BreadcrumbList","@id":"https:\/\/www.folklore.ee\/ars\/uritused\/arhiiv\/kogumiskonverents-2006\/mis-edustab-ja-loob-ei-tohi-kaduda-kristjan-raud-ainelise-vanavara-korjamisest\/#breadcrumb","itemListElement":[{"@type":"ListItem","position":1,"name":"Avaleht","item":"https:\/\/www.folklore.ee\/ars\/"},{"@type":"ListItem","position":2,"name":"\u00dcritused","item":"https:\/\/www.folklore.ee\/ars\/uritused\/"},{"@type":"ListItem","position":3,"name":"Arhiiv","item":"https:\/\/www.folklore.ee\/ars\/uritused\/arhiiv\/"},{"@type":"ListItem","position":4,"name":"Kogumiskonverents 2006 ajakava","item":"https:\/\/www.folklore.ee\/ars\/uritused\/arhiiv\/kogumiskonverents-2006\/"},{"@type":"ListItem","position":5,"name":"\u201eMis\u00a0edustab\u00a0ja loob, ei tohi kaduda.\u201d Kristjan Raud ainelise vanavara korjamisest"}]},{"@type":"WebSite","@id":"https:\/\/www.folklore.ee\/ars\/#website","url":"https:\/\/www.folklore.ee\/ars\/","name":"Akadeemiline Rahvaluule Selts","description":"Folkloristide, \u00fcli\u00f5pilaste ja k\u00f5igi rahvaluulest huvitatute \u00fchendus, mis aitab kaasa rahvaluule kogumisele, tutvustamisele, uurimisele ja publitseerimisele.","potentialAction":[{"@type":"SearchAction","target":{"@type":"EntryPoint","urlTemplate":"https:\/\/www.folklore.ee\/ars\/?s={search_term_string}"},"query-input":"required name=search_term_string"}],"inLanguage":"en-US"}]}},"_links":{"self":[{"href":"https:\/\/www.folklore.ee\/ars\/wp-json\/wp\/v2\/pages\/588","targetHints":{"allow":["GET"]}}],"collection":[{"href":"https:\/\/www.folklore.ee\/ars\/wp-json\/wp\/v2\/pages"}],"about":[{"href":"https:\/\/www.folklore.ee\/ars\/wp-json\/wp\/v2\/types\/page"}],"author":[{"embeddable":true,"href":"https:\/\/www.folklore.ee\/ars\/wp-json\/wp\/v2\/users\/1"}],"replies":[{"embeddable":true,"href":"https:\/\/www.folklore.ee\/ars\/wp-json\/wp\/v2\/comments?post=588"}],"version-history":[{"count":1,"href":"https:\/\/www.folklore.ee\/ars\/wp-json\/wp\/v2\/pages\/588\/revisions"}],"predecessor-version":[{"id":589,"href":"https:\/\/www.folklore.ee\/ars\/wp-json\/wp\/v2\/pages\/588\/revisions\/589"}],"up":[{"embeddable":true,"href":"https:\/\/www.folklore.ee\/ars\/wp-json\/wp\/v2\/pages\/569"}],"wp:attachment":[{"href":"https:\/\/www.folklore.ee\/ars\/wp-json\/wp\/v2\/media?parent=588"}],"curies":[{"name":"wp","href":"https:\/\/api.w.org\/{rel}","templated":true}]}}