{"id":569,"date":"2023-09-28T11:30:55","date_gmt":"2023-09-28T11:30:55","guid":{"rendered":"https:\/\/www.folklore.ee\/ars\/?page_id=569"},"modified":"2023-09-28T13:47:24","modified_gmt":"2023-09-28T13:47:24","slug":"kogumiskonverents-2006","status":"publish","type":"page","link":"https:\/\/www.folklore.ee\/ars\/uritused\/arhiiv\/kogumiskonverents-2006\/","title":{"rendered":"Kogumiskonverents 2006 ajakava"},"content":{"rendered":"\n<p class=\"has-text-align-center\"><strong>Akadeemilise Rahvaluule Seltsi<br>KOGUMISKONVERENTS 2006<br>\u201e Kogumist\u00f6\u00f6 m\u00f5testamine\u201d<\/strong><\/p>\n\n\n\n<div class=\"wp-block-columns is-layout-flex wp-container-core-columns-is-layout-9d6595d7 wp-block-columns-is-layout-flex\">\n<div class=\"wp-block-column is-layout-flow wp-block-column-is-layout-flow\" style=\"flex-basis:66.66%\">\n<p>Neljap\u00e4eval, 26. oktoobril kell 12.00<br>Eesti Kirjandusmuuseumi saalis<br>(Tartu, Vanemuise 42)<\/p>\n\n\n\n<p>ARSi 2006. aasta kogumiskonverentsil tutvustatakse viimase aja v\u00e4lit\u00f6id ning arutletakse nende valguses, kellele on kogutud materjal m\u00f5eldud, kuidas \u00f5igustas kogumise metoodika seatud eesm\u00e4rgi ja uuritava r\u00fchma seisukohast, kuidas vastas t\u00f6\u00f6 tulemus p\u00fcstitatud eesm\u00e4rgile. Mida k\u00fclvame arhiividesse?<\/p>\n<\/div>\n\n\n\n<div class=\"wp-block-column is-layout-flow wp-block-column-is-layout-flow\" style=\"flex-basis:33.33%\">\n<figure class=\"wp-block-image size-full is-resized\"><img loading=\"lazy\" decoding=\"async\" src=\"https:\/\/www.folklore.ee\/ars\/wp-content\/uploads\/2023\/09\/image001.jpg\" alt=\"\" class=\"wp-image-575\" style=\"width:200px;height:188px\" width=\"200\" height=\"188\"\/><figcaption class=\"wp-element-caption\">Illustratsioon: Kr. Raud. \u201eEsiisa Tehvan<br>vilja k\u00fclvamas\u201d (1940)<\/figcaption><\/figure>\n<\/div>\n<\/div>\n\n\n\n<p><strong>KAVA<\/strong><\/p>\n\n\n\n<p><strong>12.00(!)\u201313.40<\/strong><\/p>\n\n\n\n<p>Elo-Hanna Seljamaa <a href=\"\/ars\/uritused\/arhiiv\/kogumiskonverents-2006\/mis-edustab-ja-loob-ei-tohi-kaduda-kristjan-raud-ainelise-vanavara-korjamisest\/\">\u201eMis edustab ja loob, ei tohi kaduda.\u201d Kristjan Raud ainelise vanavara korjamisest<\/a><\/p>\n\n\n\n<p>Kristi Salve <a href=\"\/ars\/uritused\/arhiiv\/kogumiskonverents-2006\/vepsa-maast-taevani\/\">Vepsa \u2013 maast taevani<\/a><\/p>\n\n\n\n<p>Piret Koosa <a href=\"\/ars\/uritused\/arhiiv\/kogumiskonverents-2006\/tu-etnoloogid-komimaal\/\">T\u00dc etnoloogid Komimaal<\/a><\/p>\n\n\n\n<p>Madis Arukask <a href=\"\/ars\/uritused\/arhiiv\/kogumiskonverents-2006\/kogumistoo-kontekstid-mitte-eesti-grupis\/\">Kogumist\u00f6\u00f6 kontekstid mitte-eesti grupis<\/a><\/p>\n\n\n\n<p><em>T\u00f5husam kohvipaus<\/em><\/p>\n\n\n\n<p><strong>14.15\u201315.50<\/strong><\/p>\n\n\n\n<p>\u017danna P\u00e4rtlas, Andreas Kalkun <a href=\"\/ars\/uritused\/arhiiv\/kogumiskonverents-2006\/leiko-helmise-ja-kuldatsauga-mitmekanalilisest-salvestamisest\/\">Leiko, Helmise ja Kuldats\u00e4uga mitmekanalilisest salvestamisest<\/a><\/p>\n\n\n\n<p>Valdo Valper <a href=\"\/ars\/uritused\/arhiiv\/kogumiskonverents-2006\/kogumisest-urvastes-ja-muhus\/\">Kogumisest Urvastes ja Muhus<\/a><\/p>\n\n\n\n<p>Piret Voolaid <a href=\"\/ars\/uritused\/arhiiv\/kogumiskonverents-2006\/moned-motted-kooliparimuse-kogumisest-noarootsis-ja-vormsil-2006-aasta-kevadel\/\">M\u00f5ned m\u00f5tted koolip\u00e4rimuse kogumisest Noarootsis ja Vormsil 2006. aasta kevadel<\/a><\/p>\n\n\n\n<p>Risto J\u00e4rv <a href=\"\/ars\/uliopilasrahva-jutud-2004-2006-kogumine-tugitoolist\/\">\u00dcli\u00f5pilasrahva jutud 2004\u20132006. Kogumine tugitoolist<\/a><\/p>\n\n\n\n<p><em>Magusam kohvipaus<\/em><\/p>\n\n\n\n<p><strong>16.15\u201317.50<br><\/strong>Marju Himma, Andreas Kalkun <a href=\"\/ars\/uritused\/arhiiv\/kogumiskonverents-2006\/verskah-papi-puul-ehk-kuidas-2006-aastal-setomaal-parimust-koguti\/\">Verskah papi puul ehk kuidas 2006. aastal Setomaal p\u00e4rimust koguti<\/a><\/p>\n\n\n\n<p>Liisa P\u00f5ld <a href=\"\/ars\/uritused\/arhiiv\/kogumiskonverents-2006\/tartu-ulikooli-etnoloogiauliopilaste-valitood-kihnu-saarel-suvel-2006\/\">Tartu \u00dclikooli etnoloogia\u00fcli\u00f5pilaste v\u00e4lit\u00f6\u00f6d Kihnu saarel suvel 2006<\/a><\/p>\n\n\n\n<p>Liisi Bakhoff, Anneliis Klaus <a href=\"\/ars\/uritused\/arhiiv\/kogumiskonverents-2006\/murdepraktika-muhus\/\">Murdepraktika Muhus<\/a><\/p>\n\n\n\n<p>Helen K\u00f5mmus <a href=\"\/ars\/uritused\/arhiiv\/kogumiskonverents-2006\/vorukesest-rahvalaulik-kardlas-ehk-2004-2006-aasta-vaitoodest-hiiumaal\/\">V\u00f5rukesest rahvalaulik K\u00e4rdlas ehk 2004-2006 aasta v\u00e4it\u00f6\u00f6dest Hiiumaal<\/a><\/p>\n\n\n\n<p><em>V\u00e4ike hingamispaus<\/em><\/p>\n\n\n\n<p><strong>18.00 <\/strong>Film \u201eVeps\u00e4n sai ehk Vepsa pulm\u201d (35\u2019). Kommenteerib Kristi Salve.<\/p>\n\n\n\n<p>\u00dcritust toetab Eesti Kultuurkapital<\/p>\n\n\n\n<p>L\u00e4hem info: <a href=\"mailto:risto@haldjas.folklore.ee\"><em>Risto J\u00e4rv<\/em><\/a>\u00a051\u00a0904\u00a0371, 7376- 214;\u00a0<a href=\"mailto:rein@haldjas.folklore.ee\"><em>Rein Saukas<\/em><\/a>\u00a07\u00a0377-742;\u00a0<a href=\"mailto:taive@haldjas.folklore.ee\"><em>Taive S\u00e4rg<\/em><\/a>\u00a07377-751<\/p>\n","protected":false},"excerpt":{"rendered":"<p>Akadeemilise Rahvaluule SeltsiKOGUMISKONVERENTS 2006\u201e Kogumist\u00f6\u00f6 m\u00f5testamine\u201d Neljap\u00e4eval, 26. oktoobril kell 12.00Eesti Kirjandusmuuseumi saalis(Tartu, Vanemuise 42) ARSi 2006. aasta kogumiskonverentsil tutvustatakse viimase aja v\u00e4lit\u00f6id ning arutletakse nende valguses, kellele on kogutud materjal m\u00f5eldud, kuidas \u00f5igustas kogumise metoodika seatud eesm\u00e4rgi ja uuritava r\u00fchma seisukohast, kuidas vastas t\u00f6\u00f6 tulemus p\u00fcstitatud eesm\u00e4rgile. Mida k\u00fclvame arhiividesse? KAVA 12.00(!)\u201313.40 Elo-Hanna Seljamaa [&hellip;]<\/p>\n","protected":false},"author":1,"featured_media":0,"parent":267,"menu_order":0,"comment_status":"closed","ping_status":"closed","template":"","meta":{"footnotes":""},"class_list":["post-569","page","type-page","status-publish","hentry"],"yoast_head":"<!-- This site is optimized with the Yoast SEO plugin v20.12 - https:\/\/yoast.com\/wordpress\/plugins\/seo\/ -->\n<title>Kogumiskonverents 2006 ajakava | Akadeemiline Rahvaluule Selts<\/title>\n<meta name=\"robots\" content=\"index, follow, max-snippet:-1, max-image-preview:large, max-video-preview:-1\" \/>\n<link rel=\"canonical\" href=\"https:\/\/www.folklore.ee\/ars\/uritused\/arhiiv\/kogumiskonverents-2006\/\" \/>\n<meta property=\"og:locale\" content=\"en_US\" \/>\n<meta property=\"og:type\" content=\"article\" \/>\n<meta property=\"og:title\" content=\"Kogumiskonverents 2006 ajakava | Akadeemiline Rahvaluule Selts\" \/>\n<meta property=\"og:description\" content=\"Akadeemilise Rahvaluule SeltsiKOGUMISKONVERENTS 2006\u201e Kogumist\u00f6\u00f6 m\u00f5testamine\u201d Neljap\u00e4eval, 26. oktoobril kell 12.00Eesti Kirjandusmuuseumi saalis(Tartu, Vanemuise 42) ARSi 2006. aasta kogumiskonverentsil tutvustatakse viimase aja v\u00e4lit\u00f6id ning arutletakse nende valguses, kellele on kogutud materjal m\u00f5eldud, kuidas \u00f5igustas kogumise metoodika seatud eesm\u00e4rgi ja uuritava r\u00fchma seisukohast, kuidas vastas t\u00f6\u00f6 tulemus p\u00fcstitatud eesm\u00e4rgile. Mida k\u00fclvame arhiividesse? KAVA 12.00(!)\u201313.40 Elo-Hanna Seljamaa [&hellip;]\" \/>\n<meta property=\"og:url\" content=\"https:\/\/www.folklore.ee\/ars\/uritused\/arhiiv\/kogumiskonverents-2006\/\" \/>\n<meta property=\"og:site_name\" content=\"Akadeemiline Rahvaluule Selts\" \/>\n<meta property=\"article:modified_time\" content=\"2023-09-28T13:47:24+00:00\" \/>\n<meta property=\"og:image\" content=\"https:\/\/www.folklore.ee\/ars\/wp-content\/uploads\/2023\/09\/image001.jpg\" \/>\n<meta name=\"twitter:card\" content=\"summary_large_image\" \/>\n<meta name=\"twitter:label1\" content=\"Est. reading time\" \/>\n\t<meta name=\"twitter:data1\" content=\"2 minutes\" \/>\n<script type=\"application\/ld+json\" class=\"yoast-schema-graph\">{\"@context\":\"https:\/\/schema.org\",\"@graph\":[{\"@type\":\"WebPage\",\"@id\":\"https:\/\/www.folklore.ee\/ars\/uritused\/arhiiv\/kogumiskonverents-2006\/\",\"url\":\"https:\/\/www.folklore.ee\/ars\/uritused\/arhiiv\/kogumiskonverents-2006\/\",\"name\":\"Kogumiskonverents 2006 ajakava | Akadeemiline Rahvaluule Selts\",\"isPartOf\":{\"@id\":\"https:\/\/www.folklore.ee\/ars\/#website\"},\"datePublished\":\"2023-09-28T11:30:55+00:00\",\"dateModified\":\"2023-09-28T13:47:24+00:00\",\"breadcrumb\":{\"@id\":\"https:\/\/www.folklore.ee\/ars\/uritused\/arhiiv\/kogumiskonverents-2006\/#breadcrumb\"},\"inLanguage\":\"en-US\",\"potentialAction\":[{\"@type\":\"ReadAction\",\"target\":[\"https:\/\/www.folklore.ee\/ars\/uritused\/arhiiv\/kogumiskonverents-2006\/\"]}]},{\"@type\":\"BreadcrumbList\",\"@id\":\"https:\/\/www.folklore.ee\/ars\/uritused\/arhiiv\/kogumiskonverents-2006\/#breadcrumb\",\"itemListElement\":[{\"@type\":\"ListItem\",\"position\":1,\"name\":\"Avaleht\",\"item\":\"https:\/\/www.folklore.ee\/ars\/\"},{\"@type\":\"ListItem\",\"position\":2,\"name\":\"\u00dcritused\",\"item\":\"https:\/\/www.folklore.ee\/ars\/uritused\/\"},{\"@type\":\"ListItem\",\"position\":3,\"name\":\"Arhiiv\",\"item\":\"https:\/\/www.folklore.ee\/ars\/uritused\/arhiiv\/\"},{\"@type\":\"ListItem\",\"position\":4,\"name\":\"Kogumiskonverents 2006 ajakava\"}]},{\"@type\":\"WebSite\",\"@id\":\"https:\/\/www.folklore.ee\/ars\/#website\",\"url\":\"https:\/\/www.folklore.ee\/ars\/\",\"name\":\"Akadeemiline Rahvaluule Selts\",\"description\":\"Folkloristide, \u00fcli\u00f5pilaste ja k\u00f5igi rahvaluulest huvitatute \u00fchendus, mis aitab kaasa rahvaluule kogumisele, tutvustamisele, uurimisele ja publitseerimisele.\",\"potentialAction\":[{\"@type\":\"SearchAction\",\"target\":{\"@type\":\"EntryPoint\",\"urlTemplate\":\"https:\/\/www.folklore.ee\/ars\/?s={search_term_string}\"},\"query-input\":\"required name=search_term_string\"}],\"inLanguage\":\"en-US\"}]}<\/script>\n<!-- \/ Yoast SEO plugin. -->","yoast_head_json":{"title":"Kogumiskonverents 2006 ajakava | Akadeemiline Rahvaluule Selts","robots":{"index":"index","follow":"follow","max-snippet":"max-snippet:-1","max-image-preview":"max-image-preview:large","max-video-preview":"max-video-preview:-1"},"canonical":"https:\/\/www.folklore.ee\/ars\/uritused\/arhiiv\/kogumiskonverents-2006\/","og_locale":"en_US","og_type":"article","og_title":"Kogumiskonverents 2006 ajakava | Akadeemiline Rahvaluule Selts","og_description":"Akadeemilise Rahvaluule SeltsiKOGUMISKONVERENTS 2006\u201e Kogumist\u00f6\u00f6 m\u00f5testamine\u201d Neljap\u00e4eval, 26. oktoobril kell 12.00Eesti Kirjandusmuuseumi saalis(Tartu, Vanemuise 42) ARSi 2006. aasta kogumiskonverentsil tutvustatakse viimase aja v\u00e4lit\u00f6id ning arutletakse nende valguses, kellele on kogutud materjal m\u00f5eldud, kuidas \u00f5igustas kogumise metoodika seatud eesm\u00e4rgi ja uuritava r\u00fchma seisukohast, kuidas vastas t\u00f6\u00f6 tulemus p\u00fcstitatud eesm\u00e4rgile. Mida k\u00fclvame arhiividesse? KAVA 12.00(!)\u201313.40 Elo-Hanna Seljamaa [&hellip;]","og_url":"https:\/\/www.folklore.ee\/ars\/uritused\/arhiiv\/kogumiskonverents-2006\/","og_site_name":"Akadeemiline Rahvaluule Selts","article_modified_time":"2023-09-28T13:47:24+00:00","og_image":[{"url":"https:\/\/www.folklore.ee\/ars\/wp-content\/uploads\/2023\/09\/image001.jpg"}],"twitter_card":"summary_large_image","twitter_misc":{"Est. reading time":"2 minutes"},"schema":{"@context":"https:\/\/schema.org","@graph":[{"@type":"WebPage","@id":"https:\/\/www.folklore.ee\/ars\/uritused\/arhiiv\/kogumiskonverents-2006\/","url":"https:\/\/www.folklore.ee\/ars\/uritused\/arhiiv\/kogumiskonverents-2006\/","name":"Kogumiskonverents 2006 ajakava | Akadeemiline Rahvaluule Selts","isPartOf":{"@id":"https:\/\/www.folklore.ee\/ars\/#website"},"datePublished":"2023-09-28T11:30:55+00:00","dateModified":"2023-09-28T13:47:24+00:00","breadcrumb":{"@id":"https:\/\/www.folklore.ee\/ars\/uritused\/arhiiv\/kogumiskonverents-2006\/#breadcrumb"},"inLanguage":"en-US","potentialAction":[{"@type":"ReadAction","target":["https:\/\/www.folklore.ee\/ars\/uritused\/arhiiv\/kogumiskonverents-2006\/"]}]},{"@type":"BreadcrumbList","@id":"https:\/\/www.folklore.ee\/ars\/uritused\/arhiiv\/kogumiskonverents-2006\/#breadcrumb","itemListElement":[{"@type":"ListItem","position":1,"name":"Avaleht","item":"https:\/\/www.folklore.ee\/ars\/"},{"@type":"ListItem","position":2,"name":"\u00dcritused","item":"https:\/\/www.folklore.ee\/ars\/uritused\/"},{"@type":"ListItem","position":3,"name":"Arhiiv","item":"https:\/\/www.folklore.ee\/ars\/uritused\/arhiiv\/"},{"@type":"ListItem","position":4,"name":"Kogumiskonverents 2006 ajakava"}]},{"@type":"WebSite","@id":"https:\/\/www.folklore.ee\/ars\/#website","url":"https:\/\/www.folklore.ee\/ars\/","name":"Akadeemiline Rahvaluule Selts","description":"Folkloristide, \u00fcli\u00f5pilaste ja k\u00f5igi rahvaluulest huvitatute \u00fchendus, mis aitab kaasa rahvaluule kogumisele, tutvustamisele, uurimisele ja publitseerimisele.","potentialAction":[{"@type":"SearchAction","target":{"@type":"EntryPoint","urlTemplate":"https:\/\/www.folklore.ee\/ars\/?s={search_term_string}"},"query-input":"required name=search_term_string"}],"inLanguage":"en-US"}]}},"_links":{"self":[{"href":"https:\/\/www.folklore.ee\/ars\/wp-json\/wp\/v2\/pages\/569","targetHints":{"allow":["GET"]}}],"collection":[{"href":"https:\/\/www.folklore.ee\/ars\/wp-json\/wp\/v2\/pages"}],"about":[{"href":"https:\/\/www.folklore.ee\/ars\/wp-json\/wp\/v2\/types\/page"}],"author":[{"embeddable":true,"href":"https:\/\/www.folklore.ee\/ars\/wp-json\/wp\/v2\/users\/1"}],"replies":[{"embeddable":true,"href":"https:\/\/www.folklore.ee\/ars\/wp-json\/wp\/v2\/comments?post=569"}],"version-history":[{"count":10,"href":"https:\/\/www.folklore.ee\/ars\/wp-json\/wp\/v2\/pages\/569\/revisions"}],"predecessor-version":[{"id":619,"href":"https:\/\/www.folklore.ee\/ars\/wp-json\/wp\/v2\/pages\/569\/revisions\/619"}],"up":[{"embeddable":true,"href":"https:\/\/www.folklore.ee\/ars\/wp-json\/wp\/v2\/pages\/267"}],"wp:attachment":[{"href":"https:\/\/www.folklore.ee\/ars\/wp-json\/wp\/v2\/media?parent=569"}],"curies":[{"name":"wp","href":"https:\/\/api.w.org\/{rel}","templated":true}]}}