{"id":509,"date":"2023-09-26T12:32:01","date_gmt":"2023-09-26T12:32:01","guid":{"rendered":"https:\/\/www.folklore.ee\/ars\/?page_id=509"},"modified":"2023-09-26T12:32:02","modified_gmt":"2023-09-26T12:32:02","slug":"elavana-maetud","status":"publish","type":"page","link":"https:\/\/www.folklore.ee\/ars\/uritused\/arhiiv\/kogumiskonverents-2007-ajakava\/elavana-maetud\/","title":{"rendered":"Elavana maetud (25\u2019). Kommenteerivad Madis Arukask ja Taisto Raudalainen."},"content":{"rendered":"\n<p>Filmi algmaterjal on \u00fcles v\u00f5etud kunagises kloostrik\u00fclas&nbsp;D\u00b4azarvis&nbsp;(Ja\u0161ozero) 2005. aasta juulis. Dokumentaalset k\u00e4sitlust raamib P\u00f5hja-Venemaal laialt tuntud muistend \u201eendamatjate t\u0161uudide\u201c kohta. Seda on vepslased k\u00f5nelnud paiguti ka iseendi kohta. Feliks&nbsp;Oinasele&nbsp;toetudes v\u00f5iks legendi algup\u00e4ra pidada ka \u00f5igeuskliku impeeriumi koloniaaltegevuse \u00f5igustuseks \u201evaimupimedate paganate\u201c h\u00e4vitamisele.<\/p>\n\n\n\n<p>D\u00b4azarvi&nbsp;viimane p\u00e4riselanik Maria&nbsp;Anisimova&nbsp;meenutab kompromissitu ausameelsusega 1920ndatel ja 1930ndatel toimunud ulatuslikku&nbsp;topoklasmi&nbsp;(kohaliku kultuuriruumi kahjustamist) ja sellele j\u00e4rgnenud&nbsp;etnotsiidi&nbsp;(rahvah\u00e4vingut). Oma j\u00f5uliselt eetiliste hoiakute ning p\u00e4rimussidusa maailmavaatega osutub Maria paikkondliku m\u00e4lu suurep\u00e4raseks hoidjaks. Maria ema oli vepslane&nbsp;Vehrut\u0161eist&nbsp;ja isa pooleldi venelane&nbsp;Ku\u0161legast&nbsp;(veps.&nbsp;Kus\u2019selga). Maria&nbsp;pagi\u017eeb&nbsp;vepsa&nbsp;keelt t\u00f6nkamisi, sest paar-kolm aastak\u00fcmmet selle vaegkasutust on muutnud k\u00f5nelemise vaevaliseks.<\/p>\n\n\n\n<p>Siin laante r\u00fcpes elunevad aga ka j\u00e4rve-, sauna-, maja- ja metshaldjad ja k\u00e4ivad kalmulised. Kui saunas, laudas v\u00f5i j\u00e4rve \u00e4\u00e4res p\u00f5hjendamatult k\u00e4ratseda v\u00f5i t\u00fclitseda, siis v\u00f5ib see kaasa tuua haldjarahva k\u00e4ttemaksu \u2013 keegi kas upub, eksib, l\u00f5peb m\u00f5ni loom v\u00f5i m\u00f5ni maja h\u00e4vib kahjutules. \u00dcle k\u00f5ige pelgab Maria aga \u00e4ikseilma. Siis katab ta kinni aknad ja peeglid ning peidab \u00e4ra terariistad.<\/p>\n\n\n\n<p>Maria argiellu kuuluvad ka p\u00fchakud \u2013 Neitsi Maarja, Nikolai Imetegija ning kohalik kaitsep\u00fchak&nbsp;Iona&nbsp;Ja\u0161ozerskii. Kahjuks oli need esiemade poolt p\u00e4randatud hinnalised puule maalitud ikoonid temalt \u00e4sja r\u00f6\u00f6vinud j\u00f5uk munkadena esinenud vargaid. Maria on intensiivne uneden\u00e4gija ja -t\u00f5lgendaja. P\u00e4rast oma mehe lahkumist n\u00e4gi ta abikaasat unes pea k\u00f5igil neljak\u00fcmnel \u00f6\u00f6l. Kadunuke liigub kuue n\u00e4dala v\u00e4ltel veel oma endistel radadel \u2013 kalavetel, \u00f5uel ja isegi kodutares. Maria on n\u00e4inud ka mitmeid endeunesid \u2013 muuseas sellest, kuidas k\u00fcla j\u00e4\u00e4b kunagi t\u00e4iesti inimt\u00fchjaks&#8230;<\/p>\n\n\n\n<p>Filmi l\u00f5petab rituaalne itkemine ning lahkunu m\u00e4lestamine&nbsp;D\u00b4azarvi&nbsp;uuemal k\u00fclakalmistul, kuhu filmi peategelane mattis hiljuti mehe. Tegelikkuses kestis esitus \u00fcle poole tunni, ent filmi j\u00f5udis pingestatud ja sugestiivsetest itkulauludest vaid kolme minuti jagu valitud l\u00f5ike.<\/p>\n\n\n\n<p>Filmi autorid:&nbsp;<strong>Madis Arukask<\/strong>&nbsp;ja&nbsp;<strong>Taisto Kalevi&nbsp;Raudalainen<\/strong><\/p>\n\n\n\n<p>Re\u017eiss\u00f6\u00f6r:&nbsp;<strong>Maarika Lauri<\/strong><\/p>\n","protected":false},"excerpt":{"rendered":"<p>Filmi algmaterjal on \u00fcles v\u00f5etud kunagises kloostrik\u00fclas&nbsp;D\u00b4azarvis&nbsp;(Ja\u0161ozero) 2005. aasta juulis. Dokumentaalset k\u00e4sitlust raamib P\u00f5hja-Venemaal laialt tuntud muistend \u201eendamatjate t\u0161uudide\u201c kohta. Seda on vepslased k\u00f5nelnud paiguti ka iseendi kohta. Feliks&nbsp;Oinasele&nbsp;toetudes v\u00f5iks legendi algup\u00e4ra pidada ka \u00f5igeuskliku impeeriumi koloniaaltegevuse \u00f5igustuseks \u201evaimupimedate paganate\u201c h\u00e4vitamisele. D\u00b4azarvi&nbsp;viimane p\u00e4riselanik Maria&nbsp;Anisimova&nbsp;meenutab kompromissitu ausameelsusega 1920ndatel ja 1930ndatel toimunud ulatuslikku&nbsp;topoklasmi&nbsp;(kohaliku kultuuriruumi kahjustamist) ja sellele [&hellip;]<\/p>\n","protected":false},"author":1,"featured_media":0,"parent":470,"menu_order":0,"comment_status":"closed","ping_status":"closed","template":"","meta":{"footnotes":""},"class_list":["post-509","page","type-page","status-publish","hentry"],"yoast_head":"<!-- This site is optimized with the Yoast SEO plugin v20.12 - https:\/\/yoast.com\/wordpress\/plugins\/seo\/ -->\n<title>Elavana maetud (25\u2019). Kommenteerivad Madis Arukask ja Taisto Raudalainen. | Akadeemiline Rahvaluule Selts<\/title>\n<meta name=\"robots\" content=\"index, follow, max-snippet:-1, max-image-preview:large, max-video-preview:-1\" \/>\n<link rel=\"canonical\" href=\"https:\/\/www.folklore.ee\/ars\/uritused\/arhiiv\/kogumiskonverents-2007-ajakava\/elavana-maetud\/\" \/>\n<meta property=\"og:locale\" content=\"en_US\" \/>\n<meta property=\"og:type\" content=\"article\" \/>\n<meta property=\"og:title\" content=\"Elavana maetud (25\u2019). Kommenteerivad Madis Arukask ja Taisto Raudalainen. | Akadeemiline Rahvaluule Selts\" \/>\n<meta property=\"og:description\" content=\"Filmi algmaterjal on \u00fcles v\u00f5etud kunagises kloostrik\u00fclas&nbsp;D\u00b4azarvis&nbsp;(Ja\u0161ozero) 2005. aasta juulis. Dokumentaalset k\u00e4sitlust raamib P\u00f5hja-Venemaal laialt tuntud muistend \u201eendamatjate t\u0161uudide\u201c kohta. Seda on vepslased k\u00f5nelnud paiguti ka iseendi kohta. Feliks&nbsp;Oinasele&nbsp;toetudes v\u00f5iks legendi algup\u00e4ra pidada ka \u00f5igeuskliku impeeriumi koloniaaltegevuse \u00f5igustuseks \u201evaimupimedate paganate\u201c h\u00e4vitamisele. D\u00b4azarvi&nbsp;viimane p\u00e4riselanik Maria&nbsp;Anisimova&nbsp;meenutab kompromissitu ausameelsusega 1920ndatel ja 1930ndatel toimunud ulatuslikku&nbsp;topoklasmi&nbsp;(kohaliku kultuuriruumi kahjustamist) ja sellele [&hellip;]\" \/>\n<meta property=\"og:url\" content=\"https:\/\/www.folklore.ee\/ars\/uritused\/arhiiv\/kogumiskonverents-2007-ajakava\/elavana-maetud\/\" \/>\n<meta property=\"og:site_name\" content=\"Akadeemiline Rahvaluule Selts\" \/>\n<meta property=\"article:modified_time\" content=\"2023-09-26T12:32:02+00:00\" \/>\n<meta name=\"twitter:card\" content=\"summary_large_image\" \/>\n<meta name=\"twitter:label1\" content=\"Est. reading time\" \/>\n\t<meta name=\"twitter:data1\" content=\"2 minutes\" \/>\n<script type=\"application\/ld+json\" class=\"yoast-schema-graph\">{\"@context\":\"https:\/\/schema.org\",\"@graph\":[{\"@type\":\"WebPage\",\"@id\":\"https:\/\/www.folklore.ee\/ars\/uritused\/arhiiv\/kogumiskonverents-2007-ajakava\/elavana-maetud\/\",\"url\":\"https:\/\/www.folklore.ee\/ars\/uritused\/arhiiv\/kogumiskonverents-2007-ajakava\/elavana-maetud\/\",\"name\":\"Elavana maetud (25\u2019). Kommenteerivad Madis Arukask ja Taisto Raudalainen. | Akadeemiline Rahvaluule Selts\",\"isPartOf\":{\"@id\":\"https:\/\/www.folklore.ee\/ars\/#website\"},\"datePublished\":\"2023-09-26T12:32:01+00:00\",\"dateModified\":\"2023-09-26T12:32:02+00:00\",\"breadcrumb\":{\"@id\":\"https:\/\/www.folklore.ee\/ars\/uritused\/arhiiv\/kogumiskonverents-2007-ajakava\/elavana-maetud\/#breadcrumb\"},\"inLanguage\":\"en-US\",\"potentialAction\":[{\"@type\":\"ReadAction\",\"target\":[\"https:\/\/www.folklore.ee\/ars\/uritused\/arhiiv\/kogumiskonverents-2007-ajakava\/elavana-maetud\/\"]}]},{\"@type\":\"BreadcrumbList\",\"@id\":\"https:\/\/www.folklore.ee\/ars\/uritused\/arhiiv\/kogumiskonverents-2007-ajakava\/elavana-maetud\/#breadcrumb\",\"itemListElement\":[{\"@type\":\"ListItem\",\"position\":1,\"name\":\"Avaleht\",\"item\":\"https:\/\/www.folklore.ee\/ars\/\"},{\"@type\":\"ListItem\",\"position\":2,\"name\":\"\u00dcritused\",\"item\":\"https:\/\/www.folklore.ee\/ars\/uritused\/\"},{\"@type\":\"ListItem\",\"position\":3,\"name\":\"Arhiiv\",\"item\":\"https:\/\/www.folklore.ee\/ars\/uritused\/arhiiv\/\"},{\"@type\":\"ListItem\",\"position\":4,\"name\":\"Kogumiskonverents 2007 ajakava\",\"item\":\"https:\/\/www.folklore.ee\/ars\/uritused\/arhiiv\/kogumiskonverents-2007-ajakava\/\"},{\"@type\":\"ListItem\",\"position\":5,\"name\":\"Elavana maetud (25\u2019). Kommenteerivad Madis Arukask ja Taisto Raudalainen.\"}]},{\"@type\":\"WebSite\",\"@id\":\"https:\/\/www.folklore.ee\/ars\/#website\",\"url\":\"https:\/\/www.folklore.ee\/ars\/\",\"name\":\"Akadeemiline Rahvaluule Selts\",\"description\":\"Folkloristide, \u00fcli\u00f5pilaste ja k\u00f5igi rahvaluulest huvitatute \u00fchendus, mis aitab kaasa rahvaluule kogumisele, tutvustamisele, uurimisele ja publitseerimisele.\",\"potentialAction\":[{\"@type\":\"SearchAction\",\"target\":{\"@type\":\"EntryPoint\",\"urlTemplate\":\"https:\/\/www.folklore.ee\/ars\/?s={search_term_string}\"},\"query-input\":\"required name=search_term_string\"}],\"inLanguage\":\"en-US\"}]}<\/script>\n<!-- \/ Yoast SEO plugin. -->","yoast_head_json":{"title":"Elavana maetud (25\u2019). Kommenteerivad Madis Arukask ja Taisto Raudalainen. | Akadeemiline Rahvaluule Selts","robots":{"index":"index","follow":"follow","max-snippet":"max-snippet:-1","max-image-preview":"max-image-preview:large","max-video-preview":"max-video-preview:-1"},"canonical":"https:\/\/www.folklore.ee\/ars\/uritused\/arhiiv\/kogumiskonverents-2007-ajakava\/elavana-maetud\/","og_locale":"en_US","og_type":"article","og_title":"Elavana maetud (25\u2019). Kommenteerivad Madis Arukask ja Taisto Raudalainen. | Akadeemiline Rahvaluule Selts","og_description":"Filmi algmaterjal on \u00fcles v\u00f5etud kunagises kloostrik\u00fclas&nbsp;D\u00b4azarvis&nbsp;(Ja\u0161ozero) 2005. aasta juulis. Dokumentaalset k\u00e4sitlust raamib P\u00f5hja-Venemaal laialt tuntud muistend \u201eendamatjate t\u0161uudide\u201c kohta. Seda on vepslased k\u00f5nelnud paiguti ka iseendi kohta. Feliks&nbsp;Oinasele&nbsp;toetudes v\u00f5iks legendi algup\u00e4ra pidada ka \u00f5igeuskliku impeeriumi koloniaaltegevuse \u00f5igustuseks \u201evaimupimedate paganate\u201c h\u00e4vitamisele. D\u00b4azarvi&nbsp;viimane p\u00e4riselanik Maria&nbsp;Anisimova&nbsp;meenutab kompromissitu ausameelsusega 1920ndatel ja 1930ndatel toimunud ulatuslikku&nbsp;topoklasmi&nbsp;(kohaliku kultuuriruumi kahjustamist) ja sellele [&hellip;]","og_url":"https:\/\/www.folklore.ee\/ars\/uritused\/arhiiv\/kogumiskonverents-2007-ajakava\/elavana-maetud\/","og_site_name":"Akadeemiline Rahvaluule Selts","article_modified_time":"2023-09-26T12:32:02+00:00","twitter_card":"summary_large_image","twitter_misc":{"Est. reading time":"2 minutes"},"schema":{"@context":"https:\/\/schema.org","@graph":[{"@type":"WebPage","@id":"https:\/\/www.folklore.ee\/ars\/uritused\/arhiiv\/kogumiskonverents-2007-ajakava\/elavana-maetud\/","url":"https:\/\/www.folklore.ee\/ars\/uritused\/arhiiv\/kogumiskonverents-2007-ajakava\/elavana-maetud\/","name":"Elavana maetud (25\u2019). Kommenteerivad Madis Arukask ja Taisto Raudalainen. | Akadeemiline Rahvaluule Selts","isPartOf":{"@id":"https:\/\/www.folklore.ee\/ars\/#website"},"datePublished":"2023-09-26T12:32:01+00:00","dateModified":"2023-09-26T12:32:02+00:00","breadcrumb":{"@id":"https:\/\/www.folklore.ee\/ars\/uritused\/arhiiv\/kogumiskonverents-2007-ajakava\/elavana-maetud\/#breadcrumb"},"inLanguage":"en-US","potentialAction":[{"@type":"ReadAction","target":["https:\/\/www.folklore.ee\/ars\/uritused\/arhiiv\/kogumiskonverents-2007-ajakava\/elavana-maetud\/"]}]},{"@type":"BreadcrumbList","@id":"https:\/\/www.folklore.ee\/ars\/uritused\/arhiiv\/kogumiskonverents-2007-ajakava\/elavana-maetud\/#breadcrumb","itemListElement":[{"@type":"ListItem","position":1,"name":"Avaleht","item":"https:\/\/www.folklore.ee\/ars\/"},{"@type":"ListItem","position":2,"name":"\u00dcritused","item":"https:\/\/www.folklore.ee\/ars\/uritused\/"},{"@type":"ListItem","position":3,"name":"Arhiiv","item":"https:\/\/www.folklore.ee\/ars\/uritused\/arhiiv\/"},{"@type":"ListItem","position":4,"name":"Kogumiskonverents 2007 ajakava","item":"https:\/\/www.folklore.ee\/ars\/uritused\/arhiiv\/kogumiskonverents-2007-ajakava\/"},{"@type":"ListItem","position":5,"name":"Elavana maetud (25\u2019). Kommenteerivad Madis Arukask ja Taisto Raudalainen."}]},{"@type":"WebSite","@id":"https:\/\/www.folklore.ee\/ars\/#website","url":"https:\/\/www.folklore.ee\/ars\/","name":"Akadeemiline Rahvaluule Selts","description":"Folkloristide, \u00fcli\u00f5pilaste ja k\u00f5igi rahvaluulest huvitatute \u00fchendus, mis aitab kaasa rahvaluule kogumisele, tutvustamisele, uurimisele ja publitseerimisele.","potentialAction":[{"@type":"SearchAction","target":{"@type":"EntryPoint","urlTemplate":"https:\/\/www.folklore.ee\/ars\/?s={search_term_string}"},"query-input":"required name=search_term_string"}],"inLanguage":"en-US"}]}},"_links":{"self":[{"href":"https:\/\/www.folklore.ee\/ars\/wp-json\/wp\/v2\/pages\/509","targetHints":{"allow":["GET"]}}],"collection":[{"href":"https:\/\/www.folklore.ee\/ars\/wp-json\/wp\/v2\/pages"}],"about":[{"href":"https:\/\/www.folklore.ee\/ars\/wp-json\/wp\/v2\/types\/page"}],"author":[{"embeddable":true,"href":"https:\/\/www.folklore.ee\/ars\/wp-json\/wp\/v2\/users\/1"}],"replies":[{"embeddable":true,"href":"https:\/\/www.folklore.ee\/ars\/wp-json\/wp\/v2\/comments?post=509"}],"version-history":[{"count":1,"href":"https:\/\/www.folklore.ee\/ars\/wp-json\/wp\/v2\/pages\/509\/revisions"}],"predecessor-version":[{"id":511,"href":"https:\/\/www.folklore.ee\/ars\/wp-json\/wp\/v2\/pages\/509\/revisions\/511"}],"up":[{"embeddable":true,"href":"https:\/\/www.folklore.ee\/ars\/wp-json\/wp\/v2\/pages\/470"}],"wp:attachment":[{"href":"https:\/\/www.folklore.ee\/ars\/wp-json\/wp\/v2\/media?parent=509"}],"curies":[{"name":"wp","href":"https:\/\/api.w.org\/{rel}","templated":true}]}}