{"id":507,"date":"2023-09-26T12:31:10","date_gmt":"2023-09-26T12:31:10","guid":{"rendered":"https:\/\/www.folklore.ee\/ars\/?page_id=507"},"modified":"2023-09-26T12:31:10","modified_gmt":"2023-09-26T12:31:10","slug":"leningradi-oblasti-keskvepsa-maailm","status":"publish","type":"page","link":"https:\/\/www.folklore.ee\/ars\/uritused\/arhiiv\/kogumiskonverents-2007-ajakava\/leningradi-oblasti-keskvepsa-maailm\/","title":{"rendered":"Leningradi oblasti keskvepsa maailm"},"content":{"rendered":"\n<p>Ettekandes leiavad kajastamist 2007. aasta juulis\u00a0Kesk-Vepsa\u00a0k\u00fclades kohatud eredaimad keelejuhid ning nende poolt r\u00e4\u00e4gitu p\u00f5hjal kujunema hakanud kujutlus piirkonna\u00a0vepsa\u00a0p\u00e4rimuskultuuri kui terviku iseloomulikest dominantidest. V\u00f5\u00f5ras keskkonnas hakkab uurija talle tundmatut elustikku\u00a0<em>oma<\/em>-ndama\u00a0oma k\u00fcsimusi esitades, mis toimub uurijale oluliste ja mingite mallide l\u00e4bi juba selgeks m\u00f5eldud skeemide j\u00e4rgi. Nii arvab ta l\u00e4henevat k\u00f5ige paremini uuritavale materjalile. Keelejuht v\u00f5ib tahta v\u00f5\u00f5rast omaks saada uurija \u201esoove\u201c aimata ja t\u00e4ita p\u00fc\u00fcdes. Sarnases dialoogis v\u00f5ibki koost\u00f6\u00f6na s\u00fcndida \u201ekolmas reaalsus\u201c, mida vastutustundlik uurija peaks edaspidi kriitiliselt \u00fcle vaatama asuma. Selliste p\u00f5kkumisteta ei saanud l\u00e4bi ka see ekspeditsioon. Omamoodi \u201e\u00f5nneks\u201c leidus ka uurijate k\u00e4itumises m\u00f5nikord piisavalt v\u00f5\u00f5ristavat, mis aitas nii m\u00f5ndagi keelejuhti endaks j\u00e4\u00e4da pelgalt uuritava rollist v\u00e4ljudes..<\/p>\n","protected":false},"excerpt":{"rendered":"<p>Ettekandes leiavad kajastamist 2007. aasta juulis\u00a0Kesk-Vepsa\u00a0k\u00fclades kohatud eredaimad keelejuhid ning nende poolt r\u00e4\u00e4gitu p\u00f5hjal kujunema hakanud kujutlus piirkonna\u00a0vepsa\u00a0p\u00e4rimuskultuuri kui terviku iseloomulikest dominantidest. V\u00f5\u00f5ras keskkonnas hakkab uurija talle tundmatut elustikku\u00a0oma-ndama\u00a0oma k\u00fcsimusi esitades, mis toimub uurijale oluliste ja mingite mallide l\u00e4bi juba selgeks m\u00f5eldud skeemide j\u00e4rgi. Nii arvab ta l\u00e4henevat k\u00f5ige paremini uuritavale materjalile. Keelejuht v\u00f5ib tahta [&hellip;]<\/p>\n","protected":false},"author":1,"featured_media":0,"parent":470,"menu_order":0,"comment_status":"closed","ping_status":"closed","template":"","meta":{"footnotes":""},"class_list":["post-507","page","type-page","status-publish","hentry"],"yoast_head":"<!-- This site is optimized with the Yoast SEO plugin v20.12 - https:\/\/yoast.com\/wordpress\/plugins\/seo\/ -->\n<title>Leningradi oblasti keskvepsa maailm | Akadeemiline Rahvaluule Selts<\/title>\n<meta name=\"robots\" content=\"index, follow, max-snippet:-1, max-image-preview:large, max-video-preview:-1\" \/>\n<link rel=\"canonical\" href=\"https:\/\/www.folklore.ee\/ars\/uritused\/arhiiv\/kogumiskonverents-2007-ajakava\/leningradi-oblasti-keskvepsa-maailm\/\" \/>\n<meta property=\"og:locale\" content=\"en_US\" \/>\n<meta property=\"og:type\" content=\"article\" \/>\n<meta property=\"og:title\" content=\"Leningradi oblasti keskvepsa maailm | Akadeemiline Rahvaluule Selts\" \/>\n<meta property=\"og:description\" content=\"Ettekandes leiavad kajastamist 2007. aasta juulis\u00a0Kesk-Vepsa\u00a0k\u00fclades kohatud eredaimad keelejuhid ning nende poolt r\u00e4\u00e4gitu p\u00f5hjal kujunema hakanud kujutlus piirkonna\u00a0vepsa\u00a0p\u00e4rimuskultuuri kui terviku iseloomulikest dominantidest. V\u00f5\u00f5ras keskkonnas hakkab uurija talle tundmatut elustikku\u00a0oma-ndama\u00a0oma k\u00fcsimusi esitades, mis toimub uurijale oluliste ja mingite mallide l\u00e4bi juba selgeks m\u00f5eldud skeemide j\u00e4rgi. Nii arvab ta l\u00e4henevat k\u00f5ige paremini uuritavale materjalile. Keelejuht v\u00f5ib tahta [&hellip;]\" \/>\n<meta property=\"og:url\" content=\"https:\/\/www.folklore.ee\/ars\/uritused\/arhiiv\/kogumiskonverents-2007-ajakava\/leningradi-oblasti-keskvepsa-maailm\/\" \/>\n<meta property=\"og:site_name\" content=\"Akadeemiline Rahvaluule Selts\" \/>\n<meta name=\"twitter:card\" content=\"summary_large_image\" \/>\n<meta name=\"twitter:label1\" content=\"Est. reading time\" \/>\n\t<meta name=\"twitter:data1\" content=\"1 minute\" \/>\n<script type=\"application\/ld+json\" class=\"yoast-schema-graph\">{\"@context\":\"https:\/\/schema.org\",\"@graph\":[{\"@type\":\"WebPage\",\"@id\":\"https:\/\/www.folklore.ee\/ars\/uritused\/arhiiv\/kogumiskonverents-2007-ajakava\/leningradi-oblasti-keskvepsa-maailm\/\",\"url\":\"https:\/\/www.folklore.ee\/ars\/uritused\/arhiiv\/kogumiskonverents-2007-ajakava\/leningradi-oblasti-keskvepsa-maailm\/\",\"name\":\"Leningradi oblasti keskvepsa maailm | Akadeemiline Rahvaluule Selts\",\"isPartOf\":{\"@id\":\"https:\/\/www.folklore.ee\/ars\/#website\"},\"datePublished\":\"2023-09-26T12:31:10+00:00\",\"dateModified\":\"2023-09-26T12:31:10+00:00\",\"breadcrumb\":{\"@id\":\"https:\/\/www.folklore.ee\/ars\/uritused\/arhiiv\/kogumiskonverents-2007-ajakava\/leningradi-oblasti-keskvepsa-maailm\/#breadcrumb\"},\"inLanguage\":\"en-US\",\"potentialAction\":[{\"@type\":\"ReadAction\",\"target\":[\"https:\/\/www.folklore.ee\/ars\/uritused\/arhiiv\/kogumiskonverents-2007-ajakava\/leningradi-oblasti-keskvepsa-maailm\/\"]}]},{\"@type\":\"BreadcrumbList\",\"@id\":\"https:\/\/www.folklore.ee\/ars\/uritused\/arhiiv\/kogumiskonverents-2007-ajakava\/leningradi-oblasti-keskvepsa-maailm\/#breadcrumb\",\"itemListElement\":[{\"@type\":\"ListItem\",\"position\":1,\"name\":\"Avaleht\",\"item\":\"https:\/\/www.folklore.ee\/ars\/\"},{\"@type\":\"ListItem\",\"position\":2,\"name\":\"\u00dcritused\",\"item\":\"https:\/\/www.folklore.ee\/ars\/uritused\/\"},{\"@type\":\"ListItem\",\"position\":3,\"name\":\"Arhiiv\",\"item\":\"https:\/\/www.folklore.ee\/ars\/uritused\/arhiiv\/\"},{\"@type\":\"ListItem\",\"position\":4,\"name\":\"Kogumiskonverents 2007 ajakava\",\"item\":\"https:\/\/www.folklore.ee\/ars\/uritused\/arhiiv\/kogumiskonverents-2007-ajakava\/\"},{\"@type\":\"ListItem\",\"position\":5,\"name\":\"Leningradi oblasti keskvepsa maailm\"}]},{\"@type\":\"WebSite\",\"@id\":\"https:\/\/www.folklore.ee\/ars\/#website\",\"url\":\"https:\/\/www.folklore.ee\/ars\/\",\"name\":\"Akadeemiline Rahvaluule Selts\",\"description\":\"Folkloristide, \u00fcli\u00f5pilaste ja k\u00f5igi rahvaluulest huvitatute \u00fchendus, mis aitab kaasa rahvaluule kogumisele, tutvustamisele, uurimisele ja publitseerimisele.\",\"potentialAction\":[{\"@type\":\"SearchAction\",\"target\":{\"@type\":\"EntryPoint\",\"urlTemplate\":\"https:\/\/www.folklore.ee\/ars\/?s={search_term_string}\"},\"query-input\":\"required name=search_term_string\"}],\"inLanguage\":\"en-US\"}]}<\/script>\n<!-- \/ Yoast SEO plugin. -->","yoast_head_json":{"title":"Leningradi oblasti keskvepsa maailm | Akadeemiline Rahvaluule Selts","robots":{"index":"index","follow":"follow","max-snippet":"max-snippet:-1","max-image-preview":"max-image-preview:large","max-video-preview":"max-video-preview:-1"},"canonical":"https:\/\/www.folklore.ee\/ars\/uritused\/arhiiv\/kogumiskonverents-2007-ajakava\/leningradi-oblasti-keskvepsa-maailm\/","og_locale":"en_US","og_type":"article","og_title":"Leningradi oblasti keskvepsa maailm | Akadeemiline Rahvaluule Selts","og_description":"Ettekandes leiavad kajastamist 2007. aasta juulis\u00a0Kesk-Vepsa\u00a0k\u00fclades kohatud eredaimad keelejuhid ning nende poolt r\u00e4\u00e4gitu p\u00f5hjal kujunema hakanud kujutlus piirkonna\u00a0vepsa\u00a0p\u00e4rimuskultuuri kui terviku iseloomulikest dominantidest. V\u00f5\u00f5ras keskkonnas hakkab uurija talle tundmatut elustikku\u00a0oma-ndama\u00a0oma k\u00fcsimusi esitades, mis toimub uurijale oluliste ja mingite mallide l\u00e4bi juba selgeks m\u00f5eldud skeemide j\u00e4rgi. Nii arvab ta l\u00e4henevat k\u00f5ige paremini uuritavale materjalile. Keelejuht v\u00f5ib tahta [&hellip;]","og_url":"https:\/\/www.folklore.ee\/ars\/uritused\/arhiiv\/kogumiskonverents-2007-ajakava\/leningradi-oblasti-keskvepsa-maailm\/","og_site_name":"Akadeemiline Rahvaluule Selts","twitter_card":"summary_large_image","twitter_misc":{"Est. reading time":"1 minute"},"schema":{"@context":"https:\/\/schema.org","@graph":[{"@type":"WebPage","@id":"https:\/\/www.folklore.ee\/ars\/uritused\/arhiiv\/kogumiskonverents-2007-ajakava\/leningradi-oblasti-keskvepsa-maailm\/","url":"https:\/\/www.folklore.ee\/ars\/uritused\/arhiiv\/kogumiskonverents-2007-ajakava\/leningradi-oblasti-keskvepsa-maailm\/","name":"Leningradi oblasti keskvepsa maailm | Akadeemiline Rahvaluule Selts","isPartOf":{"@id":"https:\/\/www.folklore.ee\/ars\/#website"},"datePublished":"2023-09-26T12:31:10+00:00","dateModified":"2023-09-26T12:31:10+00:00","breadcrumb":{"@id":"https:\/\/www.folklore.ee\/ars\/uritused\/arhiiv\/kogumiskonverents-2007-ajakava\/leningradi-oblasti-keskvepsa-maailm\/#breadcrumb"},"inLanguage":"en-US","potentialAction":[{"@type":"ReadAction","target":["https:\/\/www.folklore.ee\/ars\/uritused\/arhiiv\/kogumiskonverents-2007-ajakava\/leningradi-oblasti-keskvepsa-maailm\/"]}]},{"@type":"BreadcrumbList","@id":"https:\/\/www.folklore.ee\/ars\/uritused\/arhiiv\/kogumiskonverents-2007-ajakava\/leningradi-oblasti-keskvepsa-maailm\/#breadcrumb","itemListElement":[{"@type":"ListItem","position":1,"name":"Avaleht","item":"https:\/\/www.folklore.ee\/ars\/"},{"@type":"ListItem","position":2,"name":"\u00dcritused","item":"https:\/\/www.folklore.ee\/ars\/uritused\/"},{"@type":"ListItem","position":3,"name":"Arhiiv","item":"https:\/\/www.folklore.ee\/ars\/uritused\/arhiiv\/"},{"@type":"ListItem","position":4,"name":"Kogumiskonverents 2007 ajakava","item":"https:\/\/www.folklore.ee\/ars\/uritused\/arhiiv\/kogumiskonverents-2007-ajakava\/"},{"@type":"ListItem","position":5,"name":"Leningradi oblasti keskvepsa maailm"}]},{"@type":"WebSite","@id":"https:\/\/www.folklore.ee\/ars\/#website","url":"https:\/\/www.folklore.ee\/ars\/","name":"Akadeemiline Rahvaluule Selts","description":"Folkloristide, \u00fcli\u00f5pilaste ja k\u00f5igi rahvaluulest huvitatute \u00fchendus, mis aitab kaasa rahvaluule kogumisele, tutvustamisele, uurimisele ja publitseerimisele.","potentialAction":[{"@type":"SearchAction","target":{"@type":"EntryPoint","urlTemplate":"https:\/\/www.folklore.ee\/ars\/?s={search_term_string}"},"query-input":"required name=search_term_string"}],"inLanguage":"en-US"}]}},"_links":{"self":[{"href":"https:\/\/www.folklore.ee\/ars\/wp-json\/wp\/v2\/pages\/507","targetHints":{"allow":["GET"]}}],"collection":[{"href":"https:\/\/www.folklore.ee\/ars\/wp-json\/wp\/v2\/pages"}],"about":[{"href":"https:\/\/www.folklore.ee\/ars\/wp-json\/wp\/v2\/types\/page"}],"author":[{"embeddable":true,"href":"https:\/\/www.folklore.ee\/ars\/wp-json\/wp\/v2\/users\/1"}],"replies":[{"embeddable":true,"href":"https:\/\/www.folklore.ee\/ars\/wp-json\/wp\/v2\/comments?post=507"}],"version-history":[{"count":1,"href":"https:\/\/www.folklore.ee\/ars\/wp-json\/wp\/v2\/pages\/507\/revisions"}],"predecessor-version":[{"id":508,"href":"https:\/\/www.folklore.ee\/ars\/wp-json\/wp\/v2\/pages\/507\/revisions\/508"}],"up":[{"embeddable":true,"href":"https:\/\/www.folklore.ee\/ars\/wp-json\/wp\/v2\/pages\/470"}],"wp:attachment":[{"href":"https:\/\/www.folklore.ee\/ars\/wp-json\/wp\/v2\/media?parent=507"}],"curies":[{"name":"wp","href":"https:\/\/api.w.org\/{rel}","templated":true}]}}