{"id":505,"date":"2023-09-26T12:30:29","date_gmt":"2023-09-26T12:30:29","guid":{"rendered":"https:\/\/www.folklore.ee\/ars\/?page_id=505"},"modified":"2023-09-26T12:30:29","modified_gmt":"2023-09-26T12:30:29","slug":"jizda-kralu-kuidas-maarimaa-hundikula-endale-uue-kuninga-sai","status":"publish","type":"page","link":"https:\/\/www.folklore.ee\/ars\/uritused\/arhiiv\/kogumiskonverents-2007-ajakava\/jizda-kralu-kuidas-maarimaa-hundikula-endale-uue-kuninga-sai\/","title":{"rendered":"J\u00edzda kr\u00e1l\u016f\u00a0\u2013 kuidas M\u00e4\u00e4rimaa Hundik\u00fcla endale uue kuninga sai"},"content":{"rendered":"\n<p>Vl\u010dnovis\u00a0t\u00e4navu 25.-26. maini toimunud s\u00fcndmus\u00a0<em>j\u00edzda\u00a0kr\u00e1l\u016f<\/em>\u00a0\u2013 kuninga s\u00f5it \u2013 on kujunenud enimk\u00fclastatud folkloorifestivaliks T\u0161ehhimaal. Festivali keskmes on p\u00fchap\u00e4eval toimuv protsessioon, mille peakangelane \u2013 kuningas \u2013 valitakse 10.-12. aastaste poiste hulgast. Kuninga relvastatud ihukaitsjateks on kaks sama vana poissi, ratsasalga aga moodustavad nekrutid \u2013 18. aastaseks saanud noormehed. Selline komme, mis veel 19. sajandil oli laialt levinud lisaks\u00a0M\u00e4\u00e4rimaale\u00a0veel B\u00f6\u00f6mimaal ja Slovakkias, on t\u00e4naseks s\u00e4ilinud vaid\u00a0Vl\u010dnovis. M\u00f5ned uurijad n\u00e4evad selles vana nelip\u00fchade t\u00e4histamise rituaali j\u00e4tku, m\u00f5ned seostavad kuninga s\u00f5idu ajalooliste s\u00fcndmustega \u2013 s\u00f5jaga T\u0161ehhi kuninga\u00a0Ji\u0159\u00ed\u00a0Pod\u0115brady\u00a0(1420-1471) ja Ungari kuninga\u00a0Mathias\u00a0Corvini\u00a0(1443-1490) vahel. Samas seostub kuninga s\u00f5it ka initsiatsiooniriitustega, sest lisaks t\u00e4isikka j\u00f5udnud poistele on selles eriline koht ka sama vanadel neidudel.<\/p>\n","protected":false},"excerpt":{"rendered":"<p>Vl\u010dnovis\u00a0t\u00e4navu 25.-26. maini toimunud s\u00fcndmus\u00a0j\u00edzda\u00a0kr\u00e1l\u016f\u00a0\u2013 kuninga s\u00f5it \u2013 on kujunenud enimk\u00fclastatud folkloorifestivaliks T\u0161ehhimaal. Festivali keskmes on p\u00fchap\u00e4eval toimuv protsessioon, mille peakangelane \u2013 kuningas \u2013 valitakse 10.-12. aastaste poiste hulgast. Kuninga relvastatud ihukaitsjateks on kaks sama vana poissi, ratsasalga aga moodustavad nekrutid \u2013 18. aastaseks saanud noormehed. Selline komme, mis veel 19. sajandil oli laialt levinud [&hellip;]<\/p>\n","protected":false},"author":1,"featured_media":0,"parent":470,"menu_order":0,"comment_status":"closed","ping_status":"closed","template":"","meta":{"footnotes":""},"class_list":["post-505","page","type-page","status-publish","hentry"],"yoast_head":"<!-- This site is optimized with the Yoast SEO plugin v20.12 - https:\/\/yoast.com\/wordpress\/plugins\/seo\/ -->\n<title>J\u00edzda kr\u00e1l\u016f\u00a0\u2013 kuidas M\u00e4\u00e4rimaa Hundik\u00fcla endale uue kuninga sai | Akadeemiline Rahvaluule Selts<\/title>\n<meta name=\"robots\" content=\"index, follow, max-snippet:-1, max-image-preview:large, max-video-preview:-1\" \/>\n<link rel=\"canonical\" href=\"https:\/\/www.folklore.ee\/ars\/uritused\/arhiiv\/kogumiskonverents-2007-ajakava\/jizda-kralu-kuidas-maarimaa-hundikula-endale-uue-kuninga-sai\/\" \/>\n<meta property=\"og:locale\" content=\"en_US\" \/>\n<meta property=\"og:type\" content=\"article\" \/>\n<meta property=\"og:title\" content=\"J\u00edzda kr\u00e1l\u016f\u00a0\u2013 kuidas M\u00e4\u00e4rimaa Hundik\u00fcla endale uue kuninga sai | Akadeemiline Rahvaluule Selts\" \/>\n<meta property=\"og:description\" content=\"Vl\u010dnovis\u00a0t\u00e4navu 25.-26. maini toimunud s\u00fcndmus\u00a0j\u00edzda\u00a0kr\u00e1l\u016f\u00a0\u2013 kuninga s\u00f5it \u2013 on kujunenud enimk\u00fclastatud folkloorifestivaliks T\u0161ehhimaal. Festivali keskmes on p\u00fchap\u00e4eval toimuv protsessioon, mille peakangelane \u2013 kuningas \u2013 valitakse 10.-12. aastaste poiste hulgast. Kuninga relvastatud ihukaitsjateks on kaks sama vana poissi, ratsasalga aga moodustavad nekrutid \u2013 18. aastaseks saanud noormehed. Selline komme, mis veel 19. sajandil oli laialt levinud [&hellip;]\" \/>\n<meta property=\"og:url\" content=\"https:\/\/www.folklore.ee\/ars\/uritused\/arhiiv\/kogumiskonverents-2007-ajakava\/jizda-kralu-kuidas-maarimaa-hundikula-endale-uue-kuninga-sai\/\" \/>\n<meta property=\"og:site_name\" content=\"Akadeemiline Rahvaluule Selts\" \/>\n<meta name=\"twitter:card\" content=\"summary_large_image\" \/>\n<meta name=\"twitter:label1\" content=\"Est. reading time\" \/>\n\t<meta name=\"twitter:data1\" content=\"1 minute\" \/>\n<script type=\"application\/ld+json\" class=\"yoast-schema-graph\">{\"@context\":\"https:\/\/schema.org\",\"@graph\":[{\"@type\":\"WebPage\",\"@id\":\"https:\/\/www.folklore.ee\/ars\/uritused\/arhiiv\/kogumiskonverents-2007-ajakava\/jizda-kralu-kuidas-maarimaa-hundikula-endale-uue-kuninga-sai\/\",\"url\":\"https:\/\/www.folklore.ee\/ars\/uritused\/arhiiv\/kogumiskonverents-2007-ajakava\/jizda-kralu-kuidas-maarimaa-hundikula-endale-uue-kuninga-sai\/\",\"name\":\"J\u00edzda kr\u00e1l\u016f\u00a0\u2013 kuidas M\u00e4\u00e4rimaa Hundik\u00fcla endale uue kuninga sai | Akadeemiline Rahvaluule Selts\",\"isPartOf\":{\"@id\":\"https:\/\/www.folklore.ee\/ars\/#website\"},\"datePublished\":\"2023-09-26T12:30:29+00:00\",\"dateModified\":\"2023-09-26T12:30:29+00:00\",\"breadcrumb\":{\"@id\":\"https:\/\/www.folklore.ee\/ars\/uritused\/arhiiv\/kogumiskonverents-2007-ajakava\/jizda-kralu-kuidas-maarimaa-hundikula-endale-uue-kuninga-sai\/#breadcrumb\"},\"inLanguage\":\"en-US\",\"potentialAction\":[{\"@type\":\"ReadAction\",\"target\":[\"https:\/\/www.folklore.ee\/ars\/uritused\/arhiiv\/kogumiskonverents-2007-ajakava\/jizda-kralu-kuidas-maarimaa-hundikula-endale-uue-kuninga-sai\/\"]}]},{\"@type\":\"BreadcrumbList\",\"@id\":\"https:\/\/www.folklore.ee\/ars\/uritused\/arhiiv\/kogumiskonverents-2007-ajakava\/jizda-kralu-kuidas-maarimaa-hundikula-endale-uue-kuninga-sai\/#breadcrumb\",\"itemListElement\":[{\"@type\":\"ListItem\",\"position\":1,\"name\":\"Avaleht\",\"item\":\"https:\/\/www.folklore.ee\/ars\/\"},{\"@type\":\"ListItem\",\"position\":2,\"name\":\"\u00dcritused\",\"item\":\"https:\/\/www.folklore.ee\/ars\/uritused\/\"},{\"@type\":\"ListItem\",\"position\":3,\"name\":\"Arhiiv\",\"item\":\"https:\/\/www.folklore.ee\/ars\/uritused\/arhiiv\/\"},{\"@type\":\"ListItem\",\"position\":4,\"name\":\"Kogumiskonverents 2007 ajakava\",\"item\":\"https:\/\/www.folklore.ee\/ars\/uritused\/arhiiv\/kogumiskonverents-2007-ajakava\/\"},{\"@type\":\"ListItem\",\"position\":5,\"name\":\"J\u00edzda kr\u00e1l\u016f\u00a0\u2013 kuidas M\u00e4\u00e4rimaa Hundik\u00fcla endale uue kuninga sai\"}]},{\"@type\":\"WebSite\",\"@id\":\"https:\/\/www.folklore.ee\/ars\/#website\",\"url\":\"https:\/\/www.folklore.ee\/ars\/\",\"name\":\"Akadeemiline Rahvaluule Selts\",\"description\":\"Folkloristide, \u00fcli\u00f5pilaste ja k\u00f5igi rahvaluulest huvitatute \u00fchendus, mis aitab kaasa rahvaluule kogumisele, tutvustamisele, uurimisele ja publitseerimisele.\",\"potentialAction\":[{\"@type\":\"SearchAction\",\"target\":{\"@type\":\"EntryPoint\",\"urlTemplate\":\"https:\/\/www.folklore.ee\/ars\/?s={search_term_string}\"},\"query-input\":\"required name=search_term_string\"}],\"inLanguage\":\"en-US\"}]}<\/script>\n<!-- \/ Yoast SEO plugin. -->","yoast_head_json":{"title":"J\u00edzda kr\u00e1l\u016f\u00a0\u2013 kuidas M\u00e4\u00e4rimaa Hundik\u00fcla endale uue kuninga sai | Akadeemiline Rahvaluule Selts","robots":{"index":"index","follow":"follow","max-snippet":"max-snippet:-1","max-image-preview":"max-image-preview:large","max-video-preview":"max-video-preview:-1"},"canonical":"https:\/\/www.folklore.ee\/ars\/uritused\/arhiiv\/kogumiskonverents-2007-ajakava\/jizda-kralu-kuidas-maarimaa-hundikula-endale-uue-kuninga-sai\/","og_locale":"en_US","og_type":"article","og_title":"J\u00edzda kr\u00e1l\u016f\u00a0\u2013 kuidas M\u00e4\u00e4rimaa Hundik\u00fcla endale uue kuninga sai | Akadeemiline Rahvaluule Selts","og_description":"Vl\u010dnovis\u00a0t\u00e4navu 25.-26. maini toimunud s\u00fcndmus\u00a0j\u00edzda\u00a0kr\u00e1l\u016f\u00a0\u2013 kuninga s\u00f5it \u2013 on kujunenud enimk\u00fclastatud folkloorifestivaliks T\u0161ehhimaal. Festivali keskmes on p\u00fchap\u00e4eval toimuv protsessioon, mille peakangelane \u2013 kuningas \u2013 valitakse 10.-12. aastaste poiste hulgast. Kuninga relvastatud ihukaitsjateks on kaks sama vana poissi, ratsasalga aga moodustavad nekrutid \u2013 18. aastaseks saanud noormehed. Selline komme, mis veel 19. sajandil oli laialt levinud [&hellip;]","og_url":"https:\/\/www.folklore.ee\/ars\/uritused\/arhiiv\/kogumiskonverents-2007-ajakava\/jizda-kralu-kuidas-maarimaa-hundikula-endale-uue-kuninga-sai\/","og_site_name":"Akadeemiline Rahvaluule Selts","twitter_card":"summary_large_image","twitter_misc":{"Est. reading time":"1 minute"},"schema":{"@context":"https:\/\/schema.org","@graph":[{"@type":"WebPage","@id":"https:\/\/www.folklore.ee\/ars\/uritused\/arhiiv\/kogumiskonverents-2007-ajakava\/jizda-kralu-kuidas-maarimaa-hundikula-endale-uue-kuninga-sai\/","url":"https:\/\/www.folklore.ee\/ars\/uritused\/arhiiv\/kogumiskonverents-2007-ajakava\/jizda-kralu-kuidas-maarimaa-hundikula-endale-uue-kuninga-sai\/","name":"J\u00edzda kr\u00e1l\u016f\u00a0\u2013 kuidas M\u00e4\u00e4rimaa Hundik\u00fcla endale uue kuninga sai | Akadeemiline Rahvaluule Selts","isPartOf":{"@id":"https:\/\/www.folklore.ee\/ars\/#website"},"datePublished":"2023-09-26T12:30:29+00:00","dateModified":"2023-09-26T12:30:29+00:00","breadcrumb":{"@id":"https:\/\/www.folklore.ee\/ars\/uritused\/arhiiv\/kogumiskonverents-2007-ajakava\/jizda-kralu-kuidas-maarimaa-hundikula-endale-uue-kuninga-sai\/#breadcrumb"},"inLanguage":"en-US","potentialAction":[{"@type":"ReadAction","target":["https:\/\/www.folklore.ee\/ars\/uritused\/arhiiv\/kogumiskonverents-2007-ajakava\/jizda-kralu-kuidas-maarimaa-hundikula-endale-uue-kuninga-sai\/"]}]},{"@type":"BreadcrumbList","@id":"https:\/\/www.folklore.ee\/ars\/uritused\/arhiiv\/kogumiskonverents-2007-ajakava\/jizda-kralu-kuidas-maarimaa-hundikula-endale-uue-kuninga-sai\/#breadcrumb","itemListElement":[{"@type":"ListItem","position":1,"name":"Avaleht","item":"https:\/\/www.folklore.ee\/ars\/"},{"@type":"ListItem","position":2,"name":"\u00dcritused","item":"https:\/\/www.folklore.ee\/ars\/uritused\/"},{"@type":"ListItem","position":3,"name":"Arhiiv","item":"https:\/\/www.folklore.ee\/ars\/uritused\/arhiiv\/"},{"@type":"ListItem","position":4,"name":"Kogumiskonverents 2007 ajakava","item":"https:\/\/www.folklore.ee\/ars\/uritused\/arhiiv\/kogumiskonverents-2007-ajakava\/"},{"@type":"ListItem","position":5,"name":"J\u00edzda kr\u00e1l\u016f\u00a0\u2013 kuidas M\u00e4\u00e4rimaa Hundik\u00fcla endale uue kuninga sai"}]},{"@type":"WebSite","@id":"https:\/\/www.folklore.ee\/ars\/#website","url":"https:\/\/www.folklore.ee\/ars\/","name":"Akadeemiline Rahvaluule Selts","description":"Folkloristide, \u00fcli\u00f5pilaste ja k\u00f5igi rahvaluulest huvitatute \u00fchendus, mis aitab kaasa rahvaluule kogumisele, tutvustamisele, uurimisele ja publitseerimisele.","potentialAction":[{"@type":"SearchAction","target":{"@type":"EntryPoint","urlTemplate":"https:\/\/www.folklore.ee\/ars\/?s={search_term_string}"},"query-input":"required name=search_term_string"}],"inLanguage":"en-US"}]}},"_links":{"self":[{"href":"https:\/\/www.folklore.ee\/ars\/wp-json\/wp\/v2\/pages\/505","targetHints":{"allow":["GET"]}}],"collection":[{"href":"https:\/\/www.folklore.ee\/ars\/wp-json\/wp\/v2\/pages"}],"about":[{"href":"https:\/\/www.folklore.ee\/ars\/wp-json\/wp\/v2\/types\/page"}],"author":[{"embeddable":true,"href":"https:\/\/www.folklore.ee\/ars\/wp-json\/wp\/v2\/users\/1"}],"replies":[{"embeddable":true,"href":"https:\/\/www.folklore.ee\/ars\/wp-json\/wp\/v2\/comments?post=505"}],"version-history":[{"count":1,"href":"https:\/\/www.folklore.ee\/ars\/wp-json\/wp\/v2\/pages\/505\/revisions"}],"predecessor-version":[{"id":506,"href":"https:\/\/www.folklore.ee\/ars\/wp-json\/wp\/v2\/pages\/505\/revisions\/506"}],"up":[{"embeddable":true,"href":"https:\/\/www.folklore.ee\/ars\/wp-json\/wp\/v2\/pages\/470"}],"wp:attachment":[{"href":"https:\/\/www.folklore.ee\/ars\/wp-json\/wp\/v2\/media?parent=505"}],"curies":[{"name":"wp","href":"https:\/\/api.w.org\/{rel}","templated":true}]}}