{"id":502,"date":"2023-09-26T12:09:08","date_gmt":"2023-09-26T12:09:08","guid":{"rendered":"https:\/\/www.folklore.ee\/ars\/?page_id=502"},"modified":"2023-09-26T12:09:08","modified_gmt":"2023-09-26T12:09:08","slug":"august-kingu-reisikaaslane-richard-vilmansen","status":"publish","type":"page","link":"https:\/\/www.folklore.ee\/ars\/uritused\/arhiiv\/kogumiskonverents-2007-ajakava\/august-kingu-reisikaaslane-richard-vilmansen\/","title":{"rendered":"August Kingu reisikaaslane Richard Vilmansen"},"content":{"rendered":"\n<p>ARS-i koosolekul, 29. septembril 2005 pidasin ettekande \u201eEesti \u00dcli\u00f5pilaste Seltsi stipendiaat August Kingu\u201d. Kuigi tookord keskendus jutt T\u00dc meditsiini\u00fcli\u00f5pilasele August Kingule, oli paratamatult juttu ka Peterburi muusikatudengist&nbsp;<strong>Richard Vilmansenist<\/strong>, samuti nende \u00fchisest veidi s\u00fcrrealistlikust kogumisreisist Vaivara ja J\u00f5hvi kihelkonda 1913. aasta varasuvel.<\/p>\n\n\n\n<p>Kaks aastat tagasi ei osanud ma \u00f6elda midagi Richard Vilmanseni eluk\u00e4igu kohta, kuigi seda minult otse k\u00fcsiti. N\u00fc\u00fcd on v\u00f5imalus viga parandada. Viimastel kuudel olen leidnud huvitavat teavet selle rahvaluulekoguja kohta, mida m\u00f5neminutilises s\u00f5nav\u00f5tus tutvustan. Kogumiskonverentsi p\u00e4evakavva sobib s\u00f5nav\u00f5tt kasv\u00f5i sellet\u00f5ttu, et n\u00e4itab endisaegsete rahvaluulekogujate elulooandmete kogumise v\u00f5imalikkust t\u00e4naselgi p\u00e4eval.<\/p>\n","protected":false},"excerpt":{"rendered":"<p>ARS-i koosolekul, 29. septembril 2005 pidasin ettekande \u201eEesti \u00dcli\u00f5pilaste Seltsi stipendiaat August Kingu\u201d. Kuigi tookord keskendus jutt T\u00dc meditsiini\u00fcli\u00f5pilasele August Kingule, oli paratamatult juttu ka Peterburi muusikatudengist&nbsp;Richard Vilmansenist, samuti nende \u00fchisest veidi s\u00fcrrealistlikust kogumisreisist Vaivara ja J\u00f5hvi kihelkonda 1913. aasta varasuvel. Kaks aastat tagasi ei osanud ma \u00f6elda midagi Richard Vilmanseni eluk\u00e4igu kohta, kuigi seda [&hellip;]<\/p>\n","protected":false},"author":1,"featured_media":0,"parent":470,"menu_order":0,"comment_status":"closed","ping_status":"closed","template":"","meta":{"footnotes":""},"class_list":["post-502","page","type-page","status-publish","hentry"],"yoast_head":"<!-- This site is optimized with the Yoast SEO plugin v20.12 - https:\/\/yoast.com\/wordpress\/plugins\/seo\/ -->\n<title>August Kingu reisikaaslane Richard Vilmansen | Akadeemiline Rahvaluule Selts<\/title>\n<meta name=\"robots\" content=\"index, follow, max-snippet:-1, max-image-preview:large, max-video-preview:-1\" \/>\n<link rel=\"canonical\" href=\"https:\/\/www.folklore.ee\/ars\/uritused\/arhiiv\/kogumiskonverents-2007-ajakava\/august-kingu-reisikaaslane-richard-vilmansen\/\" \/>\n<meta property=\"og:locale\" content=\"en_US\" \/>\n<meta property=\"og:type\" content=\"article\" \/>\n<meta property=\"og:title\" content=\"August Kingu reisikaaslane Richard Vilmansen | Akadeemiline Rahvaluule Selts\" \/>\n<meta property=\"og:description\" content=\"ARS-i koosolekul, 29. septembril 2005 pidasin ettekande \u201eEesti \u00dcli\u00f5pilaste Seltsi stipendiaat August Kingu\u201d. Kuigi tookord keskendus jutt T\u00dc meditsiini\u00fcli\u00f5pilasele August Kingule, oli paratamatult juttu ka Peterburi muusikatudengist&nbsp;Richard Vilmansenist, samuti nende \u00fchisest veidi s\u00fcrrealistlikust kogumisreisist Vaivara ja J\u00f5hvi kihelkonda 1913. aasta varasuvel. Kaks aastat tagasi ei osanud ma \u00f6elda midagi Richard Vilmanseni eluk\u00e4igu kohta, kuigi seda [&hellip;]\" \/>\n<meta property=\"og:url\" content=\"https:\/\/www.folklore.ee\/ars\/uritused\/arhiiv\/kogumiskonverents-2007-ajakava\/august-kingu-reisikaaslane-richard-vilmansen\/\" \/>\n<meta property=\"og:site_name\" content=\"Akadeemiline Rahvaluule Selts\" \/>\n<meta name=\"twitter:card\" content=\"summary_large_image\" \/>\n<meta name=\"twitter:label1\" content=\"Est. reading time\" \/>\n\t<meta name=\"twitter:data1\" content=\"1 minute\" \/>\n<script type=\"application\/ld+json\" class=\"yoast-schema-graph\">{\"@context\":\"https:\/\/schema.org\",\"@graph\":[{\"@type\":\"WebPage\",\"@id\":\"https:\/\/www.folklore.ee\/ars\/uritused\/arhiiv\/kogumiskonverents-2007-ajakava\/august-kingu-reisikaaslane-richard-vilmansen\/\",\"url\":\"https:\/\/www.folklore.ee\/ars\/uritused\/arhiiv\/kogumiskonverents-2007-ajakava\/august-kingu-reisikaaslane-richard-vilmansen\/\",\"name\":\"August Kingu reisikaaslane Richard Vilmansen | Akadeemiline Rahvaluule Selts\",\"isPartOf\":{\"@id\":\"https:\/\/www.folklore.ee\/ars\/#website\"},\"datePublished\":\"2023-09-26T12:09:08+00:00\",\"dateModified\":\"2023-09-26T12:09:08+00:00\",\"breadcrumb\":{\"@id\":\"https:\/\/www.folklore.ee\/ars\/uritused\/arhiiv\/kogumiskonverents-2007-ajakava\/august-kingu-reisikaaslane-richard-vilmansen\/#breadcrumb\"},\"inLanguage\":\"en-US\",\"potentialAction\":[{\"@type\":\"ReadAction\",\"target\":[\"https:\/\/www.folklore.ee\/ars\/uritused\/arhiiv\/kogumiskonverents-2007-ajakava\/august-kingu-reisikaaslane-richard-vilmansen\/\"]}]},{\"@type\":\"BreadcrumbList\",\"@id\":\"https:\/\/www.folklore.ee\/ars\/uritused\/arhiiv\/kogumiskonverents-2007-ajakava\/august-kingu-reisikaaslane-richard-vilmansen\/#breadcrumb\",\"itemListElement\":[{\"@type\":\"ListItem\",\"position\":1,\"name\":\"Avaleht\",\"item\":\"https:\/\/www.folklore.ee\/ars\/\"},{\"@type\":\"ListItem\",\"position\":2,\"name\":\"\u00dcritused\",\"item\":\"https:\/\/www.folklore.ee\/ars\/uritused\/\"},{\"@type\":\"ListItem\",\"position\":3,\"name\":\"Arhiiv\",\"item\":\"https:\/\/www.folklore.ee\/ars\/uritused\/arhiiv\/\"},{\"@type\":\"ListItem\",\"position\":4,\"name\":\"Kogumiskonverents 2007 ajakava\",\"item\":\"https:\/\/www.folklore.ee\/ars\/uritused\/arhiiv\/kogumiskonverents-2007-ajakava\/\"},{\"@type\":\"ListItem\",\"position\":5,\"name\":\"August Kingu reisikaaslane Richard Vilmansen\"}]},{\"@type\":\"WebSite\",\"@id\":\"https:\/\/www.folklore.ee\/ars\/#website\",\"url\":\"https:\/\/www.folklore.ee\/ars\/\",\"name\":\"Akadeemiline Rahvaluule Selts\",\"description\":\"Folkloristide, \u00fcli\u00f5pilaste ja k\u00f5igi rahvaluulest huvitatute \u00fchendus, mis aitab kaasa rahvaluule kogumisele, tutvustamisele, uurimisele ja publitseerimisele.\",\"potentialAction\":[{\"@type\":\"SearchAction\",\"target\":{\"@type\":\"EntryPoint\",\"urlTemplate\":\"https:\/\/www.folklore.ee\/ars\/?s={search_term_string}\"},\"query-input\":\"required name=search_term_string\"}],\"inLanguage\":\"en-US\"}]}<\/script>\n<!-- \/ Yoast SEO plugin. -->","yoast_head_json":{"title":"August Kingu reisikaaslane Richard Vilmansen | Akadeemiline Rahvaluule Selts","robots":{"index":"index","follow":"follow","max-snippet":"max-snippet:-1","max-image-preview":"max-image-preview:large","max-video-preview":"max-video-preview:-1"},"canonical":"https:\/\/www.folklore.ee\/ars\/uritused\/arhiiv\/kogumiskonverents-2007-ajakava\/august-kingu-reisikaaslane-richard-vilmansen\/","og_locale":"en_US","og_type":"article","og_title":"August Kingu reisikaaslane Richard Vilmansen | Akadeemiline Rahvaluule Selts","og_description":"ARS-i koosolekul, 29. septembril 2005 pidasin ettekande \u201eEesti \u00dcli\u00f5pilaste Seltsi stipendiaat August Kingu\u201d. Kuigi tookord keskendus jutt T\u00dc meditsiini\u00fcli\u00f5pilasele August Kingule, oli paratamatult juttu ka Peterburi muusikatudengist&nbsp;Richard Vilmansenist, samuti nende \u00fchisest veidi s\u00fcrrealistlikust kogumisreisist Vaivara ja J\u00f5hvi kihelkonda 1913. aasta varasuvel. Kaks aastat tagasi ei osanud ma \u00f6elda midagi Richard Vilmanseni eluk\u00e4igu kohta, kuigi seda [&hellip;]","og_url":"https:\/\/www.folklore.ee\/ars\/uritused\/arhiiv\/kogumiskonverents-2007-ajakava\/august-kingu-reisikaaslane-richard-vilmansen\/","og_site_name":"Akadeemiline Rahvaluule Selts","twitter_card":"summary_large_image","twitter_misc":{"Est. reading time":"1 minute"},"schema":{"@context":"https:\/\/schema.org","@graph":[{"@type":"WebPage","@id":"https:\/\/www.folklore.ee\/ars\/uritused\/arhiiv\/kogumiskonverents-2007-ajakava\/august-kingu-reisikaaslane-richard-vilmansen\/","url":"https:\/\/www.folklore.ee\/ars\/uritused\/arhiiv\/kogumiskonverents-2007-ajakava\/august-kingu-reisikaaslane-richard-vilmansen\/","name":"August Kingu reisikaaslane Richard Vilmansen | Akadeemiline Rahvaluule Selts","isPartOf":{"@id":"https:\/\/www.folklore.ee\/ars\/#website"},"datePublished":"2023-09-26T12:09:08+00:00","dateModified":"2023-09-26T12:09:08+00:00","breadcrumb":{"@id":"https:\/\/www.folklore.ee\/ars\/uritused\/arhiiv\/kogumiskonverents-2007-ajakava\/august-kingu-reisikaaslane-richard-vilmansen\/#breadcrumb"},"inLanguage":"en-US","potentialAction":[{"@type":"ReadAction","target":["https:\/\/www.folklore.ee\/ars\/uritused\/arhiiv\/kogumiskonverents-2007-ajakava\/august-kingu-reisikaaslane-richard-vilmansen\/"]}]},{"@type":"BreadcrumbList","@id":"https:\/\/www.folklore.ee\/ars\/uritused\/arhiiv\/kogumiskonverents-2007-ajakava\/august-kingu-reisikaaslane-richard-vilmansen\/#breadcrumb","itemListElement":[{"@type":"ListItem","position":1,"name":"Avaleht","item":"https:\/\/www.folklore.ee\/ars\/"},{"@type":"ListItem","position":2,"name":"\u00dcritused","item":"https:\/\/www.folklore.ee\/ars\/uritused\/"},{"@type":"ListItem","position":3,"name":"Arhiiv","item":"https:\/\/www.folklore.ee\/ars\/uritused\/arhiiv\/"},{"@type":"ListItem","position":4,"name":"Kogumiskonverents 2007 ajakava","item":"https:\/\/www.folklore.ee\/ars\/uritused\/arhiiv\/kogumiskonverents-2007-ajakava\/"},{"@type":"ListItem","position":5,"name":"August Kingu reisikaaslane Richard Vilmansen"}]},{"@type":"WebSite","@id":"https:\/\/www.folklore.ee\/ars\/#website","url":"https:\/\/www.folklore.ee\/ars\/","name":"Akadeemiline Rahvaluule Selts","description":"Folkloristide, \u00fcli\u00f5pilaste ja k\u00f5igi rahvaluulest huvitatute \u00fchendus, mis aitab kaasa rahvaluule kogumisele, tutvustamisele, uurimisele ja publitseerimisele.","potentialAction":[{"@type":"SearchAction","target":{"@type":"EntryPoint","urlTemplate":"https:\/\/www.folklore.ee\/ars\/?s={search_term_string}"},"query-input":"required name=search_term_string"}],"inLanguage":"en-US"}]}},"_links":{"self":[{"href":"https:\/\/www.folklore.ee\/ars\/wp-json\/wp\/v2\/pages\/502","targetHints":{"allow":["GET"]}}],"collection":[{"href":"https:\/\/www.folklore.ee\/ars\/wp-json\/wp\/v2\/pages"}],"about":[{"href":"https:\/\/www.folklore.ee\/ars\/wp-json\/wp\/v2\/types\/page"}],"author":[{"embeddable":true,"href":"https:\/\/www.folklore.ee\/ars\/wp-json\/wp\/v2\/users\/1"}],"replies":[{"embeddable":true,"href":"https:\/\/www.folklore.ee\/ars\/wp-json\/wp\/v2\/comments?post=502"}],"version-history":[{"count":1,"href":"https:\/\/www.folklore.ee\/ars\/wp-json\/wp\/v2\/pages\/502\/revisions"}],"predecessor-version":[{"id":503,"href":"https:\/\/www.folklore.ee\/ars\/wp-json\/wp\/v2\/pages\/502\/revisions\/503"}],"up":[{"embeddable":true,"href":"https:\/\/www.folklore.ee\/ars\/wp-json\/wp\/v2\/pages\/470"}],"wp:attachment":[{"href":"https:\/\/www.folklore.ee\/ars\/wp-json\/wp\/v2\/media?parent=502"}],"curies":[{"name":"wp","href":"https:\/\/api.w.org\/{rel}","templated":true}]}}