{"id":499,"date":"2023-09-26T11:56:42","date_gmt":"2023-09-26T11:56:42","guid":{"rendered":"https:\/\/www.folklore.ee\/ars\/?page_id=499"},"modified":"2023-09-26T11:56:42","modified_gmt":"2023-09-26T11:56:42","slug":"kas-siin-noori-ka-on","status":"publish","type":"page","link":"https:\/\/www.folklore.ee\/ars\/uritused\/arhiiv\/kogumiskonverents-2007-ajakava\/kas-siin-noori-ka-on\/","title":{"rendered":"\u201eKas siin noori ka on?\u201c ehk v\u00e4lit\u00f6\u00f6praktika Setumaal"},"content":{"rendered":"\n<p><span style=\"font-family: Verdana; font-size: medium; white-space-collapse: collapse; color: initial;\">2007. aasta suvel toimusid T\u00dc \u00fcli\u00f5pilaste etnograafilised v\u00e4lit\u00f6\u00f6d Setumaal, eelk\u00f5ige Merem\u00e4e ning V\u00e4rska vallas. Suuremale osale \u00fcli\u00f5pilastest oli tegemist kohustusliku v\u00e4lit\u00f6\u00f6 praktikaga ning sellealase esmakogemusega.<\/span><p class=\"MsoNormal\" style=\"margin: 0cm 0cm 0.0001pt; font-size: medium; font-family: &quot;Times New Roman&quot;; white-space-collapse: collapse;\"><span style=\"font-family: Verdana;\">\u00a0V\u00e4lit\u00f6\u00f6del uuriti Setumaa elanike toimetulekustrateegiaid ning identiteeti ja selle muutumist. Seekord keskenduti just noorte arvamustele, samas ei j\u00e4\u00e4nud t\u00e4helepanuta ka vanem p\u00f5lvkond.\u00a0Ettekandes annan \u00fclevaate v\u00e4lit\u00f6\u00f6dest, isiklikest muljetest ning esialgsetest tulemustest.<\/span><\/p><\/p>\n","protected":false},"excerpt":{"rendered":"<p>2007. aasta suvel toimusid T\u00dc \u00fcli\u00f5pilaste etnograafilised v\u00e4lit\u00f6\u00f6d Setumaal, eelk\u00f5ige Merem\u00e4e ning V\u00e4rska vallas. Suuremale osale \u00fcli\u00f5pilastest oli tegemist kohustusliku v\u00e4lit\u00f6\u00f6 praktikaga ning sellealase esmakogemusega. \u00a0V\u00e4lit\u00f6\u00f6del uuriti Setumaa elanike toimetulekustrateegiaid ning identiteeti ja selle muutumist. Seekord keskenduti just noorte arvamustele, samas ei j\u00e4\u00e4nud t\u00e4helepanuta ka vanem p\u00f5lvkond.\u00a0Ettekandes annan \u00fclevaate v\u00e4lit\u00f6\u00f6dest, isiklikest muljetest ning esialgsetest tulemustest.<\/p>\n","protected":false},"author":1,"featured_media":0,"parent":470,"menu_order":0,"comment_status":"closed","ping_status":"closed","template":"","meta":{"footnotes":""},"class_list":["post-499","page","type-page","status-publish","hentry"],"yoast_head":"<!-- This site is optimized with the Yoast SEO plugin v20.12 - https:\/\/yoast.com\/wordpress\/plugins\/seo\/ -->\n<title>\u201eKas siin noori ka on?\u201c ehk v\u00e4lit\u00f6\u00f6praktika Setumaal | Akadeemiline Rahvaluule Selts<\/title>\n<meta name=\"robots\" content=\"index, follow, max-snippet:-1, max-image-preview:large, max-video-preview:-1\" \/>\n<link rel=\"canonical\" href=\"https:\/\/www.folklore.ee\/ars\/uritused\/arhiiv\/kogumiskonverents-2007-ajakava\/kas-siin-noori-ka-on\/\" \/>\n<meta property=\"og:locale\" content=\"en_US\" \/>\n<meta property=\"og:type\" content=\"article\" \/>\n<meta property=\"og:title\" content=\"\u201eKas siin noori ka on?\u201c ehk v\u00e4lit\u00f6\u00f6praktika Setumaal | Akadeemiline Rahvaluule Selts\" \/>\n<meta property=\"og:description\" content=\"2007. aasta suvel toimusid T\u00dc \u00fcli\u00f5pilaste etnograafilised v\u00e4lit\u00f6\u00f6d Setumaal, eelk\u00f5ige Merem\u00e4e ning V\u00e4rska vallas. Suuremale osale \u00fcli\u00f5pilastest oli tegemist kohustusliku v\u00e4lit\u00f6\u00f6 praktikaga ning sellealase esmakogemusega. \u00a0V\u00e4lit\u00f6\u00f6del uuriti Setumaa elanike toimetulekustrateegiaid ning identiteeti ja selle muutumist. Seekord keskenduti just noorte arvamustele, samas ei j\u00e4\u00e4nud t\u00e4helepanuta ka vanem p\u00f5lvkond.\u00a0Ettekandes annan \u00fclevaate v\u00e4lit\u00f6\u00f6dest, isiklikest muljetest ning esialgsetest tulemustest.\" \/>\n<meta property=\"og:url\" content=\"https:\/\/www.folklore.ee\/ars\/uritused\/arhiiv\/kogumiskonverents-2007-ajakava\/kas-siin-noori-ka-on\/\" \/>\n<meta property=\"og:site_name\" content=\"Akadeemiline Rahvaluule Selts\" \/>\n<meta name=\"twitter:card\" content=\"summary_large_image\" \/>\n<script type=\"application\/ld+json\" class=\"yoast-schema-graph\">{\"@context\":\"https:\/\/schema.org\",\"@graph\":[{\"@type\":\"WebPage\",\"@id\":\"https:\/\/www.folklore.ee\/ars\/uritused\/arhiiv\/kogumiskonverents-2007-ajakava\/kas-siin-noori-ka-on\/\",\"url\":\"https:\/\/www.folklore.ee\/ars\/uritused\/arhiiv\/kogumiskonverents-2007-ajakava\/kas-siin-noori-ka-on\/\",\"name\":\"\u201eKas siin noori ka on?\u201c ehk v\u00e4lit\u00f6\u00f6praktika Setumaal | Akadeemiline Rahvaluule Selts\",\"isPartOf\":{\"@id\":\"https:\/\/www.folklore.ee\/ars\/#website\"},\"datePublished\":\"2023-09-26T11:56:42+00:00\",\"dateModified\":\"2023-09-26T11:56:42+00:00\",\"breadcrumb\":{\"@id\":\"https:\/\/www.folklore.ee\/ars\/uritused\/arhiiv\/kogumiskonverents-2007-ajakava\/kas-siin-noori-ka-on\/#breadcrumb\"},\"inLanguage\":\"en-US\",\"potentialAction\":[{\"@type\":\"ReadAction\",\"target\":[\"https:\/\/www.folklore.ee\/ars\/uritused\/arhiiv\/kogumiskonverents-2007-ajakava\/kas-siin-noori-ka-on\/\"]}]},{\"@type\":\"BreadcrumbList\",\"@id\":\"https:\/\/www.folklore.ee\/ars\/uritused\/arhiiv\/kogumiskonverents-2007-ajakava\/kas-siin-noori-ka-on\/#breadcrumb\",\"itemListElement\":[{\"@type\":\"ListItem\",\"position\":1,\"name\":\"Avaleht\",\"item\":\"https:\/\/www.folklore.ee\/ars\/\"},{\"@type\":\"ListItem\",\"position\":2,\"name\":\"\u00dcritused\",\"item\":\"https:\/\/www.folklore.ee\/ars\/uritused\/\"},{\"@type\":\"ListItem\",\"position\":3,\"name\":\"Arhiiv\",\"item\":\"https:\/\/www.folklore.ee\/ars\/uritused\/arhiiv\/\"},{\"@type\":\"ListItem\",\"position\":4,\"name\":\"Kogumiskonverents 2007 ajakava\",\"item\":\"https:\/\/www.folklore.ee\/ars\/uritused\/arhiiv\/kogumiskonverents-2007-ajakava\/\"},{\"@type\":\"ListItem\",\"position\":5,\"name\":\"\u201eKas siin noori ka on?\u201c ehk v\u00e4lit\u00f6\u00f6praktika Setumaal\"}]},{\"@type\":\"WebSite\",\"@id\":\"https:\/\/www.folklore.ee\/ars\/#website\",\"url\":\"https:\/\/www.folklore.ee\/ars\/\",\"name\":\"Akadeemiline Rahvaluule Selts\",\"description\":\"Folkloristide, \u00fcli\u00f5pilaste ja k\u00f5igi rahvaluulest huvitatute \u00fchendus, mis aitab kaasa rahvaluule kogumisele, tutvustamisele, uurimisele ja publitseerimisele.\",\"potentialAction\":[{\"@type\":\"SearchAction\",\"target\":{\"@type\":\"EntryPoint\",\"urlTemplate\":\"https:\/\/www.folklore.ee\/ars\/?s={search_term_string}\"},\"query-input\":\"required name=search_term_string\"}],\"inLanguage\":\"en-US\"}]}<\/script>\n<!-- \/ Yoast SEO plugin. -->","yoast_head_json":{"title":"\u201eKas siin noori ka on?\u201c ehk v\u00e4lit\u00f6\u00f6praktika Setumaal | Akadeemiline Rahvaluule Selts","robots":{"index":"index","follow":"follow","max-snippet":"max-snippet:-1","max-image-preview":"max-image-preview:large","max-video-preview":"max-video-preview:-1"},"canonical":"https:\/\/www.folklore.ee\/ars\/uritused\/arhiiv\/kogumiskonverents-2007-ajakava\/kas-siin-noori-ka-on\/","og_locale":"en_US","og_type":"article","og_title":"\u201eKas siin noori ka on?\u201c ehk v\u00e4lit\u00f6\u00f6praktika Setumaal | Akadeemiline Rahvaluule Selts","og_description":"2007. aasta suvel toimusid T\u00dc \u00fcli\u00f5pilaste etnograafilised v\u00e4lit\u00f6\u00f6d Setumaal, eelk\u00f5ige Merem\u00e4e ning V\u00e4rska vallas. Suuremale osale \u00fcli\u00f5pilastest oli tegemist kohustusliku v\u00e4lit\u00f6\u00f6 praktikaga ning sellealase esmakogemusega. \u00a0V\u00e4lit\u00f6\u00f6del uuriti Setumaa elanike toimetulekustrateegiaid ning identiteeti ja selle muutumist. Seekord keskenduti just noorte arvamustele, samas ei j\u00e4\u00e4nud t\u00e4helepanuta ka vanem p\u00f5lvkond.\u00a0Ettekandes annan \u00fclevaate v\u00e4lit\u00f6\u00f6dest, isiklikest muljetest ning esialgsetest tulemustest.","og_url":"https:\/\/www.folklore.ee\/ars\/uritused\/arhiiv\/kogumiskonverents-2007-ajakava\/kas-siin-noori-ka-on\/","og_site_name":"Akadeemiline Rahvaluule Selts","twitter_card":"summary_large_image","schema":{"@context":"https:\/\/schema.org","@graph":[{"@type":"WebPage","@id":"https:\/\/www.folklore.ee\/ars\/uritused\/arhiiv\/kogumiskonverents-2007-ajakava\/kas-siin-noori-ka-on\/","url":"https:\/\/www.folklore.ee\/ars\/uritused\/arhiiv\/kogumiskonverents-2007-ajakava\/kas-siin-noori-ka-on\/","name":"\u201eKas siin noori ka on?\u201c ehk v\u00e4lit\u00f6\u00f6praktika Setumaal | Akadeemiline Rahvaluule Selts","isPartOf":{"@id":"https:\/\/www.folklore.ee\/ars\/#website"},"datePublished":"2023-09-26T11:56:42+00:00","dateModified":"2023-09-26T11:56:42+00:00","breadcrumb":{"@id":"https:\/\/www.folklore.ee\/ars\/uritused\/arhiiv\/kogumiskonverents-2007-ajakava\/kas-siin-noori-ka-on\/#breadcrumb"},"inLanguage":"en-US","potentialAction":[{"@type":"ReadAction","target":["https:\/\/www.folklore.ee\/ars\/uritused\/arhiiv\/kogumiskonverents-2007-ajakava\/kas-siin-noori-ka-on\/"]}]},{"@type":"BreadcrumbList","@id":"https:\/\/www.folklore.ee\/ars\/uritused\/arhiiv\/kogumiskonverents-2007-ajakava\/kas-siin-noori-ka-on\/#breadcrumb","itemListElement":[{"@type":"ListItem","position":1,"name":"Avaleht","item":"https:\/\/www.folklore.ee\/ars\/"},{"@type":"ListItem","position":2,"name":"\u00dcritused","item":"https:\/\/www.folklore.ee\/ars\/uritused\/"},{"@type":"ListItem","position":3,"name":"Arhiiv","item":"https:\/\/www.folklore.ee\/ars\/uritused\/arhiiv\/"},{"@type":"ListItem","position":4,"name":"Kogumiskonverents 2007 ajakava","item":"https:\/\/www.folklore.ee\/ars\/uritused\/arhiiv\/kogumiskonverents-2007-ajakava\/"},{"@type":"ListItem","position":5,"name":"\u201eKas siin noori ka on?\u201c ehk v\u00e4lit\u00f6\u00f6praktika Setumaal"}]},{"@type":"WebSite","@id":"https:\/\/www.folklore.ee\/ars\/#website","url":"https:\/\/www.folklore.ee\/ars\/","name":"Akadeemiline Rahvaluule Selts","description":"Folkloristide, \u00fcli\u00f5pilaste ja k\u00f5igi rahvaluulest huvitatute \u00fchendus, mis aitab kaasa rahvaluule kogumisele, tutvustamisele, uurimisele ja publitseerimisele.","potentialAction":[{"@type":"SearchAction","target":{"@type":"EntryPoint","urlTemplate":"https:\/\/www.folklore.ee\/ars\/?s={search_term_string}"},"query-input":"required name=search_term_string"}],"inLanguage":"en-US"}]}},"_links":{"self":[{"href":"https:\/\/www.folklore.ee\/ars\/wp-json\/wp\/v2\/pages\/499","targetHints":{"allow":["GET"]}}],"collection":[{"href":"https:\/\/www.folklore.ee\/ars\/wp-json\/wp\/v2\/pages"}],"about":[{"href":"https:\/\/www.folklore.ee\/ars\/wp-json\/wp\/v2\/types\/page"}],"author":[{"embeddable":true,"href":"https:\/\/www.folklore.ee\/ars\/wp-json\/wp\/v2\/users\/1"}],"replies":[{"embeddable":true,"href":"https:\/\/www.folklore.ee\/ars\/wp-json\/wp\/v2\/comments?post=499"}],"version-history":[{"count":1,"href":"https:\/\/www.folklore.ee\/ars\/wp-json\/wp\/v2\/pages\/499\/revisions"}],"predecessor-version":[{"id":501,"href":"https:\/\/www.folklore.ee\/ars\/wp-json\/wp\/v2\/pages\/499\/revisions\/501"}],"up":[{"embeddable":true,"href":"https:\/\/www.folklore.ee\/ars\/wp-json\/wp\/v2\/pages\/470"}],"wp:attachment":[{"href":"https:\/\/www.folklore.ee\/ars\/wp-json\/wp\/v2\/media?parent=499"}],"curies":[{"name":"wp","href":"https:\/\/api.w.org\/{rel}","templated":true}]}}