{"id":497,"date":"2023-09-26T11:55:54","date_gmt":"2023-09-26T11:55:54","guid":{"rendered":"https:\/\/www.folklore.ee\/ars\/?page_id=497"},"modified":"2023-09-26T11:55:54","modified_gmt":"2023-09-26T11:55:54","slug":"murdepraktikal-kodaveres","status":"publish","type":"page","link":"https:\/\/www.folklore.ee\/ars\/uritused\/arhiiv\/kogumiskonverents-2007-ajakava\/murdepraktikal-kodaveres\/","title":{"rendered":"Murdepraktikal Kodaveres"},"content":{"rendered":"\n<p>Igal suvel s\u00f5idab grupp Tartu \u00fclikooli eesti ja soome-ugri keeleteaduse tudengeid v\u00e4ikesele murdekogumisretkele. Sel aastal viisid tolmused kruusateed neli tudengineidu Peipsi \u00e4\u00e4rde\u00a0S\u00e4\u00e4ritsa\u00a0k\u00fclakesse Kodavere murrakualale. Meid v\u00f5ttis oma kodus soojalt vastu kohaliku\u00a0<em>kiile<\/em>\u00a0hoidja ja kultuuriedendaja Evi Treial. K\u00fcmne p\u00e4eva jooksul kohtusime mitme v\u00e4rvika inimesega \u00fcmberkaudsetest k\u00fcladest, kuulsime m\u00f5ndagi huvitavat m\u00f6\u00f6dunud aegade t\u00f6\u00f6dest-tegemistest ja veendusime, et Kodavere murrak on eluj\u00f5ulisem kui murdeuurijad oletasid. Faktid ja praktikamuljed on vabas vormis talletatud murdep\u00e4evikusse ning helisalvestised ootavad korpuses edasist uurimist.<\/p>\n","protected":false},"excerpt":{"rendered":"<p>Igal suvel s\u00f5idab grupp Tartu \u00fclikooli eesti ja soome-ugri keeleteaduse tudengeid v\u00e4ikesele murdekogumisretkele. Sel aastal viisid tolmused kruusateed neli tudengineidu Peipsi \u00e4\u00e4rde\u00a0S\u00e4\u00e4ritsa\u00a0k\u00fclakesse Kodavere murrakualale. Meid v\u00f5ttis oma kodus soojalt vastu kohaliku\u00a0kiile\u00a0hoidja ja kultuuriedendaja Evi Treial. K\u00fcmne p\u00e4eva jooksul kohtusime mitme v\u00e4rvika inimesega \u00fcmberkaudsetest k\u00fcladest, kuulsime m\u00f5ndagi huvitavat m\u00f6\u00f6dunud aegade t\u00f6\u00f6dest-tegemistest ja veendusime, et Kodavere murrak [&hellip;]<\/p>\n","protected":false},"author":1,"featured_media":0,"parent":470,"menu_order":0,"comment_status":"closed","ping_status":"closed","template":"","meta":{"footnotes":""},"class_list":["post-497","page","type-page","status-publish","hentry"],"yoast_head":"<!-- This site is optimized with the Yoast SEO plugin v20.12 - https:\/\/yoast.com\/wordpress\/plugins\/seo\/ -->\n<title>Murdepraktikal Kodaveres | Akadeemiline Rahvaluule Selts<\/title>\n<meta name=\"robots\" content=\"index, follow, max-snippet:-1, max-image-preview:large, max-video-preview:-1\" \/>\n<link rel=\"canonical\" href=\"https:\/\/www.folklore.ee\/ars\/uritused\/arhiiv\/kogumiskonverents-2007-ajakava\/murdepraktikal-kodaveres\/\" \/>\n<meta property=\"og:locale\" content=\"en_US\" \/>\n<meta property=\"og:type\" content=\"article\" \/>\n<meta property=\"og:title\" content=\"Murdepraktikal Kodaveres | Akadeemiline Rahvaluule Selts\" \/>\n<meta property=\"og:description\" content=\"Igal suvel s\u00f5idab grupp Tartu \u00fclikooli eesti ja soome-ugri keeleteaduse tudengeid v\u00e4ikesele murdekogumisretkele. Sel aastal viisid tolmused kruusateed neli tudengineidu Peipsi \u00e4\u00e4rde\u00a0S\u00e4\u00e4ritsa\u00a0k\u00fclakesse Kodavere murrakualale. Meid v\u00f5ttis oma kodus soojalt vastu kohaliku\u00a0kiile\u00a0hoidja ja kultuuriedendaja Evi Treial. K\u00fcmne p\u00e4eva jooksul kohtusime mitme v\u00e4rvika inimesega \u00fcmberkaudsetest k\u00fcladest, kuulsime m\u00f5ndagi huvitavat m\u00f6\u00f6dunud aegade t\u00f6\u00f6dest-tegemistest ja veendusime, et Kodavere murrak [&hellip;]\" \/>\n<meta property=\"og:url\" content=\"https:\/\/www.folklore.ee\/ars\/uritused\/arhiiv\/kogumiskonverents-2007-ajakava\/murdepraktikal-kodaveres\/\" \/>\n<meta property=\"og:site_name\" content=\"Akadeemiline Rahvaluule Selts\" \/>\n<meta name=\"twitter:card\" content=\"summary_large_image\" \/>\n<script type=\"application\/ld+json\" class=\"yoast-schema-graph\">{\"@context\":\"https:\/\/schema.org\",\"@graph\":[{\"@type\":\"WebPage\",\"@id\":\"https:\/\/www.folklore.ee\/ars\/uritused\/arhiiv\/kogumiskonverents-2007-ajakava\/murdepraktikal-kodaveres\/\",\"url\":\"https:\/\/www.folklore.ee\/ars\/uritused\/arhiiv\/kogumiskonverents-2007-ajakava\/murdepraktikal-kodaveres\/\",\"name\":\"Murdepraktikal Kodaveres | Akadeemiline Rahvaluule Selts\",\"isPartOf\":{\"@id\":\"https:\/\/www.folklore.ee\/ars\/#website\"},\"datePublished\":\"2023-09-26T11:55:54+00:00\",\"dateModified\":\"2023-09-26T11:55:54+00:00\",\"breadcrumb\":{\"@id\":\"https:\/\/www.folklore.ee\/ars\/uritused\/arhiiv\/kogumiskonverents-2007-ajakava\/murdepraktikal-kodaveres\/#breadcrumb\"},\"inLanguage\":\"en-US\",\"potentialAction\":[{\"@type\":\"ReadAction\",\"target\":[\"https:\/\/www.folklore.ee\/ars\/uritused\/arhiiv\/kogumiskonverents-2007-ajakava\/murdepraktikal-kodaveres\/\"]}]},{\"@type\":\"BreadcrumbList\",\"@id\":\"https:\/\/www.folklore.ee\/ars\/uritused\/arhiiv\/kogumiskonverents-2007-ajakava\/murdepraktikal-kodaveres\/#breadcrumb\",\"itemListElement\":[{\"@type\":\"ListItem\",\"position\":1,\"name\":\"Avaleht\",\"item\":\"https:\/\/www.folklore.ee\/ars\/\"},{\"@type\":\"ListItem\",\"position\":2,\"name\":\"\u00dcritused\",\"item\":\"https:\/\/www.folklore.ee\/ars\/uritused\/\"},{\"@type\":\"ListItem\",\"position\":3,\"name\":\"Arhiiv\",\"item\":\"https:\/\/www.folklore.ee\/ars\/uritused\/arhiiv\/\"},{\"@type\":\"ListItem\",\"position\":4,\"name\":\"Kogumiskonverents 2007 ajakava\",\"item\":\"https:\/\/www.folklore.ee\/ars\/uritused\/arhiiv\/kogumiskonverents-2007-ajakava\/\"},{\"@type\":\"ListItem\",\"position\":5,\"name\":\"Murdepraktikal Kodaveres\"}]},{\"@type\":\"WebSite\",\"@id\":\"https:\/\/www.folklore.ee\/ars\/#website\",\"url\":\"https:\/\/www.folklore.ee\/ars\/\",\"name\":\"Akadeemiline Rahvaluule Selts\",\"description\":\"Folkloristide, \u00fcli\u00f5pilaste ja k\u00f5igi rahvaluulest huvitatute \u00fchendus, mis aitab kaasa rahvaluule kogumisele, tutvustamisele, uurimisele ja publitseerimisele.\",\"potentialAction\":[{\"@type\":\"SearchAction\",\"target\":{\"@type\":\"EntryPoint\",\"urlTemplate\":\"https:\/\/www.folklore.ee\/ars\/?s={search_term_string}\"},\"query-input\":\"required name=search_term_string\"}],\"inLanguage\":\"en-US\"}]}<\/script>\n<!-- \/ Yoast SEO plugin. -->","yoast_head_json":{"title":"Murdepraktikal Kodaveres | Akadeemiline Rahvaluule Selts","robots":{"index":"index","follow":"follow","max-snippet":"max-snippet:-1","max-image-preview":"max-image-preview:large","max-video-preview":"max-video-preview:-1"},"canonical":"https:\/\/www.folklore.ee\/ars\/uritused\/arhiiv\/kogumiskonverents-2007-ajakava\/murdepraktikal-kodaveres\/","og_locale":"en_US","og_type":"article","og_title":"Murdepraktikal Kodaveres | Akadeemiline Rahvaluule Selts","og_description":"Igal suvel s\u00f5idab grupp Tartu \u00fclikooli eesti ja soome-ugri keeleteaduse tudengeid v\u00e4ikesele murdekogumisretkele. Sel aastal viisid tolmused kruusateed neli tudengineidu Peipsi \u00e4\u00e4rde\u00a0S\u00e4\u00e4ritsa\u00a0k\u00fclakesse Kodavere murrakualale. Meid v\u00f5ttis oma kodus soojalt vastu kohaliku\u00a0kiile\u00a0hoidja ja kultuuriedendaja Evi Treial. K\u00fcmne p\u00e4eva jooksul kohtusime mitme v\u00e4rvika inimesega \u00fcmberkaudsetest k\u00fcladest, kuulsime m\u00f5ndagi huvitavat m\u00f6\u00f6dunud aegade t\u00f6\u00f6dest-tegemistest ja veendusime, et Kodavere murrak [&hellip;]","og_url":"https:\/\/www.folklore.ee\/ars\/uritused\/arhiiv\/kogumiskonverents-2007-ajakava\/murdepraktikal-kodaveres\/","og_site_name":"Akadeemiline Rahvaluule Selts","twitter_card":"summary_large_image","schema":{"@context":"https:\/\/schema.org","@graph":[{"@type":"WebPage","@id":"https:\/\/www.folklore.ee\/ars\/uritused\/arhiiv\/kogumiskonverents-2007-ajakava\/murdepraktikal-kodaveres\/","url":"https:\/\/www.folklore.ee\/ars\/uritused\/arhiiv\/kogumiskonverents-2007-ajakava\/murdepraktikal-kodaveres\/","name":"Murdepraktikal Kodaveres | Akadeemiline Rahvaluule Selts","isPartOf":{"@id":"https:\/\/www.folklore.ee\/ars\/#website"},"datePublished":"2023-09-26T11:55:54+00:00","dateModified":"2023-09-26T11:55:54+00:00","breadcrumb":{"@id":"https:\/\/www.folklore.ee\/ars\/uritused\/arhiiv\/kogumiskonverents-2007-ajakava\/murdepraktikal-kodaveres\/#breadcrumb"},"inLanguage":"en-US","potentialAction":[{"@type":"ReadAction","target":["https:\/\/www.folklore.ee\/ars\/uritused\/arhiiv\/kogumiskonverents-2007-ajakava\/murdepraktikal-kodaveres\/"]}]},{"@type":"BreadcrumbList","@id":"https:\/\/www.folklore.ee\/ars\/uritused\/arhiiv\/kogumiskonverents-2007-ajakava\/murdepraktikal-kodaveres\/#breadcrumb","itemListElement":[{"@type":"ListItem","position":1,"name":"Avaleht","item":"https:\/\/www.folklore.ee\/ars\/"},{"@type":"ListItem","position":2,"name":"\u00dcritused","item":"https:\/\/www.folklore.ee\/ars\/uritused\/"},{"@type":"ListItem","position":3,"name":"Arhiiv","item":"https:\/\/www.folklore.ee\/ars\/uritused\/arhiiv\/"},{"@type":"ListItem","position":4,"name":"Kogumiskonverents 2007 ajakava","item":"https:\/\/www.folklore.ee\/ars\/uritused\/arhiiv\/kogumiskonverents-2007-ajakava\/"},{"@type":"ListItem","position":5,"name":"Murdepraktikal Kodaveres"}]},{"@type":"WebSite","@id":"https:\/\/www.folklore.ee\/ars\/#website","url":"https:\/\/www.folklore.ee\/ars\/","name":"Akadeemiline Rahvaluule Selts","description":"Folkloristide, \u00fcli\u00f5pilaste ja k\u00f5igi rahvaluulest huvitatute \u00fchendus, mis aitab kaasa rahvaluule kogumisele, tutvustamisele, uurimisele ja publitseerimisele.","potentialAction":[{"@type":"SearchAction","target":{"@type":"EntryPoint","urlTemplate":"https:\/\/www.folklore.ee\/ars\/?s={search_term_string}"},"query-input":"required name=search_term_string"}],"inLanguage":"en-US"}]}},"_links":{"self":[{"href":"https:\/\/www.folklore.ee\/ars\/wp-json\/wp\/v2\/pages\/497","targetHints":{"allow":["GET"]}}],"collection":[{"href":"https:\/\/www.folklore.ee\/ars\/wp-json\/wp\/v2\/pages"}],"about":[{"href":"https:\/\/www.folklore.ee\/ars\/wp-json\/wp\/v2\/types\/page"}],"author":[{"embeddable":true,"href":"https:\/\/www.folklore.ee\/ars\/wp-json\/wp\/v2\/users\/1"}],"replies":[{"embeddable":true,"href":"https:\/\/www.folklore.ee\/ars\/wp-json\/wp\/v2\/comments?post=497"}],"version-history":[{"count":1,"href":"https:\/\/www.folklore.ee\/ars\/wp-json\/wp\/v2\/pages\/497\/revisions"}],"predecessor-version":[{"id":498,"href":"https:\/\/www.folklore.ee\/ars\/wp-json\/wp\/v2\/pages\/497\/revisions\/498"}],"up":[{"embeddable":true,"href":"https:\/\/www.folklore.ee\/ars\/wp-json\/wp\/v2\/pages\/470"}],"wp:attachment":[{"href":"https:\/\/www.folklore.ee\/ars\/wp-json\/wp\/v2\/media?parent=497"}],"curies":[{"name":"wp","href":"https:\/\/api.w.org\/{rel}","templated":true}]}}