{"id":494,"date":"2023-09-26T11:55:18","date_gmt":"2023-09-26T11:55:18","guid":{"rendered":"https:\/\/www.folklore.ee\/ars\/?page_id=494"},"modified":"2023-09-26T11:55:18","modified_gmt":"2023-09-26T11:55:18","slug":"avinurme-umbruses-puust-ja-muust","status":"publish","type":"page","link":"https:\/\/www.folklore.ee\/ars\/uritused\/arhiiv\/kogumiskonverents-2007-ajakava\/avinurme-umbruses-puust-ja-muust\/","title":{"rendered":"Avinurme \u00fcmbruses puust ja muust"},"content":{"rendered":"\n<p>Avinurme \u201emetsavalla\u201c k\u00fclade ainulaadne ajaloolis-etnograafilis-folkloorne kontekst: omaaegse alep\u00f5llunduse tagaj\u00e4rjel Avij\u00f5e valgalal kujunenud suurpereasustus; riistade valmistamine; talgukultuur. (Paul Kallavuse, snd. 1926; ja&nbsp;Enni&nbsp;Ilvese, snd. 1925 juttude p\u00f5hjal.)<\/p>\n\n\n\n<p>Avinurme ida-, ranniku- ja sisemaapoolsete kultuuriliste (ning ka murde-) joonte kontaktalana. Oletatavaid \u201eidapoolsusi\u201c tavandis, jutup\u00e4rimuses, usundis ning toidukultuuris t\u00e4navuse v\u00e4lit\u00f6\u00f6 andmetel: itkupulmad ja \u2013matused (?); nutunaised ja \u2013laulud; kooletamine ja surnuvalvamine; karu- ja seamatused; s\u00fcnnitusnaised; loomad ja linnud kohalikus jutuvaras. (Astrid Linnase, snd. 1944 juttude p\u00f5hjal, mis toetuvad omakorda vanaemalt \u2019ehal\u2019 ja \u2019videvikul\u2019 kuuldul.)<\/p>\n\n\n\n<p>Puut\u00f6\u00f6meister Kustav&nbsp;Ennukson, Arvet Haava ja Viktor&nbsp;Sildnik.<\/p>\n","protected":false},"excerpt":{"rendered":"<p>Avinurme \u201emetsavalla\u201c k\u00fclade ainulaadne ajaloolis-etnograafilis-folkloorne kontekst: omaaegse alep\u00f5llunduse tagaj\u00e4rjel Avij\u00f5e valgalal kujunenud suurpereasustus; riistade valmistamine; talgukultuur. (Paul Kallavuse, snd. 1926; ja&nbsp;Enni&nbsp;Ilvese, snd. 1925 juttude p\u00f5hjal.) Avinurme ida-, ranniku- ja sisemaapoolsete kultuuriliste (ning ka murde-) joonte kontaktalana. Oletatavaid \u201eidapoolsusi\u201c tavandis, jutup\u00e4rimuses, usundis ning toidukultuuris t\u00e4navuse v\u00e4lit\u00f6\u00f6 andmetel: itkupulmad ja \u2013matused (?); nutunaised ja \u2013laulud; kooletamine ja [&hellip;]<\/p>\n","protected":false},"author":1,"featured_media":0,"parent":470,"menu_order":0,"comment_status":"closed","ping_status":"closed","template":"","meta":{"footnotes":""},"class_list":["post-494","page","type-page","status-publish","hentry"],"yoast_head":"<!-- This site is optimized with the Yoast SEO plugin v20.12 - https:\/\/yoast.com\/wordpress\/plugins\/seo\/ -->\n<title>Avinurme \u00fcmbruses puust ja muust | Akadeemiline Rahvaluule Selts<\/title>\n<meta name=\"robots\" content=\"index, follow, max-snippet:-1, max-image-preview:large, max-video-preview:-1\" \/>\n<link rel=\"canonical\" href=\"https:\/\/www.folklore.ee\/ars\/uritused\/arhiiv\/kogumiskonverents-2007-ajakava\/avinurme-umbruses-puust-ja-muust\/\" \/>\n<meta property=\"og:locale\" content=\"en_US\" \/>\n<meta property=\"og:type\" content=\"article\" \/>\n<meta property=\"og:title\" content=\"Avinurme \u00fcmbruses puust ja muust | Akadeemiline Rahvaluule Selts\" \/>\n<meta property=\"og:description\" content=\"Avinurme \u201emetsavalla\u201c k\u00fclade ainulaadne ajaloolis-etnograafilis-folkloorne kontekst: omaaegse alep\u00f5llunduse tagaj\u00e4rjel Avij\u00f5e valgalal kujunenud suurpereasustus; riistade valmistamine; talgukultuur. (Paul Kallavuse, snd. 1926; ja&nbsp;Enni&nbsp;Ilvese, snd. 1925 juttude p\u00f5hjal.) Avinurme ida-, ranniku- ja sisemaapoolsete kultuuriliste (ning ka murde-) joonte kontaktalana. Oletatavaid \u201eidapoolsusi\u201c tavandis, jutup\u00e4rimuses, usundis ning toidukultuuris t\u00e4navuse v\u00e4lit\u00f6\u00f6 andmetel: itkupulmad ja \u2013matused (?); nutunaised ja \u2013laulud; kooletamine ja [&hellip;]\" \/>\n<meta property=\"og:url\" content=\"https:\/\/www.folklore.ee\/ars\/uritused\/arhiiv\/kogumiskonverents-2007-ajakava\/avinurme-umbruses-puust-ja-muust\/\" \/>\n<meta property=\"og:site_name\" content=\"Akadeemiline Rahvaluule Selts\" \/>\n<meta name=\"twitter:card\" content=\"summary_large_image\" \/>\n<script type=\"application\/ld+json\" class=\"yoast-schema-graph\">{\"@context\":\"https:\/\/schema.org\",\"@graph\":[{\"@type\":\"WebPage\",\"@id\":\"https:\/\/www.folklore.ee\/ars\/uritused\/arhiiv\/kogumiskonverents-2007-ajakava\/avinurme-umbruses-puust-ja-muust\/\",\"url\":\"https:\/\/www.folklore.ee\/ars\/uritused\/arhiiv\/kogumiskonverents-2007-ajakava\/avinurme-umbruses-puust-ja-muust\/\",\"name\":\"Avinurme \u00fcmbruses puust ja muust | Akadeemiline Rahvaluule Selts\",\"isPartOf\":{\"@id\":\"https:\/\/www.folklore.ee\/ars\/#website\"},\"datePublished\":\"2023-09-26T11:55:18+00:00\",\"dateModified\":\"2023-09-26T11:55:18+00:00\",\"breadcrumb\":{\"@id\":\"https:\/\/www.folklore.ee\/ars\/uritused\/arhiiv\/kogumiskonverents-2007-ajakava\/avinurme-umbruses-puust-ja-muust\/#breadcrumb\"},\"inLanguage\":\"en-US\",\"potentialAction\":[{\"@type\":\"ReadAction\",\"target\":[\"https:\/\/www.folklore.ee\/ars\/uritused\/arhiiv\/kogumiskonverents-2007-ajakava\/avinurme-umbruses-puust-ja-muust\/\"]}]},{\"@type\":\"BreadcrumbList\",\"@id\":\"https:\/\/www.folklore.ee\/ars\/uritused\/arhiiv\/kogumiskonverents-2007-ajakava\/avinurme-umbruses-puust-ja-muust\/#breadcrumb\",\"itemListElement\":[{\"@type\":\"ListItem\",\"position\":1,\"name\":\"Avaleht\",\"item\":\"https:\/\/www.folklore.ee\/ars\/\"},{\"@type\":\"ListItem\",\"position\":2,\"name\":\"\u00dcritused\",\"item\":\"https:\/\/www.folklore.ee\/ars\/uritused\/\"},{\"@type\":\"ListItem\",\"position\":3,\"name\":\"Arhiiv\",\"item\":\"https:\/\/www.folklore.ee\/ars\/uritused\/arhiiv\/\"},{\"@type\":\"ListItem\",\"position\":4,\"name\":\"Kogumiskonverents 2007 ajakava\",\"item\":\"https:\/\/www.folklore.ee\/ars\/uritused\/arhiiv\/kogumiskonverents-2007-ajakava\/\"},{\"@type\":\"ListItem\",\"position\":5,\"name\":\"Avinurme \u00fcmbruses puust ja muust\"}]},{\"@type\":\"WebSite\",\"@id\":\"https:\/\/www.folklore.ee\/ars\/#website\",\"url\":\"https:\/\/www.folklore.ee\/ars\/\",\"name\":\"Akadeemiline Rahvaluule Selts\",\"description\":\"Folkloristide, \u00fcli\u00f5pilaste ja k\u00f5igi rahvaluulest huvitatute \u00fchendus, mis aitab kaasa rahvaluule kogumisele, tutvustamisele, uurimisele ja publitseerimisele.\",\"potentialAction\":[{\"@type\":\"SearchAction\",\"target\":{\"@type\":\"EntryPoint\",\"urlTemplate\":\"https:\/\/www.folklore.ee\/ars\/?s={search_term_string}\"},\"query-input\":\"required name=search_term_string\"}],\"inLanguage\":\"en-US\"}]}<\/script>\n<!-- \/ Yoast SEO plugin. -->","yoast_head_json":{"title":"Avinurme \u00fcmbruses puust ja muust | Akadeemiline Rahvaluule Selts","robots":{"index":"index","follow":"follow","max-snippet":"max-snippet:-1","max-image-preview":"max-image-preview:large","max-video-preview":"max-video-preview:-1"},"canonical":"https:\/\/www.folklore.ee\/ars\/uritused\/arhiiv\/kogumiskonverents-2007-ajakava\/avinurme-umbruses-puust-ja-muust\/","og_locale":"en_US","og_type":"article","og_title":"Avinurme \u00fcmbruses puust ja muust | Akadeemiline Rahvaluule Selts","og_description":"Avinurme \u201emetsavalla\u201c k\u00fclade ainulaadne ajaloolis-etnograafilis-folkloorne kontekst: omaaegse alep\u00f5llunduse tagaj\u00e4rjel Avij\u00f5e valgalal kujunenud suurpereasustus; riistade valmistamine; talgukultuur. (Paul Kallavuse, snd. 1926; ja&nbsp;Enni&nbsp;Ilvese, snd. 1925 juttude p\u00f5hjal.) Avinurme ida-, ranniku- ja sisemaapoolsete kultuuriliste (ning ka murde-) joonte kontaktalana. Oletatavaid \u201eidapoolsusi\u201c tavandis, jutup\u00e4rimuses, usundis ning toidukultuuris t\u00e4navuse v\u00e4lit\u00f6\u00f6 andmetel: itkupulmad ja \u2013matused (?); nutunaised ja \u2013laulud; kooletamine ja [&hellip;]","og_url":"https:\/\/www.folklore.ee\/ars\/uritused\/arhiiv\/kogumiskonverents-2007-ajakava\/avinurme-umbruses-puust-ja-muust\/","og_site_name":"Akadeemiline Rahvaluule Selts","twitter_card":"summary_large_image","schema":{"@context":"https:\/\/schema.org","@graph":[{"@type":"WebPage","@id":"https:\/\/www.folklore.ee\/ars\/uritused\/arhiiv\/kogumiskonverents-2007-ajakava\/avinurme-umbruses-puust-ja-muust\/","url":"https:\/\/www.folklore.ee\/ars\/uritused\/arhiiv\/kogumiskonverents-2007-ajakava\/avinurme-umbruses-puust-ja-muust\/","name":"Avinurme \u00fcmbruses puust ja muust | Akadeemiline Rahvaluule Selts","isPartOf":{"@id":"https:\/\/www.folklore.ee\/ars\/#website"},"datePublished":"2023-09-26T11:55:18+00:00","dateModified":"2023-09-26T11:55:18+00:00","breadcrumb":{"@id":"https:\/\/www.folklore.ee\/ars\/uritused\/arhiiv\/kogumiskonverents-2007-ajakava\/avinurme-umbruses-puust-ja-muust\/#breadcrumb"},"inLanguage":"en-US","potentialAction":[{"@type":"ReadAction","target":["https:\/\/www.folklore.ee\/ars\/uritused\/arhiiv\/kogumiskonverents-2007-ajakava\/avinurme-umbruses-puust-ja-muust\/"]}]},{"@type":"BreadcrumbList","@id":"https:\/\/www.folklore.ee\/ars\/uritused\/arhiiv\/kogumiskonverents-2007-ajakava\/avinurme-umbruses-puust-ja-muust\/#breadcrumb","itemListElement":[{"@type":"ListItem","position":1,"name":"Avaleht","item":"https:\/\/www.folklore.ee\/ars\/"},{"@type":"ListItem","position":2,"name":"\u00dcritused","item":"https:\/\/www.folklore.ee\/ars\/uritused\/"},{"@type":"ListItem","position":3,"name":"Arhiiv","item":"https:\/\/www.folklore.ee\/ars\/uritused\/arhiiv\/"},{"@type":"ListItem","position":4,"name":"Kogumiskonverents 2007 ajakava","item":"https:\/\/www.folklore.ee\/ars\/uritused\/arhiiv\/kogumiskonverents-2007-ajakava\/"},{"@type":"ListItem","position":5,"name":"Avinurme \u00fcmbruses puust ja muust"}]},{"@type":"WebSite","@id":"https:\/\/www.folklore.ee\/ars\/#website","url":"https:\/\/www.folklore.ee\/ars\/","name":"Akadeemiline Rahvaluule Selts","description":"Folkloristide, \u00fcli\u00f5pilaste ja k\u00f5igi rahvaluulest huvitatute \u00fchendus, mis aitab kaasa rahvaluule kogumisele, tutvustamisele, uurimisele ja publitseerimisele.","potentialAction":[{"@type":"SearchAction","target":{"@type":"EntryPoint","urlTemplate":"https:\/\/www.folklore.ee\/ars\/?s={search_term_string}"},"query-input":"required name=search_term_string"}],"inLanguage":"en-US"}]}},"_links":{"self":[{"href":"https:\/\/www.folklore.ee\/ars\/wp-json\/wp\/v2\/pages\/494","targetHints":{"allow":["GET"]}}],"collection":[{"href":"https:\/\/www.folklore.ee\/ars\/wp-json\/wp\/v2\/pages"}],"about":[{"href":"https:\/\/www.folklore.ee\/ars\/wp-json\/wp\/v2\/types\/page"}],"author":[{"embeddable":true,"href":"https:\/\/www.folklore.ee\/ars\/wp-json\/wp\/v2\/users\/1"}],"replies":[{"embeddable":true,"href":"https:\/\/www.folklore.ee\/ars\/wp-json\/wp\/v2\/comments?post=494"}],"version-history":[{"count":1,"href":"https:\/\/www.folklore.ee\/ars\/wp-json\/wp\/v2\/pages\/494\/revisions"}],"predecessor-version":[{"id":496,"href":"https:\/\/www.folklore.ee\/ars\/wp-json\/wp\/v2\/pages\/494\/revisions\/496"}],"up":[{"embeddable":true,"href":"https:\/\/www.folklore.ee\/ars\/wp-json\/wp\/v2\/pages\/470"}],"wp:attachment":[{"href":"https:\/\/www.folklore.ee\/ars\/wp-json\/wp\/v2\/media?parent=494"}],"curies":[{"name":"wp","href":"https:\/\/api.w.org\/{rel}","templated":true}]}}