{"id":492,"date":"2023-09-26T11:54:50","date_gmt":"2023-09-26T11:54:50","guid":{"rendered":"https:\/\/www.folklore.ee\/ars\/?page_id=492"},"modified":"2023-09-26T11:54:50","modified_gmt":"2023-09-26T11:54:50","slug":"mitte-enam-nii-voorana-komis","status":"publish","type":"page","link":"https:\/\/www.folklore.ee\/ars\/uritused\/arhiiv\/kogumiskonverents-2007-ajakava\/mitte-enam-nii-voorana-komis\/","title":{"rendered":"Mitte enam nii v\u00f5\u00f5rana Komis"},"content":{"rendered":"\n<p>Annan \u00fclevaate selle aasta kevadel 22. aprillist&nbsp;&nbsp;12. maini toimunud v\u00e4lit\u00f6\u00f6dest Komi Vabariigis. Viibisime&nbsp;S\u00f5kt\u00f5vkaris, kus osalesime ka Komi Riikliku Pedagoogilise Instituudi korraldatud konverentsil \u201eSemioosis&nbsp;ja kultuur\u201d,&nbsp;Ust-Kulomi&nbsp;alevis ja&nbsp;Suur-Ku\u017eba&nbsp;ning&nbsp;Uljanovo&nbsp;k\u00fclas. Art Leetele oli see 12ndaks, minule teiseks retkeks komide juurde. Temaatiliselt j\u00e4tkas ekspeditsioon m\u00f6\u00f6dunud-aastast, keskendusime intervjuudes eelk\u00f5ige religiooniga seotud k\u00fcsimustele. Oma aktsendi v\u00e4lit\u00f6\u00f6dele andsid ka samal ajal Eestis toimunud pronkss\u00f5duriga seotud rahutused.<\/p>\n\n\n\n<p>Kogusime v\u00e4lit\u00f6\u00f6de k\u00e4igus 6, 5 tundi audiosalvestusi (vestlused 12 inimesega), 3,5 tundi videosalvestusi ning tegime ligikaudu 500&nbsp;digifotot.<\/p>\n","protected":false},"excerpt":{"rendered":"<p>Annan \u00fclevaate selle aasta kevadel 22. aprillist&nbsp;&nbsp;12. maini toimunud v\u00e4lit\u00f6\u00f6dest Komi Vabariigis. Viibisime&nbsp;S\u00f5kt\u00f5vkaris, kus osalesime ka Komi Riikliku Pedagoogilise Instituudi korraldatud konverentsil \u201eSemioosis&nbsp;ja kultuur\u201d,&nbsp;Ust-Kulomi&nbsp;alevis ja&nbsp;Suur-Ku\u017eba&nbsp;ning&nbsp;Uljanovo&nbsp;k\u00fclas. Art Leetele oli see 12ndaks, minule teiseks retkeks komide juurde. Temaatiliselt j\u00e4tkas ekspeditsioon m\u00f6\u00f6dunud-aastast, keskendusime intervjuudes eelk\u00f5ige religiooniga seotud k\u00fcsimustele. Oma aktsendi v\u00e4lit\u00f6\u00f6dele andsid ka samal ajal Eestis toimunud pronkss\u00f5duriga [&hellip;]<\/p>\n","protected":false},"author":1,"featured_media":0,"parent":470,"menu_order":0,"comment_status":"closed","ping_status":"closed","template":"","meta":{"footnotes":""},"class_list":["post-492","page","type-page","status-publish","hentry"],"yoast_head":"<!-- This site is optimized with the Yoast SEO plugin v20.12 - https:\/\/yoast.com\/wordpress\/plugins\/seo\/ -->\n<title>Mitte enam nii v\u00f5\u00f5rana Komis | Akadeemiline Rahvaluule Selts<\/title>\n<meta name=\"robots\" content=\"index, follow, max-snippet:-1, max-image-preview:large, max-video-preview:-1\" \/>\n<link rel=\"canonical\" href=\"https:\/\/www.folklore.ee\/ars\/uritused\/arhiiv\/kogumiskonverents-2007-ajakava\/mitte-enam-nii-voorana-komis\/\" \/>\n<meta property=\"og:locale\" content=\"en_US\" \/>\n<meta property=\"og:type\" content=\"article\" \/>\n<meta property=\"og:title\" content=\"Mitte enam nii v\u00f5\u00f5rana Komis | Akadeemiline Rahvaluule Selts\" \/>\n<meta property=\"og:description\" content=\"Annan \u00fclevaate selle aasta kevadel 22. aprillist&nbsp;&nbsp;12. maini toimunud v\u00e4lit\u00f6\u00f6dest Komi Vabariigis. Viibisime&nbsp;S\u00f5kt\u00f5vkaris, kus osalesime ka Komi Riikliku Pedagoogilise Instituudi korraldatud konverentsil \u201eSemioosis&nbsp;ja kultuur\u201d,&nbsp;Ust-Kulomi&nbsp;alevis ja&nbsp;Suur-Ku\u017eba&nbsp;ning&nbsp;Uljanovo&nbsp;k\u00fclas. Art Leetele oli see 12ndaks, minule teiseks retkeks komide juurde. Temaatiliselt j\u00e4tkas ekspeditsioon m\u00f6\u00f6dunud-aastast, keskendusime intervjuudes eelk\u00f5ige religiooniga seotud k\u00fcsimustele. Oma aktsendi v\u00e4lit\u00f6\u00f6dele andsid ka samal ajal Eestis toimunud pronkss\u00f5duriga [&hellip;]\" \/>\n<meta property=\"og:url\" content=\"https:\/\/www.folklore.ee\/ars\/uritused\/arhiiv\/kogumiskonverents-2007-ajakava\/mitte-enam-nii-voorana-komis\/\" \/>\n<meta property=\"og:site_name\" content=\"Akadeemiline Rahvaluule Selts\" \/>\n<meta name=\"twitter:card\" content=\"summary_large_image\" \/>\n<meta name=\"twitter:label1\" content=\"Est. reading time\" \/>\n\t<meta name=\"twitter:data1\" content=\"1 minute\" \/>\n<script type=\"application\/ld+json\" class=\"yoast-schema-graph\">{\"@context\":\"https:\/\/schema.org\",\"@graph\":[{\"@type\":\"WebPage\",\"@id\":\"https:\/\/www.folklore.ee\/ars\/uritused\/arhiiv\/kogumiskonverents-2007-ajakava\/mitte-enam-nii-voorana-komis\/\",\"url\":\"https:\/\/www.folklore.ee\/ars\/uritused\/arhiiv\/kogumiskonverents-2007-ajakava\/mitte-enam-nii-voorana-komis\/\",\"name\":\"Mitte enam nii v\u00f5\u00f5rana Komis | Akadeemiline Rahvaluule Selts\",\"isPartOf\":{\"@id\":\"https:\/\/www.folklore.ee\/ars\/#website\"},\"datePublished\":\"2023-09-26T11:54:50+00:00\",\"dateModified\":\"2023-09-26T11:54:50+00:00\",\"breadcrumb\":{\"@id\":\"https:\/\/www.folklore.ee\/ars\/uritused\/arhiiv\/kogumiskonverents-2007-ajakava\/mitte-enam-nii-voorana-komis\/#breadcrumb\"},\"inLanguage\":\"en-US\",\"potentialAction\":[{\"@type\":\"ReadAction\",\"target\":[\"https:\/\/www.folklore.ee\/ars\/uritused\/arhiiv\/kogumiskonverents-2007-ajakava\/mitte-enam-nii-voorana-komis\/\"]}]},{\"@type\":\"BreadcrumbList\",\"@id\":\"https:\/\/www.folklore.ee\/ars\/uritused\/arhiiv\/kogumiskonverents-2007-ajakava\/mitte-enam-nii-voorana-komis\/#breadcrumb\",\"itemListElement\":[{\"@type\":\"ListItem\",\"position\":1,\"name\":\"Avaleht\",\"item\":\"https:\/\/www.folklore.ee\/ars\/\"},{\"@type\":\"ListItem\",\"position\":2,\"name\":\"\u00dcritused\",\"item\":\"https:\/\/www.folklore.ee\/ars\/uritused\/\"},{\"@type\":\"ListItem\",\"position\":3,\"name\":\"Arhiiv\",\"item\":\"https:\/\/www.folklore.ee\/ars\/uritused\/arhiiv\/\"},{\"@type\":\"ListItem\",\"position\":4,\"name\":\"Kogumiskonverents 2007 ajakava\",\"item\":\"https:\/\/www.folklore.ee\/ars\/uritused\/arhiiv\/kogumiskonverents-2007-ajakava\/\"},{\"@type\":\"ListItem\",\"position\":5,\"name\":\"Mitte enam nii v\u00f5\u00f5rana Komis\"}]},{\"@type\":\"WebSite\",\"@id\":\"https:\/\/www.folklore.ee\/ars\/#website\",\"url\":\"https:\/\/www.folklore.ee\/ars\/\",\"name\":\"Akadeemiline Rahvaluule Selts\",\"description\":\"Folkloristide, \u00fcli\u00f5pilaste ja k\u00f5igi rahvaluulest huvitatute \u00fchendus, mis aitab kaasa rahvaluule kogumisele, tutvustamisele, uurimisele ja publitseerimisele.\",\"potentialAction\":[{\"@type\":\"SearchAction\",\"target\":{\"@type\":\"EntryPoint\",\"urlTemplate\":\"https:\/\/www.folklore.ee\/ars\/?s={search_term_string}\"},\"query-input\":\"required name=search_term_string\"}],\"inLanguage\":\"en-US\"}]}<\/script>\n<!-- \/ Yoast SEO plugin. -->","yoast_head_json":{"title":"Mitte enam nii v\u00f5\u00f5rana Komis | Akadeemiline Rahvaluule Selts","robots":{"index":"index","follow":"follow","max-snippet":"max-snippet:-1","max-image-preview":"max-image-preview:large","max-video-preview":"max-video-preview:-1"},"canonical":"https:\/\/www.folklore.ee\/ars\/uritused\/arhiiv\/kogumiskonverents-2007-ajakava\/mitte-enam-nii-voorana-komis\/","og_locale":"en_US","og_type":"article","og_title":"Mitte enam nii v\u00f5\u00f5rana Komis | Akadeemiline Rahvaluule Selts","og_description":"Annan \u00fclevaate selle aasta kevadel 22. aprillist&nbsp;&nbsp;12. maini toimunud v\u00e4lit\u00f6\u00f6dest Komi Vabariigis. Viibisime&nbsp;S\u00f5kt\u00f5vkaris, kus osalesime ka Komi Riikliku Pedagoogilise Instituudi korraldatud konverentsil \u201eSemioosis&nbsp;ja kultuur\u201d,&nbsp;Ust-Kulomi&nbsp;alevis ja&nbsp;Suur-Ku\u017eba&nbsp;ning&nbsp;Uljanovo&nbsp;k\u00fclas. Art Leetele oli see 12ndaks, minule teiseks retkeks komide juurde. Temaatiliselt j\u00e4tkas ekspeditsioon m\u00f6\u00f6dunud-aastast, keskendusime intervjuudes eelk\u00f5ige religiooniga seotud k\u00fcsimustele. Oma aktsendi v\u00e4lit\u00f6\u00f6dele andsid ka samal ajal Eestis toimunud pronkss\u00f5duriga [&hellip;]","og_url":"https:\/\/www.folklore.ee\/ars\/uritused\/arhiiv\/kogumiskonverents-2007-ajakava\/mitte-enam-nii-voorana-komis\/","og_site_name":"Akadeemiline Rahvaluule Selts","twitter_card":"summary_large_image","twitter_misc":{"Est. reading time":"1 minute"},"schema":{"@context":"https:\/\/schema.org","@graph":[{"@type":"WebPage","@id":"https:\/\/www.folklore.ee\/ars\/uritused\/arhiiv\/kogumiskonverents-2007-ajakava\/mitte-enam-nii-voorana-komis\/","url":"https:\/\/www.folklore.ee\/ars\/uritused\/arhiiv\/kogumiskonverents-2007-ajakava\/mitte-enam-nii-voorana-komis\/","name":"Mitte enam nii v\u00f5\u00f5rana Komis | Akadeemiline Rahvaluule Selts","isPartOf":{"@id":"https:\/\/www.folklore.ee\/ars\/#website"},"datePublished":"2023-09-26T11:54:50+00:00","dateModified":"2023-09-26T11:54:50+00:00","breadcrumb":{"@id":"https:\/\/www.folklore.ee\/ars\/uritused\/arhiiv\/kogumiskonverents-2007-ajakava\/mitte-enam-nii-voorana-komis\/#breadcrumb"},"inLanguage":"en-US","potentialAction":[{"@type":"ReadAction","target":["https:\/\/www.folklore.ee\/ars\/uritused\/arhiiv\/kogumiskonverents-2007-ajakava\/mitte-enam-nii-voorana-komis\/"]}]},{"@type":"BreadcrumbList","@id":"https:\/\/www.folklore.ee\/ars\/uritused\/arhiiv\/kogumiskonverents-2007-ajakava\/mitte-enam-nii-voorana-komis\/#breadcrumb","itemListElement":[{"@type":"ListItem","position":1,"name":"Avaleht","item":"https:\/\/www.folklore.ee\/ars\/"},{"@type":"ListItem","position":2,"name":"\u00dcritused","item":"https:\/\/www.folklore.ee\/ars\/uritused\/"},{"@type":"ListItem","position":3,"name":"Arhiiv","item":"https:\/\/www.folklore.ee\/ars\/uritused\/arhiiv\/"},{"@type":"ListItem","position":4,"name":"Kogumiskonverents 2007 ajakava","item":"https:\/\/www.folklore.ee\/ars\/uritused\/arhiiv\/kogumiskonverents-2007-ajakava\/"},{"@type":"ListItem","position":5,"name":"Mitte enam nii v\u00f5\u00f5rana Komis"}]},{"@type":"WebSite","@id":"https:\/\/www.folklore.ee\/ars\/#website","url":"https:\/\/www.folklore.ee\/ars\/","name":"Akadeemiline Rahvaluule Selts","description":"Folkloristide, \u00fcli\u00f5pilaste ja k\u00f5igi rahvaluulest huvitatute \u00fchendus, mis aitab kaasa rahvaluule kogumisele, tutvustamisele, uurimisele ja publitseerimisele.","potentialAction":[{"@type":"SearchAction","target":{"@type":"EntryPoint","urlTemplate":"https:\/\/www.folklore.ee\/ars\/?s={search_term_string}"},"query-input":"required name=search_term_string"}],"inLanguage":"en-US"}]}},"_links":{"self":[{"href":"https:\/\/www.folklore.ee\/ars\/wp-json\/wp\/v2\/pages\/492","targetHints":{"allow":["GET"]}}],"collection":[{"href":"https:\/\/www.folklore.ee\/ars\/wp-json\/wp\/v2\/pages"}],"about":[{"href":"https:\/\/www.folklore.ee\/ars\/wp-json\/wp\/v2\/types\/page"}],"author":[{"embeddable":true,"href":"https:\/\/www.folklore.ee\/ars\/wp-json\/wp\/v2\/users\/1"}],"replies":[{"embeddable":true,"href":"https:\/\/www.folklore.ee\/ars\/wp-json\/wp\/v2\/comments?post=492"}],"version-history":[{"count":1,"href":"https:\/\/www.folklore.ee\/ars\/wp-json\/wp\/v2\/pages\/492\/revisions"}],"predecessor-version":[{"id":493,"href":"https:\/\/www.folklore.ee\/ars\/wp-json\/wp\/v2\/pages\/492\/revisions\/493"}],"up":[{"embeddable":true,"href":"https:\/\/www.folklore.ee\/ars\/wp-json\/wp\/v2\/pages\/470"}],"wp:attachment":[{"href":"https:\/\/www.folklore.ee\/ars\/wp-json\/wp\/v2\/media?parent=492"}],"curies":[{"name":"wp","href":"https:\/\/api.w.org\/{rel}","templated":true}]}}