{"id":489,"date":"2023-09-26T11:53:49","date_gmt":"2023-09-26T11:53:49","guid":{"rendered":"https:\/\/www.folklore.ee\/ars\/?page_id=489"},"modified":"2023-09-26T11:53:49","modified_gmt":"2023-09-26T11:53:49","slug":"siberis-eelkaijate-jalgedes","status":"publish","type":"page","link":"https:\/\/www.folklore.ee\/ars\/uritused\/arhiiv\/kogumiskonverents-2007-ajakava\/siberis-eelkaijate-jalgedes\/","title":{"rendered":"Siberis eelk\u00e4ijate j\u00e4lgedes"},"content":{"rendered":"\n<p><span style=\"font-family: Verdana; font-size: 16px; white-space-collapse: collapse;\">Aastatel 1991\u20132007 korraldasin 12 Eesti Rahvaluule Arhiivi ekspeditsiooni erinevatesse Siberi eesti kogukondadesse, eesm\u00e4rgiks nende kogukondade kaardistamine ja v\u00f5imalikult mitmek\u00fclgne p\u00e4rimusmaterjali kogumine. 2007. aasta suvine kogumismatk viis minu, Andreas Kalkuni ja EKA magistrandi Marge\u00a0Laasti\u00a0Siberi\u00a0setode\u00a0juurde. \u00dcldse olen 12 ekspeditsiooni k\u00e4igus k\u00fclastanud u 40 Siberi eesti kogukonda, sealhulgas ka m\u00f5ningaid vene k\u00fclasid, kuhu on grupp eestlasi \u00fcmber asunud. Kolmandikus neist kogukondadest olime esimesed Eestist p\u00e4rit uurijad, teisi olid 1970\u20131990. aastatel k\u00fclastanud naaberalade teadlased v\u00f5i muuseumit\u00f6\u00f6tajad, nt etnoloogid Igor\u00a0T\u00f5nurist, Edgar Saar ja Mare\u00a0Piho, keeleteadlased J\u00fcri\u00a0Viikberg\u00a0ja Lembit Vaba, rahvastikuteadlane\u00a0Hill\u00a0Kulu jt. V\u00e4lit\u00f6id tegevad kogujad\/uurijad, liiati need, kes t\u00f6\u00f6tavad diasporaa kogukondades, m\u00f5jutavad nii v\u00f5i teisiti p\u00e4rimusgrupi elu ja p\u00e4rimust. Uurijad v\u00f5ivad jutu v\u00f5i laulu sisse panduna saada osaks kogukonna p\u00e4rimusest, aga ka otseselt p\u00e4rimusprotsesse suunata, nt v\u00e4\u00e4rtustades olemasolevat ning aidates luua uusi traditsioone. Ettekandes tuleb l\u00e4hemalt juttu n\u00e4htavatest uurija m\u00f5jutustest.<\/span><\/p>\n","protected":false},"excerpt":{"rendered":"<p>Aastatel 1991\u20132007 korraldasin 12 Eesti Rahvaluule Arhiivi ekspeditsiooni erinevatesse Siberi eesti kogukondadesse, eesm\u00e4rgiks nende kogukondade kaardistamine ja v\u00f5imalikult mitmek\u00fclgne p\u00e4rimusmaterjali kogumine. 2007. aasta suvine kogumismatk viis minu, Andreas Kalkuni ja EKA magistrandi Marge\u00a0Laasti\u00a0Siberi\u00a0setode\u00a0juurde. \u00dcldse olen 12 ekspeditsiooni k\u00e4igus k\u00fclastanud u 40 Siberi eesti kogukonda, sealhulgas ka m\u00f5ningaid vene k\u00fclasid, kuhu on grupp eestlasi \u00fcmber asunud. [&hellip;]<\/p>\n","protected":false},"author":1,"featured_media":0,"parent":470,"menu_order":0,"comment_status":"closed","ping_status":"closed","template":"","meta":{"footnotes":""},"class_list":["post-489","page","type-page","status-publish","hentry"],"yoast_head":"<!-- This site is optimized with the Yoast SEO plugin v20.12 - https:\/\/yoast.com\/wordpress\/plugins\/seo\/ -->\n<title>Siberis eelk\u00e4ijate j\u00e4lgedes | Akadeemiline Rahvaluule Selts<\/title>\n<meta name=\"robots\" content=\"index, follow, max-snippet:-1, max-image-preview:large, max-video-preview:-1\" \/>\n<link rel=\"canonical\" href=\"https:\/\/www.folklore.ee\/ars\/uritused\/arhiiv\/kogumiskonverents-2007-ajakava\/siberis-eelkaijate-jalgedes\/\" \/>\n<meta property=\"og:locale\" content=\"en_US\" \/>\n<meta property=\"og:type\" content=\"article\" \/>\n<meta property=\"og:title\" content=\"Siberis eelk\u00e4ijate j\u00e4lgedes | Akadeemiline Rahvaluule Selts\" \/>\n<meta property=\"og:description\" content=\"Aastatel 1991\u20132007 korraldasin 12 Eesti Rahvaluule Arhiivi ekspeditsiooni erinevatesse Siberi eesti kogukondadesse, eesm\u00e4rgiks nende kogukondade kaardistamine ja v\u00f5imalikult mitmek\u00fclgne p\u00e4rimusmaterjali kogumine. 2007. aasta suvine kogumismatk viis minu, Andreas Kalkuni ja EKA magistrandi Marge\u00a0Laasti\u00a0Siberi\u00a0setode\u00a0juurde. \u00dcldse olen 12 ekspeditsiooni k\u00e4igus k\u00fclastanud u 40 Siberi eesti kogukonda, sealhulgas ka m\u00f5ningaid vene k\u00fclasid, kuhu on grupp eestlasi \u00fcmber asunud. [&hellip;]\" \/>\n<meta property=\"og:url\" content=\"https:\/\/www.folklore.ee\/ars\/uritused\/arhiiv\/kogumiskonverents-2007-ajakava\/siberis-eelkaijate-jalgedes\/\" \/>\n<meta property=\"og:site_name\" content=\"Akadeemiline Rahvaluule Selts\" \/>\n<meta name=\"twitter:card\" content=\"summary_large_image\" \/>\n<meta name=\"twitter:label1\" content=\"Est. reading time\" \/>\n\t<meta name=\"twitter:data1\" content=\"1 minute\" \/>\n<script type=\"application\/ld+json\" class=\"yoast-schema-graph\">{\"@context\":\"https:\/\/schema.org\",\"@graph\":[{\"@type\":\"WebPage\",\"@id\":\"https:\/\/www.folklore.ee\/ars\/uritused\/arhiiv\/kogumiskonverents-2007-ajakava\/siberis-eelkaijate-jalgedes\/\",\"url\":\"https:\/\/www.folklore.ee\/ars\/uritused\/arhiiv\/kogumiskonverents-2007-ajakava\/siberis-eelkaijate-jalgedes\/\",\"name\":\"Siberis eelk\u00e4ijate j\u00e4lgedes | Akadeemiline Rahvaluule Selts\",\"isPartOf\":{\"@id\":\"https:\/\/www.folklore.ee\/ars\/#website\"},\"datePublished\":\"2023-09-26T11:53:49+00:00\",\"dateModified\":\"2023-09-26T11:53:49+00:00\",\"breadcrumb\":{\"@id\":\"https:\/\/www.folklore.ee\/ars\/uritused\/arhiiv\/kogumiskonverents-2007-ajakava\/siberis-eelkaijate-jalgedes\/#breadcrumb\"},\"inLanguage\":\"en-US\",\"potentialAction\":[{\"@type\":\"ReadAction\",\"target\":[\"https:\/\/www.folklore.ee\/ars\/uritused\/arhiiv\/kogumiskonverents-2007-ajakava\/siberis-eelkaijate-jalgedes\/\"]}]},{\"@type\":\"BreadcrumbList\",\"@id\":\"https:\/\/www.folklore.ee\/ars\/uritused\/arhiiv\/kogumiskonverents-2007-ajakava\/siberis-eelkaijate-jalgedes\/#breadcrumb\",\"itemListElement\":[{\"@type\":\"ListItem\",\"position\":1,\"name\":\"Avaleht\",\"item\":\"https:\/\/www.folklore.ee\/ars\/\"},{\"@type\":\"ListItem\",\"position\":2,\"name\":\"\u00dcritused\",\"item\":\"https:\/\/www.folklore.ee\/ars\/uritused\/\"},{\"@type\":\"ListItem\",\"position\":3,\"name\":\"Arhiiv\",\"item\":\"https:\/\/www.folklore.ee\/ars\/uritused\/arhiiv\/\"},{\"@type\":\"ListItem\",\"position\":4,\"name\":\"Kogumiskonverents 2007 ajakava\",\"item\":\"https:\/\/www.folklore.ee\/ars\/uritused\/arhiiv\/kogumiskonverents-2007-ajakava\/\"},{\"@type\":\"ListItem\",\"position\":5,\"name\":\"Siberis eelk\u00e4ijate j\u00e4lgedes\"}]},{\"@type\":\"WebSite\",\"@id\":\"https:\/\/www.folklore.ee\/ars\/#website\",\"url\":\"https:\/\/www.folklore.ee\/ars\/\",\"name\":\"Akadeemiline Rahvaluule Selts\",\"description\":\"Folkloristide, \u00fcli\u00f5pilaste ja k\u00f5igi rahvaluulest huvitatute \u00fchendus, mis aitab kaasa rahvaluule kogumisele, tutvustamisele, uurimisele ja publitseerimisele.\",\"potentialAction\":[{\"@type\":\"SearchAction\",\"target\":{\"@type\":\"EntryPoint\",\"urlTemplate\":\"https:\/\/www.folklore.ee\/ars\/?s={search_term_string}\"},\"query-input\":\"required name=search_term_string\"}],\"inLanguage\":\"en-US\"}]}<\/script>\n<!-- \/ Yoast SEO plugin. -->","yoast_head_json":{"title":"Siberis eelk\u00e4ijate j\u00e4lgedes | Akadeemiline Rahvaluule Selts","robots":{"index":"index","follow":"follow","max-snippet":"max-snippet:-1","max-image-preview":"max-image-preview:large","max-video-preview":"max-video-preview:-1"},"canonical":"https:\/\/www.folklore.ee\/ars\/uritused\/arhiiv\/kogumiskonverents-2007-ajakava\/siberis-eelkaijate-jalgedes\/","og_locale":"en_US","og_type":"article","og_title":"Siberis eelk\u00e4ijate j\u00e4lgedes | Akadeemiline Rahvaluule Selts","og_description":"Aastatel 1991\u20132007 korraldasin 12 Eesti Rahvaluule Arhiivi ekspeditsiooni erinevatesse Siberi eesti kogukondadesse, eesm\u00e4rgiks nende kogukondade kaardistamine ja v\u00f5imalikult mitmek\u00fclgne p\u00e4rimusmaterjali kogumine. 2007. aasta suvine kogumismatk viis minu, Andreas Kalkuni ja EKA magistrandi Marge\u00a0Laasti\u00a0Siberi\u00a0setode\u00a0juurde. \u00dcldse olen 12 ekspeditsiooni k\u00e4igus k\u00fclastanud u 40 Siberi eesti kogukonda, sealhulgas ka m\u00f5ningaid vene k\u00fclasid, kuhu on grupp eestlasi \u00fcmber asunud. [&hellip;]","og_url":"https:\/\/www.folklore.ee\/ars\/uritused\/arhiiv\/kogumiskonverents-2007-ajakava\/siberis-eelkaijate-jalgedes\/","og_site_name":"Akadeemiline Rahvaluule Selts","twitter_card":"summary_large_image","twitter_misc":{"Est. reading time":"1 minute"},"schema":{"@context":"https:\/\/schema.org","@graph":[{"@type":"WebPage","@id":"https:\/\/www.folklore.ee\/ars\/uritused\/arhiiv\/kogumiskonverents-2007-ajakava\/siberis-eelkaijate-jalgedes\/","url":"https:\/\/www.folklore.ee\/ars\/uritused\/arhiiv\/kogumiskonverents-2007-ajakava\/siberis-eelkaijate-jalgedes\/","name":"Siberis eelk\u00e4ijate j\u00e4lgedes | Akadeemiline Rahvaluule Selts","isPartOf":{"@id":"https:\/\/www.folklore.ee\/ars\/#website"},"datePublished":"2023-09-26T11:53:49+00:00","dateModified":"2023-09-26T11:53:49+00:00","breadcrumb":{"@id":"https:\/\/www.folklore.ee\/ars\/uritused\/arhiiv\/kogumiskonverents-2007-ajakava\/siberis-eelkaijate-jalgedes\/#breadcrumb"},"inLanguage":"en-US","potentialAction":[{"@type":"ReadAction","target":["https:\/\/www.folklore.ee\/ars\/uritused\/arhiiv\/kogumiskonverents-2007-ajakava\/siberis-eelkaijate-jalgedes\/"]}]},{"@type":"BreadcrumbList","@id":"https:\/\/www.folklore.ee\/ars\/uritused\/arhiiv\/kogumiskonverents-2007-ajakava\/siberis-eelkaijate-jalgedes\/#breadcrumb","itemListElement":[{"@type":"ListItem","position":1,"name":"Avaleht","item":"https:\/\/www.folklore.ee\/ars\/"},{"@type":"ListItem","position":2,"name":"\u00dcritused","item":"https:\/\/www.folklore.ee\/ars\/uritused\/"},{"@type":"ListItem","position":3,"name":"Arhiiv","item":"https:\/\/www.folklore.ee\/ars\/uritused\/arhiiv\/"},{"@type":"ListItem","position":4,"name":"Kogumiskonverents 2007 ajakava","item":"https:\/\/www.folklore.ee\/ars\/uritused\/arhiiv\/kogumiskonverents-2007-ajakava\/"},{"@type":"ListItem","position":5,"name":"Siberis eelk\u00e4ijate j\u00e4lgedes"}]},{"@type":"WebSite","@id":"https:\/\/www.folklore.ee\/ars\/#website","url":"https:\/\/www.folklore.ee\/ars\/","name":"Akadeemiline Rahvaluule Selts","description":"Folkloristide, \u00fcli\u00f5pilaste ja k\u00f5igi rahvaluulest huvitatute \u00fchendus, mis aitab kaasa rahvaluule kogumisele, tutvustamisele, uurimisele ja publitseerimisele.","potentialAction":[{"@type":"SearchAction","target":{"@type":"EntryPoint","urlTemplate":"https:\/\/www.folklore.ee\/ars\/?s={search_term_string}"},"query-input":"required name=search_term_string"}],"inLanguage":"en-US"}]}},"_links":{"self":[{"href":"https:\/\/www.folklore.ee\/ars\/wp-json\/wp\/v2\/pages\/489","targetHints":{"allow":["GET"]}}],"collection":[{"href":"https:\/\/www.folklore.ee\/ars\/wp-json\/wp\/v2\/pages"}],"about":[{"href":"https:\/\/www.folklore.ee\/ars\/wp-json\/wp\/v2\/types\/page"}],"author":[{"embeddable":true,"href":"https:\/\/www.folklore.ee\/ars\/wp-json\/wp\/v2\/users\/1"}],"replies":[{"embeddable":true,"href":"https:\/\/www.folklore.ee\/ars\/wp-json\/wp\/v2\/comments?post=489"}],"version-history":[{"count":1,"href":"https:\/\/www.folklore.ee\/ars\/wp-json\/wp\/v2\/pages\/489\/revisions"}],"predecessor-version":[{"id":491,"href":"https:\/\/www.folklore.ee\/ars\/wp-json\/wp\/v2\/pages\/489\/revisions\/491"}],"up":[{"embeddable":true,"href":"https:\/\/www.folklore.ee\/ars\/wp-json\/wp\/v2\/pages\/470"}],"wp:attachment":[{"href":"https:\/\/www.folklore.ee\/ars\/wp-json\/wp\/v2\/media?parent=489"}],"curies":[{"name":"wp","href":"https:\/\/api.w.org\/{rel}","templated":true}]}}