{"id":483,"date":"2023-09-26T11:26:17","date_gmt":"2023-09-26T11:26:17","guid":{"rendered":"https:\/\/www.folklore.ee\/ars\/?page_id=483"},"modified":"2023-09-26T11:26:17","modified_gmt":"2023-09-26T11:26:17","slug":"12-aastat-mille-eest-ulevaade-ule-eestilisest-kooliparimuse-kogumisvoistlusest","status":"publish","type":"page","link":"https:\/\/www.folklore.ee\/ars\/uritused\/arhiiv\/kogumiskonverents-2007-ajakava\/12-aastat-mille-eest-ulevaade-ule-eestilisest-kooliparimuse-kogumisvoistlusest\/","title":{"rendered":"\u201e12 aastat? Mille eest?\u201d \u00dclevaade \u00fcle-eestilisest koolip\u00e4rimuse kogumisv\u00f5istlusest"},"content":{"rendered":"\n<p>Ettekanne annab \u00fclevaate 1. m\u00e4rtsist 10. maini 2007. aastal toimunud kogu Eestit h\u00f5lmavast koolip\u00e4rimuse kogumise v\u00f5istlusest. Suuremahulise kogumisaktsiooni eesm\u00e4rk oli \u00fchelt poolt j\u00e4\u00e4dvustada meie koolilaste maailm just sellisena, nagu see t\u00e4nap\u00e4eval on, teiselt poolt rakendada noori eesti p\u00e4rimuse ja kultuuri teadvustamisel ning fikseerimisel.<\/p>\n\n\n\n<p>Kogumisaktsioon oli j\u00e4tk 1992. aastal Soomes ja Eestis aset leidnud koolip\u00e4rimuse kogumise v\u00f5istlusele. Kui Eesti Rahvaluule Arhiivi laekus tookord \u00fcle 27 000 lehek\u00fclje rikkalikku ja v\u00e4\u00e4rtuslikku \u00f5pilasfolkloori \u00fchtekokku 1797 vastajalt 26 Eesti koolist, siis seekordsele k\u00fcsitlusele vastas umbkaudu 2800 \u00f5pilast 71 koolist neljas vanuser\u00fchmas 4.-12. klassini. Arhiivile anti \u00fcle peaaegu 15 600 lehek\u00fclge noortep\u00e4rimust.<\/p>\n\n\n\n<p>Viieteistk\u00fcmne aastaga on Eesti \u00fchiskonnas v\u00e4ga palju muutunud, peale on kasvanud uus p\u00f5lvkond, kelle vaimne p\u00e4rimus v\u00f5imaldab j\u00e4lgida t\u00e4nap\u00e4eva \u00fchiskonnas toimuvaid arenguid ja protsesse. Avatud vastustega k\u00fcsitluskava koosnes kuuest teemast: vaba aeg ja s\u00f5brad; naljad; hirmud, uskumused ja ennustamine; arvuti ja televisioon; t\u00e4htp\u00e4evad ja peod; m\u00e4ngud.<\/p>\n\n\n\n<p>P\u00f5hjaliku k\u00fcsitluskava koostamisel tahtsime esiteks teada, milline on kooliealiste maailm, mis neid huvitab ja millega nad tegelevad ning kuidas kajastub nende igap\u00e4evaelu p\u00e4rimuses. Selles t\u00e4henduses ei ole koolip\u00e4rimus alati kooliga seotud, vaid eelk\u00f5ige kooliealiste laste ja noorte p\u00e4rimus. Teiseks koostati k\u00fcsimused l\u00e4htuvalt folkloristide praegustest uurimissuundadest.<\/p>\n\n\n\n<p>Autasustamistseremoonia parimatele \u00f5pilastele ja \u00f5petajatele toimus 26. mail Eesti Kirjandusmuuseumis Tartus.<\/p>\n\n\n\n<p>Koolip\u00e4rimuse kogumisv\u00f5istluse korraldasid Eesti Kirjandusmuuseumi folkloristika osakond (Mare K\u00f5iva, Ave&nbsp;Tupits, Piret Voolaid), Eesti Rahvaluule Arhiiv (Astrid Tuisk), Tartu \u00dclikooli eesti ja v\u00f5rdleva rahvaluule osakond (Risto J\u00e4rv) ning Eesti Folkloori Instituut.<\/p>\n\n\n\n<p>V\u00f5istluse koduleht asub aadressil\u00a0<a href=\"https:\/\/www.folklore.ee\/kooliparimus\/\" target=\"_blank\" rel=\"noreferrer noopener\">folklore.ee\/kooliparimus<\/a>.<\/p>\n","protected":false},"excerpt":{"rendered":"<p>Ettekanne annab \u00fclevaate 1. m\u00e4rtsist 10. maini 2007. aastal toimunud kogu Eestit h\u00f5lmavast koolip\u00e4rimuse kogumise v\u00f5istlusest. Suuremahulise kogumisaktsiooni eesm\u00e4rk oli \u00fchelt poolt j\u00e4\u00e4dvustada meie koolilaste maailm just sellisena, nagu see t\u00e4nap\u00e4eval on, teiselt poolt rakendada noori eesti p\u00e4rimuse ja kultuuri teadvustamisel ning fikseerimisel. Kogumisaktsioon oli j\u00e4tk 1992. aastal Soomes ja Eestis aset leidnud koolip\u00e4rimuse kogumise [&hellip;]<\/p>\n","protected":false},"author":1,"featured_media":0,"parent":470,"menu_order":0,"comment_status":"closed","ping_status":"closed","template":"","meta":{"footnotes":""},"class_list":["post-483","page","type-page","status-publish","hentry"],"yoast_head":"<!-- This site is optimized with the Yoast SEO plugin v20.12 - https:\/\/yoast.com\/wordpress\/plugins\/seo\/ -->\n<title>\u201e12 aastat? Mille eest?\u201d \u00dclevaade \u00fcle-eestilisest koolip\u00e4rimuse kogumisv\u00f5istlusest | Akadeemiline Rahvaluule Selts<\/title>\n<meta name=\"robots\" content=\"index, follow, max-snippet:-1, max-image-preview:large, max-video-preview:-1\" \/>\n<link rel=\"canonical\" href=\"https:\/\/www.folklore.ee\/ars\/uritused\/arhiiv\/kogumiskonverents-2007-ajakava\/12-aastat-mille-eest-ulevaade-ule-eestilisest-kooliparimuse-kogumisvoistlusest\/\" \/>\n<meta property=\"og:locale\" content=\"en_US\" \/>\n<meta property=\"og:type\" content=\"article\" \/>\n<meta property=\"og:title\" content=\"\u201e12 aastat? Mille eest?\u201d \u00dclevaade \u00fcle-eestilisest koolip\u00e4rimuse kogumisv\u00f5istlusest | Akadeemiline Rahvaluule Selts\" \/>\n<meta property=\"og:description\" content=\"Ettekanne annab \u00fclevaate 1. m\u00e4rtsist 10. maini 2007. aastal toimunud kogu Eestit h\u00f5lmavast koolip\u00e4rimuse kogumise v\u00f5istlusest. Suuremahulise kogumisaktsiooni eesm\u00e4rk oli \u00fchelt poolt j\u00e4\u00e4dvustada meie koolilaste maailm just sellisena, nagu see t\u00e4nap\u00e4eval on, teiselt poolt rakendada noori eesti p\u00e4rimuse ja kultuuri teadvustamisel ning fikseerimisel. Kogumisaktsioon oli j\u00e4tk 1992. aastal Soomes ja Eestis aset leidnud koolip\u00e4rimuse kogumise [&hellip;]\" \/>\n<meta property=\"og:url\" content=\"https:\/\/www.folklore.ee\/ars\/uritused\/arhiiv\/kogumiskonverents-2007-ajakava\/12-aastat-mille-eest-ulevaade-ule-eestilisest-kooliparimuse-kogumisvoistlusest\/\" \/>\n<meta property=\"og:site_name\" content=\"Akadeemiline Rahvaluule Selts\" \/>\n<meta name=\"twitter:card\" content=\"summary_large_image\" \/>\n<meta name=\"twitter:label1\" content=\"Est. reading time\" \/>\n\t<meta name=\"twitter:data1\" content=\"2 minutes\" \/>\n<script type=\"application\/ld+json\" class=\"yoast-schema-graph\">{\"@context\":\"https:\/\/schema.org\",\"@graph\":[{\"@type\":\"WebPage\",\"@id\":\"https:\/\/www.folklore.ee\/ars\/uritused\/arhiiv\/kogumiskonverents-2007-ajakava\/12-aastat-mille-eest-ulevaade-ule-eestilisest-kooliparimuse-kogumisvoistlusest\/\",\"url\":\"https:\/\/www.folklore.ee\/ars\/uritused\/arhiiv\/kogumiskonverents-2007-ajakava\/12-aastat-mille-eest-ulevaade-ule-eestilisest-kooliparimuse-kogumisvoistlusest\/\",\"name\":\"\u201e12 aastat? Mille eest?\u201d \u00dclevaade \u00fcle-eestilisest koolip\u00e4rimuse kogumisv\u00f5istlusest | Akadeemiline Rahvaluule Selts\",\"isPartOf\":{\"@id\":\"https:\/\/www.folklore.ee\/ars\/#website\"},\"datePublished\":\"2023-09-26T11:26:17+00:00\",\"dateModified\":\"2023-09-26T11:26:17+00:00\",\"breadcrumb\":{\"@id\":\"https:\/\/www.folklore.ee\/ars\/uritused\/arhiiv\/kogumiskonverents-2007-ajakava\/12-aastat-mille-eest-ulevaade-ule-eestilisest-kooliparimuse-kogumisvoistlusest\/#breadcrumb\"},\"inLanguage\":\"en-US\",\"potentialAction\":[{\"@type\":\"ReadAction\",\"target\":[\"https:\/\/www.folklore.ee\/ars\/uritused\/arhiiv\/kogumiskonverents-2007-ajakava\/12-aastat-mille-eest-ulevaade-ule-eestilisest-kooliparimuse-kogumisvoistlusest\/\"]}]},{\"@type\":\"BreadcrumbList\",\"@id\":\"https:\/\/www.folklore.ee\/ars\/uritused\/arhiiv\/kogumiskonverents-2007-ajakava\/12-aastat-mille-eest-ulevaade-ule-eestilisest-kooliparimuse-kogumisvoistlusest\/#breadcrumb\",\"itemListElement\":[{\"@type\":\"ListItem\",\"position\":1,\"name\":\"Avaleht\",\"item\":\"https:\/\/www.folklore.ee\/ars\/\"},{\"@type\":\"ListItem\",\"position\":2,\"name\":\"\u00dcritused\",\"item\":\"https:\/\/www.folklore.ee\/ars\/uritused\/\"},{\"@type\":\"ListItem\",\"position\":3,\"name\":\"Arhiiv\",\"item\":\"https:\/\/www.folklore.ee\/ars\/uritused\/arhiiv\/\"},{\"@type\":\"ListItem\",\"position\":4,\"name\":\"Kogumiskonverents 2007 ajakava\",\"item\":\"https:\/\/www.folklore.ee\/ars\/uritused\/arhiiv\/kogumiskonverents-2007-ajakava\/\"},{\"@type\":\"ListItem\",\"position\":5,\"name\":\"\u201e12 aastat? Mille eest?\u201d \u00dclevaade \u00fcle-eestilisest koolip\u00e4rimuse kogumisv\u00f5istlusest\"}]},{\"@type\":\"WebSite\",\"@id\":\"https:\/\/www.folklore.ee\/ars\/#website\",\"url\":\"https:\/\/www.folklore.ee\/ars\/\",\"name\":\"Akadeemiline Rahvaluule Selts\",\"description\":\"Folkloristide, \u00fcli\u00f5pilaste ja k\u00f5igi rahvaluulest huvitatute \u00fchendus, mis aitab kaasa rahvaluule kogumisele, tutvustamisele, uurimisele ja publitseerimisele.\",\"potentialAction\":[{\"@type\":\"SearchAction\",\"target\":{\"@type\":\"EntryPoint\",\"urlTemplate\":\"https:\/\/www.folklore.ee\/ars\/?s={search_term_string}\"},\"query-input\":\"required name=search_term_string\"}],\"inLanguage\":\"en-US\"}]}<\/script>\n<!-- \/ Yoast SEO plugin. -->","yoast_head_json":{"title":"\u201e12 aastat? Mille eest?\u201d \u00dclevaade \u00fcle-eestilisest koolip\u00e4rimuse kogumisv\u00f5istlusest | Akadeemiline Rahvaluule Selts","robots":{"index":"index","follow":"follow","max-snippet":"max-snippet:-1","max-image-preview":"max-image-preview:large","max-video-preview":"max-video-preview:-1"},"canonical":"https:\/\/www.folklore.ee\/ars\/uritused\/arhiiv\/kogumiskonverents-2007-ajakava\/12-aastat-mille-eest-ulevaade-ule-eestilisest-kooliparimuse-kogumisvoistlusest\/","og_locale":"en_US","og_type":"article","og_title":"\u201e12 aastat? Mille eest?\u201d \u00dclevaade \u00fcle-eestilisest koolip\u00e4rimuse kogumisv\u00f5istlusest | Akadeemiline Rahvaluule Selts","og_description":"Ettekanne annab \u00fclevaate 1. m\u00e4rtsist 10. maini 2007. aastal toimunud kogu Eestit h\u00f5lmavast koolip\u00e4rimuse kogumise v\u00f5istlusest. Suuremahulise kogumisaktsiooni eesm\u00e4rk oli \u00fchelt poolt j\u00e4\u00e4dvustada meie koolilaste maailm just sellisena, nagu see t\u00e4nap\u00e4eval on, teiselt poolt rakendada noori eesti p\u00e4rimuse ja kultuuri teadvustamisel ning fikseerimisel. Kogumisaktsioon oli j\u00e4tk 1992. aastal Soomes ja Eestis aset leidnud koolip\u00e4rimuse kogumise [&hellip;]","og_url":"https:\/\/www.folklore.ee\/ars\/uritused\/arhiiv\/kogumiskonverents-2007-ajakava\/12-aastat-mille-eest-ulevaade-ule-eestilisest-kooliparimuse-kogumisvoistlusest\/","og_site_name":"Akadeemiline Rahvaluule Selts","twitter_card":"summary_large_image","twitter_misc":{"Est. reading time":"2 minutes"},"schema":{"@context":"https:\/\/schema.org","@graph":[{"@type":"WebPage","@id":"https:\/\/www.folklore.ee\/ars\/uritused\/arhiiv\/kogumiskonverents-2007-ajakava\/12-aastat-mille-eest-ulevaade-ule-eestilisest-kooliparimuse-kogumisvoistlusest\/","url":"https:\/\/www.folklore.ee\/ars\/uritused\/arhiiv\/kogumiskonverents-2007-ajakava\/12-aastat-mille-eest-ulevaade-ule-eestilisest-kooliparimuse-kogumisvoistlusest\/","name":"\u201e12 aastat? Mille eest?\u201d \u00dclevaade \u00fcle-eestilisest koolip\u00e4rimuse kogumisv\u00f5istlusest | Akadeemiline Rahvaluule Selts","isPartOf":{"@id":"https:\/\/www.folklore.ee\/ars\/#website"},"datePublished":"2023-09-26T11:26:17+00:00","dateModified":"2023-09-26T11:26:17+00:00","breadcrumb":{"@id":"https:\/\/www.folklore.ee\/ars\/uritused\/arhiiv\/kogumiskonverents-2007-ajakava\/12-aastat-mille-eest-ulevaade-ule-eestilisest-kooliparimuse-kogumisvoistlusest\/#breadcrumb"},"inLanguage":"en-US","potentialAction":[{"@type":"ReadAction","target":["https:\/\/www.folklore.ee\/ars\/uritused\/arhiiv\/kogumiskonverents-2007-ajakava\/12-aastat-mille-eest-ulevaade-ule-eestilisest-kooliparimuse-kogumisvoistlusest\/"]}]},{"@type":"BreadcrumbList","@id":"https:\/\/www.folklore.ee\/ars\/uritused\/arhiiv\/kogumiskonverents-2007-ajakava\/12-aastat-mille-eest-ulevaade-ule-eestilisest-kooliparimuse-kogumisvoistlusest\/#breadcrumb","itemListElement":[{"@type":"ListItem","position":1,"name":"Avaleht","item":"https:\/\/www.folklore.ee\/ars\/"},{"@type":"ListItem","position":2,"name":"\u00dcritused","item":"https:\/\/www.folklore.ee\/ars\/uritused\/"},{"@type":"ListItem","position":3,"name":"Arhiiv","item":"https:\/\/www.folklore.ee\/ars\/uritused\/arhiiv\/"},{"@type":"ListItem","position":4,"name":"Kogumiskonverents 2007 ajakava","item":"https:\/\/www.folklore.ee\/ars\/uritused\/arhiiv\/kogumiskonverents-2007-ajakava\/"},{"@type":"ListItem","position":5,"name":"\u201e12 aastat? Mille eest?\u201d \u00dclevaade \u00fcle-eestilisest koolip\u00e4rimuse kogumisv\u00f5istlusest"}]},{"@type":"WebSite","@id":"https:\/\/www.folklore.ee\/ars\/#website","url":"https:\/\/www.folklore.ee\/ars\/","name":"Akadeemiline Rahvaluule Selts","description":"Folkloristide, \u00fcli\u00f5pilaste ja k\u00f5igi rahvaluulest huvitatute \u00fchendus, mis aitab kaasa rahvaluule kogumisele, tutvustamisele, uurimisele ja publitseerimisele.","potentialAction":[{"@type":"SearchAction","target":{"@type":"EntryPoint","urlTemplate":"https:\/\/www.folklore.ee\/ars\/?s={search_term_string}"},"query-input":"required name=search_term_string"}],"inLanguage":"en-US"}]}},"_links":{"self":[{"href":"https:\/\/www.folklore.ee\/ars\/wp-json\/wp\/v2\/pages\/483","targetHints":{"allow":["GET"]}}],"collection":[{"href":"https:\/\/www.folklore.ee\/ars\/wp-json\/wp\/v2\/pages"}],"about":[{"href":"https:\/\/www.folklore.ee\/ars\/wp-json\/wp\/v2\/types\/page"}],"author":[{"embeddable":true,"href":"https:\/\/www.folklore.ee\/ars\/wp-json\/wp\/v2\/users\/1"}],"replies":[{"embeddable":true,"href":"https:\/\/www.folklore.ee\/ars\/wp-json\/wp\/v2\/comments?post=483"}],"version-history":[{"count":1,"href":"https:\/\/www.folklore.ee\/ars\/wp-json\/wp\/v2\/pages\/483\/revisions"}],"predecessor-version":[{"id":485,"href":"https:\/\/www.folklore.ee\/ars\/wp-json\/wp\/v2\/pages\/483\/revisions\/485"}],"up":[{"embeddable":true,"href":"https:\/\/www.folklore.ee\/ars\/wp-json\/wp\/v2\/pages\/470"}],"wp:attachment":[{"href":"https:\/\/www.folklore.ee\/ars\/wp-json\/wp\/v2\/media?parent=483"}],"curies":[{"name":"wp","href":"https:\/\/api.w.org\/{rel}","templated":true}]}}