{"id":481,"date":"2023-09-26T11:17:21","date_gmt":"2023-09-26T11:17:21","guid":{"rendered":"https:\/\/www.folklore.ee\/ars\/?page_id=481"},"modified":"2023-09-26T11:17:21","modified_gmt":"2023-09-26T11:17:21","slug":"kuidas-jaadvustada-viljandi-folki","status":"publish","type":"page","link":"https:\/\/www.folklore.ee\/ars\/uritused\/arhiiv\/kogumiskonverents-2007-ajakava\/kuidas-jaadvustada-viljandi-folki\/","title":{"rendered":"Kuidas j\u00e4\u00e4dvustada Viljandi folki? Etnomusikoloogid 2007. aasta juulis Viljandi p\u00e4rimusmuusika festivalil"},"content":{"rendered":"\n<p>T\u00e4navu 26.-29. juulil toimunud XV Viljandi p\u00e4rimusmuusika festival oli p\u00fchendatud regilaulule. Peo teemast innustunud Eesti Kirjandusmuuseumi etnomusikoloogia osakonna viieliikmeline uurimisr\u00fchm tegi nelja festivalip\u00e4eva jooksul koha peal ligi 40 tundi video- ja helisalvestusi. V\u00e4lit\u00f6\u00f6de \u00fcheks peamiseks eesm\u00e4rgiks oli j\u00e4\u00e4dvustada spontaanset kooslaulmist ja -musitseerimist vabas peo\u00f5hkkonnas. Ettekandes annan \u00fclevaate v\u00e4lit\u00f6\u00f6de k\u00e4igust, kogutud materjalist ning arutlen saadud ainese edasiste kasutamis- ja uurimisv\u00f5imaluste \u00fcle.<\/p>\n","protected":false},"excerpt":{"rendered":"<p>T\u00e4navu 26.-29. juulil toimunud XV Viljandi p\u00e4rimusmuusika festival oli p\u00fchendatud regilaulule. Peo teemast innustunud Eesti Kirjandusmuuseumi etnomusikoloogia osakonna viieliikmeline uurimisr\u00fchm tegi nelja festivalip\u00e4eva jooksul koha peal ligi 40 tundi video- ja helisalvestusi. V\u00e4lit\u00f6\u00f6de \u00fcheks peamiseks eesm\u00e4rgiks oli j\u00e4\u00e4dvustada spontaanset kooslaulmist ja -musitseerimist vabas peo\u00f5hkkonnas. Ettekandes annan \u00fclevaate v\u00e4lit\u00f6\u00f6de k\u00e4igust, kogutud materjalist ning arutlen saadud ainese [&hellip;]<\/p>\n","protected":false},"author":1,"featured_media":0,"parent":470,"menu_order":0,"comment_status":"closed","ping_status":"closed","template":"","meta":{"footnotes":""},"class_list":["post-481","page","type-page","status-publish","hentry"],"yoast_head":"<!-- This site is optimized with the Yoast SEO plugin v20.12 - https:\/\/yoast.com\/wordpress\/plugins\/seo\/ -->\n<title>Kuidas j\u00e4\u00e4dvustada Viljandi folki? Etnomusikoloogid 2007. aasta juulis Viljandi p\u00e4rimusmuusika festivalil | Akadeemiline Rahvaluule Selts<\/title>\n<meta name=\"robots\" content=\"index, follow, max-snippet:-1, max-image-preview:large, max-video-preview:-1\" \/>\n<link rel=\"canonical\" href=\"https:\/\/www.folklore.ee\/ars\/uritused\/arhiiv\/kogumiskonverents-2007-ajakava\/kuidas-jaadvustada-viljandi-folki\/\" \/>\n<meta property=\"og:locale\" content=\"en_US\" \/>\n<meta property=\"og:type\" content=\"article\" \/>\n<meta property=\"og:title\" content=\"Kuidas j\u00e4\u00e4dvustada Viljandi folki? Etnomusikoloogid 2007. aasta juulis Viljandi p\u00e4rimusmuusika festivalil | Akadeemiline Rahvaluule Selts\" \/>\n<meta property=\"og:description\" content=\"T\u00e4navu 26.-29. juulil toimunud XV Viljandi p\u00e4rimusmuusika festival oli p\u00fchendatud regilaulule. Peo teemast innustunud Eesti Kirjandusmuuseumi etnomusikoloogia osakonna viieliikmeline uurimisr\u00fchm tegi nelja festivalip\u00e4eva jooksul koha peal ligi 40 tundi video- ja helisalvestusi. V\u00e4lit\u00f6\u00f6de \u00fcheks peamiseks eesm\u00e4rgiks oli j\u00e4\u00e4dvustada spontaanset kooslaulmist ja -musitseerimist vabas peo\u00f5hkkonnas. Ettekandes annan \u00fclevaate v\u00e4lit\u00f6\u00f6de k\u00e4igust, kogutud materjalist ning arutlen saadud ainese [&hellip;]\" \/>\n<meta property=\"og:url\" content=\"https:\/\/www.folklore.ee\/ars\/uritused\/arhiiv\/kogumiskonverents-2007-ajakava\/kuidas-jaadvustada-viljandi-folki\/\" \/>\n<meta property=\"og:site_name\" content=\"Akadeemiline Rahvaluule Selts\" \/>\n<meta name=\"twitter:card\" content=\"summary_large_image\" \/>\n<script type=\"application\/ld+json\" class=\"yoast-schema-graph\">{\"@context\":\"https:\/\/schema.org\",\"@graph\":[{\"@type\":\"WebPage\",\"@id\":\"https:\/\/www.folklore.ee\/ars\/uritused\/arhiiv\/kogumiskonverents-2007-ajakava\/kuidas-jaadvustada-viljandi-folki\/\",\"url\":\"https:\/\/www.folklore.ee\/ars\/uritused\/arhiiv\/kogumiskonverents-2007-ajakava\/kuidas-jaadvustada-viljandi-folki\/\",\"name\":\"Kuidas j\u00e4\u00e4dvustada Viljandi folki? Etnomusikoloogid 2007. aasta juulis Viljandi p\u00e4rimusmuusika festivalil | Akadeemiline Rahvaluule Selts\",\"isPartOf\":{\"@id\":\"https:\/\/www.folklore.ee\/ars\/#website\"},\"datePublished\":\"2023-09-26T11:17:21+00:00\",\"dateModified\":\"2023-09-26T11:17:21+00:00\",\"breadcrumb\":{\"@id\":\"https:\/\/www.folklore.ee\/ars\/uritused\/arhiiv\/kogumiskonverents-2007-ajakava\/kuidas-jaadvustada-viljandi-folki\/#breadcrumb\"},\"inLanguage\":\"en-US\",\"potentialAction\":[{\"@type\":\"ReadAction\",\"target\":[\"https:\/\/www.folklore.ee\/ars\/uritused\/arhiiv\/kogumiskonverents-2007-ajakava\/kuidas-jaadvustada-viljandi-folki\/\"]}]},{\"@type\":\"BreadcrumbList\",\"@id\":\"https:\/\/www.folklore.ee\/ars\/uritused\/arhiiv\/kogumiskonverents-2007-ajakava\/kuidas-jaadvustada-viljandi-folki\/#breadcrumb\",\"itemListElement\":[{\"@type\":\"ListItem\",\"position\":1,\"name\":\"Avaleht\",\"item\":\"https:\/\/www.folklore.ee\/ars\/\"},{\"@type\":\"ListItem\",\"position\":2,\"name\":\"\u00dcritused\",\"item\":\"https:\/\/www.folklore.ee\/ars\/uritused\/\"},{\"@type\":\"ListItem\",\"position\":3,\"name\":\"Arhiiv\",\"item\":\"https:\/\/www.folklore.ee\/ars\/uritused\/arhiiv\/\"},{\"@type\":\"ListItem\",\"position\":4,\"name\":\"Kogumiskonverents 2007 ajakava\",\"item\":\"https:\/\/www.folklore.ee\/ars\/uritused\/arhiiv\/kogumiskonverents-2007-ajakava\/\"},{\"@type\":\"ListItem\",\"position\":5,\"name\":\"Kuidas j\u00e4\u00e4dvustada Viljandi folki? Etnomusikoloogid 2007. aasta juulis Viljandi p\u00e4rimusmuusika festivalil\"}]},{\"@type\":\"WebSite\",\"@id\":\"https:\/\/www.folklore.ee\/ars\/#website\",\"url\":\"https:\/\/www.folklore.ee\/ars\/\",\"name\":\"Akadeemiline Rahvaluule Selts\",\"description\":\"Folkloristide, \u00fcli\u00f5pilaste ja k\u00f5igi rahvaluulest huvitatute \u00fchendus, mis aitab kaasa rahvaluule kogumisele, tutvustamisele, uurimisele ja publitseerimisele.\",\"potentialAction\":[{\"@type\":\"SearchAction\",\"target\":{\"@type\":\"EntryPoint\",\"urlTemplate\":\"https:\/\/www.folklore.ee\/ars\/?s={search_term_string}\"},\"query-input\":\"required name=search_term_string\"}],\"inLanguage\":\"en-US\"}]}<\/script>\n<!-- \/ Yoast SEO plugin. -->","yoast_head_json":{"title":"Kuidas j\u00e4\u00e4dvustada Viljandi folki? Etnomusikoloogid 2007. aasta juulis Viljandi p\u00e4rimusmuusika festivalil | Akadeemiline Rahvaluule Selts","robots":{"index":"index","follow":"follow","max-snippet":"max-snippet:-1","max-image-preview":"max-image-preview:large","max-video-preview":"max-video-preview:-1"},"canonical":"https:\/\/www.folklore.ee\/ars\/uritused\/arhiiv\/kogumiskonverents-2007-ajakava\/kuidas-jaadvustada-viljandi-folki\/","og_locale":"en_US","og_type":"article","og_title":"Kuidas j\u00e4\u00e4dvustada Viljandi folki? Etnomusikoloogid 2007. aasta juulis Viljandi p\u00e4rimusmuusika festivalil | Akadeemiline Rahvaluule Selts","og_description":"T\u00e4navu 26.-29. juulil toimunud XV Viljandi p\u00e4rimusmuusika festival oli p\u00fchendatud regilaulule. Peo teemast innustunud Eesti Kirjandusmuuseumi etnomusikoloogia osakonna viieliikmeline uurimisr\u00fchm tegi nelja festivalip\u00e4eva jooksul koha peal ligi 40 tundi video- ja helisalvestusi. V\u00e4lit\u00f6\u00f6de \u00fcheks peamiseks eesm\u00e4rgiks oli j\u00e4\u00e4dvustada spontaanset kooslaulmist ja -musitseerimist vabas peo\u00f5hkkonnas. Ettekandes annan \u00fclevaate v\u00e4lit\u00f6\u00f6de k\u00e4igust, kogutud materjalist ning arutlen saadud ainese [&hellip;]","og_url":"https:\/\/www.folklore.ee\/ars\/uritused\/arhiiv\/kogumiskonverents-2007-ajakava\/kuidas-jaadvustada-viljandi-folki\/","og_site_name":"Akadeemiline Rahvaluule Selts","twitter_card":"summary_large_image","schema":{"@context":"https:\/\/schema.org","@graph":[{"@type":"WebPage","@id":"https:\/\/www.folklore.ee\/ars\/uritused\/arhiiv\/kogumiskonverents-2007-ajakava\/kuidas-jaadvustada-viljandi-folki\/","url":"https:\/\/www.folklore.ee\/ars\/uritused\/arhiiv\/kogumiskonverents-2007-ajakava\/kuidas-jaadvustada-viljandi-folki\/","name":"Kuidas j\u00e4\u00e4dvustada Viljandi folki? Etnomusikoloogid 2007. aasta juulis Viljandi p\u00e4rimusmuusika festivalil | Akadeemiline Rahvaluule Selts","isPartOf":{"@id":"https:\/\/www.folklore.ee\/ars\/#website"},"datePublished":"2023-09-26T11:17:21+00:00","dateModified":"2023-09-26T11:17:21+00:00","breadcrumb":{"@id":"https:\/\/www.folklore.ee\/ars\/uritused\/arhiiv\/kogumiskonverents-2007-ajakava\/kuidas-jaadvustada-viljandi-folki\/#breadcrumb"},"inLanguage":"en-US","potentialAction":[{"@type":"ReadAction","target":["https:\/\/www.folklore.ee\/ars\/uritused\/arhiiv\/kogumiskonverents-2007-ajakava\/kuidas-jaadvustada-viljandi-folki\/"]}]},{"@type":"BreadcrumbList","@id":"https:\/\/www.folklore.ee\/ars\/uritused\/arhiiv\/kogumiskonverents-2007-ajakava\/kuidas-jaadvustada-viljandi-folki\/#breadcrumb","itemListElement":[{"@type":"ListItem","position":1,"name":"Avaleht","item":"https:\/\/www.folklore.ee\/ars\/"},{"@type":"ListItem","position":2,"name":"\u00dcritused","item":"https:\/\/www.folklore.ee\/ars\/uritused\/"},{"@type":"ListItem","position":3,"name":"Arhiiv","item":"https:\/\/www.folklore.ee\/ars\/uritused\/arhiiv\/"},{"@type":"ListItem","position":4,"name":"Kogumiskonverents 2007 ajakava","item":"https:\/\/www.folklore.ee\/ars\/uritused\/arhiiv\/kogumiskonverents-2007-ajakava\/"},{"@type":"ListItem","position":5,"name":"Kuidas j\u00e4\u00e4dvustada Viljandi folki? Etnomusikoloogid 2007. aasta juulis Viljandi p\u00e4rimusmuusika festivalil"}]},{"@type":"WebSite","@id":"https:\/\/www.folklore.ee\/ars\/#website","url":"https:\/\/www.folklore.ee\/ars\/","name":"Akadeemiline Rahvaluule Selts","description":"Folkloristide, \u00fcli\u00f5pilaste ja k\u00f5igi rahvaluulest huvitatute \u00fchendus, mis aitab kaasa rahvaluule kogumisele, tutvustamisele, uurimisele ja publitseerimisele.","potentialAction":[{"@type":"SearchAction","target":{"@type":"EntryPoint","urlTemplate":"https:\/\/www.folklore.ee\/ars\/?s={search_term_string}"},"query-input":"required name=search_term_string"}],"inLanguage":"en-US"}]}},"_links":{"self":[{"href":"https:\/\/www.folklore.ee\/ars\/wp-json\/wp\/v2\/pages\/481","targetHints":{"allow":["GET"]}}],"collection":[{"href":"https:\/\/www.folklore.ee\/ars\/wp-json\/wp\/v2\/pages"}],"about":[{"href":"https:\/\/www.folklore.ee\/ars\/wp-json\/wp\/v2\/types\/page"}],"author":[{"embeddable":true,"href":"https:\/\/www.folklore.ee\/ars\/wp-json\/wp\/v2\/users\/1"}],"replies":[{"embeddable":true,"href":"https:\/\/www.folklore.ee\/ars\/wp-json\/wp\/v2\/comments?post=481"}],"version-history":[{"count":1,"href":"https:\/\/www.folklore.ee\/ars\/wp-json\/wp\/v2\/pages\/481\/revisions"}],"predecessor-version":[{"id":482,"href":"https:\/\/www.folklore.ee\/ars\/wp-json\/wp\/v2\/pages\/481\/revisions\/482"}],"up":[{"embeddable":true,"href":"https:\/\/www.folklore.ee\/ars\/wp-json\/wp\/v2\/pages\/470"}],"wp:attachment":[{"href":"https:\/\/www.folklore.ee\/ars\/wp-json\/wp\/v2\/media?parent=481"}],"curies":[{"name":"wp","href":"https:\/\/api.w.org\/{rel}","templated":true}]}}