{"id":476,"date":"2023-09-26T11:15:17","date_gmt":"2023-09-26T11:15:17","guid":{"rendered":"https:\/\/www.folklore.ee\/ars\/?page_id=476"},"modified":"2023-09-26T11:15:17","modified_gmt":"2023-09-26T11:15:17","slug":"eesti-pollumajandusmuuseumi-kogumistoo","status":"publish","type":"page","link":"https:\/\/www.folklore.ee\/ars\/uritused\/arhiiv\/kogumiskonverents-2007-ajakava\/eesti-pollumajandusmuuseumi-kogumistoo\/","title":{"rendered":"Eesti P\u00f5llumajandusmuuseumi kogumist\u00f6\u00f6: minevik, olevik, tulevik"},"content":{"rendered":"\n<p>Eesti P\u00f5llumajandusmuuseumis alustati kogumist\u00f6\u00f6ga alates asutamiskoosolekust 15. mail 1968, eesm\u00e4rgiks saada t\u00e4iendust Eesti P\u00f5llumajanduse Akadeemias \u00f5petatavale p\u00f5llumajanduse ajaloole.<\/p>\n\n\n\n<p>Kogusid on t\u00e4iendatud peamiselt annetustega:<\/p>\n\n\n\n<p>\u2022&nbsp;&nbsp;&nbsp;&nbsp;&nbsp;&nbsp;eraisikutelt,<\/p>\n\n\n\n<p>\u2022&nbsp;&nbsp;&nbsp;&nbsp;&nbsp;&nbsp;asutustelt (eelk\u00f5ige EPA, n\u00fc\u00fcd Maa\u00fclikool ja EPA \u00dclenurme \u00d5ppe- ja Katsemajand),<\/p>\n\n\n\n<p>\u2022&nbsp;&nbsp;&nbsp;&nbsp;&nbsp;&nbsp;likvideeritud filiaalidest (Lihandusmuuseum&nbsp;Saaremaal),<\/p>\n\n\n\n<p>\u2022&nbsp;&nbsp;&nbsp;&nbsp;&nbsp;&nbsp;likvideeritud muuseumidelt (Tallinna Linnuvabriku muuseum).<\/p>\n\n\n\n<p>Siiani on peamiselt keskendutud esemete, fotode ja dokumentide kogumisele, nende saamiseks on korraldatud kogumisretki. M\u00e4lestusi on v\u00e4ga v\u00e4hesel m\u00e4\u00e4ral hakatud koguma alates 1980. aastatest, mil on j\u00e4\u00e4dvustatud nii audio- kui videosalvestistel endiste talut\u00f6\u00f6de kirjeldusi.<\/p>\n\n\n\n<p>1987. aastal avaldati \u00fcleskutse&nbsp;<em>P\u00f5llumees, kas m\u00e4letad?<\/em>&nbsp;m\u00e4lestuste kogumiseks.<\/p>\n\n\n\n<p>Esimene nn pilootekspeditsioon suulise ajaloo j\u00e4\u00e4dvustamiseks korraldati selle aasta septembris&nbsp;Piistaoja&nbsp;k\u00fclla Tori vallas P\u00e4rnumaal.<\/p>\n\n\n\n<p>L\u00e4hiaastatel on kavas esemeid koguda juba kujunenud skeemide j\u00e4rgi, suulise ajaloo kogumiseks j\u00e4\u00e4vad teadurite ekspeditsioonid ning kogumine loodava korrespondentide v\u00f5rgu abil. V\u00f5imalike kaast\u00f6\u00f6liste leidmiseks on korraldatud fotode kogumisv\u00f5istlus&nbsp;<em>Fookuses on maamajandus<\/em>.<\/p>\n","protected":false},"excerpt":{"rendered":"<p>Eesti P\u00f5llumajandusmuuseumis alustati kogumist\u00f6\u00f6ga alates asutamiskoosolekust 15. mail 1968, eesm\u00e4rgiks saada t\u00e4iendust Eesti P\u00f5llumajanduse Akadeemias \u00f5petatavale p\u00f5llumajanduse ajaloole. Kogusid on t\u00e4iendatud peamiselt annetustega: \u2022&nbsp;&nbsp;&nbsp;&nbsp;&nbsp;&nbsp;eraisikutelt, \u2022&nbsp;&nbsp;&nbsp;&nbsp;&nbsp;&nbsp;asutustelt (eelk\u00f5ige EPA, n\u00fc\u00fcd Maa\u00fclikool ja EPA \u00dclenurme \u00d5ppe- ja Katsemajand), \u2022&nbsp;&nbsp;&nbsp;&nbsp;&nbsp;&nbsp;likvideeritud filiaalidest (Lihandusmuuseum&nbsp;Saaremaal), \u2022&nbsp;&nbsp;&nbsp;&nbsp;&nbsp;&nbsp;likvideeritud muuseumidelt (Tallinna Linnuvabriku muuseum). Siiani on peamiselt keskendutud esemete, fotode ja dokumentide kogumisele, nende saamiseks on [&hellip;]<\/p>\n","protected":false},"author":1,"featured_media":0,"parent":470,"menu_order":0,"comment_status":"closed","ping_status":"closed","template":"","meta":{"footnotes":""},"class_list":["post-476","page","type-page","status-publish","hentry"],"yoast_head":"<!-- This site is optimized with the Yoast SEO plugin v20.12 - https:\/\/yoast.com\/wordpress\/plugins\/seo\/ -->\n<title>Eesti P\u00f5llumajandusmuuseumi kogumist\u00f6\u00f6: minevik, olevik, tulevik | Akadeemiline Rahvaluule Selts<\/title>\n<meta name=\"robots\" content=\"index, follow, max-snippet:-1, max-image-preview:large, max-video-preview:-1\" \/>\n<link rel=\"canonical\" href=\"https:\/\/www.folklore.ee\/ars\/uritused\/arhiiv\/kogumiskonverents-2007-ajakava\/eesti-pollumajandusmuuseumi-kogumistoo\/\" \/>\n<meta property=\"og:locale\" content=\"en_US\" \/>\n<meta property=\"og:type\" content=\"article\" \/>\n<meta property=\"og:title\" content=\"Eesti P\u00f5llumajandusmuuseumi kogumist\u00f6\u00f6: minevik, olevik, tulevik | Akadeemiline Rahvaluule Selts\" \/>\n<meta property=\"og:description\" content=\"Eesti P\u00f5llumajandusmuuseumis alustati kogumist\u00f6\u00f6ga alates asutamiskoosolekust 15. mail 1968, eesm\u00e4rgiks saada t\u00e4iendust Eesti P\u00f5llumajanduse Akadeemias \u00f5petatavale p\u00f5llumajanduse ajaloole. Kogusid on t\u00e4iendatud peamiselt annetustega: \u2022&nbsp;&nbsp;&nbsp;&nbsp;&nbsp;&nbsp;eraisikutelt, \u2022&nbsp;&nbsp;&nbsp;&nbsp;&nbsp;&nbsp;asutustelt (eelk\u00f5ige EPA, n\u00fc\u00fcd Maa\u00fclikool ja EPA \u00dclenurme \u00d5ppe- ja Katsemajand), \u2022&nbsp;&nbsp;&nbsp;&nbsp;&nbsp;&nbsp;likvideeritud filiaalidest (Lihandusmuuseum&nbsp;Saaremaal), \u2022&nbsp;&nbsp;&nbsp;&nbsp;&nbsp;&nbsp;likvideeritud muuseumidelt (Tallinna Linnuvabriku muuseum). Siiani on peamiselt keskendutud esemete, fotode ja dokumentide kogumisele, nende saamiseks on [&hellip;]\" \/>\n<meta property=\"og:url\" content=\"https:\/\/www.folklore.ee\/ars\/uritused\/arhiiv\/kogumiskonverents-2007-ajakava\/eesti-pollumajandusmuuseumi-kogumistoo\/\" \/>\n<meta property=\"og:site_name\" content=\"Akadeemiline Rahvaluule Selts\" \/>\n<meta name=\"twitter:card\" content=\"summary_large_image\" \/>\n<meta name=\"twitter:label1\" content=\"Est. reading time\" \/>\n\t<meta name=\"twitter:data1\" content=\"1 minute\" \/>\n<script type=\"application\/ld+json\" class=\"yoast-schema-graph\">{\"@context\":\"https:\/\/schema.org\",\"@graph\":[{\"@type\":\"WebPage\",\"@id\":\"https:\/\/www.folklore.ee\/ars\/uritused\/arhiiv\/kogumiskonverents-2007-ajakava\/eesti-pollumajandusmuuseumi-kogumistoo\/\",\"url\":\"https:\/\/www.folklore.ee\/ars\/uritused\/arhiiv\/kogumiskonverents-2007-ajakava\/eesti-pollumajandusmuuseumi-kogumistoo\/\",\"name\":\"Eesti P\u00f5llumajandusmuuseumi kogumist\u00f6\u00f6: minevik, olevik, tulevik | Akadeemiline Rahvaluule Selts\",\"isPartOf\":{\"@id\":\"https:\/\/www.folklore.ee\/ars\/#website\"},\"datePublished\":\"2023-09-26T11:15:17+00:00\",\"dateModified\":\"2023-09-26T11:15:17+00:00\",\"breadcrumb\":{\"@id\":\"https:\/\/www.folklore.ee\/ars\/uritused\/arhiiv\/kogumiskonverents-2007-ajakava\/eesti-pollumajandusmuuseumi-kogumistoo\/#breadcrumb\"},\"inLanguage\":\"en-US\",\"potentialAction\":[{\"@type\":\"ReadAction\",\"target\":[\"https:\/\/www.folklore.ee\/ars\/uritused\/arhiiv\/kogumiskonverents-2007-ajakava\/eesti-pollumajandusmuuseumi-kogumistoo\/\"]}]},{\"@type\":\"BreadcrumbList\",\"@id\":\"https:\/\/www.folklore.ee\/ars\/uritused\/arhiiv\/kogumiskonverents-2007-ajakava\/eesti-pollumajandusmuuseumi-kogumistoo\/#breadcrumb\",\"itemListElement\":[{\"@type\":\"ListItem\",\"position\":1,\"name\":\"Avaleht\",\"item\":\"https:\/\/www.folklore.ee\/ars\/\"},{\"@type\":\"ListItem\",\"position\":2,\"name\":\"\u00dcritused\",\"item\":\"https:\/\/www.folklore.ee\/ars\/uritused\/\"},{\"@type\":\"ListItem\",\"position\":3,\"name\":\"Arhiiv\",\"item\":\"https:\/\/www.folklore.ee\/ars\/uritused\/arhiiv\/\"},{\"@type\":\"ListItem\",\"position\":4,\"name\":\"Kogumiskonverents 2007 ajakava\",\"item\":\"https:\/\/www.folklore.ee\/ars\/uritused\/arhiiv\/kogumiskonverents-2007-ajakava\/\"},{\"@type\":\"ListItem\",\"position\":5,\"name\":\"Eesti P\u00f5llumajandusmuuseumi kogumist\u00f6\u00f6: minevik, olevik, tulevik\"}]},{\"@type\":\"WebSite\",\"@id\":\"https:\/\/www.folklore.ee\/ars\/#website\",\"url\":\"https:\/\/www.folklore.ee\/ars\/\",\"name\":\"Akadeemiline Rahvaluule Selts\",\"description\":\"Folkloristide, \u00fcli\u00f5pilaste ja k\u00f5igi rahvaluulest huvitatute \u00fchendus, mis aitab kaasa rahvaluule kogumisele, tutvustamisele, uurimisele ja publitseerimisele.\",\"potentialAction\":[{\"@type\":\"SearchAction\",\"target\":{\"@type\":\"EntryPoint\",\"urlTemplate\":\"https:\/\/www.folklore.ee\/ars\/?s={search_term_string}\"},\"query-input\":\"required name=search_term_string\"}],\"inLanguage\":\"en-US\"}]}<\/script>\n<!-- \/ Yoast SEO plugin. -->","yoast_head_json":{"title":"Eesti P\u00f5llumajandusmuuseumi kogumist\u00f6\u00f6: minevik, olevik, tulevik | Akadeemiline Rahvaluule Selts","robots":{"index":"index","follow":"follow","max-snippet":"max-snippet:-1","max-image-preview":"max-image-preview:large","max-video-preview":"max-video-preview:-1"},"canonical":"https:\/\/www.folklore.ee\/ars\/uritused\/arhiiv\/kogumiskonverents-2007-ajakava\/eesti-pollumajandusmuuseumi-kogumistoo\/","og_locale":"en_US","og_type":"article","og_title":"Eesti P\u00f5llumajandusmuuseumi kogumist\u00f6\u00f6: minevik, olevik, tulevik | Akadeemiline Rahvaluule Selts","og_description":"Eesti P\u00f5llumajandusmuuseumis alustati kogumist\u00f6\u00f6ga alates asutamiskoosolekust 15. mail 1968, eesm\u00e4rgiks saada t\u00e4iendust Eesti P\u00f5llumajanduse Akadeemias \u00f5petatavale p\u00f5llumajanduse ajaloole. Kogusid on t\u00e4iendatud peamiselt annetustega: \u2022&nbsp;&nbsp;&nbsp;&nbsp;&nbsp;&nbsp;eraisikutelt, \u2022&nbsp;&nbsp;&nbsp;&nbsp;&nbsp;&nbsp;asutustelt (eelk\u00f5ige EPA, n\u00fc\u00fcd Maa\u00fclikool ja EPA \u00dclenurme \u00d5ppe- ja Katsemajand), \u2022&nbsp;&nbsp;&nbsp;&nbsp;&nbsp;&nbsp;likvideeritud filiaalidest (Lihandusmuuseum&nbsp;Saaremaal), \u2022&nbsp;&nbsp;&nbsp;&nbsp;&nbsp;&nbsp;likvideeritud muuseumidelt (Tallinna Linnuvabriku muuseum). Siiani on peamiselt keskendutud esemete, fotode ja dokumentide kogumisele, nende saamiseks on [&hellip;]","og_url":"https:\/\/www.folklore.ee\/ars\/uritused\/arhiiv\/kogumiskonverents-2007-ajakava\/eesti-pollumajandusmuuseumi-kogumistoo\/","og_site_name":"Akadeemiline Rahvaluule Selts","twitter_card":"summary_large_image","twitter_misc":{"Est. reading time":"1 minute"},"schema":{"@context":"https:\/\/schema.org","@graph":[{"@type":"WebPage","@id":"https:\/\/www.folklore.ee\/ars\/uritused\/arhiiv\/kogumiskonverents-2007-ajakava\/eesti-pollumajandusmuuseumi-kogumistoo\/","url":"https:\/\/www.folklore.ee\/ars\/uritused\/arhiiv\/kogumiskonverents-2007-ajakava\/eesti-pollumajandusmuuseumi-kogumistoo\/","name":"Eesti P\u00f5llumajandusmuuseumi kogumist\u00f6\u00f6: minevik, olevik, tulevik | Akadeemiline Rahvaluule Selts","isPartOf":{"@id":"https:\/\/www.folklore.ee\/ars\/#website"},"datePublished":"2023-09-26T11:15:17+00:00","dateModified":"2023-09-26T11:15:17+00:00","breadcrumb":{"@id":"https:\/\/www.folklore.ee\/ars\/uritused\/arhiiv\/kogumiskonverents-2007-ajakava\/eesti-pollumajandusmuuseumi-kogumistoo\/#breadcrumb"},"inLanguage":"en-US","potentialAction":[{"@type":"ReadAction","target":["https:\/\/www.folklore.ee\/ars\/uritused\/arhiiv\/kogumiskonverents-2007-ajakava\/eesti-pollumajandusmuuseumi-kogumistoo\/"]}]},{"@type":"BreadcrumbList","@id":"https:\/\/www.folklore.ee\/ars\/uritused\/arhiiv\/kogumiskonverents-2007-ajakava\/eesti-pollumajandusmuuseumi-kogumistoo\/#breadcrumb","itemListElement":[{"@type":"ListItem","position":1,"name":"Avaleht","item":"https:\/\/www.folklore.ee\/ars\/"},{"@type":"ListItem","position":2,"name":"\u00dcritused","item":"https:\/\/www.folklore.ee\/ars\/uritused\/"},{"@type":"ListItem","position":3,"name":"Arhiiv","item":"https:\/\/www.folklore.ee\/ars\/uritused\/arhiiv\/"},{"@type":"ListItem","position":4,"name":"Kogumiskonverents 2007 ajakava","item":"https:\/\/www.folklore.ee\/ars\/uritused\/arhiiv\/kogumiskonverents-2007-ajakava\/"},{"@type":"ListItem","position":5,"name":"Eesti P\u00f5llumajandusmuuseumi kogumist\u00f6\u00f6: minevik, olevik, tulevik"}]},{"@type":"WebSite","@id":"https:\/\/www.folklore.ee\/ars\/#website","url":"https:\/\/www.folklore.ee\/ars\/","name":"Akadeemiline Rahvaluule Selts","description":"Folkloristide, \u00fcli\u00f5pilaste ja k\u00f5igi rahvaluulest huvitatute \u00fchendus, mis aitab kaasa rahvaluule kogumisele, tutvustamisele, uurimisele ja publitseerimisele.","potentialAction":[{"@type":"SearchAction","target":{"@type":"EntryPoint","urlTemplate":"https:\/\/www.folklore.ee\/ars\/?s={search_term_string}"},"query-input":"required name=search_term_string"}],"inLanguage":"en-US"}]}},"_links":{"self":[{"href":"https:\/\/www.folklore.ee\/ars\/wp-json\/wp\/v2\/pages\/476","targetHints":{"allow":["GET"]}}],"collection":[{"href":"https:\/\/www.folklore.ee\/ars\/wp-json\/wp\/v2\/pages"}],"about":[{"href":"https:\/\/www.folklore.ee\/ars\/wp-json\/wp\/v2\/types\/page"}],"author":[{"embeddable":true,"href":"https:\/\/www.folklore.ee\/ars\/wp-json\/wp\/v2\/users\/1"}],"replies":[{"embeddable":true,"href":"https:\/\/www.folklore.ee\/ars\/wp-json\/wp\/v2\/comments?post=476"}],"version-history":[{"count":1,"href":"https:\/\/www.folklore.ee\/ars\/wp-json\/wp\/v2\/pages\/476\/revisions"}],"predecessor-version":[{"id":477,"href":"https:\/\/www.folklore.ee\/ars\/wp-json\/wp\/v2\/pages\/476\/revisions\/477"}],"up":[{"embeddable":true,"href":"https:\/\/www.folklore.ee\/ars\/wp-json\/wp\/v2\/pages\/470"}],"wp:attachment":[{"href":"https:\/\/www.folklore.ee\/ars\/wp-json\/wp\/v2\/media?parent=476"}],"curies":[{"name":"wp","href":"https:\/\/api.w.org\/{rel}","templated":true}]}}