{"id":470,"date":"2023-09-26T11:12:07","date_gmt":"2023-09-26T11:12:07","guid":{"rendered":"https:\/\/www.folklore.ee\/ars\/?page_id=470"},"modified":"2023-09-26T12:33:31","modified_gmt":"2023-09-26T12:33:31","slug":"kogumiskonverents-2007-ajakava","status":"publish","type":"page","link":"https:\/\/www.folklore.ee\/ars\/uritused\/arhiiv\/kogumiskonverents-2007-ajakava\/","title":{"rendered":"Kogumiskonverents 2007 ajakava"},"content":{"rendered":"\n<p class=\"has-text-align-center\"><strong>Akadeemilise Rahvaluule Seltsi<br>KOGUMISKONVERENTS 2007<br>\u201eV\u00f5\u00f5rsil ja kodus\u201d<\/strong><br>Neljap\u00e4eval, 25. oktoobril kell 10.00<br>Eesti Kirjandusmuuseumi saalis<br>(Tartu, Vanemuise 42)<\/p>\n\n\n\n<p>ARSi viiendal kogumiskonverentsil \u201eV\u00f5\u00f5rsil ja kodus\u201d tutvustatakse folkloristide ning naabererialade viimase aasta v\u00e4lit\u00f6id. Ekspeditsioon viib meid tavaliselt kodust v\u00e4lja \u2013 j\u00e4lgima, talletama ja uurima ainest, millest igap\u00e4evaselt oleme eemal. Ettekannetes vaadeldakse lisaks v\u00e4lit\u00f6\u00f6de tutvustusele, mida t\u00e4hendab kogumisel \u201ev\u00f5\u00f5ras\u201c, milline on kogumine \u201ev\u00f5\u00f5raste\u201d seas, kuidas saavutada l\u00e4hedust \u2013 ehk teistpidi, kas \u201ev\u00f5\u00f5rus\u201d \u00fclepea ongi probleemiks v\u00f5i v\u00f5ib sellest kogumisel hoopis kasu olla?<\/p>\n\n\n\n<p><strong>KAVA<\/strong><\/p>\n\n\n\n<p><strong>10.00<\/strong><\/p>\n\n\n\n<p>Ell Vahtram\u00e4e, Gerd Raassalu <a href=\"\/ars\/uritused\/arhiiv\/kogumiskonverents-2007-ajakava\/eesti-pollumajandusmuuseumi-kogumistoo\/\">Eesti P\u00f5llumajandusmuuseumi kogumist\u00f6\u00f6: minevik, olevik, tulevik<\/a><\/p>\n\n\n\n<p>Helen K\u00f5mmus <a href=\"\/ars\/uritused\/arhiiv\/kogumiskonverents-2007-ajakava\/kuidas-jaadvustada-viljandi-folki\/\">Kuidas j\u00e4\u00e4dvustada Viljandi folki? Etnomusikoloogid 2007. aasta juulis Viljandi p\u00e4rimusmuusika festivalil<\/a><\/p>\n\n\n\n<p>Piret Voolaid, Astrid Tuisk <a href=\"\/ars\/uritused\/arhiiv\/kogumiskonverents-2007-ajakava\/12-aastat-mille-eest-ulevaade-ule-eestilisest-kooliparimuse-kogumisvoistlusest\/\">\u201e12 aastat? Mille eest?\u201d \u00dclevaade \u00fcle-eestilisest koolip\u00e4rimuse kogumisv\u00f5istlusest<\/a><\/p>\n\n\n\n<p>Kohvipaus<\/p>\n\n\n\n<p><strong>12.00<\/strong><\/p>\n\n\n\n<p>Madis Tuuder <a href=\"\/ars\/uritused\/arhiiv\/kogumiskonverents-2007-ajakava\/eesti-kunstiakadeemia-ekspeditsioonist-siberi-eestlaste-juurde\/\">Eesti Kunstiakadeemia ekspeditsioonist Siberi eestlaste juurde<\/a><\/p>\n\n\n\n<p>Anu Korb <a href=\"\/ars\/uritused\/arhiiv\/kogumiskonverents-2007-ajakava\/siberis-eelkaijate-jalgedes\/\">Siberis eelk\u00e4ijate j\u00e4lgedes<\/a><\/p>\n\n\n\n<p>Piret Koosa <a href=\"\/ars\/uritused\/arhiiv\/kogumiskonverents-2007-ajakava\/mitte-enam-nii-voorana-komis\/\">Mitte enam nii v\u00f5\u00f5rana Komis<\/a><\/p>\n\n\n\n<p>Kohvipaus<\/p>\n\n\n\n<p><strong>14.15<\/strong><\/p>\n\n\n\n<p>Marta Heinrihsone, Taisto Raudalainen <a href=\"\/ars\/uritused\/arhiiv\/kogumiskonverents-2007-ajakava\/avinurme-umbruses-puust-ja-muust\/\">Avinurme \u00fcmbruses puust ja muust<\/a><\/p>\n\n\n\n<p>Pille Ernits, Anu Jalak <a href=\"\/ars\/uritused\/arhiiv\/kogumiskonverents-2007-ajakava\/murdepraktikal-kodaveres\/\">Murdepraktikal Kodaveres<\/a><\/p>\n\n\n\n<p>Tuuli Annus <a href=\"\/ars\/uritused\/arhiiv\/kogumiskonverents-2007-ajakava\/kas-siin-noori-ka-on\/\">\u201eKas siin noori ka on?\u201c ehk v\u00e4lit\u00f6\u00f6praktika Setumaal<\/a><\/p>\n\n\n\n<p>Rein Saukas <a href=\"\/ars\/uritused\/arhiiv\/kogumiskonverents-2007-ajakava\/august-kingu-reisikaaslane-richard-vilmansen\/\">August Kingu reisikaaslane Richard Vilmansen<\/a><\/p>\n\n\n\n<p>Kohvipaus<\/p>\n\n\n\n<p><strong>16.00<\/strong><\/p>\n\n\n\n<p>Aado Lintrop <a href=\"\/ars\/uritused\/arhiiv\/kogumiskonverents-2007-ajakava\/jizda-kralu-kuidas-maarimaa-hundikula-endale-uue-kuninga-sai\/\">J\u00edzda kr\u00e1l\u016f \u2013 kuidas M\u00e4\u00e4rimaa Hundik\u00fcla endale uue kuninga sai<\/a><\/p>\n\n\n\n<p>Madis Arukask <a href=\"\/ars\/uritused\/arhiiv\/kogumiskonverents-2007-ajakava\/leningradi-oblasti-keskvepsa-maailm\/\">Leningradi oblasti keskvepsa maailm<\/a><\/p>\n\n\n\n<p>17.00 Film <a href=\"\/ars\/uritused\/arhiiv\/kogumiskonverents-2007-ajakava\/elavana-maetud\/\">Elavana maetud<\/a> (25\u2019). Kommenteerivad Madis Arukask ja Taisto Raudalainen.<\/p>\n\n\n\n<p><strong>Info:<\/strong> <a href=\"mailto:risto@haldjas.folklore.ee\"><em>Risto J\u00e4rv<\/em><\/a>\u00a051 904-371,\u00a0<a href=\"mailto:rein@haldjas.folklore.ee\"><em>Rein Saukas<\/em><\/a>\u00a07377-742,\u00a0<a href=\"mailto:taive@haldjas.folklore.ee\"><em>Taive S\u00e4rg<\/em><\/a>\u00a07377-751,\u00a0<a href=\"mailto:avetupits@haldjas.folklore.ee\"><em>Ave Tupits<\/em><\/a>\u00a07377-739<\/p>\n\n\n\n<p>\u00dcritust toetab Eesti Kultuurkapital<\/p>\n","protected":false},"excerpt":{"rendered":"<p>Akadeemilise Rahvaluule SeltsiKOGUMISKONVERENTS 2007\u201eV\u00f5\u00f5rsil ja kodus\u201dNeljap\u00e4eval, 25. oktoobril kell 10.00Eesti Kirjandusmuuseumi saalis(Tartu, Vanemuise 42) ARSi viiendal kogumiskonverentsil \u201eV\u00f5\u00f5rsil ja kodus\u201d tutvustatakse folkloristide ning naabererialade viimase aasta v\u00e4lit\u00f6id. Ekspeditsioon viib meid tavaliselt kodust v\u00e4lja \u2013 j\u00e4lgima, talletama ja uurima ainest, millest igap\u00e4evaselt oleme eemal. Ettekannetes vaadeldakse lisaks v\u00e4lit\u00f6\u00f6de tutvustusele, mida t\u00e4hendab kogumisel \u201ev\u00f5\u00f5ras\u201c, milline on kogumine [&hellip;]<\/p>\n","protected":false},"author":1,"featured_media":0,"parent":267,"menu_order":0,"comment_status":"closed","ping_status":"closed","template":"","meta":{"footnotes":""},"class_list":["post-470","page","type-page","status-publish","hentry"],"yoast_head":"<!-- This site is optimized with the Yoast SEO plugin v20.12 - https:\/\/yoast.com\/wordpress\/plugins\/seo\/ -->\n<title>Kogumiskonverents 2007 ajakava | Akadeemiline Rahvaluule Selts<\/title>\n<meta name=\"robots\" content=\"index, follow, max-snippet:-1, max-image-preview:large, max-video-preview:-1\" \/>\n<link rel=\"canonical\" href=\"https:\/\/www.folklore.ee\/ars\/uritused\/arhiiv\/kogumiskonverents-2007-ajakava\/\" \/>\n<meta property=\"og:locale\" content=\"en_US\" \/>\n<meta property=\"og:type\" content=\"article\" \/>\n<meta property=\"og:title\" content=\"Kogumiskonverents 2007 ajakava | Akadeemiline Rahvaluule Selts\" \/>\n<meta property=\"og:description\" content=\"Akadeemilise Rahvaluule SeltsiKOGUMISKONVERENTS 2007\u201eV\u00f5\u00f5rsil ja kodus\u201dNeljap\u00e4eval, 25. oktoobril kell 10.00Eesti Kirjandusmuuseumi saalis(Tartu, Vanemuise 42) ARSi viiendal kogumiskonverentsil \u201eV\u00f5\u00f5rsil ja kodus\u201d tutvustatakse folkloristide ning naabererialade viimase aasta v\u00e4lit\u00f6id. Ekspeditsioon viib meid tavaliselt kodust v\u00e4lja \u2013 j\u00e4lgima, talletama ja uurima ainest, millest igap\u00e4evaselt oleme eemal. Ettekannetes vaadeldakse lisaks v\u00e4lit\u00f6\u00f6de tutvustusele, mida t\u00e4hendab kogumisel \u201ev\u00f5\u00f5ras\u201c, milline on kogumine [&hellip;]\" \/>\n<meta property=\"og:url\" content=\"https:\/\/www.folklore.ee\/ars\/uritused\/arhiiv\/kogumiskonverents-2007-ajakava\/\" \/>\n<meta property=\"og:site_name\" content=\"Akadeemiline Rahvaluule Selts\" \/>\n<meta property=\"article:modified_time\" content=\"2023-09-26T12:33:31+00:00\" \/>\n<meta name=\"twitter:card\" content=\"summary_large_image\" \/>\n<meta name=\"twitter:label1\" content=\"Est. reading time\" \/>\n\t<meta name=\"twitter:data1\" content=\"1 minute\" \/>\n<script type=\"application\/ld+json\" class=\"yoast-schema-graph\">{\"@context\":\"https:\/\/schema.org\",\"@graph\":[{\"@type\":\"WebPage\",\"@id\":\"https:\/\/www.folklore.ee\/ars\/uritused\/arhiiv\/kogumiskonverents-2007-ajakava\/\",\"url\":\"https:\/\/www.folklore.ee\/ars\/uritused\/arhiiv\/kogumiskonverents-2007-ajakava\/\",\"name\":\"Kogumiskonverents 2007 ajakava | Akadeemiline Rahvaluule Selts\",\"isPartOf\":{\"@id\":\"https:\/\/www.folklore.ee\/ars\/#website\"},\"datePublished\":\"2023-09-26T11:12:07+00:00\",\"dateModified\":\"2023-09-26T12:33:31+00:00\",\"breadcrumb\":{\"@id\":\"https:\/\/www.folklore.ee\/ars\/uritused\/arhiiv\/kogumiskonverents-2007-ajakava\/#breadcrumb\"},\"inLanguage\":\"en-US\",\"potentialAction\":[{\"@type\":\"ReadAction\",\"target\":[\"https:\/\/www.folklore.ee\/ars\/uritused\/arhiiv\/kogumiskonverents-2007-ajakava\/\"]}]},{\"@type\":\"BreadcrumbList\",\"@id\":\"https:\/\/www.folklore.ee\/ars\/uritused\/arhiiv\/kogumiskonverents-2007-ajakava\/#breadcrumb\",\"itemListElement\":[{\"@type\":\"ListItem\",\"position\":1,\"name\":\"Avaleht\",\"item\":\"https:\/\/www.folklore.ee\/ars\/\"},{\"@type\":\"ListItem\",\"position\":2,\"name\":\"\u00dcritused\",\"item\":\"https:\/\/www.folklore.ee\/ars\/uritused\/\"},{\"@type\":\"ListItem\",\"position\":3,\"name\":\"Arhiiv\",\"item\":\"https:\/\/www.folklore.ee\/ars\/uritused\/arhiiv\/\"},{\"@type\":\"ListItem\",\"position\":4,\"name\":\"Kogumiskonverents 2007 ajakava\"}]},{\"@type\":\"WebSite\",\"@id\":\"https:\/\/www.folklore.ee\/ars\/#website\",\"url\":\"https:\/\/www.folklore.ee\/ars\/\",\"name\":\"Akadeemiline Rahvaluule Selts\",\"description\":\"Folkloristide, \u00fcli\u00f5pilaste ja k\u00f5igi rahvaluulest huvitatute \u00fchendus, mis aitab kaasa rahvaluule kogumisele, tutvustamisele, uurimisele ja publitseerimisele.\",\"potentialAction\":[{\"@type\":\"SearchAction\",\"target\":{\"@type\":\"EntryPoint\",\"urlTemplate\":\"https:\/\/www.folklore.ee\/ars\/?s={search_term_string}\"},\"query-input\":\"required name=search_term_string\"}],\"inLanguage\":\"en-US\"}]}<\/script>\n<!-- \/ Yoast SEO plugin. -->","yoast_head_json":{"title":"Kogumiskonverents 2007 ajakava | Akadeemiline Rahvaluule Selts","robots":{"index":"index","follow":"follow","max-snippet":"max-snippet:-1","max-image-preview":"max-image-preview:large","max-video-preview":"max-video-preview:-1"},"canonical":"https:\/\/www.folklore.ee\/ars\/uritused\/arhiiv\/kogumiskonverents-2007-ajakava\/","og_locale":"en_US","og_type":"article","og_title":"Kogumiskonverents 2007 ajakava | Akadeemiline Rahvaluule Selts","og_description":"Akadeemilise Rahvaluule SeltsiKOGUMISKONVERENTS 2007\u201eV\u00f5\u00f5rsil ja kodus\u201dNeljap\u00e4eval, 25. oktoobril kell 10.00Eesti Kirjandusmuuseumi saalis(Tartu, Vanemuise 42) ARSi viiendal kogumiskonverentsil \u201eV\u00f5\u00f5rsil ja kodus\u201d tutvustatakse folkloristide ning naabererialade viimase aasta v\u00e4lit\u00f6id. Ekspeditsioon viib meid tavaliselt kodust v\u00e4lja \u2013 j\u00e4lgima, talletama ja uurima ainest, millest igap\u00e4evaselt oleme eemal. Ettekannetes vaadeldakse lisaks v\u00e4lit\u00f6\u00f6de tutvustusele, mida t\u00e4hendab kogumisel \u201ev\u00f5\u00f5ras\u201c, milline on kogumine [&hellip;]","og_url":"https:\/\/www.folklore.ee\/ars\/uritused\/arhiiv\/kogumiskonverents-2007-ajakava\/","og_site_name":"Akadeemiline Rahvaluule Selts","article_modified_time":"2023-09-26T12:33:31+00:00","twitter_card":"summary_large_image","twitter_misc":{"Est. reading time":"1 minute"},"schema":{"@context":"https:\/\/schema.org","@graph":[{"@type":"WebPage","@id":"https:\/\/www.folklore.ee\/ars\/uritused\/arhiiv\/kogumiskonverents-2007-ajakava\/","url":"https:\/\/www.folklore.ee\/ars\/uritused\/arhiiv\/kogumiskonverents-2007-ajakava\/","name":"Kogumiskonverents 2007 ajakava | Akadeemiline Rahvaluule Selts","isPartOf":{"@id":"https:\/\/www.folklore.ee\/ars\/#website"},"datePublished":"2023-09-26T11:12:07+00:00","dateModified":"2023-09-26T12:33:31+00:00","breadcrumb":{"@id":"https:\/\/www.folklore.ee\/ars\/uritused\/arhiiv\/kogumiskonverents-2007-ajakava\/#breadcrumb"},"inLanguage":"en-US","potentialAction":[{"@type":"ReadAction","target":["https:\/\/www.folklore.ee\/ars\/uritused\/arhiiv\/kogumiskonverents-2007-ajakava\/"]}]},{"@type":"BreadcrumbList","@id":"https:\/\/www.folklore.ee\/ars\/uritused\/arhiiv\/kogumiskonverents-2007-ajakava\/#breadcrumb","itemListElement":[{"@type":"ListItem","position":1,"name":"Avaleht","item":"https:\/\/www.folklore.ee\/ars\/"},{"@type":"ListItem","position":2,"name":"\u00dcritused","item":"https:\/\/www.folklore.ee\/ars\/uritused\/"},{"@type":"ListItem","position":3,"name":"Arhiiv","item":"https:\/\/www.folklore.ee\/ars\/uritused\/arhiiv\/"},{"@type":"ListItem","position":4,"name":"Kogumiskonverents 2007 ajakava"}]},{"@type":"WebSite","@id":"https:\/\/www.folklore.ee\/ars\/#website","url":"https:\/\/www.folklore.ee\/ars\/","name":"Akadeemiline Rahvaluule Selts","description":"Folkloristide, \u00fcli\u00f5pilaste ja k\u00f5igi rahvaluulest huvitatute \u00fchendus, mis aitab kaasa rahvaluule kogumisele, tutvustamisele, uurimisele ja publitseerimisele.","potentialAction":[{"@type":"SearchAction","target":{"@type":"EntryPoint","urlTemplate":"https:\/\/www.folklore.ee\/ars\/?s={search_term_string}"},"query-input":"required name=search_term_string"}],"inLanguage":"en-US"}]}},"_links":{"self":[{"href":"https:\/\/www.folklore.ee\/ars\/wp-json\/wp\/v2\/pages\/470","targetHints":{"allow":["GET"]}}],"collection":[{"href":"https:\/\/www.folklore.ee\/ars\/wp-json\/wp\/v2\/pages"}],"about":[{"href":"https:\/\/www.folklore.ee\/ars\/wp-json\/wp\/v2\/types\/page"}],"author":[{"embeddable":true,"href":"https:\/\/www.folklore.ee\/ars\/wp-json\/wp\/v2\/users\/1"}],"replies":[{"embeddable":true,"href":"https:\/\/www.folklore.ee\/ars\/wp-json\/wp\/v2\/comments?post=470"}],"version-history":[{"count":11,"href":"https:\/\/www.folklore.ee\/ars\/wp-json\/wp\/v2\/pages\/470\/revisions"}],"predecessor-version":[{"id":512,"href":"https:\/\/www.folklore.ee\/ars\/wp-json\/wp\/v2\/pages\/470\/revisions\/512"}],"up":[{"embeddable":true,"href":"https:\/\/www.folklore.ee\/ars\/wp-json\/wp\/v2\/pages\/267"}],"wp:attachment":[{"href":"https:\/\/www.folklore.ee\/ars\/wp-json\/wp\/v2\/media?parent=470"}],"curies":[{"name":"wp","href":"https:\/\/api.w.org\/{rel}","templated":true}]}}