{"id":451,"date":"2023-09-19T14:11:36","date_gmt":"2023-09-19T14:11:36","guid":{"rendered":"https:\/\/www.folklore.ee\/ars\/?page_id=451"},"modified":"2023-09-19T14:11:36","modified_gmt":"2023-09-19T14:11:36","slug":"lapsed-maagia-ja-meelelahutuse-vahemail","status":"publish","type":"page","link":"https:\/\/www.folklore.ee\/ars\/uritused\/arhiiv\/talvekonverents-2008-ajakava\/lapsed-maagia-ja-meelelahutuse-vahemail\/","title":{"rendered":"Lapsed maagia ja meelelahutuse vahemail"},"content":{"rendered":"\n<p><strong>Mall Hiiem\u00e4e, Eesti Kirjandusmuuseumi Eesti Rahvaluule Arhiiv<\/strong><\/p>\n\n\n\n<p>Eesti Rahvaluule Arhiivi kogudesse ligi poolteisesaja aasta jooksul talletatud rahvakalendriteemalise p\u00e4rimuse l\u00e4hemal vaatlusel selgub, et m\u00e4rkimisv\u00e4\u00e4rne osa t\u00e4hendusliku aja m\u00f5istega seondunud maagilisi toiminguid on \u00fcldise usundilise maailman\u00e4gemise taandudes uusi funktsioone saanud ning ka sihtr\u00fchma vahetanud, tehes \u00fchtlasi l\u00e4bi mitmesuguseid kohastumisi.<\/p>\n\n\n\n<p>Ettekandes on t\u00e4helepanukeskmes kogukonna noorematesse liikmetesse puutuv kalendritraditsioon. Tuues esile eeldusi, mis toimivad folklooriprotsessis nii \u00fcheskoos kui eraldi, peatun t\u00f5rje-, viljakus- ja tervisemaagiliste toimingute \u00fclekandumisel noorte- ja\/v\u00f5i lastetraditsiooni, laste staatusel kogukonna liikmena, rollijaotusel perekonnas, rahvapedagoogilisel aspektil, suhteliselt hiliste kultuurilaenude maagiasisaldusel jms.<\/p>\n","protected":false},"excerpt":{"rendered":"<p>Mall Hiiem\u00e4e, Eesti Kirjandusmuuseumi Eesti Rahvaluule Arhiiv Eesti Rahvaluule Arhiivi kogudesse ligi poolteisesaja aasta jooksul talletatud rahvakalendriteemalise p\u00e4rimuse l\u00e4hemal vaatlusel selgub, et m\u00e4rkimisv\u00e4\u00e4rne osa t\u00e4hendusliku aja m\u00f5istega seondunud maagilisi toiminguid on \u00fcldise usundilise maailman\u00e4gemise taandudes uusi funktsioone saanud ning ka sihtr\u00fchma vahetanud, tehes \u00fchtlasi l\u00e4bi mitmesuguseid kohastumisi. Ettekandes on t\u00e4helepanukeskmes kogukonna noorematesse liikmetesse puutuv kalendritraditsioon. [&hellip;]<\/p>\n","protected":false},"author":1,"featured_media":0,"parent":385,"menu_order":0,"comment_status":"closed","ping_status":"closed","template":"","meta":{"footnotes":""},"class_list":["post-451","page","type-page","status-publish","hentry"],"yoast_head":"<!-- This site is optimized with the Yoast SEO plugin v20.12 - https:\/\/yoast.com\/wordpress\/plugins\/seo\/ -->\n<title>Lapsed maagia ja meelelahutuse vahemail | Akadeemiline Rahvaluule Selts<\/title>\n<meta name=\"robots\" content=\"index, follow, max-snippet:-1, max-image-preview:large, max-video-preview:-1\" \/>\n<link rel=\"canonical\" href=\"https:\/\/www.folklore.ee\/ars\/uritused\/arhiiv\/talvekonverents-2008-ajakava\/lapsed-maagia-ja-meelelahutuse-vahemail\/\" \/>\n<meta property=\"og:locale\" content=\"en_US\" \/>\n<meta property=\"og:type\" content=\"article\" \/>\n<meta property=\"og:title\" content=\"Lapsed maagia ja meelelahutuse vahemail | Akadeemiline Rahvaluule Selts\" \/>\n<meta property=\"og:description\" content=\"Mall Hiiem\u00e4e, Eesti Kirjandusmuuseumi Eesti Rahvaluule Arhiiv Eesti Rahvaluule Arhiivi kogudesse ligi poolteisesaja aasta jooksul talletatud rahvakalendriteemalise p\u00e4rimuse l\u00e4hemal vaatlusel selgub, et m\u00e4rkimisv\u00e4\u00e4rne osa t\u00e4hendusliku aja m\u00f5istega seondunud maagilisi toiminguid on \u00fcldise usundilise maailman\u00e4gemise taandudes uusi funktsioone saanud ning ka sihtr\u00fchma vahetanud, tehes \u00fchtlasi l\u00e4bi mitmesuguseid kohastumisi. Ettekandes on t\u00e4helepanukeskmes kogukonna noorematesse liikmetesse puutuv kalendritraditsioon. [&hellip;]\" \/>\n<meta property=\"og:url\" content=\"https:\/\/www.folklore.ee\/ars\/uritused\/arhiiv\/talvekonverents-2008-ajakava\/lapsed-maagia-ja-meelelahutuse-vahemail\/\" \/>\n<meta property=\"og:site_name\" content=\"Akadeemiline Rahvaluule Selts\" \/>\n<meta name=\"twitter:card\" content=\"summary_large_image\" \/>\n<meta name=\"twitter:label1\" content=\"Est. reading time\" \/>\n\t<meta name=\"twitter:data1\" content=\"1 minute\" \/>\n<script type=\"application\/ld+json\" class=\"yoast-schema-graph\">{\"@context\":\"https:\/\/schema.org\",\"@graph\":[{\"@type\":\"WebPage\",\"@id\":\"https:\/\/www.folklore.ee\/ars\/uritused\/arhiiv\/talvekonverents-2008-ajakava\/lapsed-maagia-ja-meelelahutuse-vahemail\/\",\"url\":\"https:\/\/www.folklore.ee\/ars\/uritused\/arhiiv\/talvekonverents-2008-ajakava\/lapsed-maagia-ja-meelelahutuse-vahemail\/\",\"name\":\"Lapsed maagia ja meelelahutuse vahemail | Akadeemiline Rahvaluule Selts\",\"isPartOf\":{\"@id\":\"https:\/\/www.folklore.ee\/ars\/#website\"},\"datePublished\":\"2023-09-19T14:11:36+00:00\",\"dateModified\":\"2023-09-19T14:11:36+00:00\",\"breadcrumb\":{\"@id\":\"https:\/\/www.folklore.ee\/ars\/uritused\/arhiiv\/talvekonverents-2008-ajakava\/lapsed-maagia-ja-meelelahutuse-vahemail\/#breadcrumb\"},\"inLanguage\":\"en-US\",\"potentialAction\":[{\"@type\":\"ReadAction\",\"target\":[\"https:\/\/www.folklore.ee\/ars\/uritused\/arhiiv\/talvekonverents-2008-ajakava\/lapsed-maagia-ja-meelelahutuse-vahemail\/\"]}]},{\"@type\":\"BreadcrumbList\",\"@id\":\"https:\/\/www.folklore.ee\/ars\/uritused\/arhiiv\/talvekonverents-2008-ajakava\/lapsed-maagia-ja-meelelahutuse-vahemail\/#breadcrumb\",\"itemListElement\":[{\"@type\":\"ListItem\",\"position\":1,\"name\":\"Avaleht\",\"item\":\"https:\/\/www.folklore.ee\/ars\/\"},{\"@type\":\"ListItem\",\"position\":2,\"name\":\"\u00dcritused\",\"item\":\"https:\/\/www.folklore.ee\/ars\/uritused\/\"},{\"@type\":\"ListItem\",\"position\":3,\"name\":\"Arhiiv\",\"item\":\"https:\/\/www.folklore.ee\/ars\/uritused\/arhiiv\/\"},{\"@type\":\"ListItem\",\"position\":4,\"name\":\"Talvekonverents 2008 ajakava\",\"item\":\"https:\/\/www.folklore.ee\/ars\/uritused\/arhiiv\/talvekonverents-2008-ajakava\/\"},{\"@type\":\"ListItem\",\"position\":5,\"name\":\"Lapsed maagia ja meelelahutuse vahemail\"}]},{\"@type\":\"WebSite\",\"@id\":\"https:\/\/www.folklore.ee\/ars\/#website\",\"url\":\"https:\/\/www.folklore.ee\/ars\/\",\"name\":\"Akadeemiline Rahvaluule Selts\",\"description\":\"Folkloristide, \u00fcli\u00f5pilaste ja k\u00f5igi rahvaluulest huvitatute \u00fchendus, mis aitab kaasa rahvaluule kogumisele, tutvustamisele, uurimisele ja publitseerimisele.\",\"potentialAction\":[{\"@type\":\"SearchAction\",\"target\":{\"@type\":\"EntryPoint\",\"urlTemplate\":\"https:\/\/www.folklore.ee\/ars\/?s={search_term_string}\"},\"query-input\":\"required name=search_term_string\"}],\"inLanguage\":\"en-US\"}]}<\/script>\n<!-- \/ Yoast SEO plugin. -->","yoast_head_json":{"title":"Lapsed maagia ja meelelahutuse vahemail | Akadeemiline Rahvaluule Selts","robots":{"index":"index","follow":"follow","max-snippet":"max-snippet:-1","max-image-preview":"max-image-preview:large","max-video-preview":"max-video-preview:-1"},"canonical":"https:\/\/www.folklore.ee\/ars\/uritused\/arhiiv\/talvekonverents-2008-ajakava\/lapsed-maagia-ja-meelelahutuse-vahemail\/","og_locale":"en_US","og_type":"article","og_title":"Lapsed maagia ja meelelahutuse vahemail | Akadeemiline Rahvaluule Selts","og_description":"Mall Hiiem\u00e4e, Eesti Kirjandusmuuseumi Eesti Rahvaluule Arhiiv Eesti Rahvaluule Arhiivi kogudesse ligi poolteisesaja aasta jooksul talletatud rahvakalendriteemalise p\u00e4rimuse l\u00e4hemal vaatlusel selgub, et m\u00e4rkimisv\u00e4\u00e4rne osa t\u00e4hendusliku aja m\u00f5istega seondunud maagilisi toiminguid on \u00fcldise usundilise maailman\u00e4gemise taandudes uusi funktsioone saanud ning ka sihtr\u00fchma vahetanud, tehes \u00fchtlasi l\u00e4bi mitmesuguseid kohastumisi. Ettekandes on t\u00e4helepanukeskmes kogukonna noorematesse liikmetesse puutuv kalendritraditsioon. [&hellip;]","og_url":"https:\/\/www.folklore.ee\/ars\/uritused\/arhiiv\/talvekonverents-2008-ajakava\/lapsed-maagia-ja-meelelahutuse-vahemail\/","og_site_name":"Akadeemiline Rahvaluule Selts","twitter_card":"summary_large_image","twitter_misc":{"Est. reading time":"1 minute"},"schema":{"@context":"https:\/\/schema.org","@graph":[{"@type":"WebPage","@id":"https:\/\/www.folklore.ee\/ars\/uritused\/arhiiv\/talvekonverents-2008-ajakava\/lapsed-maagia-ja-meelelahutuse-vahemail\/","url":"https:\/\/www.folklore.ee\/ars\/uritused\/arhiiv\/talvekonverents-2008-ajakava\/lapsed-maagia-ja-meelelahutuse-vahemail\/","name":"Lapsed maagia ja meelelahutuse vahemail | Akadeemiline Rahvaluule Selts","isPartOf":{"@id":"https:\/\/www.folklore.ee\/ars\/#website"},"datePublished":"2023-09-19T14:11:36+00:00","dateModified":"2023-09-19T14:11:36+00:00","breadcrumb":{"@id":"https:\/\/www.folklore.ee\/ars\/uritused\/arhiiv\/talvekonverents-2008-ajakava\/lapsed-maagia-ja-meelelahutuse-vahemail\/#breadcrumb"},"inLanguage":"en-US","potentialAction":[{"@type":"ReadAction","target":["https:\/\/www.folklore.ee\/ars\/uritused\/arhiiv\/talvekonverents-2008-ajakava\/lapsed-maagia-ja-meelelahutuse-vahemail\/"]}]},{"@type":"BreadcrumbList","@id":"https:\/\/www.folklore.ee\/ars\/uritused\/arhiiv\/talvekonverents-2008-ajakava\/lapsed-maagia-ja-meelelahutuse-vahemail\/#breadcrumb","itemListElement":[{"@type":"ListItem","position":1,"name":"Avaleht","item":"https:\/\/www.folklore.ee\/ars\/"},{"@type":"ListItem","position":2,"name":"\u00dcritused","item":"https:\/\/www.folklore.ee\/ars\/uritused\/"},{"@type":"ListItem","position":3,"name":"Arhiiv","item":"https:\/\/www.folklore.ee\/ars\/uritused\/arhiiv\/"},{"@type":"ListItem","position":4,"name":"Talvekonverents 2008 ajakava","item":"https:\/\/www.folklore.ee\/ars\/uritused\/arhiiv\/talvekonverents-2008-ajakava\/"},{"@type":"ListItem","position":5,"name":"Lapsed maagia ja meelelahutuse vahemail"}]},{"@type":"WebSite","@id":"https:\/\/www.folklore.ee\/ars\/#website","url":"https:\/\/www.folklore.ee\/ars\/","name":"Akadeemiline Rahvaluule Selts","description":"Folkloristide, \u00fcli\u00f5pilaste ja k\u00f5igi rahvaluulest huvitatute \u00fchendus, mis aitab kaasa rahvaluule kogumisele, tutvustamisele, uurimisele ja publitseerimisele.","potentialAction":[{"@type":"SearchAction","target":{"@type":"EntryPoint","urlTemplate":"https:\/\/www.folklore.ee\/ars\/?s={search_term_string}"},"query-input":"required name=search_term_string"}],"inLanguage":"en-US"}]}},"_links":{"self":[{"href":"https:\/\/www.folklore.ee\/ars\/wp-json\/wp\/v2\/pages\/451","targetHints":{"allow":["GET"]}}],"collection":[{"href":"https:\/\/www.folklore.ee\/ars\/wp-json\/wp\/v2\/pages"}],"about":[{"href":"https:\/\/www.folklore.ee\/ars\/wp-json\/wp\/v2\/types\/page"}],"author":[{"embeddable":true,"href":"https:\/\/www.folklore.ee\/ars\/wp-json\/wp\/v2\/users\/1"}],"replies":[{"embeddable":true,"href":"https:\/\/www.folklore.ee\/ars\/wp-json\/wp\/v2\/comments?post=451"}],"version-history":[{"count":1,"href":"https:\/\/www.folklore.ee\/ars\/wp-json\/wp\/v2\/pages\/451\/revisions"}],"predecessor-version":[{"id":452,"href":"https:\/\/www.folklore.ee\/ars\/wp-json\/wp\/v2\/pages\/451\/revisions\/452"}],"up":[{"embeddable":true,"href":"https:\/\/www.folklore.ee\/ars\/wp-json\/wp\/v2\/pages\/385"}],"wp:attachment":[{"href":"https:\/\/www.folklore.ee\/ars\/wp-json\/wp\/v2\/media?parent=451"}],"curies":[{"name":"wp","href":"https:\/\/api.w.org\/{rel}","templated":true}]}}